{"id":97542,"date":"2018-12-17T00:47:28","date_gmt":"2018-12-17T00:47:28","guid":{"rendered":"https:\/\/www.omnitrack.com\/privacy-and-cookie-policy\/"},"modified":"2024-03-07T13:05:51","modified_gmt":"2024-03-07T13:05:51","slug":"datenschutz-und-cookie-richtlinie","status":"publish","type":"page","link":"https:\/\/www.omnitrack.com\/de\/datenschutz-und-cookie-richtlinie\/","title":{"rendered":"Datenschutz- und Cookie-Richtlinie"},"content":{"rendered":"<section id=\"header-product-one\" class=\"row cpn-section fontSize-4\">\n<div class=\"col\">\n<h1>Datenschutzrichtlinie<\/h1>\n<\/div>\n<p>In dieser Datenschutzrichtlinie wird dargelegt, wie diese Website (nachstehend &#8222;der Laden&#8220;) Informationen, die Sie dem Laden bei der Nutzung dieser Website zur Verf\u00fcgung stellen, verwendet und sch\u00fctzt. Der Shop verpflichtet sich, sicherzustellen, dass Ihre Privatsph\u00e4re gesch\u00fctzt wird. Sollten wir Sie bei der Nutzung dieser Website um die Angabe bestimmter Informationen bitten, anhand derer Sie identifiziert werden k\u00f6nnen, k\u00f6nnen Sie sicher sein, dass diese nur in \u00dcbereinstimmung mit dieser Datenschutzerkl\u00e4rung verwendet werden. Der Laden kann diese Richtlinie von Zeit zu Zeit durch Aktualisierung dieser Seite \u00e4ndern. Sie sollten diese Seite von Zeit zu Zeit \u00fcberpr\u00fcfen, um sicherzustellen, dass Sie mit allen \u00c4nderungen einverstanden sind.<\/p>\n<\/section>\n<div class=\"row px-5\">\n<div class=\"col\">\n<hr \/>\n<\/div>\n<\/div>\n<section class=\"row cpn-section fontSize-4\">\n<div class=\"col-12\">\n<h2>Was wir sammeln<\/h2>\n<p>Wir k\u00f6nnen die folgenden Informationen sammeln:<\/p>\n<ul>\n<li>Name.<\/li>\n<li>Kontaktinformationen einschlie\u00dflich E-Mail-Adresse.<\/li>\n<li>Demografische Informationen wie Postleitzahl, Vorlieben und Interessen.<\/li>\n<li>Andere Informationen, die f\u00fcr Kundenumfragen und\/oder Angebote relevant sind.<\/li>\n<\/ul>\n<p>Eine vollst\u00e4ndige Liste der von uns gesammelten Cookies finden <a href=\"#cookies\">Sie im Abschnitt Liste der von uns gesammelten Cookies<\/a>.<\/p>\n<\/div>\n<\/section>\n<div class=\"row cpn-section\">\n<div class=\"col\">\n<hr \/>\n<\/div>\n<\/div>\n<section class=\"row cpn-section fontSize-4\">\n<div class=\"col-12\">\n<h2>Was wir mit den von uns gesammelten Informationen tun<\/h2>\n<p>Wir ben\u00f6tigen diese Informationen, um Ihre Bed\u00fcrfnisse zu verstehen und Ihnen einen besseren Service bieten zu k\u00f6nnen, und zwar insbesondere aus folgenden Gr\u00fcnden:<\/p>\n<ul>\n<li>Interne Buchf\u00fchrung.<\/li>\n<li>Wir k\u00f6nnen die Informationen verwenden, um unsere Produkte und Dienstleistungen zu verbessern.<\/li>\n<li>Es kann sein, dass wir in regelm\u00e4\u00dfigen Abst\u00e4nden Werbe-E-Mails \u00fcber neue Produkte, Sonderangebote oder andere Informationen versenden, von denen wir glauben, dass sie f\u00fcr Sie interessant sein k\u00f6nnten, indem wir die von Ihnen angegebene E-Mail-Adresse verwenden.<\/li>\n<li>Von Zeit zu Zeit k\u00f6nnen wir Ihre Daten auch verwenden, um Sie zu Marktforschungszwecken zu kontaktieren. Wir k\u00f6nnen Sie per E-Mail, Telefon, Fax oder Post kontaktieren. Wir k\u00f6nnen die Informationen nutzen, um die Website an Ihre Interessen anzupassen.<\/li>\n<\/ul>\n<\/div>\n<\/section>\n<div class=\"row cpn-section\">\n<div class=\"col\">\n<hr \/>\n<\/div>\n<\/div>\n<section class=\"row cpn-section fontSize-4\">\n<div class=\"col-12\">\n<h2>Sicherheit<\/h2>\n<p>Wir sind bestrebt, die Sicherheit Ihrer Daten zu gew\u00e4hrleisten. Um einen unbefugten Zugriff oder eine unbefugte Offenlegung zu verhindern, haben wir geeignete physische, elektronische und verwaltungstechnische Verfahren zum Schutz und zur Sicherung der von uns online erfassten Daten eingef\u00fchrt.<\/p>\n<\/div>\n<\/section>\n<div class=\"row cpn-section\">\n<div class=\"col\">\n<hr \/>\n<\/div>\n<\/div>\n<section class=\"row cpn-section fontSize-4\">\n<div class=\"col-12\">\n<h2>Wie wir Cookies verwenden<\/h2>\n<p>Ein Cookie ist eine kleine Datei, die um Erlaubnis bittet, auf der Festplatte Ihres Computers gespeichert zu werden. Sobald Sie zustimmen, wird die Datei hinzugef\u00fcgt und das Cookie hilft bei der Analyse des Webverkehrs oder informiert Sie, wenn Sie eine bestimmte Website besuchen. Cookies erm\u00f6glichen es Webanwendungen, auf Sie als Individuum einzugehen. Die Webanwendung kann ihren Betrieb auf Ihre Bed\u00fcrfnisse, Vorlieben und Abneigungen abstimmen, indem sie Informationen \u00fcber Ihre Vorlieben sammelt und speichert.<\/p>\n<p>Wir verwenden Traffic-Log-Cookies, um festzustellen, welche Seiten genutzt werden. Dies hilft uns, Daten \u00fcber den Webseitenverkehr zu analysieren und unsere Website zu verbessern, um sie auf die Bed\u00fcrfnisse der Kunden abzustimmen. Wir verwenden diese Informationen nur zu statistischen Analysezwecken und l\u00f6schen die Daten anschlie\u00dfend aus dem System.<\/p>\n<p>Insgesamt helfen uns Cookies dabei, Ihnen eine bessere Website zu bieten, indem sie es uns erm\u00f6glichen zu beobachten, welche Seiten Sie n\u00fctzlich finden und welche nicht. Ein Cookie verschafft uns in keiner Weise Zugang zu Ihrem Computer oder zu irgendwelchen Informationen \u00fcber Sie, au\u00dfer den Daten, die Sie uns mitteilen m\u00f6chten. Sie k\u00f6nnen entscheiden, ob Sie Cookies akzeptieren oder ablehnen. Die meisten Webbrowser akzeptieren Cookies automatisch, aber Sie k\u00f6nnen die Einstellungen Ihres Browsers in der Regel so \u00e4ndern, dass Cookies abgelehnt werden, wenn Sie dies w\u00fcnschen. Dies kann dazu f\u00fchren, dass Sie die Vorteile der Website nicht in vollem Umfang nutzen k\u00f6nnen.<\/p>\n<\/div>\n<\/section>\n<div class=\"row cpn-section\">\n<div class=\"col\">\n<hr \/>\n<\/div>\n<\/div>\n<section class=\"row cpn-section fontSize-4\">\n<div class=\"col-12\">\n<h2>Links zu anderen Websites<\/h2>\n<p>Unsere Website kann Links zu anderen Websites von Interesse enthalten. Wenn Sie jedoch \u00fcber diese Links unsere Website verlassen, sollten Sie beachten, dass wir keine Kontrolle \u00fcber diese andere Website haben. Daher k\u00f6nnen wir nicht f\u00fcr den Schutz und die Vertrauerlichkeit von Informationen verantwortlich sein, die Sie beim Besuch solcher Websites zur Verf\u00fcgung stellen, und solche Websites unterliegen nicht dieser Datenschutzerkl\u00e4rung. Sie sollten Vorsicht walten lassen und die f\u00fcr die betreffende Website geltende Datenschutzerkl\u00e4rung lesen.<\/p>\n<\/div>\n<\/section>\n<div class=\"row cpn-section\">\n<div class=\"col\">\n<hr \/>\n<\/div>\n<\/div>\n<section class=\"row cpn-section fontSize-4\">\n<div class=\"col-12\">\n<h2>Kontrollen Ihre pers\u00f6nlichen Daten<\/h2>\n<p>Sie k\u00f6nnen die Erfassung oder Verwendung Ihrer personenbezogenen Daten auf folgende Weise einschr\u00e4nken:<\/p>\n<ul>\n<li>Wenn Sie auf der Website aufgefordert werden, ein Formular auszuf\u00fcllen, achten Sie auf das K\u00e4stchen, das Sie anklicken k\u00f6nnen, um anzugeben, dass Sie nicht m\u00f6chten, dass diese Informationen von irgendjemandem f\u00fcr Direktmarketingzwecke verwendet werden.<\/li>\n<li>Wenn Sie zuvor zugestimmt haben, dass wir Ihre personenbezogenen Daten f\u00fcr Direktmarketingzwecke verwenden, k\u00f6nnen Sie Ihre Meinung jederzeit \u00e4ndern, indem Sie uns dies \u00fcber unsere Kontaktinformationen mitteilen.<\/li>\n<\/ul>\n<p>Wir werden Ihre pers\u00f6nlichen Daten nicht an Dritte verkaufen, weitergeben oder vermieten, es sei denn, wir haben Ihre Erlaubnis oder sind gesetzlich dazu verpflichtet, dies zu tun. Wir k\u00f6nnen Ihre personenbezogenen Daten verwenden, um Ihnen Werbeinformationen \u00fcber Dritte zuzusenden, von denen wir glauben, dass sie f\u00fcr Sie interessant sein k\u00f6nnten, wenn Sie uns mitteilen, dass Sie dies w\u00fcnschen.<\/p>\n<p>Sie k\u00f6nnen gem\u00e4\u00df dem Data Protection Act 1998 Auskunft \u00fcber die von uns \u00fcber Sie gespeicherten pers\u00f6nlichen Daten verlangen. Hierf\u00fcr ist eine geringe Geb\u00fchr zu entrichten. Wenn Sie eine Kopie der \u00fcber Sie gespeicherten Daten w\u00fcnschen, senden Sie uns bitte eine E-Mail mit dieser Anfrage \u00fcber unsere Kontaktinformationen.<\/p>\n<p>Wenn Sie der Meinung sind, dass Informationen, die wir \u00fcber Sie gespeichert haben, unrichtig oder unvollst\u00e4ndig sind, schreiben Sie uns bitte so bald wie m\u00f6glich an die oben genannte Adresse oder senden Sie uns eine E-Mail. Wir werden alle Informationen, die sich als unrichtig erweisen, umgehend korrigieren.<\/p>\n<\/div>\n<\/section>\n<div class=\"row cpn-section\">\n<div class=\"col\">\n<hr \/>\n<\/div>\n<\/div>\n<section id=\"cookies\" class=\"row cpn-section pb-5 fontSize-4\">\n<div class=\"col-12\">\n<h2>Liste der von uns gesammelten Cookies<\/h2>\n<p>In der nachstehenden Tabelle sind die von uns gesammelten Cookies und die von ihnen gespeicherten Informationen aufgef\u00fchrt.<\/p>\n<table class=\"cookies-table\">\n<thead>\n<tr>\n<th>Name des Cookies<\/th>\n<th>Cookie-Beschreibung<\/th>\n<\/tr>\n<\/thead>\n<tbody>\n<tr>\n<th>PHPSESSID<\/th>\n<td>Ihre Sitzungs-ID auf dem Server.<\/td>\n<\/tr>\n<tr>\n<th>wp_woocommerce_session_<\/th>\n<td>Eindeutiger Code f\u00fcr jeden Kunden.<\/td>\n<\/tr>\n<tr>\n<th>woocommerce_cart_hash<\/th>\n<td>Warenkorb als Ganzes und hilft.<\/td>\n<\/tr>\n<tr>\n<th>woocommerce_items_in_cart<\/th>\n<td>Warenkorb als Ganzes und hilft.<\/td>\n<\/tr>\n<tr>\n<th>omni_gdpr_popup<\/th>\n<td>Erinnert an den Status der Besucherakzeptanz des Cookie Law-Banners.<\/td>\n<\/tr>\n<tr>\n<th>omni_custom<\/th>\n<td>Ansicht anpassen<\/td>\n<\/tr>\n<tr>\n<th>wordpress_logged_in_<\/th>\n<td>\u00dcberpr\u00fcft, ob der aktuelle Besucher ein angemeldeter Besucher ist.<\/td>\n<\/tr>\n<tr>\n<th>wordpress_sec_<\/th>\n<td>Dieser Cookie wird f\u00fcr die Authentifizierung \u00fcber SSL verwendet.<\/td>\n<\/tr>\n<tr>\n<th>wp-settings-1<\/th>\n<td>Beh\u00e4lt die wp-admin-Konfiguration eines Benutzers bei.<\/td>\n<\/tr>\n<tr>\n<th>wp-settings-time-1<\/th>\n<td>Beh\u00e4lt die wp-admin-Konfiguration eines Benutzers bei.<\/td>\n<\/tr>\n<tr>\n<th>omni_country_redirect<\/th>\n<td>Registriert, dass die Website bereits beim ersten Zugriff des Nutzers je nach Herkunftsland umgeleitet wurde.<\/td>\n<\/tr>\n<tr>\n<th>wp-wpml_current_language<\/th>\n<td>Registriert die aktive Sprache der Website.<\/td>\n<\/tr>\n<tr>\n<th>__stripe_mid<\/th>\n<td>Betrugspr\u00e4vention an Zahlungsgateways.<\/td>\n<\/tr>\n<tr>\n<th>__stripe_sid<\/th>\n<td>Betrugspr\u00e4vention an Zahlungsgateways.<\/td>\n<\/tr>\n<\/tbody>\n<\/table>\n<\/div>\n<\/section>\n<section id=\"cant-find\" class=\"row cpn-section py-5 two justify-content-between\"><div class=\"col-12 col-sm-6 col-lg-7 py-lg-4 pe-lg-5\">\n<h3 class=\"fontSize-2 fontSize-md-1\">Sie k\u00f6nnen nicht finden, was Sie suchen?<\/h3>\n<p class=\"fontSize-4\">Versuchen Sie, nach Schl\u00fcsselw\u00f6rtern, Teilenummern, Lasten und Befestigungsarten zu suchen.<\/p>\n<div class=\"input-group\"><form class=\"form-search\"><div class=\"input-group\">  <input type=\"text\" name=\"s\" class=\"form-control field\" placeholder=\"Suche Teilnummer\">  <input type=\"hidden\" name=\"post-type\" value=\"product\"><\/div><\/form><\/div>\n<\/div>\n<div class=\"col-12 col-sm-6 col-lg-5 py-lg-4 pt-4 pt-sm-0\">\n<h3 class=\"fontSize-2 fontSize-md-1\">Free technical advice<\/h3>\n<p class=\"fontSize-4\">Phone: <b><a href=\"tel:+4908001833297\">+49 0800 18 33 297<br \/><\/a><\/b><\/p>\n<p class=\"fontSize-4\">Email: <b><a href=\"mailto:info@omnitrack.com\">info@omnitrack.com<\/a><\/b><\/p>\n<div class=\"mt-4\"> <a class=\"btn-ot green me-2 mb-3 mb-md-0 w100-mobile\" href=\"https:\/\/wa.me\/447759128207\" target=\"_blank\" rel=\"noopener\"><img decoding=\"async\" loading=\"lazy\" src=\"https:\/\/www.omnitrack.com\/wp-content\/themes\/omnitrack2023\/images\/icon-whatsapp.svg\"  alt=\"WhatsApp Omnitrack\"  \/> WhatsApp<\/a> <a class=\"btn-ot w100-mobile\" href=\"https:\/\/calendly.com\/omnitrack\/15min\" target=\"_blank\" rel=\"noopener\"><img decoding=\"async\" loading=\"lazy\" src=\"https:\/\/www.omnitrack.com\/wp-content\/themes\/omnitrack2023\/images\/icon-schedule.svg\"  alt=\"Vereinbaren Sie einen Termin mit Omnitrack\"  \/> Einen Anruf vereinbaren<\/a><\/div>\n<\/div>\n<\/section>\n","protected":false},"excerpt":{"rendered":"<p>Datenschutzrichtlinie In dieser Datenschutzrichtlinie wird dargelegt, wie diese Website (nachstehend &#8222;der Laden&#8220;) Informationen, die Sie dem Laden bei der Nutzung dieser Website zur Verf\u00fcgung stellen, verwendet und sch\u00fctzt. Der Shop verpflichtet sich, sicherzustellen, dass Ihre Privatsph\u00e4re gesch\u00fctzt wird. Sollten wir Sie bei der Nutzung dieser Website um die Angabe bestimmter Informationen bitten, anhand derer Sie [&hellip;]<\/p>\n","protected":false},"author":7,"featured_media":0,"parent":0,"menu_order":0,"comment_status":"closed","ping_status":"open","template":"","meta":{"inline_featured_image":false,"footnotes":""},"class_list":["post-97542","page","type-page","status-publish","hentry"],"acf":[],"_links":{"self":[{"href":"https:\/\/www.omnitrack.com\/de\/wp-json\/wp\/v2\/pages\/97542","targetHints":{"allow":["GET"]}}],"collection":[{"href":"https:\/\/www.omnitrack.com\/de\/wp-json\/wp\/v2\/pages"}],"about":[{"href":"https:\/\/www.omnitrack.com\/de\/wp-json\/wp\/v2\/types\/page"}],"author":[{"embeddable":true,"href":"https:\/\/www.omnitrack.com\/de\/wp-json\/wp\/v2\/users\/7"}],"replies":[{"embeddable":true,"href":"https:\/\/www.omnitrack.com\/de\/wp-json\/wp\/v2\/comments?post=97542"}],"version-history":[{"count":3,"href":"https:\/\/www.omnitrack.com\/de\/wp-json\/wp\/v2\/pages\/97542\/revisions"}],"predecessor-version":[{"id":100646,"href":"https:\/\/www.omnitrack.com\/de\/wp-json\/wp\/v2\/pages\/97542\/revisions\/100646"}],"wp:attachment":[{"href":"https:\/\/www.omnitrack.com\/de\/wp-json\/wp\/v2\/media?parent=97542"}],"curies":[{"name":"wp","href":"https:\/\/api.w.org\/{rel}","templated":true}]}}