{"id":97538,"date":"2023-03-14T19:48:19","date_gmt":"2023-03-14T19:48:19","guid":{"rendered":"https:\/\/www.omnitrack.com\/ball-transfer-tables-platforms\/"},"modified":"2024-04-03T07:32:15","modified_gmt":"2024-04-03T07:32:15","slug":"kugeltransporttische-und-plattformen","status":"publish","type":"page","link":"https:\/\/www.omnitrack.com\/de\/kugeltransporttische-und-plattformen\/","title":{"rendered":"Kugeltransporttische und -plattformen"},"content":{"rendered":"<section id=\"header-product-one\" class=\"row cpn-section pb-3 fontSize-4\">\n<div class=\"col-12\">\n<h1>Kugeltransporttische und -plattformen<\/h1>\n<\/div>\n<div class=\"col-12 col-lg-5\">\n<p>Omnitrack-Kugeltransfertische bieten eine multidirektionale Bewegung und eine sofortige Richtungs\u00e4nderung des F\u00f6rderguts. Unsere Balltransfertische werden h\u00e4ufig an Maschinen und F\u00f6rderb\u00e4ndern verwendet (und an diesen montiert), um die Drehung\/Man\u00f6vrierf\u00e4higkeit des F\u00f6rderguts zu erleichtern.<\/p>\n<\/div>\n<p>Unsere ma\u00dfgeschneiderten Tische und Plattformen werden in der Regel aus Weichstahl hergestellt und in der gew\u00fcnschten RAL-Farbe pulverbeschichtet. Diese sind auch aus Edelstahl erh\u00e4ltlich und kann mit Kunststoffkontaktpunkten f\u00fcr Anwendungen ausgestattet werden, bei denen der Artikel nicht in direkten Kontakt mit Stahl kommen kann.<\/p>\n<p>Wir k\u00f6nnen mit <a href=\"https:\/\/www.omnitrack.com\/de\/kugelrollen\/\">Kugelrollen<\/a>, <a href=\"https:\/\/www.omnitrack.com\/de\/raeder-und-rollen\/omnicasters\/\">Omnicaster<\/a>, <a href=\"https:\/\/www.omnitrack.com\/de\/raeder-und-rollen\/omniwheels-accessories\/\">Omniwheel<\/a> und <a href=\"https:\/\/www.omnitrack.com\/de\/raeder-und-rollen\/omnifloat\/\">Omnifloat<\/a> produzieren. Bitte kontaktieren Sie uns f\u00fcr eine kostenlose technische Beratung. Wir bieten standardm\u00e4\u00dfig verstellbare F\u00fc\u00dfe an und die Beine k\u00f6nnen mit multidirektionalen Rollen geliefert werden, um die Bewegung\/Installation zu erleichtern.<\/p>\n<p>Wir entwerfen und bauen Ihre individuellen Balltransfertische, Plattformen und Schienen.<\/p>\n<p>Senden Sie uns einfach Ihre Anwendungskriterien. Wir freuen uns darauf, an Ihrem Projekt zu arbeiten.<\/p>\n<\/section>\n<section id=\"header-product-one\" class=\"row cpn-section pb-3 fontSize-4\">\n<div class=\"col-12 col-lg-7\"><img loading=\"lazy\" decoding=\"async\" class=\"img-fluid alignnone wp-image-79863 size-full\" src=\"https:\/\/www.omnitrack.com\/wp-content\/uploads\/2023\/03\/ball-transfer-tables.webp\" alt=\"Kugeltransfer-Tische\" width=\"1071\" height=\"358\" srcset=\"https:\/\/www.omnitrack.com\/wp-content\/uploads\/2023\/03\/ball-transfer-tables.webp 1071w, https:\/\/www.omnitrack.com\/wp-content\/uploads\/2023\/03\/ball-transfer-tables-300x100.webp 300w, https:\/\/www.omnitrack.com\/wp-content\/uploads\/2023\/03\/ball-transfer-tables-1024x342.webp 1024w, https:\/\/www.omnitrack.com\/wp-content\/uploads\/2023\/03\/ball-transfer-tables-768x257.webp 768w, https:\/\/www.omnitrack.com\/wp-content\/uploads\/2023\/03\/ball-transfer-tables-600x201.webp 600w\" sizes=\"auto, (max-width: 1071px) 100vw, 1071px\" \/><\/div>\n<\/section>\n<section class=\"cpn-section pb-5\">\n\n<div class=\"wpcf7 no-js\" id=\"wpcf7-f100579-o1\" lang=\"de-DE\" dir=\"ltr\" data-wpcf7-id=\"100579\">\n<div class=\"screen-reader-response\"><p role=\"status\" aria-live=\"polite\" aria-atomic=\"true\"><\/p> <ul><\/ul><\/div>\n<form action=\"\/de\/wp-json\/wp\/v2\/pages\/97538#wpcf7-f100579-o1\" method=\"post\" class=\"wpcf7-form init row cpn-section px-md-0 fontSize-4\" aria-label=\"Kontaktformular\" novalidate=\"novalidate\" data-status=\"init\">\n<fieldset class=\"hidden-fields-container\"><input type=\"hidden\" name=\"_wpcf7\" value=\"100579\" \/><input type=\"hidden\" name=\"_wpcf7_version\" value=\"6.1.5\" \/><input type=\"hidden\" name=\"_wpcf7_locale\" value=\"de_DE\" \/><input type=\"hidden\" name=\"_wpcf7_unit_tag\" value=\"wpcf7-f100579-o1\" \/><input type=\"hidden\" name=\"_wpcf7_container_post\" value=\"0\" \/><input type=\"hidden\" name=\"_wpcf7_posted_data_hash\" value=\"\" \/><input type=\"hidden\" name=\"_wpcf7_recaptcha_response\" value=\"\" \/>\n<\/fieldset>\n<div class=\"col-12 col-md-6 be-md-lightblue-one pe-md-4\">\n\t<h2>1. Abmessungen von Tisch\/Plattform\n\t<\/h2>\n\t<p>Bitte geben Sie Ihre gew\u00fcnschten Tisch-\/Plattformma\u00dfe in mm an:\n\t<\/p>\n\t<p><span class=\"form-row\"><label for=\"table_length\">L\u00e4nge<\/label><br \/>\n<span class=\"wpcf7-form-control-wrap\" data-name=\"table_length\"><input size=\"40\" maxlength=\"400\" class=\"wpcf7-form-control wpcf7-text wpcf7-validates-as-required form-control input-text\" aria-required=\"true\" aria-invalid=\"false\" value=\"\" type=\"text\" name=\"table_length\" \/><\/span><\/span>\n\t<\/p>\n\t<p><span class=\"form-row\"><label for=\"table_width\">Breite:<\/label><br \/>\n<span class=\"wpcf7-form-control-wrap\" data-name=\"table_width\"><input size=\"40\" maxlength=\"400\" class=\"wpcf7-form-control wpcf7-text wpcf7-validates-as-required form-control input-text\" aria-required=\"true\" aria-invalid=\"false\" value=\"\" type=\"text\" name=\"table_width\" \/><\/span><\/span>\n\t<\/p>\n\t<p><span class=\"form-row\"><label for=\"table_height\">H\u00f6he:<\/label><br \/>\n<span class=\"wpcf7-form-control-wrap\" data-name=\"table_height\"><input size=\"40\" maxlength=\"400\" class=\"wpcf7-form-control wpcf7-text wpcf7-validates-as-required form-control input-text\" aria-required=\"true\" aria-invalid=\"false\" value=\"\" type=\"text\" name=\"table_height\" \/><\/span><\/span>\n\t<\/p>\n\t<p><span class=\"form-row\"><label for=\"table_qty\">Anzahl der Tische::<\/label><br \/>\n<span class=\"wpcf7-form-control-wrap\" data-name=\"table_qty\"><input size=\"40\" maxlength=\"400\" class=\"wpcf7-form-control wpcf7-text wpcf7-validates-as-required form-control input-text\" aria-required=\"true\" aria-invalid=\"false\" value=\"\" type=\"text\" name=\"table_qty\" \/><\/span><\/span>\n\t<\/p>\n\t<p><img loading=\"lazy\" decoding=\"async\" class=\"alignnone img-fluid size-full wp-image-79706\" src=\"https:\/\/www.omnitrack.com\/wp-content\/uploads\/2023\/03\/Tables_Dimensions.webp\" alt=\"Abmessungen der Tische\" width=\"371\" height=\"270\" srcset=\"https:\/\/www.omnitrack.com\/wp-content\/uploads\/2023\/03\/Tables_Dimensions.webp 371w, https:\/\/www.omnitrack.com\/wp-content\/uploads\/2023\/03\/Tables_Dimensions-300x218.webp 300w\" sizes=\"auto, (max-width: 371px) 100vw, 371px\" \/>\n\t<\/p>\n<\/div>\n<div class=\"col-12 col-md-6 ps-md-4\">\n\t<h2>2. Gef\u00f6rderte Gegenst\u00e4nde\n\t<\/h2>\n\t<p>Was bef\u00f6rdern Sie?\n\t<\/p>\n\t<p><span class=\"form-row\"><label for=\"conveyed_item\">Was bef\u00f6rdern Sie?<\/label><br \/>\n<span class=\"wpcf7-form-control-wrap\" data-name=\"conveyed_item\"><input size=\"40\" maxlength=\"400\" class=\"wpcf7-form-control wpcf7-text wpcf7-validates-as-required form-control input-text\" aria-required=\"true\" aria-invalid=\"false\" value=\"\" type=\"text\" name=\"conveyed_item\" \/><\/span><\/span>\n\t<\/p>\n\t<p>Wie hoch ist das maximale Gewicht des Artikels?\n\t<\/p>\n\t<p><span class=\"form-row\"><label for=\"item_weight\">Max. Gewicht der Artikel <\/label><br \/>\n<span class=\"wpcf7-form-control-wrap\" data-name=\"item_weight\"><input size=\"40\" maxlength=\"400\" class=\"wpcf7-form-control wpcf7-text wpcf7-validates-as-required form-control input-text\" aria-required=\"true\" aria-invalid=\"false\" value=\"\" type=\"text\" name=\"item_weight\" \/><\/span><\/span>\n\t<\/p>\n\t<p>Was ist die Mindestl\u00e4nge und -breite der Artikel?\n\t<\/p>\n\t<p><span class=\"form-row\"><label for=\"item_width\">Mindestl\u00e4nge und -breite der Artikel<\/label><br \/>\n<span class=\"wpcf7-form-control-wrap\" data-name=\"item_width\"><input size=\"40\" maxlength=\"400\" class=\"wpcf7-form-control wpcf7-text wpcf7-validates-as-required form-control input-text\" aria-required=\"true\" aria-invalid=\"false\" value=\"\" type=\"text\" name=\"item_width\" \/><\/span><\/span>\n\t<\/p>\n\t<p>Was ist die maximale L\u00e4nge und Breite des Artikels?\n\t<\/p>\n\t<p><span class=\"form-row\"><label for=\"item_length\">Max. L\u00e4nge & Breite der Artikel <\/label><br \/>\n<span class=\"wpcf7-form-control-wrap\" data-name=\"item_length\"><input size=\"40\" maxlength=\"400\" class=\"wpcf7-form-control wpcf7-text wpcf7-validates-as-required form-control input-text\" aria-required=\"true\" aria-invalid=\"false\" value=\"\" type=\"text\" name=\"item_length\" \/><\/span><\/span>\n\t<\/p>\n\t<p>Aus welchem Material sind die zu bef\u00f6rdernden Gegenst\u00e4nde?\n\t<\/p>\n\t<p><span class=\"form-row\"><label for=\"material\">Material oder Ausf\u00fchrung der Artikel?<\/label><br \/>\n<span class=\"wpcf7-form-control-wrap\" data-name=\"material\"><input size=\"40\" maxlength=\"400\" class=\"wpcf7-form-control wpcf7-text wpcf7-validates-as-required form-control input-text\" aria-required=\"true\" aria-invalid=\"false\" value=\"\" type=\"text\" name=\"material\" \/><\/span><\/span>\n\t<\/p>\n\t<p><img loading=\"lazy\" decoding=\"async\" class=\"alignnone img-fluid size-full wp-image-79707\" src=\"https:\/\/www.omnitrack.com\/wp-content\/uploads\/2024\/09\/tables_items_de.webp\" alt=\"Artikel der Tische\" width=\"597\" height=\"270\" \/>\n\t<\/p>\n<\/div>\n<div class=\"col-12 col-md-6 be-md-lightblue-one pe-md-4\">\n\t<h2>3. Seiten- und Endanschl\u00e4ge\n\t<\/h2>\n\t<p>Wie viele Seiten?\n\t<\/p>\n\t<p><span class=\"form-row\"><label for=\"no_sides\">Anzahl der Seiten<\/label><br \/>\n<span class=\"wpcf7-form-control-wrap\" data-name=\"no_sides\"><input size=\"40\" maxlength=\"400\" class=\"wpcf7-form-control wpcf7-text wpcf7-validates-as-required form-control input-text\" aria-required=\"true\" aria-invalid=\"false\" value=\"\" type=\"text\" name=\"no_sides\" \/><\/span><\/span>\n\t<\/p>\n\t<p>Wie viele Endhaltestellen?\n\t<\/p>\n\t<p><span class=\"form-row\"><label for=\"no_stops\">Anzahl der Anschl\u00e4ge<\/label><br \/>\n<span class=\"wpcf7-form-control-wrap\" data-name=\"no_stops\"><input size=\"40\" maxlength=\"400\" class=\"wpcf7-form-control wpcf7-text wpcf7-validates-as-required form-control input-text\" aria-required=\"true\" aria-invalid=\"false\" value=\"\" type=\"text\" name=\"no_stops\" \/><\/span><\/span>\n\t<\/p>\n\t<p><img loading=\"lazy\" decoding=\"async\" class=\"alignnone img-fluid size-full wp-image-79708\" src=\"https:\/\/www.omnitrack.com\/wp-content\/uploads\/2023\/03\/Ball_Platforms_Tables.webp\" alt=\"Kugelplattformtische\" width=\"316\" height=\"236\" srcset=\"https:\/\/www.omnitrack.com\/wp-content\/uploads\/2023\/03\/Ball_Platforms_Tables.webp 316w, https:\/\/www.omnitrack.com\/wp-content\/uploads\/2023\/03\/Ball_Platforms_Tables-300x224.webp 300w\" sizes=\"auto, (max-width: 316px) 100vw, 316px\" \/>\n\t<\/p>\n<\/div>\n<div class=\"col-12 col-md-6 ps-md-4\">\n\t<h2>4. Zus\u00e4tzliche Details\n\t<\/h2>\n\t<p>In welcher Betriebsumgebung wird der Tisch\/die Plattform funktionieren?\n\t<\/p>\n\t<p><span class=\"form-row\"><label for=\"environment\">Betriebsumgebung<\/label><br \/>\n<span class=\"wpcf7-form-control-wrap\" data-name=\"environment\"><select class=\"wpcf7-form-control wpcf7-select wpcf7-validates-as-required form-select\" aria-required=\"true\" aria-invalid=\"false\" name=\"environment\"><option value=\"-- W\u00e4hlen Sie --\">-- W\u00e4hlen Sie --<\/option><option value=\"Drau\u00dfen\">Drau\u00dfen<\/option><option value=\"Hygienische Zone\">Hygienische Zone<\/option><option value=\"Radioaktive Zone\">Radioaktive Zone<\/option><option value=\"Gek\u00fchlte Zone\">Gek\u00fchlte Zone<\/option><option value=\"Abwaschraum\">Abwaschraum<\/option><\/select><\/span><\/span>\n\t<\/p>\n\t<p>M\u00f6chten Sie, dass der Tisch angetrieben wird?\n\t<\/p>\n\t<p><span class=\"form-row\"><label for=\"driven\">Angetriebener Tisch<\/label><br \/>\n<span class=\"wpcf7-form-control-wrap\" data-name=\"driven\"><select class=\"wpcf7-form-control wpcf7-select wpcf7-validates-as-required form-select\" aria-required=\"true\" aria-invalid=\"false\" name=\"driven\"><option value=\"-- W\u00e4hlen Sie --\">-- W\u00e4hlen Sie --<\/option><option value=\"Ja\">Ja<\/option><option value=\"Nein\">Nein<\/option><\/select><\/span><\/span>\n\t<\/p>\n\t<p>Wird der bef\u00f6rderte Gegenstand auf den Tisch\/die Plattform fallen gelassen?\n\t<\/p>\n\t<p><span class=\"form-row\"><label for=\"dropped\">Fallengelassener Gegenstand<\/label><br \/>\n<span class=\"wpcf7-form-control-wrap\" data-name=\"dropped\"><select class=\"wpcf7-form-control wpcf7-select wpcf7-validates-as-required form-select\" aria-required=\"true\" aria-invalid=\"false\" name=\"dropped\"><option value=\"-- W\u00e4hlen Sie --\">-- W\u00e4hlen Sie --<\/option><option value=\"Ja\">Ja<\/option><option value=\"Nein\">Nein<\/option><\/select><\/span><\/span>\n\t<\/p>\n<\/div>\n<div class=\"col-12 col-md-6 be-md-lightblue-one pe-md-4\">\n\t<h2>5. Ihre Angaben:\n\t<\/h2>\n\t<p>Bitte f\u00fcgen Sie Ihre Angaben hinzu, damit wir uns mit Ihnen in Verbindung setzen k\u00f6nnen.\n\t<\/p>\n\t<p><span class=\"form-row\"><label for=\"company_name\">Name des Unternehmens<\/label><br \/>\n<span class=\"wpcf7-form-control-wrap\" data-name=\"company_name\"><input size=\"40\" maxlength=\"400\" class=\"wpcf7-form-control wpcf7-text wpcf7-validates-as-required form-control input-text\" aria-required=\"true\" aria-invalid=\"false\" value=\"\" type=\"text\" name=\"company_name\" \/><\/span><\/span>\n\t<\/p>\n\t<p><span class=\"form-row\"><label for=\"company_tel\">Telefon der Firma<\/label><br \/>\n<span class=\"wpcf7-form-control-wrap\" data-name=\"company_tel\"><input size=\"40\" maxlength=\"400\" class=\"wpcf7-form-control wpcf7-tel wpcf7-validates-as-required wpcf7-text wpcf7-validates-as-tel form-control input-text\" aria-required=\"true\" aria-invalid=\"false\" value=\"\" type=\"tel\" name=\"company_tel\" \/><\/span><\/span>\n\t<\/p>\n\t<p><span class=\"form-row\"><label for=\"company_email\">E-Mail des Unternehmens<\/label><br \/>\n<span class=\"wpcf7-form-control-wrap\" data-name=\"company_email\"><input size=\"40\" maxlength=\"400\" class=\"wpcf7-form-control wpcf7-email wpcf7-validates-as-required wpcf7-text wpcf7-validates-as-email form-control input-text\" aria-required=\"true\" aria-invalid=\"false\" value=\"\" type=\"email\" name=\"company_email\" \/><\/span><\/span>\n\t<\/p>\n\t<p><span class=\"form-row\"><label for=\"contact_name\">Name der Kontaktperson<\/label><br \/>\n<span class=\"wpcf7-form-control-wrap\" data-name=\"contact_name\"><input size=\"40\" maxlength=\"400\" class=\"wpcf7-form-control wpcf7-text wpcf7-validates-as-required form-control input-text\" aria-required=\"true\" aria-invalid=\"false\" value=\"\" type=\"text\" name=\"contact_name\" \/><\/span><\/span>\n\t<\/p>\n\t<p><input class=\"wpcf7-form-control wpcf7-submit has-spinner btn btn-lg orange-one shadow-2\" type=\"submit\" value=\"Formular abschicken\" \/>\n\t<\/p>\n<\/div><div class=\"wpcf7-response-output\" aria-hidden=\"true\"><\/div>\n<\/form>\n<\/div>\n\n<\/section>\n<section class=\"cpn-section pb-5\">Entdecken Sie auch unser Sortiment an <a href=\"https:\/\/www.omnitrack.com\/de\/kugelrollen\/\">Kugelrollen<\/a>.<\/section>\n<section id=\"cant-find\" class=\"row cpn-section py-5 two justify-content-between\"><div class=\"col-12 col-sm-6 col-lg-7 py-lg-4 pe-lg-5\">\n<h3 class=\"fontSize-2 fontSize-md-1\">Sie k\u00f6nnen nicht finden, was Sie suchen?<\/h3>\n<p class=\"fontSize-4\">Versuchen Sie, nach Schl\u00fcsselw\u00f6rtern, Teilenummern, Lasten und Befestigungsarten zu suchen.<\/p>\n<div class=\"input-group\"><form class=\"form-search\"><div class=\"input-group\">  <input type=\"text\" name=\"s\" class=\"form-control field\" placeholder=\"Suche Teilnummer\">  <input type=\"hidden\" name=\"post-type\" value=\"product\"><\/div><\/form><\/div>\n<\/div>\n<div class=\"col-12 col-sm-6 col-lg-5 py-lg-4 pt-4 pt-sm-0\">\n<h3 class=\"fontSize-2 fontSize-md-1\">Free technical advice<\/h3>\n<p class=\"fontSize-4\">Phone: <b><a href=\"tel:+4908001833297\">+49 0800 18 33 297<br \/><\/a><\/b><\/p>\n<p class=\"fontSize-4\">Email: <b><a href=\"mailto:info@omnitrack.com\">info@omnitrack.com<\/a><\/b><\/p>\n<div class=\"mt-4\"> <a class=\"btn-ot green me-2 mb-3 mb-md-0 w100-mobile\" href=\"https:\/\/wa.me\/447759128207\" target=\"_blank\" rel=\"noopener\"><img decoding=\"async\" loading=\"lazy\" src=\"https:\/\/www.omnitrack.com\/wp-content\/themes\/omnitrack2023\/images\/icon-whatsapp.svg\"  alt=\"WhatsApp Omnitrack\"  \/> WhatsApp<\/a> <a class=\"btn-ot w100-mobile\" href=\"https:\/\/calendly.com\/omnitrack\/15min\" target=\"_blank\" rel=\"noopener\"><img decoding=\"async\" loading=\"lazy\" src=\"https:\/\/www.omnitrack.com\/wp-content\/themes\/omnitrack2023\/images\/icon-schedule.svg\"  alt=\"Vereinbaren Sie einen Termin mit Omnitrack\"  \/> Einen Anruf vereinbaren<\/a><\/div>\n<\/div>\n<\/section>\n<section><\/section>\n","protected":false},"excerpt":{"rendered":"<p>Kugeltransporttische und -plattformen Omnitrack-Kugeltransfertische bieten eine multidirektionale Bewegung und eine sofortige Richtungs\u00e4nderung des F\u00f6rderguts. Unsere Balltransfertische werden h\u00e4ufig an Maschinen und F\u00f6rderb\u00e4ndern verwendet (und an diesen montiert), um die Drehung\/Man\u00f6vrierf\u00e4higkeit des F\u00f6rderguts zu erleichtern. Unsere ma\u00dfgeschneiderten Tische und Plattformen werden in der Regel aus Weichstahl hergestellt und in der gew\u00fcnschten RAL-Farbe pulverbeschichtet. Diese sind auch [&hellip;]<\/p>\n","protected":false},"author":7,"featured_media":0,"parent":0,"menu_order":0,"comment_status":"closed","ping_status":"closed","template":"page-with-form.php","meta":{"inline_featured_image":false,"footnotes":""},"class_list":["post-97538","page","type-page","status-publish","hentry"],"acf":[],"_links":{"self":[{"href":"https:\/\/www.omnitrack.com\/de\/wp-json\/wp\/v2\/pages\/97538","targetHints":{"allow":["GET"]}}],"collection":[{"href":"https:\/\/www.omnitrack.com\/de\/wp-json\/wp\/v2\/pages"}],"about":[{"href":"https:\/\/www.omnitrack.com\/de\/wp-json\/wp\/v2\/types\/page"}],"author":[{"embeddable":true,"href":"https:\/\/www.omnitrack.com\/de\/wp-json\/wp\/v2\/users\/7"}],"replies":[{"embeddable":true,"href":"https:\/\/www.omnitrack.com\/de\/wp-json\/wp\/v2\/comments?post=97538"}],"version-history":[{"count":3,"href":"https:\/\/www.omnitrack.com\/de\/wp-json\/wp\/v2\/pages\/97538\/revisions"}],"predecessor-version":[{"id":103531,"href":"https:\/\/www.omnitrack.com\/de\/wp-json\/wp\/v2\/pages\/97538\/revisions\/103531"}],"wp:attachment":[{"href":"https:\/\/www.omnitrack.com\/de\/wp-json\/wp\/v2\/media?parent=97538"}],"curies":[{"name":"wp","href":"https:\/\/api.w.org\/{rel}","templated":true}]}}