{"id":97537,"date":"2023-01-09T22:05:54","date_gmt":"2023-01-09T22:05:54","guid":{"rendered":"https:\/\/www.omnitrack.com\/ball-transfer-units\/"},"modified":"2024-03-06T18:33:03","modified_gmt":"2024-03-06T18:33:03","slug":"kugelrollen","status":"publish","type":"page","link":"https:\/\/www.omnitrack.com\/de\/kugelrollen\/","title":{"rendered":"Kugelrollen"},"content":{"rendered":"<section id=\"header-product-one\" class=\"row cpn-section fontSize-4\">\n<div class=\"col\">\n<h1>Kugelrollen<\/h1>\n<p>Die innovativen Kugelrollen von Omnitrack erm\u00f6glichen eine sofortige und pr\u00e4zise Richtungs\u00e4nderung bei geringer Reibung und hoher Belastbarkeit. Unsere patentierten L\u00f6sungen sind in einer Vielzahl von Ausf\u00fchrungen und Gr\u00f6\u00dfen erh\u00e4ltlich. Von federbelasteten Einheiten aus Stahl bis hin zu pneumatischen Einheiten, die eine luftbetriebene Positionierung des F\u00f6rderguts erm\u00f6glichen. Alle vorr\u00e4tigen Artikel werden sofort versandt, mit KOSTENLOSER weltweiter Lieferung bei Bestellungen \u00fcber \u00a3500. Ben\u00f6tigen Sie eine ma\u00dfgeschneiderte L\u00f6sung f\u00fcr eine spezielle Anforderung? Sprechen Sie jetzt mit unserem Team &#8211; wir helfen Ihnen gerne weiter.<\/p>\n<\/div>\n<\/section>\n<section class=\"row cpn-section fontSize-4\">\n<div class=\"col-12\">\n<ul class=\"row clear-list product-card-list justify-content-center ball-transfer-units g-2 g-md-3\">\n<li class=\"col-12 col-sm-4 mb-4 mb-md-0\"><a href=\"https:\/\/www.omnitrack.com\/de\/kugelrollen\/heavy-duty\/\" class=\"product-card-item\"><img loading=\"lazy\" decoding=\"async\" class=\"img-fluid alignnone wp-image-79865 size-full\" src=\"https:\/\/www.omnitrack.com\/wp-content\/uploads\/2023\/03\/Heavy_Duty.webp\" alt=\"Heavy Duty\" width=\"140\" height=\"140\" srcset=\"https:\/\/www.omnitrack.com\/wp-content\/uploads\/2023\/03\/Heavy_Duty.webp 140w, https:\/\/www.omnitrack.com\/wp-content\/uploads\/2023\/03\/Heavy_Duty-100x100.webp 100w\" sizes=\"auto, (max-width: 140px) 100vw, 140px\" \/><br \/>\n<h2 class=\"fontSize-2\">Heavy Duty<\/h2>\n<dl>\n<dt>Max. Last:<\/dt>\n<dd>8000kg<\/dd>\n<dt>Reibung:<\/dt>\n<dd>1:0,005<\/dd>\n<dt>Temperatur:<\/dt>\n<dd>-50\/260\u00b0C<\/dd>\n<dt>Geschwindigkeit:<\/dt>\n<dd>2m\/sec<\/dd>\n<dt>Einbaulage:<\/dt>\n<dd>Beliebig<\/dd>\n<\/dl>\n<p><\/a><\/li>\n<li class=\"col-12 col-sm-4 mb-4 mb-md-0\"><a href=\"https:\/\/www.omnitrack.com\/de\/kugelrollen\/medium-duty\/\" class=\"product-card-item category-list-item\"> <img loading=\"lazy\" decoding=\"async\" class=\"img-fluid alignnone wp-image-79866 size-full\" src=\"https:\/\/www.omnitrack.com\/wp-content\/uploads\/2023\/03\/Medium_Duty.webp\" alt=\"Medium Duty\" width=\"140\" height=\"140\" srcset=\"https:\/\/www.omnitrack.com\/wp-content\/uploads\/2023\/03\/Medium_Duty.webp 140w, https:\/\/www.omnitrack.com\/wp-content\/uploads\/2023\/03\/Medium_Duty-100x100.webp 100w\" sizes=\"auto, (max-width: 140px) 100vw, 140px\" \/><br \/>\n<h2 class=\"fontSize-2\">Medium Duty<\/h2>\n<dl>\n<dt>Schockresistenz<\/dt>\n<dd><\/dd>\n<dt>Reibung:<\/dt>\n<dd>1:0,02<\/dd>\n<dt>Temperatur:<\/dt>\n<dd>-30\/100\u00b0C<\/dd>\n<dt>Geschwindigkeit:<\/dt>\n<dd>1.5m\/sec<\/dd>\n<dt>Einbaulage:<\/dt>\n<dd>Horizontal \/ Oben<\/dd>\n<\/dl>\n<p><\/a><\/li>\n<li class=\"col-12 col-sm-4\"><a href=\"https:\/\/www.omnitrack.com\/de\/kugelrollen\/light-duty\/\" class=\"product-card-item category-list-item\"> <img loading=\"lazy\" decoding=\"async\" class=\"img-fluid alignnone wp-image-79867 size-full\" src=\"https:\/\/www.omnitrack.com\/wp-content\/uploads\/2023\/03\/Light_Duty.webp\" alt=\"Light Duty\" width=\"140\" height=\"140\" srcset=\"https:\/\/www.omnitrack.com\/wp-content\/uploads\/2023\/03\/Light_Duty.webp 140w, https:\/\/www.omnitrack.com\/wp-content\/uploads\/2023\/03\/Light_Duty-100x100.webp 100w\" sizes=\"auto, (max-width: 140px) 100vw, 140px\" \/><br \/>\n<h2 class=\"fontSize-2\">Light Duty<\/h2>\n<dl>\n<dt>Wirtschaftswert<\/dt>\n<dd><\/dd>\n<dt>Reibung:<\/dt>\n<dd>1:0,03<\/dd>\n<dt>Temperatur:<\/dt>\n<dd>-20\/70\u00b0C<\/dd>\n<dt>Geschwindigkeit:<\/dt>\n<dd>1m\/sec<\/dd>\n<dt>Einbaulage:<\/dt>\n<dd>Horizontal \/ Oben<\/dd>\n<\/dl>\n<p><\/a><\/li>\n<\/ul>\n<\/div>\n<\/section>\n<div class=\"row cpn-section\">\n<div class=\"col\">\n<hr \/>\n<\/div>\n<\/div>\n<section class=\"row cpn-section fontSize-4\">\n<div class=\"col\">\n<h2>Entdecken Sie unser Angebot an Kugelrollen<\/h2>\n<p>Omnitrack bietet eine breite Palette an hochpr\u00e4zisen Kugelrollen. Entwickelt f\u00fcr optimale Richtungswechsel mit dem niedrigsten Reibungskoeffizienten und der reibungslosesten Leistung. Sie k\u00f6nnen Material-Upgrades w\u00e4hlen, eine ma\u00dfgeschneiderte L\u00f6sung anfordern und aus einer breiten Palette von Stilen und Gr\u00f6\u00dfen w\u00e4hlen, wie unten beschrieben.<\/p>\n<ul class=\"row clear-list\">\n<li class=\"col-12 col-sm-6 col-md-4 mb-4\">\n<h3 class=\"fontSize-3\">Heavy Duty<\/h3>\n<p>Unsere Heavy-Duty-Kugelrollen sind in einer Vielzahl von Gr\u00f6\u00dfen und Ausf\u00fchrungen erh\u00e4ltlich, die allen Anforderungen gerecht werden. Mit einer beeindruckenden Tragf\u00e4higkeit von jeweils bis zu 8000 kg.<\/p>\n<p><a class=\"btn-table lilac-one shadow-3\" href=\"https:\/\/www.omnitrack.com\/de\/kugelrollen\/heavy-duty\/\">Produkte ansehen<\/a><\/li>\n<li class=\"col-12 col-sm-6 col-md-4 mb-4\">\n<h3 class=\"fontSize-3\">Medium Duty<\/h3>\n<p>Die Medium-Duty-Kugelrollen von Omnitrack sind aus massivem Stahl gefertigt und f\u00fcr ihre Verschlei\u00dffestigkeit einsatzgeh\u00e4rtet. Sie sind auf Lebensdauer geschmiert und verzinkt.<\/p>\n<p><a class=\"btn-table lilac-one shadow-3\" href=\"https:\/\/www.omnitrack.com\/de\/kugelrollen\/medium-duty\/\">Produkte ansehen<\/a><\/li>\n<li class=\"col-12 col-sm-6 col-md-4 mb-4\">\n<h3 class=\"fontSize-3\">Light Duty<\/h3>\n<p>Unsere Light-Duty-Kugelrollen sind als Vollkunststoff- oder Edelstahleinheiten erh\u00e4ltlich. Mit Einsteck-, Pressflansch- oder hochprofiligen Aufputzbefestigungen.<\/p>\n<p><a class=\"btn-table lilac-one shadow-3\" href=\"https:\/\/www.omnitrack.com\/de\/kugelrollen\/light-duty\/\">Produkte ansehen<\/a><\/li>\n<li class=\"col-12 col-sm-6 col-md-4 mb-4\">\n<h3 class=\"fontSize-3\">Kugelstangen &amp; Schienen<\/h3>\n<p>Unsere T- und B-Kugelstangen und Schienen bieten vielseitige Kontrolle und Benutzerfreundlichkeit. Sie verf\u00fcgen \u00fcber Heavy-Duty-, federbelastete Kugelrollen f\u00fcr eine genaue Positionierung.<\/p>\n<p><a class=\"btn-table lilac-one shadow-3\" href=\"https:\/\/www.omnitrack.com\/de\/kugelrollen\/gefederte-und-t-b-stangen\/\">Produkte ansehen<\/a><\/li>\n<li class=\"col-12 col-sm-6 col-md-4\">\n<h3 class=\"fontSize-3\">Federbelastet &amp; pneumatisch<\/h3>\n<p>Unsere federbelasteten und pneumatischen Kugelrollen sind aufgrund ihrer au\u00dfergew\u00f6hnlichen Sto\u00dffestigkeit und der einstellbaren Federvorspannung ideal f\u00fcr den Einsatz bei ungleichen Gleis-\/Lastverh\u00e4ltnissen.<\/p>\n<p><a class=\"btn-table lilac-one shadow-3\" href=\"https:\/\/www.omnitrack.com\/de\/kugelrollen\/pneumatische-kugelrollen\/\">Produkte ansehen<\/a><\/li>\n<\/ul>\n<\/div>\n<\/section>\n<div class=\"row cpn-section\">\n<div class=\"col\">\n<hr \/>\n<\/div>\n<\/div>\n<section class=\"row cpn-section fontSize-4\">\n<div class=\"col\">\n<h2>Warum sollten Sie Omnitrack f\u00fcr Ihre Kugelrolle-L\u00f6sungen w\u00e4hlen?<\/h2>\n<p>Omnitrack ist der f\u00fchrende britische Hersteller von Produkten f\u00fcr omnidirektionale Bewegungen und speziellen Anwendungseinheiten. Unsere Kugelrollen wurden bereits in einer Vielzahl von Anwendungen von Kunden wie der NASA, dem CERN und internationalen Milit\u00e4rorganisationen eingesetzt. Wir k\u00f6nnen Ihre kundenspezifische L\u00f6sung entwerfen und bauen und bieten innovative Designs, die maximale Pr\u00e4zision und sofortige Richtungswechsel erm\u00f6glichen.<\/p>\n<h3>Entdecken Sie den Omnitrack-Unterschied:<\/h3>\n<ul>\n<li>Heavy-Duty-Kugelrollen, die bis zu 8000 kg tragen k\u00f6nnen.<\/li>\n<li>Einzigartiges internes Endlosspur-Lagersystem f\u00fcr maximale Pr\u00e4zision und sofortige Richtungs\u00e4nderung.<\/li>\n<li>Ein umfassendes Angebot an Gr\u00f6\u00dfen, Befestigungsm\u00f6glichkeiten und Materialoptionen ist verf\u00fcgbar.<\/li>\n<li>Eigene Design- und Produktionsst\u00e4tte in Stroud, UK. So k\u00f6nnen wir sofort liefern, einen weltweiten Expressversand anbieten und die Kosten niedrig halten.<\/li>\n<li>Alle Omnitrack-Produkte werden mit einer kostenlosen zweij\u00e4hrigen Garantie und Qualit\u00e4tsgarantie geliefert.<\/li>\n<li>Kostenlose Beratung durch unser sehr erfahrenes technisches Supportteam.<\/li>\n<\/ul>\n<\/div>\n<\/section>\n<div class=\"row cpn-section\">\n<div class=\"col\">\n<hr \/>\n<\/div>\n<\/div>\n<section class=\"row cpn-section fontSize-4\">\n<div class=\"col\">\n<h2>Verschiedene Arten von Kugelrollen<\/h2>\n<p>Omnitrack-Kugelrollen sind eine fortschrittliche Art von Lagern, die eine pr\u00e4zise omnidirektionale Bewegung oder Bef\u00f6rderung schwerer Gegenst\u00e4nde erm\u00f6glichen.<\/p>\n<p>Omnitrack-Kugelrollen variieren:<\/p>\n<ul>\n<li>Konstruktion \u2013 Gepresste (gestanzte) Stahlkonstruktion oder aus massivem Stahl oder Kunststoff gefertigte Komponenten.<\/li>\n<li>Sortiment &#8211; F\u00fcr Light- und Medium Duty wird das einfache halbkugelf\u00f6rmige Umlaufkammersystem verwendet, w\u00e4hrend f\u00fcr Heavy Duty das Endlosbahn- oder Rennbahnumlaufsystem eingesetzt wird.<\/li>\n<li>Hauptkugelgr\u00f6\u00dfe &#8211; von 12,7 mm bis 101,6 mm<\/li>\n<li>Tragf\u00e4higkeit von 15 kg bis 8000 kg pro St\u00fcck.<\/li>\n<li>Werkstoffe &#8211; Chromstahl, rostfreier Stahl, Delrin (Acetal \/ POM)<\/li>\n<\/ul>\n<p>Die Heavy-Duty-Kugelrollen m\u00fcssen in der Regel nicht gewartet werden, da sie lebenslang geschmiert sind und mit der patentierten Omnitrack-Endlosf\u00fchrung hergestellt werden. Wir sind auf Anwendungen gesto\u00dfen, bei denen die Einheiten f\u00e4lschlicherweise z. B. \u00fcberm\u00e4\u00dfigen Sto\u00dfbelastungen oder dem Eindringen von Schlamm oder Verunreinigungen ausgesetzt waren, was die Demontage der Einheit zur Wartung durch den Benutzer erforderlich machte. In solchen F\u00e4llen kann ein vorr\u00e4tiges Service-Kit die Funktion und Effizienz der Kugelrolle in Ihrer Anwendung innerhalb von Minuten wiederherstellen!<\/p>\n<\/div>\n<\/section>\n<div class=\"row cpn-section\">\n<div class=\"col\">\n<hr \/>\n<\/div>\n<\/div>\n<section class=\"row cpn-section fontSize-4\">\n<div class=\"col\">\n<h2>Benutzerservice und Servicekits: Kann ich meine Kugelrollen warten?<\/h2>\n<p>Omnitrack-Kugelrollen der Serie 9000 sind vom Benutzer zu warten. Diese Reihe wurde fr\u00fcher als Hochleistungsreihe bezeichnet. Die kompakten Hochleistungs-Kugelrollen der Serie 8000 verf\u00fcgen \u00fcber eine &#8222;Endlosbahn&#8220; oder eine &#8222;Vollumlauf&#8220;-Konstruktion. Aufgrund ihrer geringen Gr\u00f6\u00dfe sind sie jedoch nicht f\u00fcr die Wartung durch den Benutzer geeignet.<\/p>\n<p>Die federbelasteten Kugelrollen der Serie 94 k\u00f6nnen wiederaufbereitet werden. Die Serien 95, 96 und 97 erfordern den Einsatz einer Presse und spezieller Werkzeuge, um den Kugeltransfer sicher zu demontieren, daher empfehlen wir in diesem Fall eine werkseitige \u00dcberholung.<\/p>\n<\/div>\n<\/section>\n<div class=\"row cpn-section\">\n<div class=\"col\">\n<hr \/>\n<\/div>\n<\/div>\n<section class=\"row cpn-section fontSize-4\">\n<div class=\"col\">\n<h2>Wartung von Kugelrollen<\/h2>\n<p>F\u00fcr Anleitungen zur \u00dcberholung Ihrer Kugelrollen haben wir einen <a href=\"https:\/\/www.youtube.com\/watch?v=VrG0_ktmKHE\" target=\"_blank\" rel=\"noopener\" data-schema-attribute=\"mentions\">Videoclip<\/a> erstellt, der Sie durch die Demontage, Reinigung und den Wiederzusammenbau f\u00fchrt.<\/p>\n<p>F\u00fcr die Wartung der Kugelrolleneinheit ist ein Ersatzteilsatz erforderlich. Je nachdem, wie umfangreich Sie die Kugeleinheit \u00fcberholen m\u00f6chten, k\u00f6nnen Sie 2 Arten von Service-Kits kaufen: &#8218;S1&#8216; und &#8218;S2&#8216;. Die nachstehende Liste der Ersatzteilkomponenten zeigt, welche Ersatzteile in den S1- und S2-Services\u00e4tzen enthalten sind.<\/p>\n<ol>\n<li>Sicherungsring (S2)<\/li>\n<li>Filzdichtung (S1 &amp; S2)<\/li>\n<li>Laufkugel (S1 &amp; S2)<\/li>\n<li>Tragkugeln (S1 &amp; S2)<\/li>\n<li>Kugelhalter (S2)<\/li>\n<li>Kugelpfanne (S2)<\/li>\n<\/ol>\n<p>Geben Sie bei der Bestellung die Original-Teilenummer, eine eventuelle Kennzeichnung und den gew\u00fcnschten Service-Kit an (z. B. S1- [part number]). Wenn keine Teilenummer oder Kennzeichnung sichtbar ist, senden Sie uns einfach eine Skizze oder ein Foto des Ger\u00e4ts, damit wir es anhand unserer Unterlagen identifizieren k\u00f6nnen.<\/p>\n<p><a class=\"underline\" href=\"https:\/\/www.omnitrack.com\/de\/kontaktieren-sie-uns\/\">Wenden Sie sich direkt an uns<\/a>, um sich beraten zu lassen \u2013 Wir zeigen Ihnen gerne den Weg zu dem Service-Kit, das Sie ben\u00f6tigen!<\/p>\n<\/div>\n<\/section>\n<div class=\"row cpn-section\">\n<div class=\"col\">\n<hr \/>\n<\/div>\n<\/div>\n<section class=\"row cpn-section pb-5 fontSize-4\">\n<div class=\"col\">\n<h2>Verschiedene Arten von Kugelrollen<\/h2>\n<p>Die verschiedenen Befestigungs- und Federvorspannungsvarianten der Omnitrack-Kugelrollen k\u00f6nnen in der Regel durch unseren werksseitigen \u00dcberholungsservice, der auch f\u00fcr die meisten Schwerlast- und Sondereinheiten angeboten wird, wieder auf die urspr\u00fcngliche Leistung gebracht werden.<\/p>\n<p>Federbelastete Kugelrollen sind in der Regel vorgespannt, um den Federdruck zu begrenzen, bis eine theoretische Last \u00fcberschritten wird. Aufgrund des vorgespannten Zustands der Teller- oder Schraubenfedern verwenden wir spezielle Werkzeuge, um diese Einheiten sicher zu demontieren. Wir verf\u00fcgen \u00fcber mehr als 75 Jahre an Produktionszeichnungen und Federkonfigurationen f\u00fcr alle produzierten Omnitrack-Kugelrollen.<\/p>\n<p>Pr\u00e4zisionsingenieure seit 1909 &#8211; Originalhersteller und Erfinder von Heavy-Duty-Kugelrollen seit 1954. Omnitrack ist der urspr\u00fcngliche Hersteller, Erfinder und Patentinhaber der Heavy-Duty-Kugelrollen, die seit 1954 kontinuierlich produziert werden. Die Kugelrollen wurden weltweit unter verschiedenen Namen vermarktet, darunter Autoset Production Ltd, Autotrack (Birmingham) Ltd, Omnitrack North America Ltd, Omnitrack Srl, Omnitrack Corporation, Acme &amp; General Bearing.<\/p>\n<p>Im Laufe der 75 Jahre haben sich auch die Teilenummern mehrmals ge\u00e4ndert, aber wir sind stolz darauf, unser Engagement f\u00fcr Ersatzteile und Service-Kits in den meisten F\u00e4llen bis zur\u00fcck zu den 1954 gebauten Kugelrollen zu halten! Wenn Sie die Teilenummer in der aktuellen Teilenummernfolge nicht erkennen, versuchen Sie, sie in die Suchleiste oben auf unserer Homepage einzugeben. Dies kann auch als Teilenummernaustausch f\u00fcr andere Wiederverk\u00e4ufer\/Marken verwendet werden.<\/p>\n<p>M\u00f6chten Sie mehr \u00fcber die Wartung von Kugelrollen erfahren oder wissen, wie Sie Ersatzteile und Servicekits bestellen k\u00f6nnen? Nehmen Sie noch heute Kontakt mit unseren Experten auf. Wir beantworten gerne Ihre Fragen zu unseren Produkten und deren Wartung sowie zu allen anderen Fragen, die Ihnen einfallen.<\/p>\n<\/div>\n<\/section>\n<section id=\"cant-find\" class=\"row cpn-section py-5 two justify-content-between\"><div class=\"col-12 col-sm-6 col-lg-7 py-lg-4 pe-lg-5\">\n<h3 class=\"fontSize-2 fontSize-md-1\">Sie k\u00f6nnen nicht finden, was Sie suchen?<\/h3>\n<p class=\"fontSize-4\">Versuchen Sie, nach Schl\u00fcsselw\u00f6rtern, Teilenummern, Lasten und Befestigungsarten zu suchen.<\/p>\n<div class=\"input-group\"><form class=\"form-search\"><div class=\"input-group\">  <input type=\"text\" name=\"s\" class=\"form-control field\" placeholder=\"Suche Teilnummer\">  <input type=\"hidden\" name=\"post-type\" value=\"product\"><\/div><\/form><\/div>\n<\/div>\n<div class=\"col-12 col-sm-6 col-lg-5 py-lg-4 pt-4 pt-sm-0\">\n<h3 class=\"fontSize-2 fontSize-md-1\">Free technical advice<\/h3>\n<p class=\"fontSize-4\">Phone: <b><a href=\"tel:+4908001833297\">+49 0800 18 33 297<br \/><\/a><\/b><\/p>\n<p class=\"fontSize-4\">Email: <b><a href=\"mailto:info@omnitrack.com\">info@omnitrack.com<\/a><\/b><\/p>\n<div class=\"mt-4\"> <a class=\"btn-ot green me-2 mb-3 mb-md-0 w100-mobile\" href=\"https:\/\/wa.me\/447759128207\" target=\"_blank\" rel=\"noopener\"><img decoding=\"async\" loading=\"lazy\" src=\"https:\/\/www.omnitrack.com\/wp-content\/themes\/omnitrack2023\/images\/icon-whatsapp.svg\"  alt=\"WhatsApp Omnitrack\"  \/> WhatsApp<\/a> <a class=\"btn-ot w100-mobile\" href=\"https:\/\/calendly.com\/omnitrack\/15min\" target=\"_blank\" rel=\"noopener\"><img decoding=\"async\" loading=\"lazy\" src=\"https:\/\/www.omnitrack.com\/wp-content\/themes\/omnitrack2023\/images\/icon-schedule.svg\"  alt=\"Vereinbaren Sie einen Termin mit Omnitrack\"  \/> Einen Anruf vereinbaren<\/a><\/div>\n<\/div>\n<\/section>\n","protected":false},"excerpt":{"rendered":"<p>Kugelrollen Die innovativen Kugelrollen von Omnitrack erm\u00f6glichen eine sofortige und pr\u00e4zise Richtungs\u00e4nderung bei geringer Reibung und hoher Belastbarkeit. Unsere patentierten L\u00f6sungen sind in einer Vielzahl von Ausf\u00fchrungen und Gr\u00f6\u00dfen erh\u00e4ltlich. Von federbelasteten Einheiten aus Stahl bis hin zu pneumatischen Einheiten, die eine luftbetriebene Positionierung des F\u00f6rderguts erm\u00f6glichen. Alle vorr\u00e4tigen Artikel werden sofort versandt, mit KOSTENLOSER [&hellip;]<\/p>\n","protected":false},"author":7,"featured_media":0,"parent":0,"menu_order":0,"comment_status":"closed","ping_status":"closed","template":"","meta":{"inline_featured_image":false,"footnotes":""},"class_list":["post-97537","page","type-page","status-publish","hentry"],"acf":[],"_links":{"self":[{"href":"https:\/\/www.omnitrack.com\/de\/wp-json\/wp\/v2\/pages\/97537","targetHints":{"allow":["GET"]}}],"collection":[{"href":"https:\/\/www.omnitrack.com\/de\/wp-json\/wp\/v2\/pages"}],"about":[{"href":"https:\/\/www.omnitrack.com\/de\/wp-json\/wp\/v2\/types\/page"}],"author":[{"embeddable":true,"href":"https:\/\/www.omnitrack.com\/de\/wp-json\/wp\/v2\/users\/7"}],"replies":[{"embeddable":true,"href":"https:\/\/www.omnitrack.com\/de\/wp-json\/wp\/v2\/comments?post=97537"}],"version-history":[{"count":3,"href":"https:\/\/www.omnitrack.com\/de\/wp-json\/wp\/v2\/pages\/97537\/revisions"}],"predecessor-version":[{"id":100589,"href":"https:\/\/www.omnitrack.com\/de\/wp-json\/wp\/v2\/pages\/97537\/revisions\/100589"}],"wp:attachment":[{"href":"https:\/\/www.omnitrack.com\/de\/wp-json\/wp\/v2\/media?parent=97537"}],"curies":[{"name":"wp","href":"https:\/\/api.w.org\/{rel}","templated":true}]}}