{"id":97536,"date":"2019-08-02T13:41:53","date_gmt":"2019-08-02T13:41:53","guid":{"rendered":"https:\/\/www.omnitrack.com\/about-us\/"},"modified":"2024-03-06T18:30:36","modified_gmt":"2024-03-06T18:30:36","slug":"uber-uns","status":"publish","type":"page","link":"https:\/\/www.omnitrack.com\/de\/uber-uns\/","title":{"rendered":"100 Jahre Geschichte"},"content":{"rendered":"<section id=\"text-video-one\" class=\"row cpn-section\"> <div class=\"col-12 col-xl-7\"> <h1>100 Jahre Geschichte<\/h1> <h2>Die Wurzeln von Omnitrack und Autotrack reichen bis ins Jahr 1909 zur\u00fcck.<\/h2> <p class=\"fontSize-3\">Die Muttergesellschaft Autoset (Production) Ltd. etablierte sich in Birmingham als Hersteller von Tretdrehb\u00e4nken, Regalsystemen, Rollen und R\u00e4dern. Von 1919 bis 1923 produzierten sie unter dem Markennamen Autoglider eine Reihe von beliebten Motorrollern.<\/p> <\/div> <div class=\"col-12 col-xl-5\"> <div class=\"ratio ratio-16x9\"><iframe title=\"YouTube video player\" frameborder=\"0\" allowfullscreen=\"allowfullscreen\" class=\" lozad\" data-src=\"https:\/\/www.youtube.com\/embed\/PKFis846aNA\"><\/iframe><\/div> <\/div> <\/section> <div class=\"row cpn-section\"> <div class=\"col\"> <hr \/> <\/div> <\/div> <section class=\"row cpn-section ot-history\"> <div class=\"col-12 col-sm-6 col-md-4 mb-4 mb-md-0\"><img loading=\"lazy\" decoding=\"async\" class=\"img-fluid alignnone wp-image-79757 size-full\" src=\"https:\/\/www.omnitrack.com\/wp-content\/uploads\/2023\/03\/2021-New-Omniwheel-Range.webp\" alt=\"2021 Neue Omniwheel-Reihe -Reihe vorgestellt.\" width=\"680\" height=\"436\" srcset=\"https:\/\/www.omnitrack.com\/wp-content\/uploads\/2023\/03\/2021-New-Omniwheel-Range.webp 680w, https:\/\/www.omnitrack.com\/wp-content\/uploads\/2023\/03\/2021-New-Omniwheel-Range-300x192.webp 300w, https:\/\/www.omnitrack.com\/wp-content\/uploads\/2023\/03\/2021-New-Omniwheel-Range-600x385.webp 600w\" sizes=\"auto, (max-width: 680px) 100vw, 680px\" \/><\/p> <h3>2021<\/h3> <p class=\"mb-0 mb-md-3\"><b> Neue Omniwheel-Reihe <\/b><\/p> <p>Neue Omniwheel-Reihe vorgestellt.<\/p> <\/div> <div class=\"col-12 col-sm-6 col-md-4 mb-4 mb-md-0\"><img loading=\"lazy\" decoding=\"async\" class=\"img-fluid alignnone wp-image-79758 size-full\" src=\"https:\/\/www.omnitrack.com\/wp-content\/uploads\/2023\/03\/2020-New-compact-8000-series.webp\" alt=\"2020 Neue kompakte 8000er Serie\" width=\"680\" height=\"436\" srcset=\"https:\/\/www.omnitrack.com\/wp-content\/uploads\/2023\/03\/2020-New-compact-8000-series.webp 680w, https:\/\/www.omnitrack.com\/wp-content\/uploads\/2023\/03\/2020-New-compact-8000-series-300x192.webp 300w, https:\/\/www.omnitrack.com\/wp-content\/uploads\/2023\/03\/2020-New-compact-8000-series-600x385.webp 600w\" sizes=\"auto, (max-width: 680px) 100vw, 680px\" \/><\/p> <h3>2020<\/h3> <p class=\"mb-0 mb-md-3\"><strong>Neue kompakte 8000er Serie<\/strong><\/p> <p>Einf\u00fchrung der neuen 8000er Serie.<\/p> <\/div> <div class=\"col-12 col-sm-6 col-md-4 mb-4 mb-md-0\"><img loading=\"lazy\" decoding=\"async\" class=\"img-fluid alignnone wp-image-79759 size-full\" src=\"https:\/\/www.omnitrack.com\/wp-content\/uploads\/2023\/03\/2017-Heavy-Duty.webp\" alt=\"2017 Heavy Duty \" width=\"680\" height=\"436\" srcset=\"https:\/\/www.omnitrack.com\/wp-content\/uploads\/2023\/03\/2017-Heavy-Duty.webp 680w, https:\/\/www.omnitrack.com\/wp-content\/uploads\/2023\/03\/2017-Heavy-Duty-300x192.webp 300w, https:\/\/www.omnitrack.com\/wp-content\/uploads\/2023\/03\/2017-Heavy-Duty-600x385.webp 600w\" sizes=\"auto, (max-width: 680px) 100vw, 680px\" \/><\/p> <h3>2017<\/h3> <p class=\"mb-0 mb-md-3\"><strong>Heavy Duty<\/strong><\/p> <p>Schwerlast-Kugelrolle bis 8000 kg. Neue Technik und Werkstoffe.<\/p> <\/div> <\/section> <div class=\"row cpn-section d-none d-md-flex\"> <div class=\"col\"> <hr \/> <\/div> <\/div> <section class=\"row cpn-section ot-history\"> <div class=\"col-12 col-sm-6 col-md-4 mb-4 mb-md-0\"><img loading=\"lazy\" decoding=\"async\" class=\"img-fluid alignnone wp-image-79760 size-full\" src=\"https:\/\/www.omnitrack.com\/wp-content\/uploads\/2023\/03\/2014-New-Omnicaster.webp\" alt=\"2014 Neuer Omnicaster \" width=\"680\" height=\"436\" srcset=\"https:\/\/www.omnitrack.com\/wp-content\/uploads\/2023\/03\/2014-New-Omnicaster.webp 680w, https:\/\/www.omnitrack.com\/wp-content\/uploads\/2023\/03\/2014-New-Omnicaster-300x192.webp 300w, https:\/\/www.omnitrack.com\/wp-content\/uploads\/2023\/03\/2014-New-Omnicaster-600x385.webp 600w\" sizes=\"auto, (max-width: 680px) 100vw, 680px\" \/><\/p> <h3>2014<\/h3> <p class=\"mb-0 mb-md-3\"><strong>Neuer Omnicaster<\/strong><\/p> <p>Neues OmnicasterSortiment pr\u00e4sentiert.<\/p> <\/div> <div class=\"col-12 col-sm-6 col-md-4 mb-4 mb-md-0\"><img loading=\"lazy\" decoding=\"async\" class=\"img-fluid alignnone wp-image-79761 size-full\" src=\"https:\/\/www.omnitrack.com\/wp-content\/uploads\/2023\/03\/2011-Bloodhound.webp\" alt=\"2011 Bloodhound\" width=\"680\" height=\"436\" srcset=\"https:\/\/www.omnitrack.com\/wp-content\/uploads\/2023\/03\/2011-Bloodhound.webp 680w, https:\/\/www.omnitrack.com\/wp-content\/uploads\/2023\/03\/2011-Bloodhound-300x192.webp 300w, https:\/\/www.omnitrack.com\/wp-content\/uploads\/2023\/03\/2011-Bloodhound-600x385.webp 600w\" sizes=\"auto, (max-width: 680px) 100vw, 680px\" \/><\/p> <h3>2011<\/h3> <p class=\"mb-0 mb-md-3\"><strong>Bloodhound<\/strong><\/p> <p>1000 mph Landgeschwindigkeitsrekord &#8218;Bloodhound&#8216; (Produktsponsor).<\/p> <\/div> <div class=\"col-12 col-sm-6 col-md-4 mb-4 mb-md-0\"><img loading=\"lazy\" decoding=\"async\" class=\"img-fluid alignnone wp-image-79762 size-full\" src=\"https:\/\/www.omnitrack.com\/wp-content\/uploads\/2023\/03\/2009-cern.webp\" alt=\"2009 CERN \" width=\"680\" height=\"436\" srcset=\"https:\/\/www.omnitrack.com\/wp-content\/uploads\/2023\/03\/2009-cern.webp 680w, https:\/\/www.omnitrack.com\/wp-content\/uploads\/2023\/03\/2009-cern-300x192.webp 300w, https:\/\/www.omnitrack.com\/wp-content\/uploads\/2023\/03\/2009-cern-600x385.webp 600w\" sizes=\"auto, (max-width: 680px) 100vw, 680px\" \/><\/p> <h3>2009<\/h3> <p class=\"mb-0 mb-md-3\"><strong>CERN<\/strong><\/p> <p>CERN &#8218;Hadron&#8216; Collider Teilchenforschung \u2013 Projektzulieferer.<\/p> <\/div> <\/section> <div class=\"row cpn-section d-none d-md-flex\"> <div class=\"col\"> <hr \/> <\/div> <\/div> <section class=\"row cpn-section ot-history\"> <div class=\"col-12 col-sm-6 col-md-4 mb-4 mb-md-0\"><img loading=\"lazy\" decoding=\"async\" class=\"img-fluid alignnone wp-image-79763 size-full\" src=\"https:\/\/www.omnitrack.com\/wp-content\/uploads\/2023\/03\/1990-Eurofighter.webp\" alt=\"1990 Eurofighter\" width=\"680\" height=\"436\" srcset=\"https:\/\/www.omnitrack.com\/wp-content\/uploads\/2023\/03\/1990-Eurofighter.webp 680w, https:\/\/www.omnitrack.com\/wp-content\/uploads\/2023\/03\/1990-Eurofighter-300x192.webp 300w, https:\/\/www.omnitrack.com\/wp-content\/uploads\/2023\/03\/1990-Eurofighter-600x385.webp 600w\" sizes=\"auto, (max-width: 680px) 100vw, 680px\" \/><\/p> <h3>1990<\/h3> <p class=\"mb-0 mb-md-3\"><strong>Eurofighter<\/strong><\/p> <p>Eurofighter-Fertigung \u2013 Projektzulieferer Bei der Montage des Flugzeugs kamen unsere Omnitrack 9241 Kugelrollen zum Einsatz.<\/p> <\/div> <div class=\"col-12 col-sm-6 col-md-4 mb-4 mb-md-0\"><img loading=\"lazy\" decoding=\"async\" class=\"img-fluid alignnone wp-image-79764 size-full\" src=\"https:\/\/www.omnitrack.com\/wp-content\/uploads\/2023\/03\/1970-Warhead-Handling.webp\" alt=\"1930 Linisher\" width=\"680\" height=\"436\" srcset=\"https:\/\/www.omnitrack.com\/wp-content\/uploads\/2023\/03\/1970-Warhead-Handling.webp 680w, https:\/\/www.omnitrack.com\/wp-content\/uploads\/2023\/03\/1970-Warhead-Handling-300x192.webp 300w, https:\/\/www.omnitrack.com\/wp-content\/uploads\/2023\/03\/1970-Warhead-Handling-600x385.webp 600w\" sizes=\"auto, (max-width: 680px) 100vw, 680px\" \/><\/p> <h3>1970<\/h3> <p class=\"mb-0 mb-md-3\"><strong>Handhabung von Sprengk\u00f6pfen<\/strong><\/p> <p>Transportvorrichtungen f\u00fcr nuklearen Sprengkopf der Rakete &#8218;Blue Steel&#8216; \u2013 Planung und Fertigung.<\/p> <\/div> <div class=\"col-12 col-sm-6 col-md-4 mb-4 mb-md-0\"><img loading=\"lazy\" decoding=\"async\" class=\"img-fluid alignnone wp-image-79765 size-full\" src=\"https:\/\/www.omnitrack.com\/wp-content\/uploads\/2023\/03\/1970-Landing-Gear.webp\" alt=\"1970 Fahrwerk\" width=\"680\" height=\"436\" srcset=\"https:\/\/www.omnitrack.com\/wp-content\/uploads\/2023\/03\/1970-Landing-Gear.webp 680w, https:\/\/www.omnitrack.com\/wp-content\/uploads\/2023\/03\/1970-Landing-Gear-300x192.webp 300w, https:\/\/www.omnitrack.com\/wp-content\/uploads\/2023\/03\/1970-Landing-Gear-600x385.webp 600w\" sizes=\"auto, (max-width: 680px) 100vw, 680px\" \/><\/p> <h3>1962<\/h3> <p class=\"mb-0 mb-md-3\"><strong>Fahrwerk<\/strong><\/p> <p>De Havilland Aircraft Fahrwerk \u2013 Planungs- und Fertigungsauftrag<\/p> <\/div> <\/section> <div class=\"row cpn-section d-none d-md-flex\"> <div class=\"col\"> <hr \/> <\/div> <\/div> <section class=\"row cpn-section ot-history\"> <div class=\"col-12 col-sm-6 col-md-4 mb-4 mb-md-0\"><img loading=\"lazy\" decoding=\"async\" class=\"img-fluid alignnone wp-image-79766 size-full\" src=\"https:\/\/www.omnitrack.com\/wp-content\/uploads\/2023\/03\/1958-Omnitrack.webp\" alt=\"1958 Omnitrack\" width=\"680\" height=\"436\" srcset=\"https:\/\/www.omnitrack.com\/wp-content\/uploads\/2023\/03\/1958-Omnitrack.webp 680w, https:\/\/www.omnitrack.com\/wp-content\/uploads\/2023\/03\/1958-Omnitrack-300x192.webp 300w, https:\/\/www.omnitrack.com\/wp-content\/uploads\/2023\/03\/1958-Omnitrack-600x385.webp 600w\" sizes=\"auto, (max-width: 680px) 100vw, 680px\" \/><\/p> <h3>1958<\/h3> <p class=\"mb-0 mb-md-3\"><strong>Omnitrack<\/strong><\/p> <p>1958 Produktionsstart patentierte <a href=\"https:\/\/www.omnitrack.com\/de\/kugelrollen\/\">Kugelrollen<\/a> Omnitrack.<\/p> <\/div> <div class=\"col-12 col-sm-6 col-md-4 mb-4 mb-md-0\"><img loading=\"lazy\" decoding=\"async\" class=\"img-fluid alignnone wp-image-80111 size-full\" src=\"https:\/\/www.omnitrack.com\/wp-content\/uploads\/2023\/03\/1930-Linisher.webp\" alt=\"1930 Linisher\" width=\"680\" height=\"436\" srcset=\"https:\/\/www.omnitrack.com\/wp-content\/uploads\/2023\/03\/1930-Linisher.webp 680w, https:\/\/www.omnitrack.com\/wp-content\/uploads\/2023\/03\/1930-Linisher-300x192.webp 300w, https:\/\/www.omnitrack.com\/wp-content\/uploads\/2023\/03\/1930-Linisher-600x385.webp 600w\" sizes=\"auto, (max-width: 680px) 100vw, 680px\" \/><\/p> <h3>1930<\/h3> <p class=\"mb-0 mb-md-3\"><strong>Linisher<\/strong><\/p> <p>Planung und Bau des Bandschleifers &#8218;Linisher&#8216;<\/p> <\/div> <div class=\"col-12 col-sm-6 col-md-4 mb-4 mb-md-0\"><img loading=\"lazy\" decoding=\"async\" class=\"img-fluid alignnone wp-image-79767 size-full\" src=\"https:\/\/www.omnitrack.com\/wp-content\/uploads\/2023\/03\/1928-Rollers-Skatewheels.webp\" alt=\"1928 Rollen &amp; Skatewheels - 100 years of history\" width=\"680\" height=\"436\" srcset=\"https:\/\/www.omnitrack.com\/wp-content\/uploads\/2023\/03\/1928-Rollers-Skatewheels.webp 680w, https:\/\/www.omnitrack.com\/wp-content\/uploads\/2023\/03\/1928-Rollers-Skatewheels-300x192.webp 300w, https:\/\/www.omnitrack.com\/wp-content\/uploads\/2023\/03\/1928-Rollers-Skatewheels-600x385.webp 600w\" sizes=\"auto, (max-width: 680px) 100vw, 680px\" \/><\/p> <h3>1928<\/h3> <p class=\"mb-0 mb-md-3\"><strong>Rollen &amp; Skatewheels<\/strong><\/p> <p>Produktionsstart Schwerkraftf\u00f6rderrollen, Rollen f\u00fcr R\u00f6llchenbahnen und Durchlaufregalsysteme<\/p> <\/div> <\/section> <div class=\"row cpn-section d-none d-md-flex\"> <div class=\"col\"> <hr \/> <\/div> <\/div> <section class=\"row cpn-section ot-history\"> <div class=\"col-12 col-sm-6 col-md-4 mb-4 mb-md-0\"><img loading=\"lazy\" decoding=\"async\" class=\"img-fluid alignnone wp-image-79768 size-full\" src=\"https:\/\/www.omnitrack.com\/wp-content\/uploads\/2023\/03\/1923-TST-Car.webp\" alt=\"1923 TST Auto\" width=\"680\" height=\"436\" srcset=\"https:\/\/www.omnitrack.com\/wp-content\/uploads\/2023\/03\/1923-TST-Car.webp 680w, https:\/\/www.omnitrack.com\/wp-content\/uploads\/2023\/03\/1923-TST-Car-300x192.webp 300w, https:\/\/www.omnitrack.com\/wp-content\/uploads\/2023\/03\/1923-TST-Car-600x385.webp 600w\" sizes=\"auto, (max-width: 680px) 100vw, 680px\" \/><\/p> <h3>1923<\/h3> <p class=\"mb-0 mb-md-3\"><strong>TST Auto<\/strong><\/p> <p>Produktionsstart Automobil TST &#8218;Townsend, Skinner &amp; Tingle&#8216;<\/p> <\/div> <div class=\"col-12 col-sm-6 col-md-4 mb-4 mb-md-0\"><a href=\"https:\/\/www.omnitrack.com\/de\/uber-uns\/autoglider\/\"><img loading=\"lazy\" decoding=\"async\" class=\"img-fluid alignnone wp-image-79769 size-full\" src=\"https:\/\/www.omnitrack.com\/wp-content\/uploads\/2023\/03\/1918-Autoglider.webp\" alt=\"1918 Autoglider\" width=\"680\" height=\"436\" srcset=\"https:\/\/www.omnitrack.com\/wp-content\/uploads\/2023\/03\/1918-Autoglider.webp 680w, https:\/\/www.omnitrack.com\/wp-content\/uploads\/2023\/03\/1918-Autoglider-300x192.webp 300w, https:\/\/www.omnitrack.com\/wp-content\/uploads\/2023\/03\/1918-Autoglider-600x385.webp 600w\" sizes=\"auto, (max-width: 680px) 100vw, 680px\" \/><\/a><\/p> <h3>1918<\/h3> <p class=\"mb-0 mb-md-3\"><strong>Autoglider<\/strong><\/p> <p>Serienfertigung und Export der Motorrollermarke &#8218;Autoglider&#8216;. <a href=\"https:\/\/www.omnitrack.com\/de\/uber-uns\/autoglider\/\">Mehr lesen<\/a>.<\/p> <\/div> <div class=\"col-12 col-sm-6 col-md-4 mb-4 mb-md-0\"><img loading=\"lazy\" decoding=\"async\" class=\"img-fluid alignnone wp-image-79770 size-full\" src=\"https:\/\/www.omnitrack.com\/wp-content\/uploads\/2023\/03\/1909-Heavy-Duty-Casters.webp\" alt=\"1909 Heavy-Duty-Rollen\" width=\"680\" height=\"436\" srcset=\"https:\/\/www.omnitrack.com\/wp-content\/uploads\/2023\/03\/1909-Heavy-Duty-Casters.webp 680w, https:\/\/www.omnitrack.com\/wp-content\/uploads\/2023\/03\/1909-Heavy-Duty-Casters-300x192.webp 300w, https:\/\/www.omnitrack.com\/wp-content\/uploads\/2023\/03\/1909-Heavy-Duty-Casters-600x385.webp 600w\" sizes=\"auto, (max-width: 680px) 100vw, 680px\" \/><\/p> <h3>1909<\/h3> <p class=\"mb-0 mb-md-3\"><strong>Heavy-Duty-Rollen<\/strong><\/p> <p>Gr\u00fcndung als Hersteller von Drehb\u00e4nken, Schwerlastrollen und Schubladenf\u00fchrungen<\/p> <\/div> <\/section> <div class=\"row cpn-section d-none d-md-flex\"> <div class=\"col\"> <hr \/> <\/div> <\/div> <section class=\"row cpn-section d-md-none\"> <div class=\"col-12\"> <h3>1896<\/h3> <p class=\"mb-0 mb-md-3\"><strong>Rodborough Court<\/strong><\/p> <p>Unser Hauptsitz in Stroud (UK) wurde gebaut.<\/p> <\/div> <\/section> <section class=\"row cpn-section pb-5 rodborough justify-content-end\"> <div class=\"col-md-6 col-lg-4 d-none d-md-block\"> <h3>1896<\/h3> <p class=\"mb-0 mb-md-3\"><strong>Rodborough Court<\/strong><\/p> <p>Unser Hauptsitz in Stroud (UK) wurde gebaut.<\/p> <\/div> <\/section> <section id=\"cant-find\" class=\"row cpn-section py-5 two justify-content-between\"><div class=\"col-12 col-sm-6 col-lg-7 py-lg-4 pe-lg-5\">\n<h3 class=\"fontSize-2 fontSize-md-1\">Sie k\u00f6nnen nicht finden, was Sie suchen?<\/h3>\n<p class=\"fontSize-4\">Versuchen Sie, nach Schl\u00fcsselw\u00f6rtern, Teilenummern, Lasten und Befestigungsarten zu suchen.<\/p>\n<div class=\"input-group\"><form class=\"form-search\"><div class=\"input-group\">  <input type=\"text\" name=\"s\" class=\"form-control field\" placeholder=\"Suche Teilnummer\">  <input type=\"hidden\" name=\"post-type\" value=\"product\"><\/div><\/form><\/div>\n<\/div>\n<div class=\"col-12 col-sm-6 col-lg-5 py-lg-4 pt-4 pt-sm-0\">\n<h3 class=\"fontSize-2 fontSize-md-1\">Free technical advice<\/h3>\n<p class=\"fontSize-4\">Phone: <b><a href=\"tel:+4908001833297\">+49 0800 18 33 297<br \/><\/a><\/b><\/p>\n<p class=\"fontSize-4\">Email: <b><a href=\"mailto:info@omnitrack.com\">info@omnitrack.com<\/a><\/b><\/p>\n<div class=\"mt-4\"> <a class=\"btn-ot green me-2 mb-3 mb-md-0 w100-mobile\" href=\"https:\/\/wa.me\/447759128207\" target=\"_blank\" rel=\"noopener\"><img decoding=\"async\" loading=\"lazy\" src=\"https:\/\/www.omnitrack.com\/wp-content\/themes\/omnitrack2023\/images\/icon-whatsapp.svg\"  alt=\"WhatsApp Omnitrack\"  \/> WhatsApp<\/a> <a class=\"btn-ot w100-mobile\" href=\"https:\/\/calendly.com\/omnitrack\/15min\" target=\"_blank\" rel=\"noopener\"><img decoding=\"async\" loading=\"lazy\" src=\"https:\/\/www.omnitrack.com\/wp-content\/themes\/omnitrack2023\/images\/icon-schedule.svg\"  alt=\"Vereinbaren Sie einen Termin mit Omnitrack\"  \/> Einen Anruf vereinbaren<\/a><\/div>\n<\/div>\n<\/section> ","protected":false},"excerpt":{"rendered":"<p>100 Jahre Geschichte Die Wurzeln von Omnitrack und Autotrack reichen bis ins Jahr 1909 zur\u00fcck. Die Muttergesellschaft Autoset (Production) Ltd. etablierte sich in Birmingham als Hersteller von Tretdrehb\u00e4nken, Regalsystemen, Rollen und R\u00e4dern. Von 1919 bis 1923 produzierten sie unter dem Markennamen Autoglider eine Reihe von beliebten Motorrollern. 2021 Neue Omniwheel-Reihe Neue Omniwheel-Reihe vorgestellt. 2020 Neue [&hellip;]<\/p>\n","protected":false},"author":7,"featured_media":0,"parent":0,"menu_order":0,"comment_status":"closed","ping_status":"closed","template":"","meta":{"inline_featured_image":false,"footnotes":""},"class_list":["post-97536","page","type-page","status-publish","hentry"],"acf":[],"_links":{"self":[{"href":"https:\/\/www.omnitrack.com\/de\/wp-json\/wp\/v2\/pages\/97536","targetHints":{"allow":["GET"]}}],"collection":[{"href":"https:\/\/www.omnitrack.com\/de\/wp-json\/wp\/v2\/pages"}],"about":[{"href":"https:\/\/www.omnitrack.com\/de\/wp-json\/wp\/v2\/types\/page"}],"author":[{"embeddable":true,"href":"https:\/\/www.omnitrack.com\/de\/wp-json\/wp\/v2\/users\/7"}],"replies":[{"embeddable":true,"href":"https:\/\/www.omnitrack.com\/de\/wp-json\/wp\/v2\/comments?post=97536"}],"version-history":[{"count":3,"href":"https:\/\/www.omnitrack.com\/de\/wp-json\/wp\/v2\/pages\/97536\/revisions"}],"predecessor-version":[{"id":100587,"href":"https:\/\/www.omnitrack.com\/de\/wp-json\/wp\/v2\/pages\/97536\/revisions\/100587"}],"wp:attachment":[{"href":"https:\/\/www.omnitrack.com\/de\/wp-json\/wp\/v2\/media?parent=97536"}],"curies":[{"name":"wp","href":"https:\/\/api.w.org\/{rel}","templated":true}]}}