{"id":102903,"date":"2023-01-17T11:58:22","date_gmt":"2023-01-17T11:58:22","guid":{"rendered":"https:\/\/www.omnitrack.com\/ball-transfer-units\/heavy-duty\/86-96-series-spring-loaded-flange-socket\/"},"modified":"2025-04-13T23:26:40","modified_gmt":"2025-04-13T23:26:40","slug":"series-86-96-unidade-de-transferencia-de-esferas-com-mola-e-suporte-flangeado","status":"publish","type":"page","link":"https:\/\/www.omnitrack.com\/br\/unidades-de-transferencia-de-esferas\/carga-pesada\/series-86-96-unidade-de-transferencia-de-esferas-com-mola-e-suporte-flangeado\/","title":{"rendered":"S\u00e9ries 86 &#038; 96 \u2013 Unidade de transfer\u00eancia de esferas com mola e suporte flangeado"},"content":{"rendered":"<section id=\"product-presentation-one\" class=\"row cpn-section pb-0\">\n<div class=\"col\">\n<header class=\"row\">    <div class=\"col\">        <nav id=\"breadcrumb\">                    <\/nav>        <h1 class=\"fontSize-1\">S\u00e9ries 86 &#038; 96 \u2013 Unidade de transfer\u00eancia de esferas com mola e suporte flangeado<\/h1>    <\/div>    <\/header>\n<div class=\"row list-images image-sizes\" data-material=\"ST_material\">\n<div class=\"col-auto col-md col-xxl-4\">\n<div class=\"img-default\"><img loading=\"lazy\" decoding=\"async\" class=\"ST_material img-fluid alignnone wp-image-79787 size-full\" src=\"https:\/\/www.omnitrack.com\/wp-content\/uploads\/2023\/03\/96-series-heavy-duty-ball-transfer-units.webp\" alt=\"S\u00e9ries 86 e 96\" width=\"400\" height=\"400\" data-fullsrc=\"\" srcset=\"https:\/\/www.omnitrack.com\/wp-content\/uploads\/2023\/03\/96-series-heavy-duty-ball-transfer-units.webp 400w, https:\/\/www.omnitrack.com\/wp-content\/uploads\/2023\/03\/96-series-heavy-duty-ball-transfer-units-300x300.webp 300w, https:\/\/www.omnitrack.com\/wp-content\/uploads\/2023\/03\/96-series-heavy-duty-ball-transfer-units-150x150.webp 150w, https:\/\/www.omnitrack.com\/wp-content\/uploads\/2023\/03\/96-series-heavy-duty-ball-transfer-units-100x100.webp 100w\" sizes=\"auto, (max-width: 400px) 100vw, 400px\" \/> <img loading=\"lazy\" decoding=\"async\" class=\"A_material alignnone wp-image-78359 size-medium\" src=\"https:\/\/www.omnitrack.com\/wp-content\/uploads\/2023\/03\/96_01-300x300.webp\" alt=\"S\u00e9ries 86 e 96\" width=\"300\" height=\"300\" data-fullsrc=\"\" srcset=\"https:\/\/www.omnitrack.com\/wp-content\/uploads\/2023\/03\/96_01-300x300.webp 300w, https:\/\/www.omnitrack.com\/wp-content\/uploads\/2023\/03\/96_01-150x150.webp 150w, https:\/\/www.omnitrack.com\/wp-content\/uploads\/2023\/03\/96_01-768x768.webp 768w, https:\/\/www.omnitrack.com\/wp-content\/uploads\/2023\/03\/96_01-600x600.webp 600w, https:\/\/www.omnitrack.com\/wp-content\/uploads\/2023\/03\/96_01-100x100.webp 100w, https:\/\/www.omnitrack.com\/wp-content\/uploads\/2023\/03\/96_01.webp 800w\" sizes=\"auto, (max-width: 300px) 100vw, 300px\" \/> <img loading=\"lazy\" decoding=\"async\" class=\"Z_material alignnone wp-image-78359 size-medium\" src=\"https:\/\/www.omnitrack.com\/wp-content\/uploads\/2023\/03\/96_01-300x300.webp\" alt=\"S\u00e9ries 86 e 96\" width=\"300\" height=\"300\" data-fullsrc=\"\" srcset=\"https:\/\/www.omnitrack.com\/wp-content\/uploads\/2023\/03\/96_01-300x300.webp 300w, https:\/\/www.omnitrack.com\/wp-content\/uploads\/2023\/03\/96_01-150x150.webp 150w, https:\/\/www.omnitrack.com\/wp-content\/uploads\/2023\/03\/96_01-768x768.webp 768w, https:\/\/www.omnitrack.com\/wp-content\/uploads\/2023\/03\/96_01-600x600.webp 600w, https:\/\/www.omnitrack.com\/wp-content\/uploads\/2023\/03\/96_01-100x100.webp 100w, https:\/\/www.omnitrack.com\/wp-content\/uploads\/2023\/03\/96_01.webp 800w\" sizes=\"auto, (max-width: 300px) 100vw, 300px\" \/> <img loading=\"lazy\" decoding=\"async\" class=\"SS_material alignnone wp-image-78360 size-medium\" src=\"https:\/\/www.omnitrack.com\/wp-content\/uploads\/2023\/03\/96_01_SS-300x300.webp\" alt=\"S\u00e9ries 86 e 96\" width=\"300\" height=\"300\" data-fullsrc=\"\" srcset=\"https:\/\/www.omnitrack.com\/wp-content\/uploads\/2023\/03\/96_01_SS-300x300.webp 300w, https:\/\/www.omnitrack.com\/wp-content\/uploads\/2023\/03\/96_01_SS-150x150.webp 150w, https:\/\/www.omnitrack.com\/wp-content\/uploads\/2023\/03\/96_01_SS-768x768.webp 768w, https:\/\/www.omnitrack.com\/wp-content\/uploads\/2023\/03\/96_01_SS-600x600.webp 600w, https:\/\/www.omnitrack.com\/wp-content\/uploads\/2023\/03\/96_01_SS-100x100.webp 100w, https:\/\/www.omnitrack.com\/wp-content\/uploads\/2023\/03\/96_01_SS.webp 800w\" sizes=\"auto, (max-width: 300px) 100vw, 300px\" \/><\/div>\n<\/div>\n<div class=\"col-auto col-md col-xxl-4\">\n<div><img loading=\"lazy\" decoding=\"async\" class=\"img-fluid alignnone wp-image-79788 size-full\" src=\"https:\/\/www.omnitrack.com\/wp-content\/uploads\/2024\/10\/diagram_96_series_heavy_duty_ball_transfer_units_pt.webp\" alt=\"S\u00e9ries 86 e 96\" width=\"400\" height=\"400\" data-fullsrc=\"\" \/><\/div>\n<\/div>\n<\/div>\n<\/div>\n<div class=\"col sidebar-cpn\">\n<div class=\"row\">\n<div class=\"col\"><div class=\"box-material-upgrade\">        <div class=\"form-check ps-0\">                <div class=\"d-flex flex-row justify-content-between align-items-center\">            <label class=\"form-check-label pe-2\" for=\"materialUpgrade1\" style=\"width:calc(100% - 1.5rem)\" title=\"Esferas de a\u00e7o com alto cromo AISI 52100 e carca\u00e7a de a\u00e7o usinado com revestimento eletrofor\u00e9tico anti\u00f3xido. Pe\u00e7as do mecanismo de mola em a\u00e7o carbono, independentemente das op\u00e7\u00f5es de atualiza\u00e7\u00e3o de material abaixo.\">                <span class=\"fontSize-6\"><b>Materiais padr\u00e3o<\/b> - Esferas de a\u00e7o com alto cromo AISI 52100 e carca\u00e7a de a\u00e7o usinado com revestimento eletrofor\u00e9tico anti\u00f3xido. Pe\u00e7as do mecanismo de mola em a\u00e7o carbono, independentemente das op\u00e7\u00f5es de atualiza\u00e7\u00e3o de material abaixo.<\/span>            <\/label>            <input class=\"form-check-input inputCheck\" type=\"radio\" name=\"materialUpgrade\" id=\"materialUpgrade1\" checked=\"checked\" value=\"ST_material\">        <\/div>        <h4 class=\"fontSize-3 my-3\">Op\u00e7\u00f5es de aprimoramento de material:<\/h4>        <div class=\"box-input-material-upgrade mb-2 d-flex flex-row justify-content-between\">            <label class=\"form-check-label pe-2\" for=\"materialUpgrade2\" style=\"width:calc(100% - 1.5rem)\"  title=\"Esferas em a\u00e7o inoxid\u00e1vel AISI 440C, componentes internos de s\u00e9rie. Carca\u00e7a &quot;Anti-\u00d3xido&quot;. Classifica\u00e7\u00e3o de carga como padr\u00e3o permanece inalterada.\">                <span class=\"material material-A\">Esferas de a\u00e7o inox<\/span>            <\/label>            <input class=\"form-check-input inputCheck\" type=\"radio\" name=\"materialUpgrade\" id=\"materialUpgrade2\"  value=\"A_material\">        <\/div>        <div class=\"box-input-material-upgrade mb-2 d-flex flex-row justify-content-between\">            <label class=\"form-check-label pe-2\" for=\"materialUpgrade3\" style=\"width:calc(100% - 1.5rem)\"  title=\"Esferas de a\u00e7o inox AISI440C e componentes internos de suporte de carga. Carca\u00e7a externa &quot;anti\u00f3xido&quot;. Classifica\u00e7\u00e3o de carga como padr\u00e3o permanece inalterada.\" >                <span class=\"material material-Z\">Pe\u00e7as internas de a\u00e7o inox<\/span>            <\/label>            <input class=\"form-check-input inputCheck\" type=\"radio\" name=\"materialUpgrade\" id=\"materialUpgrade3\"  value=\"Z_material\">        <\/div>        <div class=\"box-input-material-upgrade mb-2 d-flex flex-row justify-content-between\">            <label class=\"form-check-label pe-2\" for=\"materialUpgrade4\" style=\"width:calc(100% - 1.5rem)\" title=\"Esferas em a\u00e7o inox AISI440C e componentes internos de suporte de carga. Carca\u00e7a externa AISI 304. Classifica\u00e7\u00e3o de carga como padr\u00e3o permanece inalterada.\">                <span class=\"material material-SS\">Todas as pe\u00e7as em a\u00e7o inox<\/span>            <\/label>            <input class=\"form-check-input inputCheck\" type=\"radio\" name=\"materialUpgrade\" id=\"materialUpgrade4\" value=\"SS_material\">        <\/div>            <\/div><\/div><\/div>\n<\/div>\n<\/div>\n<\/section>\n<section id=\"part-table-one\" class=\"row cpn-section pb-4\">\n<div class=\"col\"><div class=\"switcher mt-3 mt-md-0 mx-2 me-sm-0 ms-sm-5\">    <div class=\"switcher-title\"><b>Alternar unidades de medida:<\/b> <\/span><\/div>    <button class=\"toggle-unit\" type=\"button\"><span class=\"switch-metric\">M\u00e9trico (mm\/kg)<\/span><span class=\"switch\"><\/span><span class=\"switch-imperial\">Imperial (pol\/lb)<\/span><\/button><\/div>[omni_render_table class-container=&#8221;table-mobi table-scroll&#8221;]<\/div>\n<\/section>\n<section id=\"also-consider\" class=\"row cpn-section\">\n<div class=\"col\">\n<div>\n<h2>Considere tamb\u00e9m<\/h2>\n<div>\t<div class=\"omni-slider omni-carousel\" >\t<ul class=\"omni-slider-track\"><li>    <a href=\"https:\/\/www.omnitrack.com\/br\/ball-transfer-units\/heavy-duty\/84-94-series-external-spring-loaded\/\"><img loading=\"lazy\" decoding=\"async\" width=\"150\" height=\"150\" src=\"https:\/\/www.omnitrack.com\/wp-content\/uploads\/2023\/03\/94_400.webp\" class=\"img-fluid\" alt=\"Stud\" srcset=\"https:\/\/www.omnitrack.com\/wp-content\/uploads\/2023\/03\/94_400.webp 400w, https:\/\/www.omnitrack.com\/wp-content\/uploads\/2023\/03\/94_400-300x300.webp 300w, https:\/\/www.omnitrack.com\/wp-content\/uploads\/2023\/03\/94_400-150x150.webp 150w, https:\/\/www.omnitrack.com\/wp-content\/uploads\/2023\/03\/94_400-100x100.webp 100w\" sizes=\"auto, (max-width: 150px) 100vw, 150px\" \/><h3>S\u00e9ries 84 e 94<\/h3><\/a><\/li><li>    <a href=\"https:\/\/www.omnitrack.com\/br\/ball-transfer-units\/heavy-duty\/85-95-series-housed-spring-loaded\/\"><img loading=\"lazy\" decoding=\"async\" width=\"150\" height=\"150\" src=\"https:\/\/www.omnitrack.com\/wp-content\/uploads\/2023\/03\/95_400.webp\" class=\"img-fluid\" alt=\"Stud\" srcset=\"https:\/\/www.omnitrack.com\/wp-content\/uploads\/2023\/03\/95_400.webp 400w, https:\/\/www.omnitrack.com\/wp-content\/uploads\/2023\/03\/95_400-300x300.webp 300w, https:\/\/www.omnitrack.com\/wp-content\/uploads\/2023\/03\/95_400-150x150.webp 150w, https:\/\/www.omnitrack.com\/wp-content\/uploads\/2023\/03\/95_400-100x100.webp 100w\" sizes=\"auto, (max-width: 150px) 100vw, 150px\" \/><h3>S\u00e9ries 85 e 95<\/h3><\/a><\/li><li>    <a href=\"https:\/\/www.omnitrack.com\/br\/unidades-de-transferencia-de-esferas\/carga-pesada\/series-87-97-unidade-de-transferencia-de-esferas-cm-mola-e-montada-em-flange\/\"><img loading=\"lazy\" decoding=\"async\" width=\"150\" height=\"150\" src=\"https:\/\/www.omnitrack.com\/wp-content\/uploads\/2023\/03\/97_400.webp\" class=\"img-fluid\" alt=\"Stud\" srcset=\"https:\/\/www.omnitrack.com\/wp-content\/uploads\/2023\/03\/97_400.webp 400w, https:\/\/www.omnitrack.com\/wp-content\/uploads\/2023\/03\/97_400-300x300.webp 300w, https:\/\/www.omnitrack.com\/wp-content\/uploads\/2023\/03\/97_400-150x150.webp 150w, https:\/\/www.omnitrack.com\/wp-content\/uploads\/2023\/03\/97_400-100x100.webp 100w\" sizes=\"auto, (max-width: 150px) 100vw, 150px\" \/><h3>S\u00e9ries 87 e 97<\/h3><\/a><\/li><li>    <a href=\"https:\/\/www.omnitrack.com\/br\/ball-transfer-units\/spring-loaded-t-b-bars\/t-b-bars\/\"><img loading=\"lazy\" decoding=\"async\" width=\"150\" height=\"150\" src=\"https:\/\/www.omnitrack.com\/wp-content\/uploads\/2023\/03\/T_Bar.webp\" class=\"img-fluid\" alt=\"\" srcset=\"https:\/\/www.omnitrack.com\/wp-content\/uploads\/2023\/03\/T_Bar.webp 800w, https:\/\/www.omnitrack.com\/wp-content\/uploads\/2023\/03\/T_Bar-300x300.webp 300w, https:\/\/www.omnitrack.com\/wp-content\/uploads\/2023\/03\/T_Bar-150x150.webp 150w, https:\/\/www.omnitrack.com\/wp-content\/uploads\/2023\/03\/T_Bar-768x768.webp 768w, https:\/\/www.omnitrack.com\/wp-content\/uploads\/2023\/03\/T_Bar-600x600.webp 600w, https:\/\/www.omnitrack.com\/wp-content\/uploads\/2023\/03\/T_Bar-100x100.webp 100w\" sizes=\"auto, (max-width: 150px) 100vw, 150px\" \/><h3>Barras T<\/h3><\/a><\/li><li>    <a href=\"https:\/\/www.omnitrack.com\/br\/ball-transfer-units\/medium-duty\/mm-series-housed-spring-loaded\/\"><img loading=\"lazy\" decoding=\"async\" width=\"150\" height=\"150\" src=\"https:\/\/www.omnitrack.com\/wp-content\/uploads\/2023\/03\/mm-series-medium-duty-ball-transfer-units.webp\" class=\"img-fluid\" alt=\"\" srcset=\"https:\/\/www.omnitrack.com\/wp-content\/uploads\/2023\/03\/mm-series-medium-duty-ball-transfer-units.webp 400w, https:\/\/www.omnitrack.com\/wp-content\/uploads\/2023\/03\/mm-series-medium-duty-ball-transfer-units-300x300.webp 300w, https:\/\/www.omnitrack.com\/wp-content\/uploads\/2023\/03\/mm-series-medium-duty-ball-transfer-units-150x150.webp 150w, https:\/\/www.omnitrack.com\/wp-content\/uploads\/2023\/03\/mm-series-medium-duty-ball-transfer-units-100x100.webp 100w\" sizes=\"auto, (max-width: 150px) 100vw, 150px\" \/><h3>S\u00e9rie MM<\/h3><\/a><\/li><li>    <a href=\"https:\/\/www.omnitrack.com\/br\/ball-transfer-units\/medium-duty\/mn-series-housed-spring-loaded\/\"><img loading=\"lazy\" decoding=\"async\" width=\"150\" height=\"150\" src=\"https:\/\/www.omnitrack.com\/wp-content\/uploads\/2023\/03\/MN-series-medium-duty-ball-transfer-units.webp\" class=\"img-fluid\" alt=\"\" srcset=\"https:\/\/www.omnitrack.com\/wp-content\/uploads\/2023\/03\/MN-series-medium-duty-ball-transfer-units.webp 400w, https:\/\/www.omnitrack.com\/wp-content\/uploads\/2023\/03\/MN-series-medium-duty-ball-transfer-units-300x300.webp 300w, https:\/\/www.omnitrack.com\/wp-content\/uploads\/2023\/03\/MN-series-medium-duty-ball-transfer-units-150x150.webp 150w, https:\/\/www.omnitrack.com\/wp-content\/uploads\/2023\/03\/MN-series-medium-duty-ball-transfer-units-100x100.webp 100w\" sizes=\"auto, (max-width: 150px) 100vw, 150px\" \/><h3>S\u00e9rie MN<\/h3><\/a><\/li><li>    <a href=\"https:\/\/www.omnitrack.com\/br\/ball-transfer-units\/pneumatic-ball-transfers\/\"><img loading=\"lazy\" decoding=\"async\" width=\"113\" height=\"150\" src=\"https:\/\/www.omnitrack.com\/wp-content\/uploads\/2023\/03\/Pneumatic-Ball_pb25.webp\" class=\"img-fluid\" alt=\"Nut\" srcset=\"https:\/\/www.omnitrack.com\/wp-content\/uploads\/2023\/03\/Pneumatic-Ball_pb25.webp 300w, https:\/\/www.omnitrack.com\/wp-content\/uploads\/2023\/03\/Pneumatic-Ball_pb25-225x300.webp 225w\" sizes=\"auto, (max-width: 113px) 100vw, 113px\" \/><h3>Pneum\u00e1tico<\/h3><\/a><\/li><li>    <a href=\"https:\/\/www.omnitrack.com\/br\/ball-transfer-units\/light-duty\/lm-series-cased-spring-loaded\/\"><img loading=\"lazy\" decoding=\"async\" width=\"150\" height=\"150\" src=\"https:\/\/www.omnitrack.com\/wp-content\/uploads\/2023\/03\/LM-series-light-duty-ball-transfer-units.webp\" class=\"img-fluid\" alt=\"\" srcset=\"https:\/\/www.omnitrack.com\/wp-content\/uploads\/2023\/03\/LM-series-light-duty-ball-transfer-units.webp 400w, https:\/\/www.omnitrack.com\/wp-content\/uploads\/2023\/03\/LM-series-light-duty-ball-transfer-units-300x300.webp 300w, https:\/\/www.omnitrack.com\/wp-content\/uploads\/2023\/03\/LM-series-light-duty-ball-transfer-units-150x150.webp 150w, https:\/\/www.omnitrack.com\/wp-content\/uploads\/2023\/03\/LM-series-light-duty-ball-transfer-units-100x100.webp 100w\" sizes=\"auto, (max-width: 150px) 100vw, 150px\" \/><h3>S\u00e9rie LM<\/h3><\/a><\/li>\t<\/ul><div class=\"omni-slider-controls\"><button class=\"omni-slider-prev\"><img src=\"https:\/\/www.omnitrack.com\/wp-content\/themes\/omnitrack2023\/images\/icon-arrow-blue-left.svg\" alt=\"Arrow left icon\" decoding=\"async\" loading=\"lazy\" alt=\"Arrow left icon\"><\/button> <button class=\"omni-slider-next\"><img src=\"https:\/\/www.omnitrack.com\/wp-content\/themes\/omnitrack2023\/images\/icon-arrow-blue-right.svg\" decoding=\"async\" loading=\"lazy\" alt=\"Arrow right icon\"><\/button><\/div><\/div><\/div>\n<\/div>\n<\/div>\n<\/section>\n<div class=\"row cpn-section\">\n<div class=\"col\">\n<hr \/>\n<\/div>\n<\/div>\n<section id=\"icons-grid-one\" class=\"row cpn-section\">\n<div class=\"col-12 col-sm-5 col-xl-6 col-xxl-7 fontSize-4 pb-4\">\n<p>As unidades para servi\u00e7os pesados com mola da Omnitrack s\u00e3o ideais para condi\u00e7\u00f5es de pista irregulares ou cargas com impacto. As molas internas oferecem retra\u00e7\u00e3o total da esfera dentro da carca\u00e7a. Podemos adaptar pr\u00e9-cargas, deflex\u00f5es e caracter\u00edsticas da mola \u00e0s suas necessidades. Considere op\u00e7\u00f5es de materiais alternativos para suportar ambientes operacionais adversos.<\/p>\n<p>As unidades de transfer\u00eancia de esferas com mola da s\u00e9rie Omnitrack 96 s\u00e3o pr\u00e9-tensionadas para um posicionamento omnidirecional e preciso. Como essas unidades s\u00e3o da nossa linha de &#8220;servi\u00e7o pesado&#8221;, elas oferecem o menor coeficiente de atrito e o desempenho mais suave dispon\u00edvel.<\/p>\n<p>Ao incorporar as unidades da s\u00e9rie Omnitrack 96 em ferramental de prensa pesada ou matrizes, o ferramental pode ser posicionado com precis\u00e3o e, em seguida, fixado. A for\u00e7a adicional far\u00e1 com que as molas do disco se deformem enquanto estiverem presas, mas, uma vez soltas, levantar\u00e3o o ferramental pronto para ser manobrado com facilidade e precis\u00e3o.<\/p>\n<p>As op\u00e7\u00f5es de atualiza\u00e7\u00e3o de material s\u00e3o mostradas abaixo &#8211; fa\u00e7a o pedido adicionando o sufixo ao n\u00famero de pe\u00e7a necess\u00e1rio, por exemplo, 9620 &#8216;A&#8217;, que inclui esferas de a\u00e7o inox e maior resist\u00eancia a altas temperaturas.<\/p>\n<p>As pe\u00e7as do mecanismo da mola permanecem em a\u00e7o carbono para molas, independentemente das atualiza\u00e7\u00f5es de material &#8211; consulte-nos se forem necess\u00e1rios outros materiais.<\/p>\n<ul>\n<li>M\u00e1xima prote\u00e7\u00e3o contra impactos \u2013 A esfera se retrai totalmente dentro do compartimento.<\/li>\n<li>Ideal quando h\u00e1 balanceamento de carga ou condi\u00e7\u00f5es de pista\/carga desiguais.<\/li>\n<li>Resist\u00eancia excepcional a impacto e a temperaturas altas\/baixas.<\/li>\n<li>Capacidade m\u00e1xima de carga em qualquer \u00e2ngulo de orienta\u00e7\u00e3o.<\/li>\n<li>Flange de montagem integral robusto completo com 2 ou 3 furos de fixa\u00e7\u00e3o.<\/li>\n<\/ul>\n<p>Descubra o resto da nossa linha de <a href=\"https:\/\/www.omnitrack.com\/br\/unidades-de-transferencia-de-esferas\/\">unidades de transfer\u00eancia de esferas<\/a>.<\/p>\n<p>N\u00e3o encontrou o que precisa? <a href=\"https:\/\/www.omnitrack.com\/br\/entre-em-contato\/\" target=\"_blank\" rel=\"noopener\">Entre em contato<\/a>.<\/p>\n<\/div>\n<div class=\"col-12 col-sm-7 col-xl-6 col-xxl-5\"><div class=\"grid-wrap\">\n<div class=\"row g-2 g-md-3 mb-2 mb-md-3\">\n<div class=\"col-8\">\n<div class=\"grid-item double\"><img decoding=\"async\" loading=\"lazy\" src=\"https:\/\/www.omnitrack.com\/wp-content\/themes\/omnitrack2023\/images\/icon-maximum-load-6000.svg\" class=\"ico-icons-grid\" alt=\"Capacidade m\u00e1xima de carga\"  \/>O limite de carga n\u00e3o \u00e9 afetado em nenhuma orienta\u00e7\u00e3o<small><\/small><\/div>\n<\/div>\n<div class=\"col-4\">\n<div class=\"grid-item\"><img decoding=\"async\" loading=\"lazy\" src=\"https:\/\/www.omnitrack.com\/wp-content\/themes\/omnitrack2023\/images\/icon-low-friction.svg\" class=\"ico-icons-grid\" alt=\"Baixo atrito\"  \/>Baixo atrito<br \/>1 : 0,005<small>Somente s\u00e9rie 9000<\/small><\/div>\n<\/div>\n<\/div>\n<div class=\"row g-2 g-md-3 mb-2 mb-md-3\">\n<div class=\"col-4\">\n<div class=\"grid-item\"><img decoding=\"async\" loading=\"lazy\" src=\"https:\/\/www.omnitrack.com\/wp-content\/themes\/omnitrack2023\/images\/icon-speed.svg\" class=\"ico-icons-grid\" alt=\"Velocidade\"  \/>Velocidade<br \/>2m\/sec<small><\/small><\/div>\n<\/div>\n<div class=\"col-4\">\n<div class=\"grid-item\"><img decoding=\"async\" loading=\"lazy\" src=\"https:\/\/www.omnitrack.com\/wp-content\/themes\/omnitrack2023\/images\/icon-temperature.svg\" class=\"ico-icons-grid\" alt=\"Temperatura\"  \/>Temperatura<br \/>-50\/+160\u00baC<small><\/small><\/div>\n<\/div>\n<div class=\"col-4\">\n<div class=\"grid-item\"><img decoding=\"async\" loading=\"lazy\" src=\"https:\/\/www.omnitrack.com\/wp-content\/themes\/omnitrack2023\/images\/icon-high-shock-resistence.svg\" class=\"ico-icons-grid\" alt=\"Alta resist\u00eancia a impacto\"  \/>Alta resist\u00eancia a impacto<small><\/small><\/div>\n<\/div>\n<\/div>\n<div class=\"row g-2 g-md-3\">\n<div class=\"col-4\">\n<div class=\"grid-item\">\n<div><img decoding=\"async\" loading=\"lazy\" src=\"https:\/\/www.omnitrack.com\/wp-content\/themes\/omnitrack2023\/images\/icon-uneven-loads.webp\" class=\"ico-icons-grid\" alt=\"Cargas irregulares\"  \/><\/div>\n<p>Cargas irregulares<small><\/small><\/p>\n<\/div>\n<\/div>\n<div class=\"col-4\">\n<div class=\"grid-item\"><img decoding=\"async\" loading=\"lazy\" src=\"https:\/\/www.omnitrack.com\/wp-content\/themes\/omnitrack2023\/images\/icon-user-seviceble.svg\" class=\"ico-icons-grid\" alt=\"Pode ser reparado pelo usu\u00e1rio\"  \/>Pode ser reparado pelo usu\u00e1rio<small>Somente s\u00e9rie 9000<\/small><\/div>\n<\/div>\n<\/div>\n<\/div>\n<\/div>\n<\/section>\n<div class=\"row cpn-section\">\n<div class=\"col\">\n<hr \/>\n<\/div>\n<\/div>\n<section id=\"service-kits-one\" class=\"row cpn-section pb-4\"><div class=\"col\">\n<div class=\"row\">\n<div class=\"col-12 col-sm-6 col-xl-6 col-xxl-6 fontSize-3\">\n<h2>Kits de manuten\u00e7\u00e3o<\/h2>\n<p class=\"fontSize-\">Servi\u00e7o de recondicionamento de f\u00e1brica para unidades personalizadas e com mola, pois elas podem exigir ferramentas espec\u00edficas para uma desmontagem segura.<\/p>\n<\/div>\n<div class=\"col-12 col-sm-6 col-xl-6 col-xxl-6 image-sizes text-center text-sm-left\"><img loading=\"lazy\" decoding=\"async\" class=\"img-fluid alignnone wp-image-79719 size-full\" src=\"https:\/\/www.omnitrack.com\/wp-content\/uploads\/2023\/03\/Service_Kits_2-2.webp\" alt=\"Diagrama do kit de manuten\u00e7\u00e3o\" width=\"241\" height=\"240\" srcset=\"https:\/\/www.omnitrack.com\/wp-content\/uploads\/2023\/03\/Service_Kits_2-2.webp 241w, https:\/\/www.omnitrack.com\/wp-content\/uploads\/2023\/03\/Service_Kits_2-2-150x150.webp 150w, https:\/\/www.omnitrack.com\/wp-content\/uploads\/2023\/03\/Service_Kits_2-2-100x100.webp 100w\" sizes=\"auto, (max-width: 241px) 100vw, 241px\" \/> <img loading=\"lazy\" decoding=\"async\" class=\"img-fluid alignnone wp-image-79720 size-full\" src=\"https:\/\/www.omnitrack.com\/wp-content\/uploads\/2023\/03\/Diagram_Heavy_Duty_85_95-1.webp\" alt=\"Diagrama da unidade de transfer\u00eancia de esfera para servi\u00e7os pesados\" width=\"241\" height=\"240\" srcset=\"https:\/\/www.omnitrack.com\/wp-content\/uploads\/2023\/03\/Diagram_Heavy_Duty_85_95-1.webp 241w, https:\/\/www.omnitrack.com\/wp-content\/uploads\/2023\/03\/Diagram_Heavy_Duty_85_95-1-150x150.webp 150w, https:\/\/www.omnitrack.com\/wp-content\/uploads\/2023\/03\/Diagram_Heavy_Duty_85_95-1-100x100.webp 100w\" sizes=\"auto, (max-width: 241px) 100vw, 241px\" \/><\/div>\n<\/div>\n<\/div>\n<\/section>\n<div class=\"row cpn-section\">\n<div class=\"col\">\n<hr \/>\n<\/div>\n<\/div>\n<section id=\"tolerance-rings-one\" class=\"row cpn-section pb-5\">\n<div class=\"col\"><div class=\"row\">\n<div class=\"col-12 col-md-6 fontSize-4 mb-4 mb-md-0\">\n<h2>Anilhas de ajuste<\/h2>\n<ul>\n<li>Compensam irregularidades no furo e no di\u00e2metro.<\/li>\n<li>Ideal quando s\u00f3 \u00e9 poss\u00edvel acessar um lado da superf\u00edcie de montagem.<\/li>\n<\/ul>\n<\/div>\n<div class=\"col-12 col-md-6 d-flex justify-content-center justify-content-md-around flex-wrap image-sizes\"><img loading=\"lazy\" decoding=\"async\" class=\"alignnone wp-image-79717 size-full\" src=\"https:\/\/www.omnitrack.com\/wp-content\/uploads\/2023\/03\/9300_Glass-1.webp\" alt=\"Pneum\u00e1tico e rodas\" width=\"314\" height=\"240\" srcset=\"https:\/\/www.omnitrack.com\/wp-content\/uploads\/2023\/03\/9300_Glass-1.webp 314w, https:\/\/www.omnitrack.com\/wp-content\/uploads\/2023\/03\/9300_Glass-1-300x229.webp 300w\" sizes=\"auto, (max-width: 314px) 100vw, 314px\" \/> <img loading=\"lazy\" decoding=\"async\" class=\"alignnone wp-image-79718 size-full\" src=\"https:\/\/www.omnitrack.com\/wp-content\/uploads\/2023\/03\/Tolerance_Ring_2-1.webp\" alt=\"Altura do anel de toler\u00e2ncia\" width=\"284\" height=\"240\"><\/div>\n<\/div>\n<\/p>\n<div class=\"row\">\n<div class=\"col\">[omni_render_table_tolerance_ring class-container=&#8221;table-mobi table-no-scroll&#8221;]<\/div>\n<\/div>\n<\/div>\n<\/section>\n<section id=\"cant-find\" class=\"row one cpn-section py-5\"><div class=\"col col-md-7 col-lg-6 py-4 pe-5\">\n<h3 class=\"fontSize-1 mb-4\">N\u00e3o consegue encontrar o que est\u00e1 procurando?<\/h3>\n<p class=\"fontSize-4\">Tente pesquisar por palavras-chave, n\u00fameros de produto, carga, tipos de fixa\u00e7\u00e3o.<\/p>\n<div class=\"input-group mb-3\"><form class=\"form-search\"><div class=\"input-group\">  <input type=\"text\" name=\"s\" class=\"form-control field\" placeholder=\"Pesquisar n.\u00ba do produto\">  <input type=\"hidden\" name=\"post-type\" value=\"product\"><\/div><\/form><\/div>\n<\/div>\n<div class=\"col col-md-5 col-lg-6 py-4 text-center\"><a href=\"..\/..\/..\/garantia\/\" target=\"_blank\" rel=\"noopener\"><img loading=\"lazy\" decoding=\"async\" class=\"mb-3 img-fluid alignnone wp-image-79745 size-full\" title=\"2 Anos de Garantia\" src=\"https:\/\/www.omnitrack.com\/wp-content\/uploads\/2024\/08\/2_year_warranty_pt.webp\" alt=\"2 Anos de Garantia\" width=\"401\" height=\"190\" \/><\/a><br \/><small class=\"d-block\">Sujeito a uso e condi\u00e7\u00f5es.<\/small><\/div>\n<\/section>\n","protected":false},"excerpt":{"rendered":"<p>[omni_render_table class-container=&#8221;table-mobi table-scroll&#8221;] Considere tamb\u00e9m As unidades para servi\u00e7os pesados com mola da Omnitrack s\u00e3o ideais para condi\u00e7\u00f5es de pista irregulares ou cargas com impacto. As molas internas oferecem retra\u00e7\u00e3o total da esfera dentro da carca\u00e7a. Podemos adaptar pr\u00e9-cargas, deflex\u00f5es e caracter\u00edsticas da mola \u00e0s suas necessidades. Considere op\u00e7\u00f5es de materiais alternativos para suportar ambientes [&hellip;]<\/p>\n","protected":false},"author":7,"featured_media":0,"parent":102857,"menu_order":0,"comment_status":"closed","ping_status":"closed","template":"page-series-heavy-duty-tolerance-rings.php","meta":{"inline_featured_image":false,"footnotes":""},"class_list":["post-102903","page","type-page","status-publish","hentry"],"acf":[],"_links":{"self":[{"href":"https:\/\/www.omnitrack.com\/br\/wp-json\/wp\/v2\/pages\/102903","targetHints":{"allow":["GET"]}}],"collection":[{"href":"https:\/\/www.omnitrack.com\/br\/wp-json\/wp\/v2\/pages"}],"about":[{"href":"https:\/\/www.omnitrack.com\/br\/wp-json\/wp\/v2\/types\/page"}],"author":[{"embeddable":true,"href":"https:\/\/www.omnitrack.com\/br\/wp-json\/wp\/v2\/users\/7"}],"replies":[{"embeddable":true,"href":"https:\/\/www.omnitrack.com\/br\/wp-json\/wp\/v2\/comments?post=102903"}],"version-history":[{"count":4,"href":"https:\/\/www.omnitrack.com\/br\/wp-json\/wp\/v2\/pages\/102903\/revisions"}],"predecessor-version":[{"id":109087,"href":"https:\/\/www.omnitrack.com\/br\/wp-json\/wp\/v2\/pages\/102903\/revisions\/109087"}],"up":[{"embeddable":true,"href":"https:\/\/www.omnitrack.com\/br\/wp-json\/wp\/v2\/pages\/102857"}],"wp:attachment":[{"href":"https:\/\/www.omnitrack.com\/br\/wp-json\/wp\/v2\/media?parent=102903"}],"curies":[{"name":"wp","href":"https:\/\/api.w.org\/{rel}","templated":true}]}}