{"id":102891,"date":"2023-01-26T12:27:23","date_gmt":"2023-01-26T12:27:23","guid":{"rendered":"https:\/\/www.omnitrack.com\/ball-transfer-units\/medium-duty\/mv-mw-mx-series-air-cargo-ball-unit\/"},"modified":"2024-03-20T18:03:47","modified_gmt":"2024-03-20T18:03:47","slug":"series-mv-mw-mx-unidade-de-transferencia-de-esferas-para-carga-aerea","status":"publish","type":"page","link":"https:\/\/www.omnitrack.com\/br\/unidades-de-transferencia-de-esferas\/carga-media\/series-mv-mw-mx-unidade-de-transferencia-de-esferas-para-carga-aerea\/","title":{"rendered":"S\u00e9ries MV \/ MW \/ MX \u2013 Unidade de transfer\u00eancia de esferas para carga a\u00e9rea"},"content":{"rendered":"<section id=\"product-presentation-one\" class=\"row cpn-section pb-0\">\n<div class=\"col\">\n<header class=\"row\">    <div class=\"col\">        <nav id=\"breadcrumb\">                    <\/nav>        <h1 class=\"fontSize-1\">S\u00e9ries MV \/ MW \/ MX \u2013 Unidade de transfer\u00eancia de esferas para carga a\u00e9rea<\/h1>    <\/div>    <\/header>\n<div class=\"row list-images image-sizes\" data-material=\"ST_material\">\n<div class=\"col-auto col-md col-xxl-4\">\n<div class=\"img-default\"><img loading=\"lazy\" decoding=\"async\" class=\"alignnone wp-image-79809 size-full\" src=\"https:\/\/www.omnitrack.com\/wp-content\/uploads\/2023\/03\/MV-series-medium-duty-ball-transfer-units.webp\" alt=\"S\u00e9rie MV de unidades de transfer\u00eancia de esferas de capacidade m\u00e9dia para carga a\u00e9rea\" width=\"400\" height=\"400\" data-fullsrc=\"\" srcset=\"https:\/\/www.omnitrack.com\/wp-content\/uploads\/2023\/03\/MV-series-medium-duty-ball-transfer-units.webp 400w, https:\/\/www.omnitrack.com\/wp-content\/uploads\/2023\/03\/MV-series-medium-duty-ball-transfer-units-300x300.webp 300w, https:\/\/www.omnitrack.com\/wp-content\/uploads\/2023\/03\/MV-series-medium-duty-ball-transfer-units-150x150.webp 150w, https:\/\/www.omnitrack.com\/wp-content\/uploads\/2023\/03\/MV-series-medium-duty-ball-transfer-units-100x100.webp 100w\" sizes=\"auto, (max-width: 400px) 100vw, 400px\" \/><\/div>\n<\/div>\n<div class=\"col-auto col-md col-xxl-4\">\n<div><img loading=\"lazy\" decoding=\"async\" class=\"alignnone wp-image-79810 size-full\" src=\"https:\/\/www.omnitrack.com\/wp-content\/uploads\/2023\/03\/MW-MX-series-medium-duty-ball-transfer-units.webp\" alt=\"S\u00e9rie MW MX unidades de transfer\u00eancia de esferas de capacidade m\u00e9dia para carga a\u00e9rea\" width=\"400\" height=\"400\" data-fullsrc=\"\" srcset=\"https:\/\/www.omnitrack.com\/wp-content\/uploads\/2023\/03\/MW-MX-series-medium-duty-ball-transfer-units.webp 400w, https:\/\/www.omnitrack.com\/wp-content\/uploads\/2023\/03\/MW-MX-series-medium-duty-ball-transfer-units-300x300.webp 300w, https:\/\/www.omnitrack.com\/wp-content\/uploads\/2023\/03\/MW-MX-series-medium-duty-ball-transfer-units-150x150.webp 150w, https:\/\/www.omnitrack.com\/wp-content\/uploads\/2023\/03\/MW-MX-series-medium-duty-ball-transfer-units-100x100.webp 100w\" sizes=\"auto, (max-width: 400px) 100vw, 400px\" \/><\/div>\n<\/div>\n<div class=\"col-auto col-md col-xxl-4\">\n<div><img loading=\"lazy\" decoding=\"async\" class=\"alignnone wp-image-80471 size-full\" src=\"https:\/\/www.omnitrack.com\/wp-content\/uploads\/2023\/04\/diagram-MV-MW-MX-series-medium-duty-ball-transfer-units.webp\" alt=\"Unidade de tranfer\u00eancia de esferas para carga a\u00e9rea\" width=\"600\" height=\"600\" data-fullsrc=\"\" srcset=\"https:\/\/www.omnitrack.com\/wp-content\/uploads\/2023\/04\/diagram-MV-MW-MX-series-medium-duty-ball-transfer-units.webp 600w, https:\/\/www.omnitrack.com\/wp-content\/uploads\/2023\/04\/diagram-MV-MW-MX-series-medium-duty-ball-transfer-units-300x300.webp 300w, https:\/\/www.omnitrack.com\/wp-content\/uploads\/2023\/04\/diagram-MV-MW-MX-series-medium-duty-ball-transfer-units-150x150.webp 150w, https:\/\/www.omnitrack.com\/wp-content\/uploads\/2023\/04\/diagram-MV-MW-MX-series-medium-duty-ball-transfer-units-100x100.webp 100w\" sizes=\"auto, (max-width: 600px) 100vw, 600px\" \/><\/div>\n<\/div>\n<\/div>\n<\/div>\n<div class=\"col sidebar-cpn mt-3\">\n<div class=\"row\">\n<div class=\"col\"><div class=\"box-material-upgrade fontSize-5\">\n<p><strong>S\u00e9rie MV Imperial &#8211; <\/strong>A tampa raspadora moldada reduz o peso e os n\u00edveis de ru\u00eddo durante a opera\u00e7\u00e3o. V\u00e1rios canais de drenagem autolimpantes. Dimens\u00f5es compactas da s\u00e9rie em polegadas, ideais para plataformas de carga esf\u00e9ricas de alta densidade.  <\/p>\n<p><strong>S\u00e9rie MX Cargo &#8211; <\/strong>A tampa raspadora de a\u00e7o protege contra danos por impacto de cargas desalinhadas. V\u00e1rios canais de res\u00edduos\/drenagem permitem eliminar rapidamente contamina\u00e7\u00f5es e fluidos. <\/p>\n<p><strong>S\u00e9rie MW Washdown &#8211; <\/strong>o suporte interno de a\u00e7o inox constitui uma alternativa econ\u00f4mica \u00e0 constru\u00e7\u00e3o totalmente em a\u00e7o inox. Resist\u00eancia \u00e0 corros\u00e3o e drenagem de fluidos eficaz em aplica\u00e7\u00f5es de lavagem. Tamb\u00e9m dispon\u00edvel totalmente em a\u00e7o inox.  <\/p>\n<\/div>\n<\/div>\n<\/div>\n<\/div>\n<\/section>\n<section id=\"part-table-one\" class=\"row cpn-section pb-4\">\n<div class=\"col\"><div class=\"switcher mt-3 mt-md-0 mx-2 me-sm-0 ms-sm-5\">    <div class=\"switcher-title\"><b>Alternar unidades de medida:<\/b> <\/span><\/div>    <button class=\"toggle-unit\" type=\"button\"><span class=\"switch-metric\">M\u00e9trico (mm\/kg)<\/span><span class=\"switch\"><\/span><span class=\"switch-imperial\">Imperial (pol\/lb)<\/span><\/button><\/div> [omni_render_table class-container=&#8221;table-scroll table-mobi&#8221;]<\/div>\n<\/section>\n<section id=\"also-consider\" class=\"row cpn-section\">\n<div class=\"col\">\n<div>\n<h2>Considere tamb\u00e9m<\/h2>\n<div>\t<div class=\"omni-slider omni-carousel\" >\t<ul class=\"omni-slider-track\"><li>    <a href=\"https:\/\/www.omnitrack.com\/br\/ball-transfer-units\/heavy-duty\/83-93-series-flange-socket-mounted\/\"><img loading=\"lazy\" decoding=\"async\" width=\"150\" height=\"150\" src=\"https:\/\/www.omnitrack.com\/wp-content\/uploads\/2023\/03\/93.webp\" class=\"img-fluid\" alt=\"\" srcset=\"https:\/\/www.omnitrack.com\/wp-content\/uploads\/2023\/03\/93.webp 800w, https:\/\/www.omnitrack.com\/wp-content\/uploads\/2023\/03\/93-300x300.webp 300w, https:\/\/www.omnitrack.com\/wp-content\/uploads\/2023\/03\/93-150x150.webp 150w, https:\/\/www.omnitrack.com\/wp-content\/uploads\/2023\/03\/93-768x768.webp 768w, https:\/\/www.omnitrack.com\/wp-content\/uploads\/2023\/03\/93-600x600.webp 600w, https:\/\/www.omnitrack.com\/wp-content\/uploads\/2023\/03\/93-100x100.webp 100w\" sizes=\"auto, (max-width: 150px) 100vw, 150px\" \/><h3>83SS &amp; 93SS<\/h3><\/a><\/li><li>    <a href=\"https:\/\/www.omnitrack.com\/br\/ball-transfer-units\/heavy-duty\/88-98-series-tolerance-ring\/\"><img loading=\"lazy\" decoding=\"async\" width=\"150\" height=\"150\" src=\"https:\/\/www.omnitrack.com\/wp-content\/uploads\/2023\/03\/98_400.webp\" class=\"img-fluid\" alt=\"\" srcset=\"https:\/\/www.omnitrack.com\/wp-content\/uploads\/2023\/03\/98_400.webp 400w, https:\/\/www.omnitrack.com\/wp-content\/uploads\/2023\/03\/98_400-300x300.webp 300w, https:\/\/www.omnitrack.com\/wp-content\/uploads\/2023\/03\/98_400-150x150.webp 150w, https:\/\/www.omnitrack.com\/wp-content\/uploads\/2023\/03\/98_400-100x100.webp 100w\" sizes=\"auto, (max-width: 150px) 100vw, 150px\" \/><h3>88SS &amp; 98SS<\/h3><\/a><\/li><li>    <a href=\"https:\/\/www.omnitrack.com\/br\/wheels-castors\/omniwheels-accessories\/\"><img loading=\"lazy\" decoding=\"async\" width=\"140\" height=\"140\" src=\"https:\/\/www.omnitrack.com\/wp-content\/uploads\/2023\/03\/Omniwheels.webp\" class=\"img-fluid\" alt=\"\" srcset=\"https:\/\/www.omnitrack.com\/wp-content\/uploads\/2023\/03\/Omniwheels.webp 140w, https:\/\/www.omnitrack.com\/wp-content\/uploads\/2023\/03\/Omniwheels-100x100.webp 100w\" sizes=\"auto, (max-width: 140px) 100vw, 140px\" \/><h3>Omniwheel<\/h3><\/a><\/li><li>    <a href=\"https:\/\/www.omnitrack.com\/br\/wheels-castors\/omnifloat\/\"><img loading=\"lazy\" decoding=\"async\" width=\"140\" height=\"140\" src=\"https:\/\/www.omnitrack.com\/wp-content\/uploads\/2023\/03\/Omnifloat.webp\" class=\"img-fluid\" alt=\"\" srcset=\"https:\/\/www.omnitrack.com\/wp-content\/uploads\/2023\/03\/Omnifloat.webp 140w, https:\/\/www.omnitrack.com\/wp-content\/uploads\/2023\/03\/Omnifloat-100x100.webp 100w\" sizes=\"auto, (max-width: 140px) 100vw, 140px\" \/><h3>Omnifloat<\/h3><\/a><\/li><li>    <a href=\"https:\/\/www.omnitrack.com\/br\/wheels-castors\/omnicasters\/\"><img loading=\"lazy\" decoding=\"async\" width=\"140\" height=\"140\" src=\"https:\/\/www.omnitrack.com\/wp-content\/uploads\/2023\/03\/Omnicasters.webp\" class=\"img-fluid\" alt=\"\" srcset=\"https:\/\/www.omnitrack.com\/wp-content\/uploads\/2023\/03\/Omnicasters.webp 140w, https:\/\/www.omnitrack.com\/wp-content\/uploads\/2023\/03\/Omnicasters-100x100.webp 100w\" sizes=\"auto, (max-width: 140px) 100vw, 140px\" \/><h3>Omnicasters<\/h3><\/a><\/li>\t<\/ul><div class=\"omni-slider-controls\"><button class=\"omni-slider-prev\"><img src=\"https:\/\/www.omnitrack.com\/wp-content\/themes\/omnitrack2023\/images\/icon-arrow-blue-left.svg\" alt=\"Arrow left icon\" decoding=\"async\" loading=\"lazy\" alt=\"Arrow left icon\"><\/button> <button class=\"omni-slider-next\"><img src=\"https:\/\/www.omnitrack.com\/wp-content\/themes\/omnitrack2023\/images\/icon-arrow-blue-right.svg\" decoding=\"async\" loading=\"lazy\" alt=\"Arrow right icon\"><\/button><\/div><\/div><\/div>\n<\/div>\n<\/div>\n<\/section>\n<div class=\"row cpn-section\">\n<div class=\"col\">\n<hr \/>\n<\/div>\n<\/div>\n<section id=\"icons-grid-one\" class=\"row cpn-section\">\n<div class=\"col-12 col-sm-5 col-xl-6 col-xxl-7 fontSize-4 mb-3\">\n<p>As <a href=\"https:\/\/www.omnitrack.com\/br\/unidades-de-transferencia-de-esferas\/\">unidades de transfer\u00eancia de esferas<\/a> para servi\u00e7os m\u00e9dios s\u00e3o usinadas em a\u00e7o s\u00f3lido e endurecidas para resist\u00eancia ao desgaste. As unidades esf\u00e9ricas de servi\u00e7o m\u00e9dio s\u00e3o usinadas em a\u00e7o s\u00f3lido e endurecidas para resist\u00eancia ao desgaste. A tampa superior refor\u00e7ada de a\u00e7o usinado protege contra o impacto do desalinhamento do item transportado. Lubrificadas para toda a vida \u00fatil e zincadas para resist\u00eancia \u00e0 corros\u00e3o. Materiais padr\u00e3o: corpo e tampa AISI 1015, esferas AISI 52100. Op\u00e7\u00e3o em a\u00e7o inox &#8216;A&#8217; e &#8216;SS&#8217; com esferas AISI420 resist\u00eantes a impactos. Os tamanhos principais de esfera \u2265 19 mm incorporam um feltro de veda\u00e7\u00e3o para evitar contamina\u00e7\u00e3o.<\/p>\n<p>Essa s\u00e9rie apresenta um \u00fanico orif\u00edcio de drenagem.<\/p>\n<p>Unidades de tranfer\u00eancia de esferas para carga a\u00e9rea \u2013 Cumprindo as normas ISO da ind\u00fastria de carga a\u00e9rea, estas unidades utilizam esferas de a\u00e7o inox (AISI 420) que recirculam em um corpo de a\u00e7o usinado com precis\u00e3o (AISI 1015). Todos os modelos apresentam drenagem de fluidos e n\u00e3o t\u00eam feltro de veda\u00e7\u00e3o. Consulte na p\u00e1gina 15 os clipes de fixa\u00e7\u00e3o opcionais tipo C (a\u00e7o inox) e tipo K (molas de a\u00e7o).<\/p>\n<p>S\u00e9rie MV &#8216;Imperial&#8217; &#8211; A tampa do raspador moldada integral reduz o peso e os n\u00edveis de ru\u00eddo durante a opera\u00e7\u00e3o. Dimens\u00f5es compactas da s\u00e9rie em polegadas, ideais para plataformas de carga esf\u00e9rica de alta densidade.<\/p>\n<p>S\u00e9rie MX Cargo \u2013 A tampa raspadora de a\u00e7o protege contra danos por impacto de cargas desalinhadas. V\u00e1rios canais de res\u00edduos\/drenagem permitem eliminar rapidamente contamina\u00e7\u00f5es e fluidos.<\/p>\n<p>S\u00e9rie MW Washdown \u2013 o suporte interno de a\u00e7o inox constitui uma alternativa econ\u00f4mica \u00e0 constru\u00e7\u00e3o totalmente em a\u00e7o inox. Resist\u00eancia \u00e0 corros\u00e3o e drenagem de fluidos eficaz em aplica\u00e7\u00f5es de lavagem. Tamb\u00e9m dispon\u00edvel totalmente em a\u00e7o inox.<\/p>\n<\/div>\n<div class=\"col-12 col-sm-7 col-xl-6 col-xxl-5\"><div class=\"grid-wrap\">\n<div class=\"row g-2 g-md-3 mb-2 mb-md-3\">\n<div class=\"col-4\">\n<div class=\"grid-item\"><img decoding=\"async\" loading=\"lazy\" src=\"https:\/\/www.omnitrack.com\/wp-content\/themes\/omnitrack2023\/images\/icon-low-friction.svg\" class=\"ico-icons-grid\" alt=\"Baixo atrito\"  \/> Baixo atrito<br \/>1 : 0,002  <small><\/small><\/div>\n<\/div>\n<div class=\"col-4\">\n<div class=\"grid-item\"><img decoding=\"async\" loading=\"lazy\" src=\"https:\/\/www.omnitrack.com\/wp-content\/themes\/omnitrack2023\/images\/icon-speed.svg\" class=\"ico-icons-grid\" alt=\"Velocidade\"  \/> Velocidade<br \/>1.5m\/sec <small><\/small><\/div>\n<\/div>\n<div class=\"col-4\">\n<div class=\"grid-item\"><img decoding=\"async\" loading=\"lazy\" src=\"https:\/\/www.omnitrack.com\/wp-content\/themes\/omnitrack2023\/images\/icon-temperature.svg\" class=\"ico-icons-grid\" alt=\"Temperatura\"  \/> Temperatura<br \/>-30\/+100\u00baC <small><\/small><\/div>\n<\/div>\n<\/div>\n<div class=\"row g-2 g-md-3\">\n<div class=\"col-4\">\n<div class=\"grid-item\"><img decoding=\"async\" loading=\"lazy\" src=\"https:\/\/www.omnitrack.com\/wp-content\/themes\/omnitrack2023\/images\/icon-high-shock-resistence.svg\" class=\"ico-icons-grid\" alt=\"Resist\u00eancia a impacto\"  \/> Resist\u00eancia a impacto <small><\/small><\/div>\n<\/div>\n<div class=\"col-4\">\n<div class=\"grid-item\">\n<div><img decoding=\"async\" loading=\"lazy\" src=\"https:\/\/www.omnitrack.com\/wp-content\/themes\/omnitrack2023\/images\/icon-orientation-horizontal-up.webp\" class=\"ico-icons-grid\" alt=\"Orienta\u00e7\u00e3o Horizontal \/ Para cima\"  \/><\/div>\n<p>Orienta\u00e7\u00e3o Horizontal \/ Para cima <small><\/small><\/p>\n<\/div>\n<\/div>\n<\/div>\n<\/div>\n<\/div>\n<\/section>\n<div class=\"row cpn-section\">\n<div class=\"col\">\n<hr \/>\n<\/div>\n<\/div>\n<section id=\"clips-one\" class=\"row cpn-section\"><div class=\"col\">\n<div class=\"row mb-3\">\n<h2>Clipes do tipo &#8216;K&#8217; e &#8216;C&#8217;<\/h2>\n<ul class=\"fontSize-4 fontSize-md-3 list-check\">\n<li>Os clipes de fixa\u00e7\u00e3o compensam as irregularidades no furo e no di\u00e2metro.<\/li>\n<li>Ideal quando s\u00f3 \u00e9 poss\u00edvel acessar um lado da superf\u00edcie de montagem.<\/li>\n<\/ul>\n<\/div>\n<div class=\"row\">\n<div class=\"col-12 col-sm-7 col-md-8 mb-4 mb-sm-0\">[omni_render_table_clips class-container=&#8221;table-no-scroll table-mobi&#8221;]<\/div>\n<div class=\"col-12 col-sm-5 col-md-4\">\n<div class=\"row mb-3 align-items-center\">\n<div class=\"col-5 col-xl-4 fontSize-4\"><strong>Reten\u00e7\u00e3o ideal \u2265 3 mm<\/strong><\/div>\n<div class=\"col-7 col-xl-8\"><img loading=\"lazy\" decoding=\"async\" class=\"img-fluid alignnone wp-image-79721 size-full\" src=\"https:\/\/www.omnitrack.com\/wp-content\/uploads\/2023\/03\/K_C_Clips_Optimal_Retention-1.webp\" alt=\"Clipes para reten\u00e7\u00e3o ideal\" width=\"425\" height=\"305\" srcset=\"https:\/\/www.omnitrack.com\/wp-content\/uploads\/2023\/03\/K_C_Clips_Optimal_Retention-1.webp 425w, https:\/\/www.omnitrack.com\/wp-content\/uploads\/2023\/03\/K_C_Clips_Optimal_Retention-1-300x215.webp 300w\" sizes=\"auto, (max-width: 425px) 100vw, 425px\" \/><\/div>\n<\/div>\n<div class=\"row mb-3 align-items-center\">\n<div class=\"col\">\n<ol class=\"fontSize-4\">\n<li>Encaixar o grampo no orif\u00edcio de montagem<\/li>\n<li>Pressionar a esfera atrav\u00e9s do grampo<\/li>\n<li>Molas perif\u00e9ricas expandem e ret\u00eam a esfera<\/li>\n<\/ol>\n<\/div>\n<\/div>\n<div class=\"row mb-3 align-items-center\">\n<div class=\"col border-end text-center\"><img loading=\"lazy\" decoding=\"async\" class=\"img-fluid alignnone wp-image-79722 size-full\" src=\"https:\/\/www.omnitrack.com\/wp-content\/uploads\/2023\/03\/C_Clip-1.webp\" alt=\"Diagrama de clipe\" width=\"199\" height=\"99\"><br \/><strong class=\"d-block pt-2\">Clipe tipo &#8220;K&#8221; mola de a\u00e7o<\/strong><\/div>\n<div class=\"col text-center\"><img loading=\"lazy\" decoding=\"async\" class=\"img-fluid alignnone wp-image-79722 size-full\" src=\"https:\/\/www.omnitrack.com\/wp-content\/uploads\/2023\/03\/C_Clip-1.webp\" alt=\"Diagrama de clipe\" width=\"199\" height=\"99\"><br \/><strong class=\"d-block pt-2\">Clipe em &#8216;C&#8217; com mola de a\u00e7o<\/strong><\/div>\n<\/div>\n<div class=\"row align-items-center\">\n<div class=\"col-4\"><img loading=\"lazy\" decoding=\"async\" class=\"img-fluid alignnone wp-image-79723 size-full\" src=\"https:\/\/www.omnitrack.com\/wp-content\/uploads\/2023\/03\/Clip_B-1.webp\" alt=\"Diagrama de clipe\" width=\"116\" height=\"61\"><\/div>\n<div class=\"col-8\"><strong>Outros grampos dispon\u00edveis.<\/strong><\/div>\n<\/div>\n<\/div>\n<\/div>\n<\/div>\n<\/section>\n<div class=\"row cpn-section\">\n<div class=\"col\">\n<hr \/>\n<\/div>\n<\/div>\n<section id=\"tolerance-rings-one\" class=\"row cpn-section pb-5\"><div class=\"col\">\n<div class=\"row\">\n<h2>Anilhas de ajuste<\/h2>\n<ul class=\"fontSize-4 fontSize-md-3 list-check mb-4\">\n<li>Compensam irregularidades no furo e no di\u00e2metro.<\/li>\n<li>Ideal quando s\u00f3 \u00e9 poss\u00edvel acessar um lado da superf\u00edcie de montagem.<\/li>\n<\/ul>\n<\/div>\n<div class=\"row\">\n<div class=\"col-12 col-md-9 mb-4\">[omni_render_table_tolerance_ring class-container=&#8221;table-no-scroll table-mobi&#8221;]<\/div>\n<div class=\"col-12 col-md-3 text-center\"><img loading=\"lazy\" decoding=\"async\" class=\"img-fluid alignnone wp-image-79736 size-medium\" src=\"https:\/\/www.omnitrack.com\/wp-content\/uploads\/2023\/03\/9040_Glass_4-300x229.webp\" alt=\"Unidade de transfer\u00eancia de esfera\" width=\"300\" height=\"229\" srcset=\"https:\/\/www.omnitrack.com\/wp-content\/uploads\/2023\/03\/9040_Glass_4-300x229.webp 300w, https:\/\/www.omnitrack.com\/wp-content\/uploads\/2023\/03\/9040_Glass_4.webp 314w\" sizes=\"auto, (max-width: 300px) 100vw, 300px\" \/> <img loading=\"lazy\" decoding=\"async\" class=\"img-fluid alignnone wp-image-79737 size-full\" src=\"https:\/\/www.omnitrack.com\/wp-content\/uploads\/2023\/03\/Tolerance_Ring_2_1.webp\" alt=\"Anilha de ajuste\" width=\"284\" height=\"240\"><\/div>\n<\/div>\n<\/div>\n<\/section>\n<section id=\"cant-find\" class=\"row cpn-section py-5 two justify-content-between\"><div class=\"col-12 col-sm-6 col-lg-7 py-lg-4 pe-lg-5\">\n<h3 class=\"fontSize-2 fontSize-md-1\">N\u00e3o encontrou o que procura?<\/h3>\n<p class=\"fontSize-4\">Tente pesquisar por palavras-chave, n\u00fameros de produto, carga, tipos de fixa\u00e7\u00e3o.<\/p>\n<div class=\"input-group\"><form class=\"form-search\"><div class=\"input-group\">  <input type=\"text\" name=\"s\" class=\"form-control field\" placeholder=\"Pesquisar n.\u00ba do produto\">  <input type=\"hidden\" name=\"post-type\" value=\"product\"><\/div><\/form><\/div>\n<\/div>\n<div class=\"col-12 col-sm-6 col-lg-5 py-lg-4 pt-4 pt-sm-0\">\n<h3 class=\"fontSize-2 fontSize-md-1\">Consultoria t\u00e9cnica gratuita<\/h3>\n<p class=\"fontSize-4\">Telefone: <b><a href=\"tel:+551143496211\">+55 11 4349 6211<\/a><\/b><\/p>\n<p class=\"fontSize-4\">Email: <b><a href=\"mailto:info@omnitrack.com\">info@omnitrack.com<\/a><\/b><\/p>\n<div class=\"mt-4\"> <a class=\"btn-ot green me-2 mb-3 mb-md-0 w100-mobile\" href=\"https:\/\/wa.me\/447759128207\" target=\"_blank\" rel=\"noopener\"><img decoding=\"async\" loading=\"lazy\" src=\"https:\/\/www.omnitrack.com\/wp-content\/themes\/omnitrack2023\/images\/icon-whatsapp.svg\"  alt=\"WhatsApp Omnitrack\"  \/> WhatsApp<\/a> <a class=\"btn-ot w100-mobile\" href=\"https:\/\/calendly.com\/omnitrack\/15min\" target=\"_blank\" rel=\"noopener\"><img decoding=\"async\" loading=\"lazy\" src=\"https:\/\/www.omnitrack.com\/wp-content\/themes\/omnitrack2023\/images\/icon-schedule.svg\"  alt=\"Agendar uma chamada com a Omnitrack\"  \/> Agendar uma chamada<\/a><\/div>\n<\/div>\n<\/section>\n","protected":false},"excerpt":{"rendered":"<p>[omni_render_table class-container=&#8221;table-scroll table-mobi&#8221;] Considere tamb\u00e9m As unidades de transfer\u00eancia de esferas para servi\u00e7os m\u00e9dios s\u00e3o usinadas em a\u00e7o s\u00f3lido e endurecidas para resist\u00eancia ao desgaste. As unidades esf\u00e9ricas de servi\u00e7o m\u00e9dio s\u00e3o usinadas em a\u00e7o s\u00f3lido e endurecidas para resist\u00eancia ao desgaste. A tampa superior refor\u00e7ada de a\u00e7o usinado protege contra o impacto do desalinhamento [&hellip;]<\/p>\n","protected":false},"author":7,"featured_media":0,"parent":102856,"menu_order":0,"comment_status":"closed","ping_status":"closed","template":"page-series-medium-duty-clips-tolerance-rings.php","meta":{"inline_featured_image":false,"footnotes":""},"class_list":["post-102891","page","type-page","status-publish","hentry"],"acf":[],"_links":{"self":[{"href":"https:\/\/www.omnitrack.com\/br\/wp-json\/wp\/v2\/pages\/102891","targetHints":{"allow":["GET"]}}],"collection":[{"href":"https:\/\/www.omnitrack.com\/br\/wp-json\/wp\/v2\/pages"}],"about":[{"href":"https:\/\/www.omnitrack.com\/br\/wp-json\/wp\/v2\/types\/page"}],"author":[{"embeddable":true,"href":"https:\/\/www.omnitrack.com\/br\/wp-json\/wp\/v2\/users\/7"}],"replies":[{"embeddable":true,"href":"https:\/\/www.omnitrack.com\/br\/wp-json\/wp\/v2\/comments?post=102891"}],"version-history":[{"count":3,"href":"https:\/\/www.omnitrack.com\/br\/wp-json\/wp\/v2\/pages\/102891\/revisions"}],"predecessor-version":[{"id":103072,"href":"https:\/\/www.omnitrack.com\/br\/wp-json\/wp\/v2\/pages\/102891\/revisions\/103072"}],"up":[{"embeddable":true,"href":"https:\/\/www.omnitrack.com\/br\/wp-json\/wp\/v2\/pages\/102856"}],"wp:attachment":[{"href":"https:\/\/www.omnitrack.com\/br\/wp-json\/wp\/v2\/media?parent=102891"}],"curies":[{"name":"wp","href":"https:\/\/api.w.org\/{rel}","templated":true}]}}