{"id":102876,"date":"2023-02-08T00:52:11","date_gmt":"2023-02-08T00:52:11","guid":{"rendered":"https:\/\/www.omnitrack.com\/wheels-castors\/ball-tables-rails-skates\/ball-transfer-skates-accessories\/"},"modified":"2024-09-06T18:19:02","modified_gmt":"2024-09-06T18:19:02","slug":"skates-de-transferencia-de-esferas-e-acessorios","status":"publish","type":"page","link":"https:\/\/www.omnitrack.com\/br\/rodas-e-rolamentos\/mesas-trilhos-e-skates\/skates-de-transferencia-de-esferas-e-acessorios\/","title":{"rendered":"Skates de transfer\u00eancia de esferas e acess\u00f3rios"},"content":{"rendered":"<section class=\"row cpn-section pb-3\">\n<div class=\"col\"><header class=\"row\">    <div class=\"col\">        <nav id=\"breadcrumb\">                    <\/nav>        <h1 class=\"fontSize-1\">Skates de transfer\u00eancia de esferas e acess\u00f3rios<\/h1>    <\/div>    <\/header><\/div>\n<\/section>\n<section class=\"row cpn-section pb-4\">\n<div class=\"col-12 col-md-5\"><img loading=\"lazy\" decoding=\"async\" class=\"img-fluid alignnone wp-image-79844 size-full\" src=\"https:\/\/www.omnitrack.com\/wp-content\/uploads\/2023\/03\/Ball_Skate_Screw.webp\" alt=\"Parafuso dos skates de transfer\u00eancia de esferas\" width=\"625\" height=\"500\" srcset=\"https:\/\/www.omnitrack.com\/wp-content\/uploads\/2023\/03\/Ball_Skate_Screw.webp 625w, https:\/\/www.omnitrack.com\/wp-content\/uploads\/2023\/03\/Ball_Skate_Screw-300x240.webp 300w, https:\/\/www.omnitrack.com\/wp-content\/uploads\/2023\/03\/Ball_Skate_Screw-600x480.webp 600w\" sizes=\"auto, (max-width: 625px) 100vw, 625px\" \/><\/p>\n<p><strong>O furo de passagem de 12,7mm de di\u00e2metro facilita:<\/strong><\/p>\n<ul class=\"ps-3 blue-bullet\">\n<li>Parafuso de cabe\u00e7a sextavada para fixa\u00e7\u00e3o permanente.<\/li>\n<li>Placa de carga BL2 (opcional).<\/li>\n<\/ul>\n<\/div>\n<div class=\"col-12 col-md-7\"><img loading=\"lazy\" decoding=\"async\" class=\"img-fluid alignnone wp-image-79845 size-full\" src=\"https:\/\/www.omnitrack.com\/wp-content\/uploads\/2023\/03\/Omniskate-Shelf-2.webp\" alt=\"Skates de transfer\u00eancia de esferas \" width=\"720\" height=\"488\" srcset=\"https:\/\/www.omnitrack.com\/wp-content\/uploads\/2023\/03\/Omniskate-Shelf-2.webp 720w, https:\/\/www.omnitrack.com\/wp-content\/uploads\/2023\/03\/Omniskate-Shelf-2-300x203.webp 300w, https:\/\/www.omnitrack.com\/wp-content\/uploads\/2023\/03\/Omniskate-Shelf-2-600x407.webp 600w\" sizes=\"auto, (max-width: 720px) 100vw, 720px\" \/><\/div>\n<\/section>\n<section class=\"row cpn-section pb-3\">\n<div class=\"col-12 col-md-5\"><img loading=\"lazy\" decoding=\"async\" class=\"img-fluid w-400 alignnone wp-image-79846 size-full\" src=\"https:\/\/www.omnitrack.com\/wp-content\/uploads\/2024\/09\/diagram_skatewheel_legs_pt.webp\" alt=\"Skates de transfer\u00eancia de esferas\" width=\"800\" height=\"800\" \/><\/div>\n<div class=\"col-12 col-md-7 fontSize-3\"><div class=\"grid-wrap\">\n<div class=\"row mb-3\">\n<div class=\"col-6 col-lg-3 mb-3 mb-lg-0\">\n<div class=\"grid-item fontSize-4\"><img decoding=\"async\" loading=\"lazy\" src=\"https:\/\/www.omnitrack.com\/wp-content\/themes\/omnitrack2023\/images\/icon-1000kg.svg\" class=\"ico-icons-grid\" alt=\"1000 kg carga por skate\"  \/>1000 kg carga por skate<small><\/small><\/div>\n<\/div>\n<div class=\"col-6 col-lg-3 mb-3 mb-lg-0\">\n<div class=\"grid-item fontSize-4\"><img decoding=\"async\" loading=\"lazy\" src=\"https:\/\/www.omnitrack.com\/wp-content\/themes\/omnitrack2023\/images\/icon-brake.svg\" class=\"ico-icons-grid\" alt=\"Freio padr\u00e3o\"  \/>Freio padr\u00e3o<small><\/small><\/div>\n<\/div>\n<div class=\"col-6 col-lg-3 mb-3 mb-lg-0\">\n<div class=\"grid-item fontSize-4\"><img decoding=\"async\" loading=\"lazy\" src=\"https:\/\/www.omnitrack.com\/wp-content\/themes\/omnitrack2023\/images\/icon-balloon.svg\" class=\"ico-icons-grid\" alt=\"Constru\u00e7\u00e3o leve e dur\u00e1vel\"  \/>Constru\u00e7\u00e3o leve e dur\u00e1vel<small><\/small><\/div>\n<\/div>\n<div class=\"col-6 col-lg-3 mb-3 mb-lg-0\">\n<div class=\"grid-item fontSize-4\"><img decoding=\"async\" loading=\"lazy\" src=\"https:\/\/www.omnitrack.com\/wp-content\/themes\/omnitrack2023\/images\/icon-umbrela.svg\" class=\"ico-icons-grid\" alt=\"Esferas de a\u00e7o inox\"  \/>Esferas de a\u00e7o inox<small><\/small><\/div>\n<\/div>\n<\/div>\n<\/div>\n<\/p>\n<p>Os skates de transfer\u00eancia de esferas se encaixam nas pernas das estantes de supermercados cantilever, permitindo que corredores inteiros (carregados) com cada se\u00e7\u00e3o pesando at\u00e9 3.000kg sejam movidos rapidamente. Uma vez que o corredor de estantes tenha sido movido, ele pode ser travado com seguran\u00e7a usando o freio de estacionamento, dispon\u00edvel em cada unidade de travamento.<\/p>\n<p>Os skates de transfer\u00eancia de esferas s\u00e3o uma alternativa multidirecional aos t\u00edpicos carrinhos de estantes de g\u00f4ndola.<\/p>\n<\/div>\n<\/section>\n<section class=\"row cpn-section justify-content-md-end\">\n<div class=\"col-12 col-md-6 col-lg-5 fontSize-3\">\n<div class=\"lg download-container\"><a class=\"btn-download btn-table lilac-one\" href=\"https:\/\/resources.omnitrack.com\/files\/pdf\/BB30_4_2D.pdf\" rel=\"noopener\" target=\"_blank\">PDF<\/a> <a class=\"btn-download btn-table lilac-one\" href=\"https:\/\/resources.omnitrack.com\/files\/3d-step\/BB30_4_3D_STEP.zip\" target=\"_blank\" rel=\"noopener\">Step<\/a> <!--disable purchase--><\/div>\n<\/div>\n<\/section>\n<div class=\"row cpn-section\">\n<div class=\"col\">\n<hr \/>\n<\/div>\n<\/div>\n<section class=\"row cpn-section justify-content-between\">\n<div class=\"col-12 col-md-3 col-lg-3\"><img loading=\"lazy\" decoding=\"async\" class=\"img-fluid w-320 rounded-circle img-border alignnone wp-image-79095 size-full\" src=\"https:\/\/www.omnitrack.com\/wp-content\/uploads\/2023\/03\/BL2_Use.webp\" alt=\"Skates de transfer\u00eancia de esferas\" width=\"552\" height=\"552\" srcset=\"https:\/\/www.omnitrack.com\/wp-content\/uploads\/2023\/03\/BL2_Use.webp 552w, https:\/\/www.omnitrack.com\/wp-content\/uploads\/2023\/03\/BL2_Use-300x300.webp 300w, https:\/\/www.omnitrack.com\/wp-content\/uploads\/2023\/03\/BL2_Use-150x150.webp 150w, https:\/\/www.omnitrack.com\/wp-content\/uploads\/2023\/03\/BL2_Use-100x100.webp 100w\" sizes=\"auto, (max-width: 552px) 100vw, 552px\" \/><\/div>\n<div class=\"col-12 col-md-3 col-lg-3\"><img loading=\"lazy\" decoding=\"async\" class=\"img-fluid w-320 alignnone wp-image-79848 size-full\" src=\"https:\/\/www.omnitrack.com\/wp-content\/uploads\/2023\/03\/Ball_Skate_Plate.webp\" alt=\"Prato dos skates de transfer\u00eancia de esferas\" width=\"602\" height=\"602\" srcset=\"https:\/\/www.omnitrack.com\/wp-content\/uploads\/2023\/03\/Ball_Skate_Plate.webp 602w, https:\/\/www.omnitrack.com\/wp-content\/uploads\/2023\/03\/Ball_Skate_Plate-300x300.webp 300w, https:\/\/www.omnitrack.com\/wp-content\/uploads\/2023\/03\/Ball_Skate_Plate-150x150.webp 150w, https:\/\/www.omnitrack.com\/wp-content\/uploads\/2023\/03\/Ball_Skate_Plate-600x600.webp 600w, https:\/\/www.omnitrack.com\/wp-content\/uploads\/2023\/03\/Ball_Skate_Plate-100x100.webp 100w\" sizes=\"auto, (max-width: 602px) 100vw, 602px\" \/><\/div>\n<div class=\"col-12 col-md-6 col-lg-5 fontSize-3\">\n<h2>Placa de carga &#8211; BL2<\/h2>\n<p>Ideal quando superf\u00edcies planas ou largas exigem maior apoio. F\u00e1cil encaixe e remo\u00e7\u00e3o utilizando o orif\u00edcio central do skate.<\/p>\n<div class=\"lg download-container\"><button class=\"btn-download btn-table lilac-one\" type=\"button\" disabled>PDF<\/button> <button class=\"btn-download btn-table lilac-one\" type=\"button\" disabled>Step<\/button><!--disable purchase--><\/div>\n<\/div>\n<\/section>\n<div class=\"row cpn-section\">\n<div class=\"col\">\n<hr \/>\n<\/div>\n<\/div>\n<section class=\"row cpn-section justify-content-between\">\n<div class=\"col-12 col-md-3 col-lg-3\"><img loading=\"lazy\" decoding=\"async\" class=\"img-fluid w-320 rounded-circle img-border alignnone wp-image-79090 size-full\" src=\"https:\/\/www.omnitrack.com\/wp-content\/uploads\/2023\/03\/BP2_2.webp\" alt=\"P\u00e9 de cabra BP2 para skates de esferas transferidoras\" width=\"632\" height=\"632\" srcset=\"https:\/\/www.omnitrack.com\/wp-content\/uploads\/2023\/03\/BP2_2.webp 632w, https:\/\/www.omnitrack.com\/wp-content\/uploads\/2023\/03\/BP2_2-300x300.webp 300w, https:\/\/www.omnitrack.com\/wp-content\/uploads\/2023\/03\/BP2_2-150x150.webp 150w, https:\/\/www.omnitrack.com\/wp-content\/uploads\/2023\/03\/BP2_2-600x600.webp 600w, https:\/\/www.omnitrack.com\/wp-content\/uploads\/2023\/03\/BP2_2-100x100.webp 100w\" sizes=\"auto, (max-width: 632px) 100vw, 632px\" \/><\/div>\n<div class=\"col-12 col-md-3 col-lg-3\"><img loading=\"lazy\" decoding=\"async\" class=\"img-fluid w-320 alignnone wp-image-79089 size-full\" src=\"https:\/\/www.omnitrack.com\/wp-content\/uploads\/2023\/03\/BP2.webp\" alt=\"P\u00e9 de cabra BP2 para skates de esferas transferidoras\" width=\"640\" height=\"640\" srcset=\"https:\/\/www.omnitrack.com\/wp-content\/uploads\/2023\/03\/BP2.webp 640w, https:\/\/www.omnitrack.com\/wp-content\/uploads\/2023\/03\/BP2-300x300.webp 300w, https:\/\/www.omnitrack.com\/wp-content\/uploads\/2023\/03\/BP2-150x150.webp 150w, https:\/\/www.omnitrack.com\/wp-content\/uploads\/2023\/03\/BP2-600x600.webp 600w, https:\/\/www.omnitrack.com\/wp-content\/uploads\/2023\/03\/BP2-100x100.webp 100w\" sizes=\"auto, (max-width: 640px) 100vw, 640px\" \/><\/div>\n<div class=\"col-12 col-md-6 col-lg-5 fontSize-3\">\n<h2>P\u00e9 de cabra &#8211; BP2<\/h2>\n<p>Use para levantar ou alavancar itens e encaixar\/remover skates de transfer\u00eancia de esferas. Seu design inclui duas pe\u00e7as para facilitar o transporte em servi\u00e7os pesados.<\/p>\n<div class=\"lg download-container\"><button class=\"btn-download btn-table lilac-one\" type=\"button\" disabled>PDF<\/button> <button class=\"btn-download btn-table lilac-one\" type=\"button\" disabled>Step<\/button><!--disable purchase--><\/div>\n<\/div>\n<\/section>\n<div class=\"row cpn-section\">\n<div class=\"col\">\n<hr \/>\n<\/div>\n<\/div>\n<section class=\"row cpn-section justify-content-between\">\n<div class=\"col-12 col-md-3 col-lg-3\"><img loading=\"lazy\" decoding=\"async\" class=\"img-fluid w-320 rounded-circle img-border alignnone wp-image-79092 size-full\" src=\"https:\/\/www.omnitrack.com\/wp-content\/uploads\/2023\/03\/BS2_Use.webp\" alt=\"Suportes de liga\u00e7\u00e3o de prateleiras\" width=\"500\" height=\"500\" srcset=\"https:\/\/www.omnitrack.com\/wp-content\/uploads\/2023\/03\/BS2_Use.webp 500w, https:\/\/www.omnitrack.com\/wp-content\/uploads\/2023\/03\/BS2_Use-300x300.webp 300w, https:\/\/www.omnitrack.com\/wp-content\/uploads\/2023\/03\/BS2_Use-150x150.webp 150w, https:\/\/www.omnitrack.com\/wp-content\/uploads\/2023\/03\/BS2_Use-100x100.webp 100w\" sizes=\"auto, (max-width: 500px) 100vw, 500px\" \/><\/div>\n<div class=\"col-12 col-md-3 col-lg-3\"><img loading=\"lazy\" decoding=\"async\" class=\"img-fluid w-320 alignnone wp-image-79091 size-full\" src=\"https:\/\/www.omnitrack.com\/wp-content\/uploads\/2023\/03\/BS2.webp\" alt=\"Suportes de liga\u00e7\u00e3o de prateleiras\" width=\"553\" height=\"553\" srcset=\"https:\/\/www.omnitrack.com\/wp-content\/uploads\/2023\/03\/BS2.webp 553w, https:\/\/www.omnitrack.com\/wp-content\/uploads\/2023\/03\/BS2-300x300.webp 300w, https:\/\/www.omnitrack.com\/wp-content\/uploads\/2023\/03\/BS2-150x150.webp 150w, https:\/\/www.omnitrack.com\/wp-content\/uploads\/2023\/03\/BS2-100x100.webp 100w\" sizes=\"auto, (max-width: 553px) 100vw, 553px\" \/><\/div>\n<div class=\"col-12 col-md-6 col-lg-5 fontSize-3\">\n<h2>Suportes de liga\u00e7\u00e3o de prateleiras &#8211; BS2<\/h2>\n<p>Os skates de transfer\u00eancia de esferas s\u00e3o ideais para mover corredores de estantes conectadas carregadas. Use suportes de liga\u00e7\u00e3o universais para fixar as \u00e1reas superiores das estantes de g\u00f4ndola conectadas.<\/p>\n<div class=\"lg download-container\"><button class=\"btn-download btn-table lilac-one\" type=\"button\" disabled>PDF<\/button> <button class=\"btn-download btn-table lilac-one\" type=\"button\" disabled>Step<\/button><!--disable purchase--><\/div>\n<\/div>\n<\/section>\n<div class=\"row cpn-section\">\n<div class=\"col\">\n<hr \/>\n<\/div>\n<\/div>\n<section id=\"also-consider\" class=\"row cpn-section\">\n<div class=\"col\">\n<div>\n<h2>Considere tamb\u00e9m<\/h2>\n<div>\t<div class=\"omni-slider omni-carousel\" >\t<ul class=\"omni-slider-track\"><li>    <a href=\"https:\/\/www.omnitrack.com\/br\/ball-transfer-units\/heavy-duty\/81-91-series-threaded-stud\/\"><img loading=\"lazy\" decoding=\"async\" width=\"150\" height=\"150\" src=\"https:\/\/www.omnitrack.com\/wp-content\/uploads\/2023\/03\/91.webp\" class=\"img-fluid\" alt=\"\" srcset=\"https:\/\/www.omnitrack.com\/wp-content\/uploads\/2023\/03\/91.webp 800w, https:\/\/www.omnitrack.com\/wp-content\/uploads\/2023\/03\/91-300x300.webp 300w, https:\/\/www.omnitrack.com\/wp-content\/uploads\/2023\/03\/91-150x150.webp 150w, https:\/\/www.omnitrack.com\/wp-content\/uploads\/2023\/03\/91-768x768.webp 768w, https:\/\/www.omnitrack.com\/wp-content\/uploads\/2023\/03\/91-600x600.webp 600w, https:\/\/www.omnitrack.com\/wp-content\/uploads\/2023\/03\/91-100x100.webp 100w\" sizes=\"auto, (max-width: 150px) 100vw, 150px\" \/><h3>S\u00e9ries 81 e 91<\/h3><\/a><\/li><li>    <a href=\"https:\/\/www.omnitrack.com\/br\/ball-transfer-units\/heavy-duty\/82-92-series-flange-mounted\/\"><img loading=\"lazy\" decoding=\"async\" width=\"150\" height=\"150\" src=\"https:\/\/www.omnitrack.com\/wp-content\/uploads\/2023\/03\/92.webp\" class=\"img-fluid\" alt=\"\" srcset=\"https:\/\/www.omnitrack.com\/wp-content\/uploads\/2023\/03\/92.webp 800w, https:\/\/www.omnitrack.com\/wp-content\/uploads\/2023\/03\/92-300x300.webp 300w, https:\/\/www.omnitrack.com\/wp-content\/uploads\/2023\/03\/92-150x150.webp 150w, https:\/\/www.omnitrack.com\/wp-content\/uploads\/2023\/03\/92-768x768.webp 768w, https:\/\/www.omnitrack.com\/wp-content\/uploads\/2023\/03\/92-600x600.webp 600w, https:\/\/www.omnitrack.com\/wp-content\/uploads\/2023\/03\/92-100x100.webp 100w\" sizes=\"auto, (max-width: 150px) 100vw, 150px\" \/><h3>S\u00e9ries 82 e 92<\/h3><\/a><\/li><li>    <a href=\"https:\/\/www.omnitrack.com\/br\/ball-transfer-units\/heavy-duty\/83-93-series-flange-socket-mounted\/\"><img loading=\"lazy\" decoding=\"async\" width=\"150\" height=\"150\" src=\"https:\/\/www.omnitrack.com\/wp-content\/uploads\/2023\/03\/93.webp\" class=\"img-fluid\" alt=\"\" srcset=\"https:\/\/www.omnitrack.com\/wp-content\/uploads\/2023\/03\/93.webp 800w, https:\/\/www.omnitrack.com\/wp-content\/uploads\/2023\/03\/93-300x300.webp 300w, https:\/\/www.omnitrack.com\/wp-content\/uploads\/2023\/03\/93-150x150.webp 150w, https:\/\/www.omnitrack.com\/wp-content\/uploads\/2023\/03\/93-768x768.webp 768w, https:\/\/www.omnitrack.com\/wp-content\/uploads\/2023\/03\/93-600x600.webp 600w, https:\/\/www.omnitrack.com\/wp-content\/uploads\/2023\/03\/93-100x100.webp 100w\" sizes=\"auto, (max-width: 150px) 100vw, 150px\" \/><h3>S\u00e9ries 83 e 93<\/h3><\/a><\/li><li>    <a href=\"https:\/\/www.omnitrack.com\/br\/ball-transfer-units\/heavy-duty\/88-98-series-tolerance-ring\/\"><img loading=\"lazy\" decoding=\"async\" width=\"150\" height=\"150\" src=\"https:\/\/www.omnitrack.com\/wp-content\/uploads\/2023\/03\/98.webp\" class=\"img-fluid\" alt=\"\" srcset=\"https:\/\/www.omnitrack.com\/wp-content\/uploads\/2023\/03\/98.webp 400w, https:\/\/www.omnitrack.com\/wp-content\/uploads\/2023\/03\/98-300x300.webp 300w, https:\/\/www.omnitrack.com\/wp-content\/uploads\/2023\/03\/98-150x150.webp 150w, https:\/\/www.omnitrack.com\/wp-content\/uploads\/2023\/03\/98-100x100.webp 100w\" sizes=\"auto, (max-width: 150px) 100vw, 150px\" \/><h3>S\u00e9ries 88 e 98<\/h3><\/a><\/li><li>    <a href=\"https:\/\/www.omnitrack.com\/br\/ball-transfer-units\/light-duty\/ld-series-saturn-type\/\"><img loading=\"lazy\" decoding=\"async\" width=\"150\" height=\"150\" src=\"https:\/\/www.omnitrack.com\/wp-content\/uploads\/2023\/03\/LD_3.webp\" class=\"img-fluid\" alt=\"\" srcset=\"https:\/\/www.omnitrack.com\/wp-content\/uploads\/2023\/03\/LD_3.webp 800w, https:\/\/www.omnitrack.com\/wp-content\/uploads\/2023\/03\/LD_3-300x300.webp 300w, https:\/\/www.omnitrack.com\/wp-content\/uploads\/2023\/03\/LD_3-150x150.webp 150w, https:\/\/www.omnitrack.com\/wp-content\/uploads\/2023\/03\/LD_3-768x768.webp 768w, https:\/\/www.omnitrack.com\/wp-content\/uploads\/2023\/03\/LD_3-600x600.webp 600w, https:\/\/www.omnitrack.com\/wp-content\/uploads\/2023\/03\/LD_3-100x100.webp 100w\" sizes=\"auto, (max-width: 150px) 100vw, 150px\" \/><h3>S\u00e9rie LD<\/h3><\/a><\/li><li>    <a href=\"https:\/\/www.omnitrack.com\/br\/ball-transfer-units\/light-duty\/l-series-push-fit-clip-fixing-range\/\"><img loading=\"lazy\" decoding=\"async\" width=\"150\" height=\"150\" src=\"https:\/\/www.omnitrack.com\/wp-content\/uploads\/2023\/03\/L.webp\" class=\"img-fluid\" alt=\"\" srcset=\"https:\/\/www.omnitrack.com\/wp-content\/uploads\/2023\/03\/L.webp 800w, https:\/\/www.omnitrack.com\/wp-content\/uploads\/2023\/03\/L-300x300.webp 300w, https:\/\/www.omnitrack.com\/wp-content\/uploads\/2023\/03\/L-150x150.webp 150w, https:\/\/www.omnitrack.com\/wp-content\/uploads\/2023\/03\/L-768x768.webp 768w, https:\/\/www.omnitrack.com\/wp-content\/uploads\/2023\/03\/L-600x600.webp 600w, https:\/\/www.omnitrack.com\/wp-content\/uploads\/2023\/03\/L-100x100.webp 100w\" sizes=\"auto, (max-width: 150px) 100vw, 150px\" \/><h3>S\u00e9rie L<\/h3><\/a><\/li>\t<\/ul><div class=\"omni-slider-controls\"><button class=\"omni-slider-prev\"><img src=\"https:\/\/www.omnitrack.com\/wp-content\/themes\/omnitrack2023\/images\/icon-arrow-blue-left.svg\" alt=\"Arrow left icon\" decoding=\"async\" loading=\"lazy\" alt=\"Arrow left icon\"><\/button> <button class=\"omni-slider-next\"><img src=\"https:\/\/www.omnitrack.com\/wp-content\/themes\/omnitrack2023\/images\/icon-arrow-blue-right.svg\" decoding=\"async\" loading=\"lazy\" alt=\"Arrow right icon\"><\/button><\/div><\/div><\/div>\n<\/div>\n<\/div>\n<\/section>\n<div class=\"row cpn-section\">\n<div class=\"col\">\n<hr \/>\n<\/div>\n<\/div>\n<section class=\"row cpn-section\">\n<div class=\"col fontSize-4\">\n<h3>Transporte inovador Omnitrack \u2013 Skates de transfer\u00eancia de esferas e acess\u00f3rios<\/h3>\n<p>Lan\u00e7amos alguns produtos inovadores para aplica\u00e7\u00f5es especiais que est\u00e3o vendendo t\u00e3o bem que decidimos os incluir em nossa nova linha de produtos. Eles est\u00e3o ao lado das unidades de transfer\u00eancia de esferas, dos rolamentos Omnicaster, Omnifloat e dos m\u00f3dulos de transporte omnidirecionais de 360 graus, as Omniwheels.<\/p>\n<\/div>\n<\/section>\n<div class=\"row cpn-section\">\n<div class=\"col\">\n<hr \/>\n<\/div>\n<\/div>\n<section class=\"row cpn-section pb-5\">\n<div class=\"col fontSize-4\">\n<h2>Skates de transfer\u00eancia de esferas e acess\u00f3rios Omnitrack<\/h2>\n<p>A Omnitrack foi procurada por um grande varejista global de alimentos que queria uma solu\u00e7\u00e3o para reduzir o tempo necess\u00e1rio para mover suas prateleiras pela loja. Quando as estantes cantilever precisavam ser movidas, o m\u00e9todo tradicional trazia grandes dificuldades log\u00edsticas e exigia muito trabalho pesado. Em primeiro lugar, as estantes precisavam ser esvaziadas e o conte\u00fado transferido para outra \u00e1rea. Em seguida, as prateleiras precisavam ser desmontadas e remontadas no novo local e, nesse momento, seria necess\u00e1rio reabastecer o estoque.<\/p>\n<p>A Omnitrack desenvolveu uma placa de skate BB30\/4 compacta e de perfil baixo que cont\u00e9m 4 esferas de transfer\u00eancia de servi\u00e7o m\u00e9dio M30A. As 4 unidades de esferas usam esferas principais de a\u00e7o inox com 30mm de di\u00e2metro:<\/p>\n<p>Esferas de a\u00e7o inox para que as unidades n\u00e3o sofram corros\u00e3o caso os skates sejam utilizados em piso molhado.<\/p>\n<p>Esfera principal de di\u00e2metro grande para aumentar os 4 pontos de contato e minimizar qualquer marca\u00e7\u00e3o no piso.<\/p>\n<p>Maior proje\u00e7\u00e3o da esfera para passar por cima de imperfei\u00e7\u00f5es e irregularidades do piso.<br \/>\nO skate de nylon \u00e9 compat\u00edvel e tem capacidade de carga de 1.000kg para suportar as prateleiras mais carregadas.<\/p>\n<p>As estantes cantilever s\u00e3o produzidas em uma variedade de tamanhos de pernas padr\u00e3o. Por isso, usinamos convenientemente os perfis padr\u00f5es no skate para encaixar facilmente nos p\u00e9s circulares ou quadradas das prateleiras.<\/p>\n<p>Nosso p\u00e9-de-cabra BP2 foi projetado de forma personalizada para funcionar como uma alavanca para servi\u00e7os pesados. Ele foi especialmente projetado para erguer os cantos das estantes para coloc\u00e1-las sobre os skates de transfer\u00eancia de esferas BB30\/4.<\/p>\n<p>Depois que todas as pernas da estante tiverem sido montadas nos skates de transfer\u00eancia de esferas da Omnitrack, as pernas de suporte ser\u00e3o amarradas usando os suportes de liga\u00e7\u00e3o de prateleiras BS2 especialmente projetados. Esses suportes s\u00e3o importantes, pois cada se\u00e7\u00e3o de prateleira (carregada) pode pesar 1.000kg. Portanto, quando se est\u00e1 movendo um corredor inteiro, h\u00e1 v\u00e1rias toneladas que podem fazer com que as estantes entortem. No entanto, isso n\u00e3o acontece quando as prateleiras est\u00e3o firmemente fixadas com essas amarras de seguran\u00e7a adicionais.<\/p>\n<p>Ver um corredor de prateleiras carregado, com 10 metros de comprimento, sendo cuidadosamente manobrado por empreiteiros foi o momento do sucesso! Tamb\u00e9m incorporamos um conveniente sistema de freio serrilhado. Isso permite que o skate permane\u00e7a no lugar e que o corredor seja freado com seguran\u00e7a, para evitar que uma carga potencialmente descontrolada saia inesperadamente da loja!<\/p>\n<p>Desenvolvemos uma placa de carga BL2 que fornece uma \u00e1rea plana circular de 210mm. Assim, o skate de transfer\u00eancia de esferas BB30\/4 Omnitrack pode ser usado para qualquer outro maquin\u00e1rio pesado que precise ser movido com facilidade.<\/p>\n<p>&#8220;Os skates de transfer\u00eancia de esferas Omnitrack agora s\u00e3o os preferidos de muitos varejistas. Incluindo lojas de materiais de contru\u00e7\u00e3o, farm\u00e1cias, supermercados, centros de distribui\u00e7\u00e3o de eletrodom\u00e9sticos, centros de atendimento, empresas de remo\u00e7\u00e3o e revendedores de equipamentos de escrit\u00f3rio e de servi\u00e7os. <br \/>\nSkates de transfer\u00eancia de esferas Omnitrack &#8211; Fa\u00e7a o peso ficar leve!&#8221;<\/p>\n<p>A Omnitrack vende uma ampla gama de produtos para facilitar a movimenta\u00e7\u00e3o de cargas. Para saber mais sobre os produtos mais adequados para voc\u00ea, entre em contato conosco.<\/p>\n<\/div>\n<\/section>\n<section id=\"cant-find\" class=\"row cpn-section py-5 two justify-content-between\"><div class=\"col-12 col-sm-6 col-lg-7 py-lg-4 pe-lg-5\">\n<h3 class=\"fontSize-2 fontSize-md-1\">N\u00e3o encontrou o que procura?<\/h3>\n<p class=\"fontSize-4\">Tente pesquisar por palavras-chave, n\u00fameros de produto, carga, tipos de fixa\u00e7\u00e3o.<\/p>\n<div class=\"input-group\"><form class=\"form-search\"><div class=\"input-group\">  <input type=\"text\" name=\"s\" class=\"form-control field\" placeholder=\"Pesquisar n.\u00ba do produto\">  <input type=\"hidden\" name=\"post-type\" value=\"product\"><\/div><\/form><\/div>\n<\/div>\n<div class=\"col-12 col-sm-6 col-lg-5 py-lg-4 pt-4 pt-sm-0\">\n<h3 class=\"fontSize-2 fontSize-md-1\">Consultoria t\u00e9cnica gratuita<\/h3>\n<p class=\"fontSize-4\">Telefone: <b><a href=\"tel:+551143496211\">+55 11 4349 6211<\/a><\/b><\/p>\n<p class=\"fontSize-4\">Email: <b><a href=\"mailto:info@omnitrack.com\">info@omnitrack.com<\/a><\/b><\/p>\n<div class=\"mt-4\"> <a class=\"btn-ot green me-2 mb-3 mb-md-0 w100-mobile\" href=\"https:\/\/wa.me\/447759128207\" target=\"_blank\" rel=\"noopener\"><img decoding=\"async\" loading=\"lazy\" src=\"https:\/\/www.omnitrack.com\/wp-content\/themes\/omnitrack2023\/images\/icon-whatsapp.svg\"  alt=\"WhatsApp Omnitrack\"  \/> WhatsApp<\/a> <a class=\"btn-ot w100-mobile\" href=\"https:\/\/calendly.com\/omnitrack\/15min\" target=\"_blank\" rel=\"noopener\"><img decoding=\"async\" loading=\"lazy\" src=\"https:\/\/www.omnitrack.com\/wp-content\/themes\/omnitrack2023\/images\/icon-schedule.svg\"  alt=\"Agendar uma chamada com a Omnitrack\"  \/> Agendar uma chamada<\/a><\/div>\n<\/div>\n<\/section>\n","protected":false},"excerpt":{"rendered":"<p>O furo de passagem de 12,7mm de di\u00e2metro facilita: Parafuso de cabe\u00e7a sextavada para fixa\u00e7\u00e3o permanente. Placa de carga BL2 (opcional). Os skates de transfer\u00eancia de esferas se encaixam nas pernas das estantes de supermercados cantilever, permitindo que corredores inteiros (carregados) com cada se\u00e7\u00e3o pesando at\u00e9 3.000kg sejam movidos rapidamente. Uma vez que o corredor [&hellip;]<\/p>\n","protected":false},"author":7,"featured_media":0,"parent":102864,"menu_order":0,"comment_status":"closed","ping_status":"closed","template":"page-skates.php","meta":{"inline_featured_image":false,"footnotes":""},"class_list":["post-102876","page","type-page","status-publish","hentry"],"acf":[],"_links":{"self":[{"href":"https:\/\/www.omnitrack.com\/br\/wp-json\/wp\/v2\/pages\/102876","targetHints":{"allow":["GET"]}}],"collection":[{"href":"https:\/\/www.omnitrack.com\/br\/wp-json\/wp\/v2\/pages"}],"about":[{"href":"https:\/\/www.omnitrack.com\/br\/wp-json\/wp\/v2\/types\/page"}],"author":[{"embeddable":true,"href":"https:\/\/www.omnitrack.com\/br\/wp-json\/wp\/v2\/users\/7"}],"replies":[{"embeddable":true,"href":"https:\/\/www.omnitrack.com\/br\/wp-json\/wp\/v2\/comments?post=102876"}],"version-history":[{"count":3,"href":"https:\/\/www.omnitrack.com\/br\/wp-json\/wp\/v2\/pages\/102876\/revisions"}],"predecessor-version":[{"id":106418,"href":"https:\/\/www.omnitrack.com\/br\/wp-json\/wp\/v2\/pages\/102876\/revisions\/106418"}],"up":[{"embeddable":true,"href":"https:\/\/www.omnitrack.com\/br\/wp-json\/wp\/v2\/pages\/102864"}],"wp:attachment":[{"href":"https:\/\/www.omnitrack.com\/br\/wp-json\/wp\/v2\/media?parent=102876"}],"curies":[{"name":"wp","href":"https:\/\/api.w.org\/{rel}","templated":true}]}}