{"id":102875,"date":"2023-02-08T00:55:32","date_gmt":"2023-02-08T00:55:32","guid":{"rendered":"https:\/\/www.omnitrack.com\/ball-transfer-units\/heavy-duty\/service-kits\/"},"modified":"2024-08-26T16:28:03","modified_gmt":"2024-08-26T16:28:03","slug":"kits-de-manutencao","status":"publish","type":"page","link":"https:\/\/www.omnitrack.com\/br\/unidades-de-transferencia-de-esferas\/carga-pesada\/kits-de-manutencao\/","title":{"rendered":"Kits de manuten\u00e7\u00e3o"},"content":{"rendered":"<section id=\"service-kits-one\" class=\"row cpn-section pb-4\"> <div class=\"col\"> <div class=\"row mb-3\"> <div class=\"col col-lg-5 col-xl-6 col-xxl-7 fontSize-4\"> <nav class=\"breadcrumb\"><\/nav> <h1>Kits de manuten\u00e7\u00e3o<\/h1> <p><a href=\"https:\/\/www.omnitrack.com\/br\/unidades-de-transferencia-de-esferas\/\">Unidades de transfer\u00eancia de esferas<\/a> da s\u00e9rie 9000 para servi\u00e7o pesado da Omnitrack &#8211; Em produ\u00e7\u00e3o cont\u00ednua desde 1954. Restaure o desempenho em quest\u00e3o de minutos usando os kits de manuten\u00e7\u00e3o S1 e S2, que oferecem dois n\u00edveis de componentes e instru\u00e7\u00f5es completas.<\/p> <p>Servi\u00e7o de recondicionamento de f\u00e1brica para unidades personalizadas e com mola, pois elas podem exigir ferramentas espec\u00edficas para uma desmontagem segura.<\/p> <p>Para fazer o pedido, informe o n\u00famero original da pe\u00e7a, qualquer marca de identifica\u00e7\u00e3o e o kit de manuten\u00e7\u00e3o necess\u00e1rio, por exemplo, S1-9241. Em caso de d\u00favida, entre em <a href=\"https:\/\/www.omnitrack.com\/br\/entre-em-contato\/\">contato<\/a> e n\u00f3s o manteremos rolando!<\/p> <\/div> <div class=\"col col-lg-7 col-xl-6 col-xxl-5\"><img loading=\"lazy\" decoding=\"async\" class=\"img-fluid alignnone wp-image-79735 size-full\" src=\"https:\/\/www.omnitrack.com\/wp-content\/uploads\/2023\/03\/Service_Kits_3.webp\" alt=\"Kits de manuten\u00e7\u00e3o\" width=\"469\" height=\"345\" srcset=\"https:\/\/www.omnitrack.com\/wp-content\/uploads\/2023\/03\/Service_Kits_3.webp 469w, https:\/\/www.omnitrack.com\/wp-content\/uploads\/2023\/03\/Service_Kits_3-300x221.webp 300w\" sizes=\"auto, (max-width: 469px) 100vw, 469px\" \/><\/div> <\/div> <div class=\"row text-center\"><div class=\"col\">\n<p><img loading=\"lazy\" decoding=\"async\" class=\"img-fluid alignnone wp-image-79738 size-full\" src=\"https:\/\/www.omnitrack.com\/wp-content\/uploads\/2023\/03\/service_kits-circlip.webp\" alt=\"Anel de reten\u00e7\u00e3o\" width=\"141\" height=\"140\" srcset=\"https:\/\/www.omnitrack.com\/wp-content\/uploads\/2023\/03\/service_kits-circlip.webp 141w, https:\/\/www.omnitrack.com\/wp-content\/uploads\/2023\/03\/service_kits-circlip-100x100.webp 100w\" sizes=\"auto, (max-width: 141px) 100vw, 141px\" \/><\/p>\n<h4 class=\"fontSize-5\">1 &#8211; Anel de reten\u00e7\u00e3o<\/h4>\n<div><span class=\"tag blue\">S2<\/span><\/div>\n<p>&nbsp;<\/p>\n<\/div>\n<div class=\"col\">\n<p><img loading=\"lazy\" decoding=\"async\" class=\"img-fluid alignnone wp-image-79739 size-full\" src=\"https:\/\/www.omnitrack.com\/wp-content\/uploads\/2023\/03\/service_kits-top_cap.webp\" alt=\"Tampa superior\" width=\"141\" height=\"140\" srcset=\"https:\/\/www.omnitrack.com\/wp-content\/uploads\/2023\/03\/service_kits-top_cap.webp 141w, https:\/\/www.omnitrack.com\/wp-content\/uploads\/2023\/03\/service_kits-top_cap-100x100.webp 100w\" sizes=\"auto, (max-width: 141px) 100vw, 141px\" \/><\/p>\n<h4 class=\"fontSize-5\">2 &#8211; Tampa superior<\/h4>\n<div>\u00a0<\/div>\n<p>&nbsp;<\/p>\n<\/div>\n<div class=\"col\">\n<p><img loading=\"lazy\" decoding=\"async\" class=\"img-fluid alignnone wp-image-79740 size-full\" src=\"https:\/\/www.omnitrack.com\/wp-content\/uploads\/2023\/03\/service_kits-felt_seal.webp\" alt=\"Feltro de veda\u00e7\u00e3o\" width=\"141\" height=\"140\" srcset=\"https:\/\/www.omnitrack.com\/wp-content\/uploads\/2023\/03\/service_kits-felt_seal.webp 141w, https:\/\/www.omnitrack.com\/wp-content\/uploads\/2023\/03\/service_kits-felt_seal-100x100.webp 100w\" sizes=\"auto, (max-width: 141px) 100vw, 141px\" \/><\/p>\n<h4 class=\"fontSize-5\">3 &#8211; Arruela de feltro<\/h4>\n<div><span class=\"tag green\">S1<\/span><span class=\"tag blue\">S2<\/span><\/div>\n<p><small>(\u00d8 das esferas &gt; 12.7 mm)<\/small><\/p>\n<\/div>\n<div class=\"col\">\n<p><img loading=\"lazy\" decoding=\"async\" class=\"img-fluid alignnone wp-image-79741 size-full\" src=\"https:\/\/www.omnitrack.com\/wp-content\/uploads\/2023\/03\/service_kits-main_ball.webp\" alt=\"Esfera principal\" width=\"141\" height=\"140\" srcset=\"https:\/\/www.omnitrack.com\/wp-content\/uploads\/2023\/03\/service_kits-main_ball.webp 141w, https:\/\/www.omnitrack.com\/wp-content\/uploads\/2023\/03\/service_kits-main_ball-100x100.webp 100w\" sizes=\"auto, (max-width: 141px) 100vw, 141px\" \/><\/p>\n<h4 class=\"fontSize-5\">4 &#8211; Esfera principal<\/h4>\n<div><span class=\"tag green\">S1<\/span><span class=\"tag blue\">S2<\/span><\/div>\n<p>&nbsp;<\/p>\n<\/div>\n<div class=\"col\">\n<p><img loading=\"lazy\" decoding=\"async\" class=\"img-fluid alignnone wp-image-79742 size-full\" src=\"https:\/\/www.omnitrack.com\/wp-content\/uploads\/2023\/03\/service_kits-recirculating_balls.webp\" alt=\"Esferas de recircula\u00e7\u00e3o\" width=\"141\" height=\"140\" srcset=\"https:\/\/www.omnitrack.com\/wp-content\/uploads\/2023\/03\/service_kits-recirculating_balls.webp 141w, https:\/\/www.omnitrack.com\/wp-content\/uploads\/2023\/03\/service_kits-recirculating_balls-100x100.webp 100w\" sizes=\"auto, (max-width: 141px) 100vw, 141px\" \/><\/p>\n<h4 class=\"fontSize-5\">5 &#8211; Esferas de recircula\u00e7\u00e3o<\/h4>\n<div><span class=\"tag green\">S1<\/span><span class=\"tag blue\">S2<\/span><\/div>\n<p>&nbsp;<\/p>\n<\/div>\n<div class=\"col\">\n<p><img loading=\"lazy\" decoding=\"async\" class=\"img-fluid alignnone wp-image-79743 size-full\" src=\"https:\/\/www.omnitrack.com\/wp-content\/uploads\/2023\/03\/service_kits-retainer.webp\" alt=\"Retentor\" width=\"141\" height=\"140\" srcset=\"https:\/\/www.omnitrack.com\/wp-content\/uploads\/2023\/03\/service_kits-retainer.webp 141w, https:\/\/www.omnitrack.com\/wp-content\/uploads\/2023\/03\/service_kits-retainer-100x100.webp 100w\" sizes=\"auto, (max-width: 141px) 100vw, 141px\" \/><\/p>\n<h4 class=\"fontSize-5\">6 &#8211; Retentor<\/h4>\n<div><span class=\"tag blue\">S2<\/span><\/div>\n<p>&nbsp;<\/p>\n<\/div>\n<div class=\"col\">\n<p><img loading=\"lazy\" decoding=\"async\" class=\"img-fluid alignnone wp-image-79744 size-full\" src=\"https:\/\/www.omnitrack.com\/wp-content\/uploads\/2023\/03\/service_kits-table.webp\" alt=\"Mesa\" width=\"141\" height=\"140\" srcset=\"https:\/\/www.omnitrack.com\/wp-content\/uploads\/2023\/03\/service_kits-table.webp 141w, https:\/\/www.omnitrack.com\/wp-content\/uploads\/2023\/03\/service_kits-table-100x100.webp 100w\" sizes=\"auto, (max-width: 141px) 100vw, 141px\" \/><\/p>\n<h4 class=\"fontSize-5\">7 &#8211; Mesa<\/h4>\n<div><span class=\"tag blue\">S2<\/span><\/div>\n<p>&nbsp;<\/p>\n<\/div>\n<\/div> <div class=\"row\"> <div class=\"col-12 col-sm text-center\"><img loading=\"lazy\" decoding=\"async\" class=\"img-fluid d-sm-none alignnone wp-image-83577 size-full\" src=\"https:\/\/www.omnitrack.com\/wp-content\/uploads\/2023\/01\/dismantle-assemble-mobile.webp\" alt=\"Diagrama de montagem e desmontagem\" width=\"1062\" height=\"123\" srcset=\"https:\/\/www.omnitrack.com\/wp-content\/uploads\/2023\/01\/dismantle-assemble-mobile.webp 1062w, https:\/\/www.omnitrack.com\/wp-content\/uploads\/2023\/01\/dismantle-assemble-mobile-300x35.webp 300w, https:\/\/www.omnitrack.com\/wp-content\/uploads\/2023\/01\/dismantle-assemble-mobile-1024x119.webp 1024w, https:\/\/www.omnitrack.com\/wp-content\/uploads\/2023\/01\/dismantle-assemble-mobile-768x89.webp 768w, https:\/\/www.omnitrack.com\/wp-content\/uploads\/2023\/01\/dismantle-assemble-mobile-600x69.webp 600w\" sizes=\"auto, (max-width: 1062px) 100vw, 1062px\" \/> <img loading=\"lazy\" decoding=\"async\" class=\"img-fluid d-none d-sm-inline-block alignnone wp-image-79712 size-full\" src=\"https:\/\/www.omnitrack.com\/wp-content\/uploads\/2024\/08\/dismantle_assemble_pt.webp\" alt=\"Diagrama de montagem e desmontagem\" width=\"2000\" height=\"123\" \/><\/div> <\/div> <div class=\"row\" style=\"margin-top: 40px;\"> <div class=\"ratio ratio-16x9\"><iframe title=\"YouTube video player\" frameborder=\"0\" allowfullscreen=\"allowfullscreen\" class=\" lozad\" data-src=\"https:\/\/www.youtube.com\/embed\/VrG0_ktmKHE?si=vKUquimQAEdlOTNF\"><\/iframe><\/div> <\/div> <\/div> <\/section> <div class=\"row cpn-section\"> <div class=\"col\"> <hr \/> <\/div> <\/div> <section class=\"row cpn-section pt-4 pb-5\"> <div class=\"col fontSize-4\"> <h2>Kits de manuten\u00e7\u00e3o de transfer\u00eancia de esferas da Omnitrack<\/h2> <p>Restaure rapidamente o desempenho das <a href=\"https:\/\/www.omnitrack.com\/br\/unidades-de-transferencia-de-esferas\/carga-pesada\/80-90-series-push-fit\/\">unidades de transfer\u00eancias de esferas da s\u00e9rie 9000<\/a> em quest\u00e3o de minutos usando os kits de manuten\u00e7\u00e3o &#8216;S1&#8217; e &#8216;S2&#8217;, que oferecem dois n\u00edveis de pe\u00e7as de reposi\u00e7\u00e3o e instru\u00e7\u00f5es completas de revis\u00e3o.<\/p> <p>Ao usar unidades esf\u00e9ricas em condi\u00e7\u00f5es \u00e1rduas ou extremas, sugerimos o estoque de kits de manuten\u00e7\u00e3o. Na eventualidade de uma falha imprevista, voc\u00ea poder\u00e1 voltar a rodar em poucos minutos &#8211; independente do que aconte\u00e7a.<\/p> <p>As esferas de transfer\u00eancia para servi\u00e7os pesados da s\u00e9rie 9000 podem ser desmontadas com seguran\u00e7a em poucos minutos, seguindo as instru\u00e7\u00f5es ou assistindo ao nosso v\u00eddeo. Depois que o clipe de reten\u00e7\u00e3o &#8220;spirolox&#8221; \u00e9 removido, as pe\u00e7as componentes podem ser facilmente desmontadas ao colocar a unidade de ponta-cabe\u00e7a sobre uma superf\u00edcie coletora adequada. A anilha de reten\u00e7\u00e3o spirolox \u00e9 como o anel usado em muitos chaveiros, por isso \u00e9 f\u00e1cil de remover e reciclar quando usada v\u00e1rias vezes.<\/p> <p>Cada um dos kits de manuten\u00e7\u00e3o cont\u00e9m as pe\u00e7as sobressalentes relevantes, pr\u00e9-testadas e limpas na f\u00e1brica, prontas para serem remontadas. Duas partes essenciais da montagem (dependendo do n\u00edvel de pe\u00e7as de reposi\u00e7\u00e3o que voc\u00ea especificar) sempre precisar\u00e3o de limpeza antes da remontagem. Fabricamos desde 1909 e temos o compromisso de mant\u00ea-lo rodando!<\/p> <p>Temos o compromisso de reciclar os componentes que n\u00e3o foram submetidos a desgaste, pois acreditamos que somente substitu\u00edmos pe\u00e7as que estejam prejudicando o desempenho. O design robusto e a escolha de materiais de primeira qualidade permitem isso.<\/p> <p>Oferecemos um servi\u00e7o completo de recondicionamento de f\u00e1brica para unidades personalizadas e com mola, pois elas frequentemente exigem ferramentas espec\u00edficas para uma desmontagem segura. Nos casos em que os clientes n\u00e3o podem devolver as unidades para o recondicionamento de f\u00e1brica, n\u00f3s podemos assistir o processo de substitui\u00e7\u00e3o de pe\u00e7as a dist\u00e2ncia. Para isso precisaremos saber se voc\u00ea tem uma oficina com os equipamentos adequados e funcion\u00e1rios tecnicamente competentes. Queremos ajudar sempre que poss\u00edvel. Esse n\u00edvel de servi\u00e7o \u00e9 uma prova de nosso compromisso com nossos valiosos clientes.<\/p> <p>Nossas unidades para servi\u00e7os pesados est\u00e3o em produ\u00e7\u00e3o cont\u00ednua desde 1954 e temos orgulho de nosso arquivo t\u00e9cnico, que cont\u00e9m a maioria dos desenhos de todos os modelos produzidos. Tamb\u00e9m mantemos projetos sob medida\/personalizados destinados e produzidos especialmente para uma aplica\u00e7\u00e3o ou projeto espec\u00edfico. Isso significa que podemos produzir kits de manuten\u00e7\u00e3o com pe\u00e7as de reposi\u00e7\u00e3o originais para a maioria dos modelos.<\/p> <p>Para fazer o pedido, informe o n\u00famero original da pe\u00e7a, qualquer marca de identifica\u00e7\u00e3o e os kits de manuten\u00e7\u00e3o necess\u00e1rios, por exemplo, S1-9241.<\/p> <p>Se o n\u00famero da pe\u00e7a n\u00e3o estiver vis\u00edvel ou presente, geralmente podemos identificar a maioria das unidades com nossa equipe de engenheiros, cuja base de conhecimento abrange mais de 4 gera\u00e7\u00f5es. Uma fotografia ou um esbo\u00e7o geralmente \u00e9 suficiente.<\/p> <p>Em caso de d\u00favida, <a href=\"https:\/\/www.omnitrack.com\/br\/entre-em-contato\/\">entre em contato<\/a> e n\u00f3s o manteremos rolando!<\/p> <\/div> <\/section> <section id=\"cant-find\" class=\"row cpn-section py-5 two justify-content-between\"><div class=\"col-12 col-sm-6 col-lg-7 py-lg-4 pe-lg-5\">\n<h3 class=\"fontSize-2 fontSize-md-1\">N\u00e3o encontrou o que procura?<\/h3>\n<p class=\"fontSize-4\">Tente pesquisar por palavras-chave, n\u00fameros de produto, carga, tipos de fixa\u00e7\u00e3o.<\/p>\n<div class=\"input-group\"><form class=\"form-search\"><div class=\"input-group\">  <input type=\"text\" name=\"s\" class=\"form-control field\" placeholder=\"Pesquisar n.\u00ba do produto\">  <input type=\"hidden\" name=\"post-type\" value=\"product\"><\/div><\/form><\/div>\n<\/div>\n<div class=\"col-12 col-sm-6 col-lg-5 py-lg-4 pt-4 pt-sm-0\">\n<h3 class=\"fontSize-2 fontSize-md-1\">Consultoria t\u00e9cnica gratuita<\/h3>\n<p class=\"fontSize-4\">Telefone: <b><a href=\"tel:+551143496211\">+55 11 4349 6211<\/a><\/b><\/p>\n<p class=\"fontSize-4\">Email: <b><a href=\"mailto:info@omnitrack.com\">info@omnitrack.com<\/a><\/b><\/p>\n<div class=\"mt-4\"> <a class=\"btn-ot green me-2 mb-3 mb-md-0 w100-mobile\" href=\"https:\/\/wa.me\/447759128207\" target=\"_blank\" rel=\"noopener\"><img decoding=\"async\" loading=\"lazy\" src=\"https:\/\/www.omnitrack.com\/wp-content\/themes\/omnitrack2023\/images\/icon-whatsapp.svg\"  alt=\"WhatsApp Omnitrack\"  \/> WhatsApp<\/a> <a class=\"btn-ot w100-mobile\" href=\"https:\/\/calendly.com\/omnitrack\/15min\" target=\"_blank\" rel=\"noopener\"><img decoding=\"async\" loading=\"lazy\" src=\"https:\/\/www.omnitrack.com\/wp-content\/themes\/omnitrack2023\/images\/icon-schedule.svg\"  alt=\"Agendar uma chamada com a Omnitrack\"  \/> Agendar uma chamada<\/a><\/div>\n<\/div>\n<\/section> ","protected":false},"excerpt":{"rendered":"<p>Kits de manuten\u00e7\u00e3o Unidades de transfer\u00eancia de esferas da s\u00e9rie 9000 para servi\u00e7o pesado da Omnitrack &#8211; Em produ\u00e7\u00e3o cont\u00ednua desde 1954. Restaure o desempenho em quest\u00e3o de minutos usando os kits de manuten\u00e7\u00e3o S1 e S2, que oferecem dois n\u00edveis de componentes e instru\u00e7\u00f5es completas. Servi\u00e7o de recondicionamento de f\u00e1brica para unidades personalizadas e [&hellip;]<\/p>\n","protected":false},"author":7,"featured_media":0,"parent":102857,"menu_order":0,"comment_status":"closed","ping_status":"closed","template":"","meta":{"inline_featured_image":false,"footnotes":""},"class_list":["post-102875","page","type-page","status-publish","hentry"],"acf":[],"_links":{"self":[{"href":"https:\/\/www.omnitrack.com\/br\/wp-json\/wp\/v2\/pages\/102875","targetHints":{"allow":["GET"]}}],"collection":[{"href":"https:\/\/www.omnitrack.com\/br\/wp-json\/wp\/v2\/pages"}],"about":[{"href":"https:\/\/www.omnitrack.com\/br\/wp-json\/wp\/v2\/types\/page"}],"author":[{"embeddable":true,"href":"https:\/\/www.omnitrack.com\/br\/wp-json\/wp\/v2\/users\/7"}],"replies":[{"embeddable":true,"href":"https:\/\/www.omnitrack.com\/br\/wp-json\/wp\/v2\/comments?post=102875"}],"version-history":[{"count":4,"href":"https:\/\/www.omnitrack.com\/br\/wp-json\/wp\/v2\/pages\/102875\/revisions"}],"predecessor-version":[{"id":105587,"href":"https:\/\/www.omnitrack.com\/br\/wp-json\/wp\/v2\/pages\/102875\/revisions\/105587"}],"up":[{"embeddable":true,"href":"https:\/\/www.omnitrack.com\/br\/wp-json\/wp\/v2\/pages\/102857"}],"wp:attachment":[{"href":"https:\/\/www.omnitrack.com\/br\/wp-json\/wp\/v2\/media?parent=102875"}],"curies":[{"name":"wp","href":"https:\/\/api.w.org\/{rel}","templated":true}]}}