{"id":102873,"date":"2023-03-07T18:59:04","date_gmt":"2023-03-07T18:59:04","guid":{"rendered":"https:\/\/www.omnitrack.com\/ball-transfer-units\/light-duty\/ball-transfer-rails\/"},"modified":"2024-09-06T15:07:44","modified_gmt":"2024-09-06T15:07:44","slug":"trilhos-de-esferas-transferidoras","status":"publish","type":"page","link":"https:\/\/www.omnitrack.com\/br\/unidades-de-transferencia-de-esferas\/carga-leve\/trilhos-de-esferas-transferidoras\/","title":{"rendered":"Trilhos de esferas transferidoras"},"content":{"rendered":"<section id=\"product-presentation-one\" class=\"row cpn-section\">\n<div class=\"col\">\n<header class=\"row\">    <div class=\"col\">        <nav id=\"breadcrumb\">                    <\/nav>        <h1 class=\"fontSize-1\">Trilhos de esferas transferidoras<\/h1>    <\/div>    <\/header>\n<div class=\"row list-images image-sizes is400\" data-material=\"ST_material\">\n<div class=\"col-auto col-md col-xxl-5\">\n<div class=\"img-default\"><img loading=\"lazy\" decoding=\"async\" class=\"alignnone wp-image-80310 size-full\" src=\"https:\/\/www.omnitrack.com\/wp-content\/uploads\/2024\/09\/diagram_R15_R22_R30_pt-1.webp\" alt=\"Trilhos de esferas transferidoras \" width=\"600\" height=\"600\" data-fullsrc=\"\" \/><\/div>\n<\/div>\n<div class=\"col-auto col-md col-xxl-5\">\n<div><img loading=\"lazy\" decoding=\"async\" class=\"alignnone wp-image-80314 size-full\" src=\"https:\/\/www.omnitrack.com\/wp-content\/uploads\/2023\/03\/Rail-trio.webp\" alt=\"Trilhos de esferas transferidoras\" width=\"600\" height=\"600\" data-fullsrc=\"\" srcset=\"https:\/\/www.omnitrack.com\/wp-content\/uploads\/2023\/03\/Rail-trio.webp 600w, https:\/\/www.omnitrack.com\/wp-content\/uploads\/2023\/03\/Rail-trio-300x300.webp 300w, https:\/\/www.omnitrack.com\/wp-content\/uploads\/2023\/03\/Rail-trio-150x150.webp 150w, https:\/\/www.omnitrack.com\/wp-content\/uploads\/2023\/03\/Rail-trio-100x100.webp 100w\" sizes=\"auto, (max-width: 600px) 100vw, 600px\" \/><\/div>\n<\/div>\n<\/div>\n<\/div>\n<div class=\"col sidebar-cpn\">\n<div class=\"row\">\n<div class=\"col\"><div class=\"box-material-upgrade\">        <div class=\"form-check ps-0\">        <div class=\"d-flex flex-row justify-content-between align-items-center\">            <label class=\"form-check-label pe-2\" for=\"materialUpgrade1\" style=\"width:calc(100% - 1.5rem)\" title=\"Materiais padr\u00e3o \u2013 Esferas de a\u00e7o de carbono, tampa interna endurecida e prensas zincadas.\">                <span class=\"fontSize-6\"><b>Materiais padr\u00e3o<\/b> - Materiais padr\u00e3o \u2013 Esferas de a\u00e7o de carbono, tampa interna endurecida e prensas zincadas.<\/span>            <\/label>            <input class=\"form-check-input inputCheck\" type=\"radio\" name=\"materialUpgrade\" id=\"materialUpgrade1\" checked=\"checked\" value=\"ST_material\">        <\/div>        <h4 class=\"fontSize-3 my-3\">Op\u00e7\u00f5es de aprimoramento de material:<\/h4>        <div class=\"box-input-material-upgrade mb-2 d-flex flex-row justify-content-between\">            <label class=\"form-check-label pe-2\" for=\"materialUpgrade2\" style=\"width:calc(100% - 1.5rem)\"  title=\"Esferas de a\u00e7o inox, prensas zincadas\">                <span class=\"material material-A\">Esferas de a\u00e7o inox<\/span>            <\/label>            <input class=\"form-check-input inputCheck\" type=\"radio\" name=\"materialUpgrade\" id=\"materialUpgrade2\"  value=\"A_material\">        <\/div>        <div class=\"box-input-material-upgrade mb-2 d-flex flex-row justify-content-between\">            <label class=\"form-check-label pe-2\" for=\"materialUpgrade4\" style=\"width:calc(100% - 1.5rem)\" title=\"Esferas e prensas de a\u00e7o inox\">                <span class=\"material material-SS\">Todas as pe\u00e7as em a\u00e7o inox<\/span>            <\/label>            <input class=\"form-check-input inputCheck\" type=\"radio\" name=\"materialUpgrade\" id=\"materialUpgrade4\" value=\"SS_material\">        <\/div>        <div class=\"box-input-material-upgrade d-flex flex-row justify-content-between\">            <label class=\"form-check-label pe-2\" for=\"materialUpgrade5\" style=\"width:calc(100% - 1.5rem)\" title=\"Esfera de carga de nylon, prensas zincadas\">                <span class=\"material material-D\">Esfera principal de nylon<\/span>            <\/label>            <input class=\"form-check-input inputCheck\" type=\"radio\" name=\"materialUpgrade\" id=\"materialUpgrade5\"  value=\"D_material\">        <\/div>    <\/div><\/div><\/div>\n<\/div>\n<\/div>\n<\/section>\n<section id=\"part-table-one\" class=\"row cpn-section pb-4\">\n<div class=\"col\"><div class=\"switcher mt-3 mt-md-0 mx-2 me-sm-0 ms-sm-5\">    <div class=\"switcher-title\"><b>Alternar unidades de medida:<\/b> <\/span><\/div>    <button class=\"toggle-unit\" type=\"button\"><span class=\"switch-metric\">M\u00e9trico (mm\/kg)<\/span><span class=\"switch\"><\/span><span class=\"switch-imperial\">Imperial (pol\/lb)<\/span><\/button><\/div> [omni_render_table class-container=&#8221;table-scroll table-mobi&#8221;]<\/div>\n<\/section>\n<section id=\"icons-grid-one\" class=\"row cpn-section\">\n<div class=\"col-12 col-md-5 fontSize-4\">\n<h2>Trilhos de unidades de transfer\u00eancia de esferas da Omnitrack<\/h2>\n<p>Construa uma superf\u00edcie de transporte flex\u00edvel e sob medida configurando os trilhos de unidades transferidoras de esferas de acordo com a sua aplica\u00e7\u00e3o. Ideais em aplica\u00e7\u00f5es de armazenamento ativo, os trilhos podem ser instalados individualmente usando suportes de fixa\u00e7\u00e3o opcionais, ou podem ser aparafusados juntos, com ou sem tubos espa\u00e7adores (opcionais), para formar uma plataforma de transfer\u00eancia de esferas. Comprimentos padr\u00e3o de 400 mm e 600 mm para integra\u00e7\u00e3o r\u00e1pida com outras instala\u00e7\u00f5es de rolos de transporte. <a href=\"https:\/\/www.omnitrack.com\/br\/unidades-de-transferencia-de-esferas\/\">Unidades de transfer\u00eancia de esferas<\/a> dispon\u00edveis em materiais alternativos.<\/p>\n<\/div>\n<div class=\"col-12 col-md-7\"><img loading=\"lazy\" decoding=\"async\" class=\"img-fluid alignnone wp-image-79855 size-full\" src=\"https:\/\/www.omnitrack.com\/wp-content\/uploads\/2023\/03\/Rails-1.webp\" alt=\"Trilhos de esferas transferidoras\" width=\"1024\" height=\"500\" srcset=\"https:\/\/www.omnitrack.com\/wp-content\/uploads\/2023\/03\/Rails-1.webp 1024w, https:\/\/www.omnitrack.com\/wp-content\/uploads\/2023\/03\/Rails-1-300x146.webp 300w, https:\/\/www.omnitrack.com\/wp-content\/uploads\/2023\/03\/Rails-1-768x375.webp 768w, https:\/\/www.omnitrack.com\/wp-content\/uploads\/2023\/03\/Rails-1-600x293.webp 600w\" sizes=\"auto, (max-width: 1024px) 100vw, 1024px\" \/><\/div>\n<\/section>\n<div class=\"row cpn-section\">\n<div class=\"col\">\n<hr \/>\n<\/div>\n<\/div>\n<section class=\"row cpn-section align-items-center\">\n<div class=\"col-12 col-md-5 col-xl-6 col-xxl-6 text-center mb-3 mb-md-0\"><img loading=\"lazy\" decoding=\"async\" class=\"img-fluid alignnone wp-image-79856 size-full\" src=\"https:\/\/www.omnitrack.com\/wp-content\/uploads\/2024\/09\/fixing_brackets_pt.webp\" alt=\"Suportes de fixa\u00e7\u00e3o\" width=\"1038\" height=\"553\" \/><\/div>\n<div class=\"col-12 col-md-7 col-xl-6 col-xxl-6 ps-xxl-5 fontSize-3\">\n<h2>Fixing BracketsSuportes de fixa\u00e7\u00e3o<\/h2>\n<p>Opcional &#8211; Pe\u00e7a # RB-1 (cada)<\/p>\n<div class=\"lg download-container\"><button class=\"btn-download btn-table lilac-one\" type=\"button\" disabled>PDF<\/button> <button class=\"btn-download btn-table lilac-one\" type=\"button\" disabled>Step<\/button><!--disable purchase--><\/div>\n<\/div>\n<\/section>\n<div class=\"row cpn-section\">\n<div class=\"col\">\n<hr \/>\n<\/div>\n<\/div>\n<section class=\"row cpn-section align-items-center\">\n<div class=\"col-12 col-md-5 col-xl-6 col-xxl-6 text-center mb-3 mb-md-0\"><img loading=\"lazy\" decoding=\"async\" class=\"img-fluid alignnone wp-image-79857 size-full\" src=\"https:\/\/www.omnitrack.com\/wp-content\/uploads\/2023\/03\/Spacer-Tubes.webp\" alt=\"Tubos espa\u00e7adores dos trilhos de unidades transferidoras de esferas\" width=\"1038\" height=\"553\" srcset=\"https:\/\/www.omnitrack.com\/wp-content\/uploads\/2023\/03\/Spacer-Tubes.webp 1038w, https:\/\/www.omnitrack.com\/wp-content\/uploads\/2023\/03\/Spacer-Tubes-300x160.webp 300w, https:\/\/www.omnitrack.com\/wp-content\/uploads\/2023\/03\/Spacer-Tubes-1024x546.webp 1024w, https:\/\/www.omnitrack.com\/wp-content\/uploads\/2023\/03\/Spacer-Tubes-768x409.webp 768w, https:\/\/www.omnitrack.com\/wp-content\/uploads\/2023\/03\/Spacer-Tubes-600x320.webp 600w\" sizes=\"auto, (max-width: 1038px) 100vw, 1038px\" \/><\/div>\n<div class=\"col-12 col-md-7 col-xl-6 col-xxl-6 ps-xxl-5 fontSize-3\">\n<h2>Tubos espa\u00e7adores<\/h2>\n<p>\u00c9 poss\u00edvel unir ou espa\u00e7ar os trilhos acoplando tubos de 10 mm de \u00d8 no furos. Tubos espa\u00e7adores cortados por encomenda.<\/p>\n<\/div>\n<\/section>\n<div class=\"row cpn-section\">\n<div class=\"col\">\n<hr \/>\n<\/div>\n<\/div>\n<section id=\"also-consider\" class=\"row cpn-section pb-5\">\n<div class=\"col\">\n<div>\n<h2>Considere tamb\u00e9m<\/h2>\n<div>\t<div class=\"omni-slider omni-carousel\" >\t<ul class=\"omni-slider-track\"><li>    <a href=\"https:\/\/www.omnitrack.com\/br\/ball-transfer-units\/spring-loaded-t-b-bars\/t-b-bars\/\"><img loading=\"lazy\" decoding=\"async\" width=\"150\" height=\"150\" src=\"https:\/\/www.omnitrack.com\/wp-content\/uploads\/2023\/03\/TB-Bars.webp\" class=\"img-fluid\" alt=\"\" srcset=\"https:\/\/www.omnitrack.com\/wp-content\/uploads\/2023\/03\/TB-Bars.webp 600w, https:\/\/www.omnitrack.com\/wp-content\/uploads\/2023\/03\/TB-Bars-300x300.webp 300w, https:\/\/www.omnitrack.com\/wp-content\/uploads\/2023\/03\/TB-Bars-150x150.webp 150w, https:\/\/www.omnitrack.com\/wp-content\/uploads\/2023\/03\/TB-Bars-100x100.webp 100w\" sizes=\"auto, (max-width: 150px) 100vw, 150px\" \/><h3>Barras T<\/h3><\/a><\/li><li>    <a href=\"https:\/\/www.omnitrack.com\/br\/ball-transfer-units\/pneumatic-linear-rollers\/\"><img loading=\"lazy\" decoding=\"async\" width=\"150\" height=\"150\" src=\"https:\/\/www.omnitrack.com\/wp-content\/uploads\/2023\/03\/PW25_Up_Down.webp\" class=\"img-fluid\" alt=\"Transfer Unit\" srcset=\"https:\/\/www.omnitrack.com\/wp-content\/uploads\/2023\/03\/PW25_Up_Down.webp 600w, https:\/\/www.omnitrack.com\/wp-content\/uploads\/2023\/03\/PW25_Up_Down-300x300.webp 300w, https:\/\/www.omnitrack.com\/wp-content\/uploads\/2023\/03\/PW25_Up_Down-150x150.webp 150w, https:\/\/www.omnitrack.com\/wp-content\/uploads\/2023\/03\/PW25_Up_Down-100x100.webp 100w\" sizes=\"auto, (max-width: 150px) 100vw, 150px\" \/><h3>PW25<\/h3><\/a><\/li><li>    <a href=\"https:\/\/www.omnitrack.com\/br\/ball-transfer-units\/light-duty\/lf-series-flange-mounted\/\"><img loading=\"lazy\" decoding=\"async\" width=\"150\" height=\"150\" src=\"https:\/\/www.omnitrack.com\/wp-content\/uploads\/2023\/03\/LF-25.webp\" class=\"img-fluid\" alt=\"Nut\" srcset=\"https:\/\/www.omnitrack.com\/wp-content\/uploads\/2023\/03\/LF-25.webp 600w, https:\/\/www.omnitrack.com\/wp-content\/uploads\/2023\/03\/LF-25-300x300.webp 300w, https:\/\/www.omnitrack.com\/wp-content\/uploads\/2023\/03\/LF-25-150x150.webp 150w, https:\/\/www.omnitrack.com\/wp-content\/uploads\/2023\/03\/LF-25-100x100.webp 100w\" sizes=\"auto, (max-width: 150px) 100vw, 150px\" \/><h3>LF25<\/h3><\/a><\/li><li>    <a href=\"https:\/\/www.omnitrack.com\/br\/ball-transfer-units\/heavy-duty\/86-96-series-spring-loaded-flange-socket\/\"><img loading=\"lazy\" decoding=\"async\" width=\"150\" height=\"150\" src=\"https:\/\/www.omnitrack.com\/wp-content\/uploads\/2023\/03\/96.webp\" class=\"img-fluid\" alt=\"\" srcset=\"https:\/\/www.omnitrack.com\/wp-content\/uploads\/2023\/03\/96.webp 800w, https:\/\/www.omnitrack.com\/wp-content\/uploads\/2023\/03\/96-300x300.webp 300w, https:\/\/www.omnitrack.com\/wp-content\/uploads\/2023\/03\/96-150x150.webp 150w, https:\/\/www.omnitrack.com\/wp-content\/uploads\/2023\/03\/96-768x768.webp 768w, https:\/\/www.omnitrack.com\/wp-content\/uploads\/2023\/03\/96-600x600.webp 600w, https:\/\/www.omnitrack.com\/wp-content\/uploads\/2023\/03\/96-100x100.webp 100w\" sizes=\"auto, (max-width: 150px) 100vw, 150px\" \/><h3>S\u00e9rie 96<\/h3><\/a><\/li><li>    <a href=\"https:\/\/www.omnitrack.com\/br\/ball-transfer-units\/pneumatic-rails\/\"><img loading=\"lazy\" decoding=\"async\" width=\"150\" height=\"150\" src=\"https:\/\/www.omnitrack.com\/wp-content\/uploads\/2023\/03\/Pneumatic_Rails.webp\" class=\"img-fluid\" alt=\"\" srcset=\"https:\/\/www.omnitrack.com\/wp-content\/uploads\/2023\/03\/Pneumatic_Rails.webp 420w, https:\/\/www.omnitrack.com\/wp-content\/uploads\/2023\/03\/Pneumatic_Rails-300x300.webp 300w, https:\/\/www.omnitrack.com\/wp-content\/uploads\/2023\/03\/Pneumatic_Rails-150x150.webp 150w, https:\/\/www.omnitrack.com\/wp-content\/uploads\/2023\/03\/Pneumatic_Rails-100x100.webp 100w\" sizes=\"auto, (max-width: 150px) 100vw, 150px\" \/><h3>PB25 \/ PS25<\/h3><\/a><\/li><li>    <a href=\"https:\/\/www.omnitrack.com\/br\/ball-transfer-units\/light-duty\/l-series-push-fit-clip-fixing-range\/\"><img loading=\"lazy\" decoding=\"async\" width=\"150\" height=\"150\" src=\"https:\/\/www.omnitrack.com\/wp-content\/uploads\/2023\/03\/L.webp\" class=\"img-fluid\" alt=\"\" srcset=\"https:\/\/www.omnitrack.com\/wp-content\/uploads\/2023\/03\/L.webp 800w, https:\/\/www.omnitrack.com\/wp-content\/uploads\/2023\/03\/L-300x300.webp 300w, https:\/\/www.omnitrack.com\/wp-content\/uploads\/2023\/03\/L-150x150.webp 150w, https:\/\/www.omnitrack.com\/wp-content\/uploads\/2023\/03\/L-768x768.webp 768w, https:\/\/www.omnitrack.com\/wp-content\/uploads\/2023\/03\/L-600x600.webp 600w, https:\/\/www.omnitrack.com\/wp-content\/uploads\/2023\/03\/L-100x100.webp 100w\" sizes=\"auto, (max-width: 150px) 100vw, 150px\" \/><h3>L30<\/h3><\/a><\/li>\t<\/ul><div class=\"omni-slider-controls\"><button class=\"omni-slider-prev\"><img src=\"https:\/\/www.omnitrack.com\/wp-content\/themes\/omnitrack2023\/images\/icon-arrow-blue-left.svg\" alt=\"Arrow left icon\" decoding=\"async\" loading=\"lazy\" alt=\"Arrow left icon\"><\/button> <button class=\"omni-slider-next\"><img src=\"https:\/\/www.omnitrack.com\/wp-content\/themes\/omnitrack2023\/images\/icon-arrow-blue-right.svg\" decoding=\"async\" loading=\"lazy\" alt=\"Arrow right icon\"><\/button><\/div><\/div><\/div>\n<\/div>\n<\/div>\n<\/section>\n<section id=\"cant-find\" class=\"row cpn-section py-5 two justify-content-between\"><div class=\"col-12 col-sm-6 col-lg-7 py-lg-4 pe-lg-5\">\n<h3 class=\"fontSize-2 fontSize-md-1\">N\u00e3o encontrou o que procura?<\/h3>\n<p class=\"fontSize-4\">Tente pesquisar por palavras-chave, n\u00fameros de produto, carga, tipos de fixa\u00e7\u00e3o.<\/p>\n<div class=\"input-group\"><form class=\"form-search\"><div class=\"input-group\">  <input type=\"text\" name=\"s\" class=\"form-control field\" placeholder=\"Pesquisar n.\u00ba do produto\">  <input type=\"hidden\" name=\"post-type\" value=\"product\"><\/div><\/form><\/div>\n<\/div>\n<div class=\"col-12 col-sm-6 col-lg-5 py-lg-4 pt-4 pt-sm-0\">\n<h3 class=\"fontSize-2 fontSize-md-1\">Consultoria t\u00e9cnica gratuita<\/h3>\n<p class=\"fontSize-4\">Telefone: <b><a href=\"tel:+551143496211\">+55 11 4349 6211<\/a><\/b><\/p>\n<p class=\"fontSize-4\">Email: <b><a href=\"mailto:info@omnitrack.com\">info@omnitrack.com<\/a><\/b><\/p>\n<div class=\"mt-4\"> <a class=\"btn-ot green me-2 mb-3 mb-md-0 w100-mobile\" href=\"https:\/\/wa.me\/447759128207\" target=\"_blank\" rel=\"noopener\"><img decoding=\"async\" loading=\"lazy\" src=\"https:\/\/www.omnitrack.com\/wp-content\/themes\/omnitrack2023\/images\/icon-whatsapp.svg\"  alt=\"WhatsApp Omnitrack\"  \/> WhatsApp<\/a> <a class=\"btn-ot w100-mobile\" href=\"https:\/\/calendly.com\/omnitrack\/15min\" target=\"_blank\" rel=\"noopener\"><img decoding=\"async\" loading=\"lazy\" src=\"https:\/\/www.omnitrack.com\/wp-content\/themes\/omnitrack2023\/images\/icon-schedule.svg\"  alt=\"Agendar uma chamada com a Omnitrack\"  \/> Agendar uma chamada<\/a><\/div>\n<\/div>\n<\/section>\n","protected":false},"excerpt":{"rendered":"<p>[omni_render_table class-container=&#8221;table-scroll table-mobi&#8221;] Trilhos de unidades de transfer\u00eancia de esferas da Omnitrack Construa uma superf\u00edcie de transporte flex\u00edvel e sob medida configurando os trilhos de unidades transferidoras de esferas de acordo com a sua aplica\u00e7\u00e3o. Ideais em aplica\u00e7\u00f5es de armazenamento ativo, os trilhos podem ser instalados individualmente usando suportes de fixa\u00e7\u00e3o opcionais, ou podem ser [&hellip;]<\/p>\n","protected":false},"author":7,"featured_media":0,"parent":102855,"menu_order":0,"comment_status":"closed","ping_status":"closed","template":"page-ball-transfer-rails.php","meta":{"inline_featured_image":false,"footnotes":""},"class_list":["post-102873","page","type-page","status-publish","hentry"],"acf":[],"_links":{"self":[{"href":"https:\/\/www.omnitrack.com\/br\/wp-json\/wp\/v2\/pages\/102873","targetHints":{"allow":["GET"]}}],"collection":[{"href":"https:\/\/www.omnitrack.com\/br\/wp-json\/wp\/v2\/pages"}],"about":[{"href":"https:\/\/www.omnitrack.com\/br\/wp-json\/wp\/v2\/types\/page"}],"author":[{"embeddable":true,"href":"https:\/\/www.omnitrack.com\/br\/wp-json\/wp\/v2\/users\/7"}],"replies":[{"embeddable":true,"href":"https:\/\/www.omnitrack.com\/br\/wp-json\/wp\/v2\/comments?post=102873"}],"version-history":[{"count":3,"href":"https:\/\/www.omnitrack.com\/br\/wp-json\/wp\/v2\/pages\/102873\/revisions"}],"predecessor-version":[{"id":106331,"href":"https:\/\/www.omnitrack.com\/br\/wp-json\/wp\/v2\/pages\/102873\/revisions\/106331"}],"up":[{"embeddable":true,"href":"https:\/\/www.omnitrack.com\/br\/wp-json\/wp\/v2\/pages\/102855"}],"wp:attachment":[{"href":"https:\/\/www.omnitrack.com\/br\/wp-json\/wp\/v2\/media?parent=102873"}],"curies":[{"name":"wp","href":"https:\/\/api.w.org\/{rel}","templated":true}]}}