{"id":102866,"date":"2023-02-08T00:50:57","date_gmt":"2023-02-08T00:50:57","guid":{"rendered":"https:\/\/www.omnitrack.com\/wheels-castors\/flexible-conveyors\/"},"modified":"2024-09-03T12:25:11","modified_gmt":"2024-09-03T12:25:11","slug":"transportadores-flexiveis","status":"publish","type":"page","link":"https:\/\/www.omnitrack.com\/br\/rodas-e-rolamentos\/transportadores-flexiveis\/","title":{"rendered":"Transportadores flex\u00edveis"},"content":{"rendered":"<section class=\"row cpn-section\">\n<div class=\"col-12\"><header class=\"row\">    <div class=\"col\">        <nav id=\"breadcrumb\">                    <\/nav>        <h1 class=\"fontSize-1\">Transportadores flex\u00edveis<\/h1>    <\/div>    <\/header><\/div>\n<div class=\"col-12 col-lg-7\">\n<p>Transportadores flex\u00edveis Omnitrack \u2013 M\u00f3dulos vers\u00e1teis e m\u00f3veis. Os transportadores compactos se estendem at\u00e9 3,6 vezes seu comprimento retra\u00eddo e os rolamentos robustos podem ser travados depois de posicionados. Todos os modelos t\u00eam ajuste de altura e s\u00e3o montados com rodas de skate para itens planos e curvas mais fechadas, ou rolos de maior suporte para itens irregulares\/deform\u00e1veis. Os rolos e as rodas s\u00e3o produzidos em PVC resistente a impacto e de baixa in\u00e9rcia.<\/p>\n<\/div>\n<div class=\"col-12 col-lg-5\">\n<ul class=\"blue-bullet clear-list mb-0\">\n<li>Classifica\u00e7\u00e3o de carga de 80 kg\/m<\/li>\n<li>Altura de trabalho ajust\u00e1vel (650 &#8211; 1100 mm).<\/li>\n<li>Disposi\u00e7\u00e3o m\u00e1xima do eixo de 125 mm (estendido)<\/li>\n<li>Largura padr\u00e3o do transportador de 400 mm ou 600 mm.<\/li>\n<li>Outros modelos e materiais dispon\u00edveis.<\/li>\n<\/ul>\n<\/div>\n<\/section>\n<div class=\"row cpn-section\">\n<div class=\"col\">\n<hr \/>\n<\/div>\n<\/div>\n<section class=\"row cpn-section\">\n<div class=\"col\">\n<div class=\"row mb-3 justify-content-center\">\n<div class=\"col-12 col-lg-4 pe-lg-4 mb-4 mb-lg-0\">\n<h2>Transportadores flex\u00edveis com rodas de skate<\/h2>\n<ul class=\"list-check clear-list fontSize-4 fontSize-md-3\">\n<li>Para itens de base plana e para curvas mais fechadas.<\/li>\n<\/ul>\n<\/div>\n<div class=\"col-12 col-sm-7 d-lg-none text-center\"><img loading=\"lazy\" decoding=\"async\" class=\"img-fluid alignnone wp-image-79839 size-full\" src=\"https:\/\/www.omnitrack.com\/wp-content\/uploads\/2023\/03\/flexible-conveyors-skatewheel.webp\" alt=\"Transportador flex\u00edvel com rodas de skate\" width=\"400\" height=\"500\" srcset=\"https:\/\/www.omnitrack.com\/wp-content\/uploads\/2023\/03\/flexible-conveyors-skatewheel.webp 400w, https:\/\/www.omnitrack.com\/wp-content\/uploads\/2023\/03\/flexible-conveyors-skatewheel-240x300.webp 240w\" sizes=\"auto, (max-width: 400px) 100vw, 400px\" \/><\/div>\n<div class=\"col-9 col-sm-4 col-lg-8 ps-lg-0\"><div class=\"row g-3 g-lg-4 mb-4\">\n<div class=\"col-12 col-lg-4\"><img loading=\"lazy\" decoding=\"async\" class=\"img-fluid img-border alignnone wp-image-79725 size-full\" src=\"https:\/\/www.omnitrack.com\/wp-content\/uploads\/2024\/09\/flexible_conveyors_1_pt-1.webp\" alt=\"Transportadores flex\u00edveis\" width=\"400\" height=\"342\" \/><\/div>\n<div class=\"col-12 col-lg-4\"><img loading=\"lazy\" decoding=\"async\" class=\"img-fluid img-border alignnone wp-image-79726 size-full\" src=\"https:\/\/www.omnitrack.com\/wp-content\/uploads\/2024\/09\/flexible_conveyors_2_pt-1.webp\" alt=\"Transportadores flex\u00edveis\" width=\"400\" height=\"342\" \/><\/div>\n<div class=\"col-12 col-lg-4\"><img loading=\"lazy\" decoding=\"async\" class=\"img-fluid img-border alignnone wp-image-79727 size-full\" src=\"https:\/\/www.omnitrack.com\/wp-content\/uploads\/2023\/03\/Flexible_Conveyors_3-1.webp\" alt=\"Transportadores flex\u00edveis diagrama\" width=\"400\" height=\"342\" srcset=\"https:\/\/www.omnitrack.com\/wp-content\/uploads\/2023\/03\/Flexible_Conveyors_3-1.webp 400w, https:\/\/www.omnitrack.com\/wp-content\/uploads\/2023\/03\/Flexible_Conveyors_3-1-300x257.webp 300w\" sizes=\"auto, (max-width: 400px) 100vw, 400px\" \/><\/div>\n<\/div>\n<\/div>\n<\/div>\n<div class=\"row\">\n<div class=\"col-12 col-lg-4 pe-lg-4 d-none d-lg-block\"><img loading=\"lazy\" decoding=\"async\" class=\"img-fluid alignnone wp-image-79839 size-full\" src=\"https:\/\/www.omnitrack.com\/wp-content\/uploads\/2023\/03\/flexible-conveyors-skatewheel.webp\" alt=\"Transportador flex\u00edvel com rodas de skate\" width=\"400\" height=\"500\" srcset=\"https:\/\/www.omnitrack.com\/wp-content\/uploads\/2023\/03\/flexible-conveyors-skatewheel.webp 400w, https:\/\/www.omnitrack.com\/wp-content\/uploads\/2023\/03\/flexible-conveyors-skatewheel-240x300.webp 240w\" sizes=\"auto, (max-width: 400px) 100vw, 400px\" \/><\/div>\n<div class=\"col-12 col-lg-8 ps-lg-0\"><div class=\"switcher mt-3 mt-md-0 mx-2 me-sm-0 ms-sm-5\">    <div class=\"switcher-title\"><b>Alternar unidades de medida:<\/b> <\/span><\/div>    <button class=\"toggle-unit\" type=\"button\"><span class=\"switch-metric\">M\u00e9trico (mm\/kg)<\/span><span class=\"switch\"><\/span><span class=\"switch-imperial\">Imperial (pol\/lb)<\/span><\/button><\/div>[omni_render_flexible_conveyors]<\/div>\n<\/div>\n<\/div>\n<\/section>\n<div class=\"row cpn-section\">\n<div class=\"col\">\n<hr \/>\n<\/div>\n<\/div>\n<section class=\"row cpn-section\">\n<div class=\"col\">\n<div class=\"row mb-3 justify-content-center\">\n<div class=\"col-12 col-lg-4 pe-lg-4 mb-4 mb-lg-0\">\n<h2>Transportadores flex\u00edveis com rolos<\/h2>\n<ul class=\"list-check clear-list fontSize-4 fontSize-md-3\">\n<li>Para maior suporte de itens irregulares\/deform\u00e1veis.<\/li>\n<\/ul>\n<\/div>\n<div class=\"col-12 col-sm-7 d-lg-none text-center mb-3\"><img loading=\"lazy\" decoding=\"async\" class=\"img-fluid alignnone wp-image-81091 size-full\" src=\"https:\/\/www.omnitrack.com\/wp-content\/uploads\/2023\/06\/Flexible_Conveyors_Roller_MB.webp\" alt=\"Transportadores flex\u00edveis com rolos\" width=\"892\" height=\"619\" srcset=\"https:\/\/www.omnitrack.com\/wp-content\/uploads\/2023\/06\/Flexible_Conveyors_Roller_MB.webp 892w, https:\/\/www.omnitrack.com\/wp-content\/uploads\/2023\/06\/Flexible_Conveyors_Roller_MB-300x208.webp 300w, https:\/\/www.omnitrack.com\/wp-content\/uploads\/2023\/06\/Flexible_Conveyors_Roller_MB-768x533.webp 768w, https:\/\/www.omnitrack.com\/wp-content\/uploads\/2023\/06\/Flexible_Conveyors_Roller_MB-600x416.webp 600w\" sizes=\"auto, (max-width: 892px) 100vw, 892px\" \/><\/div>\n<div class=\"col-9 col-sm-4 col-lg-8 ps-lg-0\"><div class=\"row g-3 g-lg-4 mb-4\">\n<div class=\"col-12 col-lg-4\"><img loading=\"lazy\" decoding=\"async\" class=\"img-fluid img-border alignnone wp-image-79725 size-full\" src=\"https:\/\/www.omnitrack.com\/wp-content\/uploads\/2024\/09\/flexible_conveyors_1_pt-1.webp\" alt=\"Transportadores flex\u00edveis\" width=\"400\" height=\"342\" \/><\/div>\n<div class=\"col-12 col-lg-4\"><img loading=\"lazy\" decoding=\"async\" class=\"img-fluid img-border alignnone wp-image-79726 size-full\" src=\"https:\/\/www.omnitrack.com\/wp-content\/uploads\/2024\/09\/flexible_conveyors_2_pt-1.webp\" alt=\"Transportadores flex\u00edveis\" width=\"400\" height=\"342\" \/><\/div>\n<div class=\"col-12 col-lg-4\"><img loading=\"lazy\" decoding=\"async\" class=\"img-fluid img-border alignnone wp-image-79727 size-full\" src=\"https:\/\/www.omnitrack.com\/wp-content\/uploads\/2023\/03\/Flexible_Conveyors_3-1.webp\" alt=\"Transportadores flex\u00edveis diagrama\" width=\"400\" height=\"342\" srcset=\"https:\/\/www.omnitrack.com\/wp-content\/uploads\/2023\/03\/Flexible_Conveyors_3-1.webp 400w, https:\/\/www.omnitrack.com\/wp-content\/uploads\/2023\/03\/Flexible_Conveyors_3-1-300x257.webp 300w\" sizes=\"auto, (max-width: 400px) 100vw, 400px\" \/><\/div>\n<\/div>\n<\/div>\n<\/div>\n<div class=\"row\">\n<div class=\"col-12 col-lg-4 pe-lg-4 d-none d-lg-block\"><img loading=\"lazy\" decoding=\"async\" class=\"img-fluid alignnone wp-image-79087 size-full\" src=\"https:\/\/www.omnitrack.com\/wp-content\/uploads\/2023\/03\/Flexible_Conveyors_Roller.webp\" alt=\"Transportadores flex\u00edveis com rolos\" width=\"600\" height=\"600\" srcset=\"https:\/\/www.omnitrack.com\/wp-content\/uploads\/2023\/03\/Flexible_Conveyors_Roller.webp 600w, https:\/\/www.omnitrack.com\/wp-content\/uploads\/2023\/03\/Flexible_Conveyors_Roller-300x300.webp 300w, https:\/\/www.omnitrack.com\/wp-content\/uploads\/2023\/03\/Flexible_Conveyors_Roller-150x150.webp 150w, https:\/\/www.omnitrack.com\/wp-content\/uploads\/2023\/03\/Flexible_Conveyors_Roller-100x100.webp 100w\" sizes=\"auto, (max-width: 600px) 100vw, 600px\" \/><\/div>\n<div class=\"col-12 col-lg-8 ps-lg-0\"><div class=\"switcher mt-3 mt-md-0 mx-2 me-sm-0 ms-sm-5\">    <div class=\"switcher-title\"><b>Alternar unidades de medida:<\/b> <\/span><\/div>    <button class=\"toggle-unit\" type=\"button\"><span class=\"switch-metric\">M\u00e9trico (mm\/kg)<\/span><span class=\"switch\"><\/span><span class=\"switch-imperial\">Imperial (pol\/lb)<\/span><\/button><\/div>[omni_render_flexible_rollers]<\/div>\n<\/div>\n<\/div>\n<\/section>\n<div class=\"row cpn-section\">\n<div class=\"col\">\n<hr \/>\n<\/div>\n<\/div>\n<section class=\"row cpn-section pb-5\">\n<div class=\"col\">\n<div class=\"row mb-3\">\n<div class=\"col\">\n<h2>Pe\u00e7as opcionais<\/h2>\n<\/div>\n<\/div>\n<ul class=\"row clear-list optional-parts-list\">\n<li class=\"col-12 col-sm-6 col-md-3 mb-4 mb-lg-0\">\n<div class=\"row\">\n<div class=\"col-6 col-md-12\"><img loading=\"lazy\" decoding=\"async\" class=\"img-fluid img-border mb-3 alignnone wp-image-79841 size-full\" src=\"https:\/\/www.omnitrack.com\/wp-content\/uploads\/2023\/03\/CH1_Connecting_Hook-1.webp\" alt=\"Ganchos de conex\u00e3o\" width=\"490\" height=\"356\" srcset=\"https:\/\/www.omnitrack.com\/wp-content\/uploads\/2023\/03\/CH1_Connecting_Hook-1.webp 490w, https:\/\/www.omnitrack.com\/wp-content\/uploads\/2023\/03\/CH1_Connecting_Hook-1-300x218.webp 300w\" sizes=\"auto, (max-width: 490px) 100vw, 490px\" \/><\/div>\n<div class=\"col-6 col-md-12 text-md-center\">\n<h3>Ganchos de conex\u00e3o (1 par)<\/h3>\n<p><small>CH1 &#8211; Ligar v\u00e1rios transportadores juntos.<\/small><\/div>\n<\/div>\n<\/li>\n<li class=\"col-12 col-sm-6 col-md-3 mb-4 mb-lg-0\">\n<div class=\"row\">\n<div class=\"col-6 col-md-12\"><img loading=\"lazy\" decoding=\"async\" class=\"img-fluid img-border mb-3 alignnone wp-image-79842 size-full\" src=\"https:\/\/www.omnitrack.com\/wp-content\/uploads\/2023\/03\/ES400_ES600_End_Stops.webp\" alt=\"ES400 ES600 batentes finais e transportadores flex\u00edveis\" width=\"490\" height=\"356\" srcset=\"https:\/\/www.omnitrack.com\/wp-content\/uploads\/2023\/03\/ES400_ES600_End_Stops.webp 490w, https:\/\/www.omnitrack.com\/wp-content\/uploads\/2023\/03\/ES400_ES600_End_Stops-300x218.webp 300w\" sizes=\"auto, (max-width: 490px) 100vw, 490px\" \/><\/div>\n<div class=\"col-6 col-md-12 text-md-center\">\n<h3>Batente final (400 mm de largura)<\/h3>\n<p><small>ES400<\/small><\/div>\n<\/div>\n<\/li>\n<li class=\"col-12 col-sm-6 col-md-3 mb-4 mb-lg-0\">\n<div class=\"row\">\n<div class=\"col-6 col-md-12\"><img loading=\"lazy\" decoding=\"async\" class=\"img-fluid img-border mb-3 alignnone wp-image-79842 size-full\" src=\"https:\/\/www.omnitrack.com\/wp-content\/uploads\/2023\/03\/ES400_ES600_End_Stops.webp\" alt=\"ES400 ES600 batentes finais e transportadores flex\u00edveis\" width=\"490\" height=\"356\" srcset=\"https:\/\/www.omnitrack.com\/wp-content\/uploads\/2023\/03\/ES400_ES600_End_Stops.webp 490w, https:\/\/www.omnitrack.com\/wp-content\/uploads\/2023\/03\/ES400_ES600_End_Stops-300x218.webp 300w\" sizes=\"auto, (max-width: 490px) 100vw, 490px\" \/><\/div>\n<div class=\"col-6 col-md-12 text-md-center\">\n<h3>Batente final (600 mm de largura)<\/h3>\n<p><small>ES600<\/small><\/div>\n<\/div>\n<\/li>\n<li class=\"col-12 col-sm-6 col-md-3 mb-4 mb-lg-0\">\n<div class=\"row\">\n<div class=\"col-6 col-md-12\"><a href=\"https:\/\/www.omnitrack.com\/br\/mesas-e-plataformas-de-esferas-de-transferencia\/\"><img loading=\"lazy\" decoding=\"async\" class=\"img-fluid img-border mb-3 alignnone wp-image-79708 size-full\" src=\"https:\/\/www.omnitrack.com\/wp-content\/uploads\/2024\/09\/ball_platforms_tables.webp\" alt=\"Mesas de plataforma de esferas Transportadores flex\u00edveis\" width=\"316\" height=\"236\" \/><\/a><\/div>\n<div class=\"col-6 col-md-12 text-md-center\">\n<h3>Plataformas e mesas para esferas<\/h3>\n<p><small><a href=\"https:\/\/www.omnitrack.com\/br\/mesas-e-plataformas-de-esferas-de-transferencia\/\">Considere tamb\u00e9m<\/a><\/small><\/div>\n<\/div>\n<\/li>\n<\/ul>\n<\/div>\n<\/section>\n<section id=\"cant-find\" class=\"row cpn-section py-5 two justify-content-between\"><div class=\"col-12 col-sm-6 col-lg-7 py-lg-4 pe-lg-5\">\n<h3 class=\"fontSize-2 fontSize-md-1\">N\u00e3o encontrou o que procura?<\/h3>\n<p class=\"fontSize-4\">Tente pesquisar por palavras-chave, n\u00fameros de produto, carga, tipos de fixa\u00e7\u00e3o.<\/p>\n<div class=\"input-group\"><form class=\"form-search\"><div class=\"input-group\">  <input type=\"text\" name=\"s\" class=\"form-control field\" placeholder=\"Pesquisar n.\u00ba do produto\">  <input type=\"hidden\" name=\"post-type\" value=\"product\"><\/div><\/form><\/div>\n<\/div>\n<div class=\"col-12 col-sm-6 col-lg-5 py-lg-4 pt-4 pt-sm-0\">\n<h3 class=\"fontSize-2 fontSize-md-1\">Consultoria t\u00e9cnica gratuita<\/h3>\n<p class=\"fontSize-4\">Telefone: <b><a href=\"tel:+551143496211\">+55 11 4349 6211<\/a><\/b><\/p>\n<p class=\"fontSize-4\">Email: <b><a href=\"mailto:info@omnitrack.com\">info@omnitrack.com<\/a><\/b><\/p>\n<div class=\"mt-4\"> <a class=\"btn-ot green me-2 mb-3 mb-md-0 w100-mobile\" href=\"https:\/\/wa.me\/447759128207\" target=\"_blank\" rel=\"noopener\"><img decoding=\"async\" loading=\"lazy\" src=\"https:\/\/www.omnitrack.com\/wp-content\/themes\/omnitrack2023\/images\/icon-whatsapp.svg\"  alt=\"WhatsApp Omnitrack\"  \/> WhatsApp<\/a> <a class=\"btn-ot w100-mobile\" href=\"https:\/\/calendly.com\/omnitrack\/15min\" target=\"_blank\" rel=\"noopener\"><img decoding=\"async\" loading=\"lazy\" src=\"https:\/\/www.omnitrack.com\/wp-content\/themes\/omnitrack2023\/images\/icon-schedule.svg\"  alt=\"Agendar uma chamada com a Omnitrack\"  \/> Agendar uma chamada<\/a><\/div>\n<\/div>\n<\/section>\n","protected":false},"excerpt":{"rendered":"<p>Transportadores flex\u00edveis Omnitrack \u2013 M\u00f3dulos vers\u00e1teis e m\u00f3veis. Os transportadores compactos se estendem at\u00e9 3,6 vezes seu comprimento retra\u00eddo e os rolamentos robustos podem ser travados depois de posicionados. Todos os modelos t\u00eam ajuste de altura e s\u00e3o montados com rodas de skate para itens planos e curvas mais fechadas, ou rolos de maior suporte [&hellip;]<\/p>\n","protected":false},"author":7,"featured_media":0,"parent":102845,"menu_order":0,"comment_status":"closed","ping_status":"closed","template":"page-flexible-conveyors.php","meta":{"inline_featured_image":false,"footnotes":""},"class_list":["post-102866","page","type-page","status-publish","hentry"],"acf":[],"_links":{"self":[{"href":"https:\/\/www.omnitrack.com\/br\/wp-json\/wp\/v2\/pages\/102866","targetHints":{"allow":["GET"]}}],"collection":[{"href":"https:\/\/www.omnitrack.com\/br\/wp-json\/wp\/v2\/pages"}],"about":[{"href":"https:\/\/www.omnitrack.com\/br\/wp-json\/wp\/v2\/types\/page"}],"author":[{"embeddable":true,"href":"https:\/\/www.omnitrack.com\/br\/wp-json\/wp\/v2\/users\/7"}],"replies":[{"embeddable":true,"href":"https:\/\/www.omnitrack.com\/br\/wp-json\/wp\/v2\/comments?post=102866"}],"version-history":[{"count":3,"href":"https:\/\/www.omnitrack.com\/br\/wp-json\/wp\/v2\/pages\/102866\/revisions"}],"predecessor-version":[{"id":106022,"href":"https:\/\/www.omnitrack.com\/br\/wp-json\/wp\/v2\/pages\/102866\/revisions\/106022"}],"up":[{"embeddable":true,"href":"https:\/\/www.omnitrack.com\/br\/wp-json\/wp\/v2\/pages\/102845"}],"wp:attachment":[{"href":"https:\/\/www.omnitrack.com\/br\/wp-json\/wp\/v2\/media?parent=102866"}],"curies":[{"name":"wp","href":"https:\/\/api.w.org\/{rel}","templated":true}]}}