{"id":102862,"date":"2023-03-28T13:22:47","date_gmt":"2023-03-28T13:22:47","guid":{"rendered":"https:\/\/www.omnitrack.com\/ball-transfer-units\/spring-loaded-t-b-bars\/"},"modified":"2025-04-13T23:13:17","modified_gmt":"2025-04-13T23:13:17","slug":"barras-t-b-e-com-mola","status":"publish","type":"page","link":"https:\/\/www.omnitrack.com\/br\/unidades-de-transferencia-de-esferas\/barras-t-b-e-com-mola\/","title":{"rendered":"Barras T \/ B e com mola"},"content":{"rendered":"<section id=\"header-product-one\" class=\"row cpn-section\">\n<div class=\"col\"><header class=\"row\">    <div class=\"col\">        <nav id=\"breadcrumb\">                    <\/nav>        <h1 class=\"fontSize-1\">Barras T \/ B e com mola<\/h1>    <\/div>    <\/header><\/div>\n<div><strong><span style=\"font-size: 24px;\">Unidade de transfer\u00eancia de esferas com mola externa &amp; Barras T \/ B<\/span><\/strong><\/div>\n<\/section>\n<section id=\"category-list-two\" class=\"row cpn-section\">\n<div class=\"col\"><ul class=\"row ps-0 category-list g-3 g-sm-4\"><li class=\"col-6 col-sm-4 col-lg-3 col-xl-3 col-xxl-20 \">    <a href=\"https:\/\/www.omnitrack.com\/br\/ball-transfer-units\/heavy-duty\/84-94-series-external-spring-loaded\/\" class=\"category-list-item\" alt=\"S\u00e9ries 84 e 94-Com mola externa\">        <img loading=\"lazy\" decoding=\"async\" width=\"150\" height=\"150\" src=\"https:\/\/www.omnitrack.com\/wp-content\/uploads\/2023\/03\/94_400.webp\" class=\"img-fluid\" alt=\"Stud\" srcset=\"https:\/\/www.omnitrack.com\/wp-content\/uploads\/2023\/03\/94_400.webp 400w, https:\/\/www.omnitrack.com\/wp-content\/uploads\/2023\/03\/94_400-300x300.webp 300w, https:\/\/www.omnitrack.com\/wp-content\/uploads\/2023\/03\/94_400-150x150.webp 150w, https:\/\/www.omnitrack.com\/wp-content\/uploads\/2023\/03\/94_400-100x100.webp 100w\" sizes=\"auto, (max-width: 150px) 100vw, 150px\" \/>        <h3 class=\"fontSize-4 fontSize-sm-3 mb-0 mb-sm-2\">S\u00e9ries 84 e 94<\/h3>                    <small>Com mola externa<\/small>                    <\/a><\/li><li class=\"col-6 col-sm-4 col-lg-3 col-xl-3 col-xxl-20 \">    <a href=\"https:\/\/www.omnitrack.com\/br\/ball-transfer-units\/heavy-duty\/85-95-series-housed-spring-loaded\/\" class=\"category-list-item\" alt=\"S\u00e9ries 85 et 95-Com mola alojada\">        <img loading=\"lazy\" decoding=\"async\" width=\"150\" height=\"150\" src=\"https:\/\/www.omnitrack.com\/wp-content\/uploads\/2023\/03\/95_400.webp\" class=\"img-fluid\" alt=\"Stud\" srcset=\"https:\/\/www.omnitrack.com\/wp-content\/uploads\/2023\/03\/95_400.webp 400w, https:\/\/www.omnitrack.com\/wp-content\/uploads\/2023\/03\/95_400-300x300.webp 300w, https:\/\/www.omnitrack.com\/wp-content\/uploads\/2023\/03\/95_400-150x150.webp 150w, https:\/\/www.omnitrack.com\/wp-content\/uploads\/2023\/03\/95_400-100x100.webp 100w\" sizes=\"auto, (max-width: 150px) 100vw, 150px\" \/>        <h3 class=\"fontSize-4 fontSize-sm-3 mb-0 mb-sm-2\">S\u00e9ries 85 et 95<\/h3>                    <small>Com mola alojada<\/small>                    <\/a><\/li><li class=\"col-6 col-sm-4 col-lg-3 col-xl-3 col-xxl-20 \">    <a href=\"https:\/\/www.omnitrack.com\/br\/ball-transfer-units\/heavy-duty\/85-95-series-housed-spring-loaded\/\" class=\"category-list-item\" alt=\"S\u00e9ries 86 et 96-Com mola e suporte flangeado\">        <img loading=\"lazy\" decoding=\"async\" width=\"150\" height=\"150\" src=\"https:\/\/www.omnitrack.com\/wp-content\/uploads\/2023\/03\/96_400.webp\" class=\"img-fluid\" alt=\"Stud\" srcset=\"https:\/\/www.omnitrack.com\/wp-content\/uploads\/2023\/03\/96_400.webp 400w, https:\/\/www.omnitrack.com\/wp-content\/uploads\/2023\/03\/96_400-300x300.webp 300w, https:\/\/www.omnitrack.com\/wp-content\/uploads\/2023\/03\/96_400-150x150.webp 150w, https:\/\/www.omnitrack.com\/wp-content\/uploads\/2023\/03\/96_400-100x100.webp 100w\" sizes=\"auto, (max-width: 150px) 100vw, 150px\" \/>        <h3 class=\"fontSize-4 fontSize-sm-3 mb-0 mb-sm-2\">S\u00e9ries 86 et 96<\/h3>                    <small>Com mola e suporte flangeado<\/small>                    <\/a><\/li><li class=\"col-6 col-sm-4 col-lg-3 col-xl-3 col-xxl-20 \">    <a href=\"https:\/\/www.omnitrack.com\/br\/ball-transfer-units\/heavy-duty\/explore-our-87-97-series-spring-loaded-flange-fixing-ball-transfer-units-at-omnitrack-limited-designed-for-optimal-performance-and-minimal-friction\/\" class=\"category-list-item\" alt=\"S\u00e9ries 87 et 97-Com mola e montada em flange\">        <img loading=\"lazy\" decoding=\"async\" width=\"150\" height=\"150\" src=\"https:\/\/www.omnitrack.com\/wp-content\/uploads\/2023\/03\/97_400.webp\" class=\"img-fluid\" alt=\"Stud\" srcset=\"https:\/\/www.omnitrack.com\/wp-content\/uploads\/2023\/03\/97_400.webp 400w, https:\/\/www.omnitrack.com\/wp-content\/uploads\/2023\/03\/97_400-300x300.webp 300w, https:\/\/www.omnitrack.com\/wp-content\/uploads\/2023\/03\/97_400-150x150.webp 150w, https:\/\/www.omnitrack.com\/wp-content\/uploads\/2023\/03\/97_400-100x100.webp 100w\" sizes=\"auto, (max-width: 150px) 100vw, 150px\" \/>        <h3 class=\"fontSize-4 fontSize-sm-3 mb-0 mb-sm-2\">S\u00e9ries 87 et 97<\/h3>                    <small>Com mola e montada em flange<\/small>                    <\/a><\/li><li class=\"col-6 col-sm-4 col-lg-3 col-xl-3 col-xxl-20 \">    <a href=\"https:\/\/www.omnitrack.com\/br\/ball-transfer-units\/medium-duty\/mn-series-housed-spring-loaded\/\" class=\"category-list-item\" alt=\"S\u00e9rie MN-Com mola alojada\">        <img loading=\"lazy\" decoding=\"async\" width=\"150\" height=\"150\" src=\"https:\/\/www.omnitrack.com\/wp-content\/uploads\/2023\/03\/MN-series-medium-duty-ball-transfer-units.webp\" class=\"img-fluid\" alt=\"\" srcset=\"https:\/\/www.omnitrack.com\/wp-content\/uploads\/2023\/03\/MN-series-medium-duty-ball-transfer-units.webp 400w, https:\/\/www.omnitrack.com\/wp-content\/uploads\/2023\/03\/MN-series-medium-duty-ball-transfer-units-300x300.webp 300w, https:\/\/www.omnitrack.com\/wp-content\/uploads\/2023\/03\/MN-series-medium-duty-ball-transfer-units-150x150.webp 150w, https:\/\/www.omnitrack.com\/wp-content\/uploads\/2023\/03\/MN-series-medium-duty-ball-transfer-units-100x100.webp 100w\" sizes=\"auto, (max-width: 150px) 100vw, 150px\" \/>        <h3 class=\"fontSize-4 fontSize-sm-3 mb-0 mb-sm-2\">S\u00e9rie MN<\/h3>                    <small>Com mola alojada<\/small>                    <\/a><\/li><li class=\"col-6 col-sm-4 col-lg-3 col-xl-3 col-xxl-20 \">    <a href=\"https:\/\/www.omnitrack.com\/br\/ball-transfer-units\/medium-duty\/mm-series-housed-spring-loaded\/\" class=\"category-list-item\" alt=\"S\u00e9rie MM-Com mola alojada\">        <img loading=\"lazy\" decoding=\"async\" width=\"150\" height=\"150\" src=\"https:\/\/www.omnitrack.com\/wp-content\/uploads\/2023\/03\/mm-series-medium-duty-ball-transfer-units.webp\" class=\"img-fluid\" alt=\"\" srcset=\"https:\/\/www.omnitrack.com\/wp-content\/uploads\/2023\/03\/mm-series-medium-duty-ball-transfer-units.webp 400w, https:\/\/www.omnitrack.com\/wp-content\/uploads\/2023\/03\/mm-series-medium-duty-ball-transfer-units-300x300.webp 300w, https:\/\/www.omnitrack.com\/wp-content\/uploads\/2023\/03\/mm-series-medium-duty-ball-transfer-units-150x150.webp 150w, https:\/\/www.omnitrack.com\/wp-content\/uploads\/2023\/03\/mm-series-medium-duty-ball-transfer-units-100x100.webp 100w\" sizes=\"auto, (max-width: 150px) 100vw, 150px\" \/>        <h3 class=\"fontSize-4 fontSize-sm-3 mb-0 mb-sm-2\">S\u00e9rie MM<\/h3>                    <small>Com mola alojada<\/small>                    <\/a><\/li><li class=\"col-6 col-sm-4 col-lg-3 col-xl-3 col-xxl-20 \">    <a href=\"https:\/\/www.omnitrack.com\/br\/ball-transfer-units\/light-duty\/lm-series-cased-spring-loaded\/\" class=\"category-list-item\" alt=\"S\u00e9rie LM-Com mola interna\">        <img loading=\"lazy\" decoding=\"async\" width=\"150\" height=\"150\" src=\"https:\/\/www.omnitrack.com\/wp-content\/uploads\/2023\/03\/LM-series-light-duty-ball-transfer-units.webp\" class=\"img-fluid\" alt=\"\" srcset=\"https:\/\/www.omnitrack.com\/wp-content\/uploads\/2023\/03\/LM-series-light-duty-ball-transfer-units.webp 400w, https:\/\/www.omnitrack.com\/wp-content\/uploads\/2023\/03\/LM-series-light-duty-ball-transfer-units-300x300.webp 300w, https:\/\/www.omnitrack.com\/wp-content\/uploads\/2023\/03\/LM-series-light-duty-ball-transfer-units-150x150.webp 150w, https:\/\/www.omnitrack.com\/wp-content\/uploads\/2023\/03\/LM-series-light-duty-ball-transfer-units-100x100.webp 100w\" sizes=\"auto, (max-width: 150px) 100vw, 150px\" \/>        <h3 class=\"fontSize-4 fontSize-sm-3 mb-0 mb-sm-2\">S\u00e9rie LM<\/h3>                    <small>Com mola interna<\/small>                    <\/a><\/li><li class=\"col-6 col-sm-4 col-lg-3 col-xl-3 col-xxl-20 \">    <a href=\"https:\/\/www.omnitrack.com\/br\/ball-transfer-units\/spring-loaded-t-b-bars\/t-b-bars\/\" class=\"category-list-item\" alt=\"Barras &#039;B&#039;-Com mola\">        <img loading=\"lazy\" decoding=\"async\" width=\"150\" height=\"150\" src=\"https:\/\/www.omnitrack.com\/wp-content\/uploads\/2023\/03\/B_Bar.webp\" class=\"img-fluid\" alt=\"\" srcset=\"https:\/\/www.omnitrack.com\/wp-content\/uploads\/2023\/03\/B_Bar.webp 800w, https:\/\/www.omnitrack.com\/wp-content\/uploads\/2023\/03\/B_Bar-300x300.webp 300w, https:\/\/www.omnitrack.com\/wp-content\/uploads\/2023\/03\/B_Bar-150x150.webp 150w, https:\/\/www.omnitrack.com\/wp-content\/uploads\/2023\/03\/B_Bar-768x768.webp 768w, https:\/\/www.omnitrack.com\/wp-content\/uploads\/2023\/03\/B_Bar-600x600.webp 600w, https:\/\/www.omnitrack.com\/wp-content\/uploads\/2023\/03\/B_Bar-100x100.webp 100w\" sizes=\"auto, (max-width: 150px) 100vw, 150px\" \/>        <h3 class=\"fontSize-4 fontSize-sm-3 mb-0 mb-sm-2\">Barras &#039;B&#039;<\/h3>                    <small>Com mola<\/small>                    <\/a><\/li><li class=\"col-6 col-sm-4 col-lg-3 col-xl-3 col-xxl-20 \">    <a href=\"https:\/\/www.omnitrack.com\/br\/ball-transfer-units\/spring-loaded-t-b-bars\/t-b-bars\/\" class=\"category-list-item\" alt=\"Barras &#039;T&#039;-Com mola\">        <img loading=\"lazy\" decoding=\"async\" width=\"150\" height=\"150\" src=\"https:\/\/www.omnitrack.com\/wp-content\/uploads\/2023\/03\/T_Bar.webp\" class=\"img-fluid\" alt=\"\" srcset=\"https:\/\/www.omnitrack.com\/wp-content\/uploads\/2023\/03\/T_Bar.webp 800w, https:\/\/www.omnitrack.com\/wp-content\/uploads\/2023\/03\/T_Bar-300x300.webp 300w, https:\/\/www.omnitrack.com\/wp-content\/uploads\/2023\/03\/T_Bar-150x150.webp 150w, https:\/\/www.omnitrack.com\/wp-content\/uploads\/2023\/03\/T_Bar-768x768.webp 768w, https:\/\/www.omnitrack.com\/wp-content\/uploads\/2023\/03\/T_Bar-600x600.webp 600w, https:\/\/www.omnitrack.com\/wp-content\/uploads\/2023\/03\/T_Bar-100x100.webp 100w\" sizes=\"auto, (max-width: 150px) 100vw, 150px\" \/>        <h3 class=\"fontSize-4 fontSize-sm-3 mb-0 mb-sm-2\">Barras &#039;T&#039;<\/h3>                    <small>Com mola<\/small>                    <\/a><\/li><\/ul><\/div>\n<\/section>\n<div class=\"row cpn-section\">\n<div class=\"col\">\n<hr \/>\n<\/div>\n<\/div>\n<section id=\"icons-grid-one\" class=\"row cpn-section pb-5\">\n<div class=\"col-12 col-sm-5 col-lg-5 col-xl-7 fontSize-4 text-content\">\n<h3>Design com menor atrito<\/h3>\n<p>As <a href=\"https:\/\/www.omnitrack.com\/br\/unidades-de-transferencia-de-esferas\/\">unidades de transfer\u00eancia de esferas<\/a> para servi\u00e7os pesados oferecem o menor coeficiente de atrito. Expresso como uma rela\u00e7\u00e3o menor que 1:0,005, ou como o ponto de ruptura da in\u00e9rcia menor que 0,5% da carga transportada.<\/p>\n<h3 class=\"mt-4\">Carga m\u00e1xima em qualquer orienta\u00e7\u00e3o<\/h3>\n<p>As unidades de transfer\u00eancia de esferas para servi\u00e7os pesados s\u00e3o projetadas para uso com carga m\u00e1xima em qualquer \u00e2ngulo de orienta\u00e7\u00e3o (uso da esfera para baixo).<\/p>\n<h3 class=\"mt-4\">Cargas pesadas &#8211; 8000 kg cada<\/h3>\n<p>Alta capacidade \u2013 As unidades de transfer\u00eancia de esferas para servi\u00e7os pesados suportam cargas de 8000 kg (capacidade individual por unidade).<\/p>\n<h3 class=\"mt-4\">Vida \u00fatil e pe\u00e7as de reposi\u00e7\u00e3o<\/h3>\n<p>Vida \u00fatil mais longa \u2013 Kits de manuten\u00e7\u00e3o para o usu\u00e1rio, pe\u00e7as de reposi\u00e7\u00e3o de f\u00e1brica e servi\u00e7o de recondicionamento.<\/p>\n<h3 class=\"mt-4\">Movimento suave e de alta precis\u00e3o<\/h3>\n<p>Componentes s\u00f3lidos usinados com precis\u00e3o, montados individualmente com 100% de inspe\u00e7\u00e3o e teste. Vem com uma garantia gratuita de 2 anos.<\/p>\n<\/div>\n<div class=\"col-12 col-sm-7 col-lg-7 col-xl-5\"><div class=\"grid-wrap\">\n<div class=\"row g-2 g-md-3 mb-2 mb-md-3\">\n<div class=\"col-8\">\n<div class=\"grid-item double\"><img decoding=\"async\" loading=\"lazy\" src=\"https:\/\/www.omnitrack.com\/wp-content\/themes\/omnitrack2023\/images\/icon-maximum-load.svg\" class=\"ico-icons-grid\" alt=\"icon-maximum-load\"  \/>O limite de carga n\u00e3o \u00e9 afetado em nenhuma orienta\u00e7\u00e3o<small><\/small><\/div>\n<\/div>\n<div class=\"col-4\">\n<div class=\"grid-item\"><img decoding=\"async\" loading=\"lazy\" src=\"https:\/\/www.omnitrack.com\/wp-content\/themes\/omnitrack2023\/images\/icon-low-friction.svg\" class=\"ico-icons-grid\" alt=\"icon-low-friction\"  \/>Baixo atrito<br \/>1 : 0,005<small><\/small><\/div>\n<\/div>\n<\/div>\n<div class=\"row g-2 g-md-3 mb-2 mb-md-3\">\n<div class=\"col-4\">\n<div class=\"grid-item\"><img decoding=\"async\" loading=\"lazy\" src=\"https:\/\/www.omnitrack.com\/wp-content\/themes\/omnitrack2023\/images\/icon-high-shock-resistence.svg\" class=\"ico-icons-grid\" alt=\"icon-high-shock-resistence\"  \/>Alta resist\u00eancia a impacto<small><\/small><\/div>\n<\/div>\n<div class=\"col-4\">\n<div class=\"grid-item\"><img decoding=\"async\" loading=\"lazy\" src=\"https:\/\/www.omnitrack.com\/wp-content\/themes\/omnitrack2023\/images\/icon-temperature.svg\" class=\"ico-icons-grid\" alt=\"icon-temperature\"  \/>Temperatura<br \/>-50\/260\u00baC<small><\/small><\/div>\n<\/div>\n<div class=\"col-4\">\n<div class=\"grid-item\"><img decoding=\"async\" loading=\"lazy\" src=\"https:\/\/www.omnitrack.com\/wp-content\/themes\/omnitrack2023\/images\/icon-speed.svg\" class=\"ico-icons-grid\" alt=\"icon-speed\"  \/>Velocidade<br \/>2m\/sec<small><\/small><\/div>\n<\/div>\n<\/div>\n<div class=\"row g-2 g-md-3\">\n<div class=\"col-4\">\n<div class=\"grid-item\"><img decoding=\"async\" loading=\"lazy\" src=\"https:\/\/www.omnitrack.com\/wp-content\/themes\/omnitrack2023\/images\/icon-drain-channels.svg\" class=\"ico-icons-grid\" alt=\"icon-drain-channels\"  \/>Canais de drenagem \/ res\u00edduos<small>Somente s\u00e9ries 9000<\/small><\/div>\n<\/div>\n<div class=\"col-4\">\n<div class=\"grid-item\"><img decoding=\"async\" loading=\"lazy\" src=\"https:\/\/www.omnitrack.com\/wp-content\/themes\/omnitrack2023\/images\/icon-user-seviceble.svg\" class=\"ico-icons-grid\" alt=\"icon-user-seviceble\"  \/>Pode ser reparado pelo usu\u00e1rio<small>Somente s\u00e9ries 9000<\/small><\/div>\n<\/div>\n<div class=\"col-4\">\n<div class=\"grid-item\"><img decoding=\"async\" loading=\"lazy\" src=\"https:\/\/www.omnitrack.com\/wp-content\/themes\/omnitrack2023\/images\/icon-precision-machined-construction.svg\" class=\"ico-icons-grid\" alt=\"icon-precision-machined-construction\"  \/>Constru\u00e7\u00e3o usinada com precis\u00e3o<small><\/small><\/div>\n<\/div>\n<\/div>\n<\/div>\n<\/div>\n<\/section>\n<section id=\"cant-find\" class=\"row cpn-section py-5 two justify-content-between\"><div class=\"col-12 col-sm-6 col-lg-7 py-lg-4 pe-lg-5\">\n<h3 class=\"fontSize-2 fontSize-md-1\">N\u00e3o encontrou o que procura?<\/h3>\n<p class=\"fontSize-4\">Tente pesquisar por palavras-chave, n\u00fameros de produto, carga, tipos de fixa\u00e7\u00e3o.<\/p>\n<div class=\"input-group\"><form class=\"form-search\"><div class=\"input-group\">  <input type=\"text\" name=\"s\" class=\"form-control field\" placeholder=\"Pesquisar n.\u00ba do produto\">  <input type=\"hidden\" name=\"post-type\" value=\"product\"><\/div><\/form><\/div>\n<\/div>\n<div class=\"col-12 col-sm-6 col-lg-5 py-lg-4 pt-4 pt-sm-0\">\n<h3 class=\"fontSize-2 fontSize-md-1\">Consultoria t\u00e9cnica gratuita<\/h3>\n<p class=\"fontSize-4\">Telefone: <b><a href=\"tel:+551143496211\">+55 11 4349 6211<\/a><\/b><\/p>\n<p class=\"fontSize-4\">Email: <b><a href=\"mailto:info@omnitrack.com\">info@omnitrack.com<\/a><\/b><\/p>\n<div class=\"mt-4\"> <a class=\"btn-ot green me-2 mb-3 mb-md-0 w100-mobile\" href=\"https:\/\/wa.me\/447759128207\" target=\"_blank\" rel=\"noopener\"><img decoding=\"async\" loading=\"lazy\" src=\"https:\/\/www.omnitrack.com\/wp-content\/themes\/omnitrack2023\/images\/icon-whatsapp.svg\"  alt=\"WhatsApp Omnitrack\"  \/> WhatsApp<\/a> <a class=\"btn-ot w100-mobile\" href=\"https:\/\/calendly.com\/omnitrack\/15min\" target=\"_blank\" rel=\"noopener\"><img decoding=\"async\" loading=\"lazy\" src=\"https:\/\/www.omnitrack.com\/wp-content\/themes\/omnitrack2023\/images\/icon-schedule.svg\"  alt=\"Agendar uma chamada com a Omnitrack\"  \/> Agendar uma chamada<\/a><\/div>\n<\/div>\n<\/section>\n","protected":false},"excerpt":{"rendered":"<p>Unidade de transfer\u00eancia de esferas com mola externa &amp; Barras T \/ B Design com menor atrito As unidades de transfer\u00eancia de esferas para servi\u00e7os pesados oferecem o menor coeficiente de atrito. Expresso como uma rela\u00e7\u00e3o menor que 1:0,005, ou como o ponto de ruptura da in\u00e9rcia menor que 0,5% da carga transportada. Carga m\u00e1xima [&hellip;]<\/p>\n","protected":false},"author":7,"featured_media":0,"parent":102843,"menu_order":0,"comment_status":"closed","ping_status":"closed","template":"page-spring-loaded-t-b-bars.php","meta":{"inline_featured_image":false,"footnotes":""},"class_list":["post-102862","page","type-page","status-publish","hentry"],"acf":[],"_links":{"self":[{"href":"https:\/\/www.omnitrack.com\/br\/wp-json\/wp\/v2\/pages\/102862","targetHints":{"allow":["GET"]}}],"collection":[{"href":"https:\/\/www.omnitrack.com\/br\/wp-json\/wp\/v2\/pages"}],"about":[{"href":"https:\/\/www.omnitrack.com\/br\/wp-json\/wp\/v2\/types\/page"}],"author":[{"embeddable":true,"href":"https:\/\/www.omnitrack.com\/br\/wp-json\/wp\/v2\/users\/7"}],"replies":[{"embeddable":true,"href":"https:\/\/www.omnitrack.com\/br\/wp-json\/wp\/v2\/comments?post=102862"}],"version-history":[{"count":3,"href":"https:\/\/www.omnitrack.com\/br\/wp-json\/wp\/v2\/pages\/102862\/revisions"}],"predecessor-version":[{"id":109074,"href":"https:\/\/www.omnitrack.com\/br\/wp-json\/wp\/v2\/pages\/102862\/revisions\/109074"}],"up":[{"embeddable":true,"href":"https:\/\/www.omnitrack.com\/br\/wp-json\/wp\/v2\/pages\/102843"}],"wp:attachment":[{"href":"https:\/\/www.omnitrack.com\/br\/wp-json\/wp\/v2\/media?parent=102862"}],"curies":[{"name":"wp","href":"https:\/\/api.w.org\/{rel}","templated":true}]}}