{"id":102860,"date":"2023-02-08T00:45:29","date_gmt":"2023-02-08T00:45:29","guid":{"rendered":"https:\/\/www.omnitrack.com\/ball-transfer-units\/pneumatic-stops\/"},"modified":"2024-10-04T19:45:06","modified_gmt":"2024-10-04T19:45:06","slug":"batentes-pneumaticos","status":"publish","type":"page","link":"https:\/\/www.omnitrack.com\/br\/unidades-de-transferencia-de-esferas\/batentes-pneumaticos\/","title":{"rendered":"Batentes pneum\u00e1ticos"},"content":{"rendered":"<section class=\"row cpn-section\"><div><ul class=\"row justify-content-between category-list clear-list g-3 g-sm-4\"><li class=\"col-6 col-sm-4 col-lg-3 col-xl-3 col-xxl-20 \">    <a href=\"https:\/\/www.omnitrack.com\/br\/ball-transfer-units\/pneumatic-ball-transfers\/\" class=\"category-list-item\" alt=\"Unidades pneum\u00e1ticas\">        <img loading=\"lazy\" decoding=\"async\" width=\"150\" height=\"150\" src=\"https:\/\/www.omnitrack.com\/wp-content\/uploads\/2023\/03\/Pneumatic_Balls-1.webp\" class=\"img-fluid\" alt=\"\" srcset=\"https:\/\/www.omnitrack.com\/wp-content\/uploads\/2023\/03\/Pneumatic_Balls-1.webp 420w, https:\/\/www.omnitrack.com\/wp-content\/uploads\/2023\/03\/Pneumatic_Balls-1-300x300.webp 300w, https:\/\/www.omnitrack.com\/wp-content\/uploads\/2023\/03\/Pneumatic_Balls-1-150x150.webp 150w, https:\/\/www.omnitrack.com\/wp-content\/uploads\/2023\/03\/Pneumatic_Balls-1-100x100.webp 100w\" sizes=\"auto, (max-width: 150px) 100vw, 150px\" \/>        <h3 class=\"fontSize-4 fontSize-sm-3 mb-0 mb-sm-2\">Unidades pneum\u00e1ticas<\/h3>                    <\/a><\/li><li class=\"col-6 col-sm-4 col-lg-3 col-xl-3 col-xxl-20 current-item\">    <a href=\"https:\/\/www.omnitrack.com\/br\/ball-transfer-units\/pneumatic-stops\/\" class=\"category-list-item\" alt=\"Batentes pneum\u00e1ticos\">        <img loading=\"lazy\" decoding=\"async\" width=\"150\" height=\"150\" src=\"https:\/\/www.omnitrack.com\/wp-content\/uploads\/2023\/03\/PS25-1.webp\" class=\"img-fluid\" alt=\"\" srcset=\"https:\/\/www.omnitrack.com\/wp-content\/uploads\/2023\/03\/PS25-1.webp 400w, https:\/\/www.omnitrack.com\/wp-content\/uploads\/2023\/03\/PS25-1-300x300.webp 300w, https:\/\/www.omnitrack.com\/wp-content\/uploads\/2023\/03\/PS25-1-150x150.webp 150w, https:\/\/www.omnitrack.com\/wp-content\/uploads\/2023\/03\/PS25-1-100x100.webp 100w\" sizes=\"auto, (max-width: 150px) 100vw, 150px\" \/>        <h3 class=\"fontSize-4 fontSize-sm-3 mb-0 mb-sm-2\">Batentes pneum\u00e1ticos<\/h3>                    <\/a><\/li><li class=\"col-6 col-sm-4 col-lg-3 col-xl-3 col-xxl-20 \">    <a href=\"https:\/\/www.omnitrack.com\/br\/ball-transfer-units\/pneumatic-linear-rollers\/\" class=\"category-list-item\" alt=\"Rolos pneum\u00e1ticos\">        <img loading=\"lazy\" decoding=\"async\" width=\"150\" height=\"150\" src=\"https:\/\/www.omnitrack.com\/wp-content\/uploads\/2023\/03\/PW25-1.webp\" class=\"img-fluid\" alt=\"\" srcset=\"https:\/\/www.omnitrack.com\/wp-content\/uploads\/2023\/03\/PW25-1.webp 400w, https:\/\/www.omnitrack.com\/wp-content\/uploads\/2023\/03\/PW25-1-300x300.webp 300w, https:\/\/www.omnitrack.com\/wp-content\/uploads\/2023\/03\/PW25-1-150x150.webp 150w, https:\/\/www.omnitrack.com\/wp-content\/uploads\/2023\/03\/PW25-1-100x100.webp 100w\" sizes=\"auto, (max-width: 150px) 100vw, 150px\" \/>        <h3 class=\"fontSize-4 fontSize-sm-3 mb-0 mb-sm-2\">Rolos pneum\u00e1ticos<\/h3>                    <\/a><\/li><li class=\"col-6 col-sm-4 col-lg-3 col-xl-3 col-xxl-20 \">    <a href=\"https:\/\/www.omnitrack.com\/br\/ball-transfer-units\/pneumatic-rails\/\" class=\"category-list-item\" alt=\"Trilhos pneum\u00e1ticos\">        <img loading=\"lazy\" decoding=\"async\" width=\"150\" height=\"150\" src=\"https:\/\/www.omnitrack.com\/wp-content\/uploads\/2023\/03\/Pneumatic_Rails.webp\" class=\"img-fluid\" alt=\"\" srcset=\"https:\/\/www.omnitrack.com\/wp-content\/uploads\/2023\/03\/Pneumatic_Rails.webp 420w, https:\/\/www.omnitrack.com\/wp-content\/uploads\/2023\/03\/Pneumatic_Rails-300x300.webp 300w, https:\/\/www.omnitrack.com\/wp-content\/uploads\/2023\/03\/Pneumatic_Rails-150x150.webp 150w, https:\/\/www.omnitrack.com\/wp-content\/uploads\/2023\/03\/Pneumatic_Rails-100x100.webp 100w\" sizes=\"auto, (max-width: 150px) 100vw, 150px\" \/>        <h3 class=\"fontSize-4 fontSize-sm-3 mb-0 mb-sm-2\">Trilhos pneum\u00e1ticos<\/h3>                    <\/a><\/li><\/ul><\/div>\n<\/section> <div class=\"row cpn-section\"> <div class=\"col\"> <hr \/> <\/div> <\/div> <section class=\"row cpn-section pb-4\"> <div class=\"col fontSize-4\"> <div><header class=\"row\">    <div class=\"col\">        <nav id=\"breadcrumb\">                    <\/nav>        <h1 class=\"fontSize-1\">Batentes pneum\u00e1ticos<\/h1>    <\/div>    <\/header><\/div> <div> <p>As <a href=\"https:\/\/www.omnitrack.com\/br\/unidades-de-transferencia-de-esferas\/\">unidades de transfer\u00eancia de esferas<\/a> pneum\u00e1ticas permitem o posicionamento do item transportado e podem ser dispostas individualmente para um plano de transporte flex\u00edvel e modular.<\/p> <p>Os batentes de posicionamento PS25 s\u00e3o ativados pneumaticamente para parar e manter a posi\u00e7\u00e3o do item transportado.<\/p> <p>Em sistemas de baixa press\u00e3o, o comprimento da tubula\u00e7\u00e3o deve ser estendido ou alterado usando conectores em linha opcionais (TC4), pois a tubula\u00e7\u00e3o e as conex\u00f5es n\u00e3o foram projetadas para serem separadas depois de montadas.<\/p> <p>Os plugues de veda\u00e7\u00e3o apropriados s\u00e3o fornecidos automaticamente com cada pedido.<\/p> <p>Esferas de materiais e tamanhos alternativos dispon\u00edveis.<\/p> <\/div> <\/div> <\/section> <section class=\"row cpn-section pb-4\"> <div class=\"col\"> <div class=\"row\"> <div class=\"col-12 col-md-2 px-md-0 text-center mb-3 mb-md-0\"><img loading=\"lazy\" decoding=\"async\" class=\"img-fluid alignnone wp-image-79971\" src=\"https:\/\/www.omnitrack.com\/wp-content\/uploads\/2023\/03\/Pneumatic-PS25.gif\" alt=\"Batentes pneum\u00e1ticos \" width=\"297\" height=\"488\" \/><br \/> <strong>PS25<\/strong><br \/> <span class=\"box-pressure blue mt-3\"> <b>Press\u00e3o baixa<\/b><\/span><\/div> <div class=\"col-12 col-md-4 px-md-4 mb-3 mb-md-0\"><img loading=\"lazy\" decoding=\"async\" class=\"img-fluid alignnone wp-image-79970 size-full\" src=\"https:\/\/www.omnitrack.com\/wp-content\/uploads\/2024\/10\/diagram_PS25_pt.gif\" alt=\"Batentes pneum\u00e1ticos\" width=\"800\" height=\"800\" \/><\/div> <div class=\"col-12 col-md-6 ps-md-5 mb-3 mb-md-0\"> <div class=\"ratio ratio-16x9\"><iframe title=\"YouTube video player\" frameborder=\"0\" allowfullscreen=\"allowfullscreen\" class=\" lozad\" data-src=\"https:\/\/www.youtube.com\/embed\/PKFis846aNA?controls=0\"><\/iframe><\/div> <\/div> <\/div> <\/div> <\/section> <section id=\"part-table-one\" class=\"row cpn-section\"> <div class=\"col\"><div class=\"switcher mt-3 mt-md-0 mx-2 me-sm-0 ms-sm-5\">    <div class=\"switcher-title\"><b>Alternar unidades de medida:<\/b> <\/span><\/div>    <button class=\"toggle-unit\" type=\"button\"><span class=\"switch-metric\">M\u00e9trico (mm\/kg)<\/span><span class=\"switch\"><\/span><span class=\"switch-imperial\">Imperial (pol\/lb)<\/span><\/button><\/div> [omni_render_table class-container=&#8221;table-no-scroll table-mobi&#8221;]<\/div> <\/section> <div class=\"row cpn-section\"> <div class=\"col\"> <hr \/> <\/div> <\/div> <section id=\"accessories\" class=\"row cpn-section\"> <div class=\"col\"> <h2>Acess\u00f3rios<\/h2> <div>\t<div class=\"omni-slider pneumatic-accessories\" data-pressure=\"both\" id=\"pneumatic-accessories\">\t<ul class=\"omni-slider-track\"><li class=\"both-pressure\">    <img loading=\"lazy\" decoding=\"async\" width=\"150\" height=\"150\" src=\"https:\/\/www.omnitrack.com\/wp-content\/uploads\/2023\/03\/Regulator_AV6.webp\" class=\"img-fluid\" alt=\"\" srcset=\"https:\/\/www.omnitrack.com\/wp-content\/uploads\/2023\/03\/Regulator_AV6.webp 800w, https:\/\/www.omnitrack.com\/wp-content\/uploads\/2023\/03\/Regulator_AV6-300x300.webp 300w, https:\/\/www.omnitrack.com\/wp-content\/uploads\/2023\/03\/Regulator_AV6-150x150.webp 150w, https:\/\/www.omnitrack.com\/wp-content\/uploads\/2023\/03\/Regulator_AV6-768x768.webp 768w, https:\/\/www.omnitrack.com\/wp-content\/uploads\/2023\/03\/Regulator_AV6-600x600.webp 600w, https:\/\/www.omnitrack.com\/wp-content\/uploads\/2023\/03\/Regulator_AV6-100x100.webp 100w\" sizes=\"auto, (max-width: 150px) 100vw, 150px\" \/>    <small>Press\u00e3o baixa e alta<\/small>    <h3>V\u00e1lvula Reguladora<\/h3>    <h4>AV6<\/h4>            <!--disable purchase--><\/li><li class=\"both-pressure\">    <img loading=\"lazy\" decoding=\"async\" width=\"150\" height=\"150\" src=\"https:\/\/www.omnitrack.com\/wp-content\/uploads\/2023\/03\/Switch.webp\" class=\"img-fluid\" alt=\"2-Way Lever Switch\" srcset=\"https:\/\/www.omnitrack.com\/wp-content\/uploads\/2023\/03\/Switch.webp 800w, https:\/\/www.omnitrack.com\/wp-content\/uploads\/2023\/03\/Switch-300x300.webp 300w, https:\/\/www.omnitrack.com\/wp-content\/uploads\/2023\/03\/Switch-150x150.webp 150w, https:\/\/www.omnitrack.com\/wp-content\/uploads\/2023\/03\/Switch-768x768.webp 768w, https:\/\/www.omnitrack.com\/wp-content\/uploads\/2023\/03\/Switch-600x600.webp 600w, https:\/\/www.omnitrack.com\/wp-content\/uploads\/2023\/03\/Switch-100x100.webp 100w\" sizes=\"auto, (max-width: 150px) 100vw, 150px\" \/>    <small>Press\u00e3o baixa e alta<\/small>    <h3>Interruptor de 3 vias<\/h3>    <h4>AS7<\/h4>            <!--disable purchase--><\/li><li class=\"low-pressure\">    <img loading=\"lazy\" decoding=\"async\" width=\"150\" height=\"150\" src=\"https:\/\/www.omnitrack.com\/wp-content\/uploads\/2023\/03\/Tubing.webp\" class=\"img-fluid\" alt=\"\" srcset=\"https:\/\/www.omnitrack.com\/wp-content\/uploads\/2023\/03\/Tubing.webp 800w, https:\/\/www.omnitrack.com\/wp-content\/uploads\/2023\/03\/Tubing-300x300.webp 300w, https:\/\/www.omnitrack.com\/wp-content\/uploads\/2023\/03\/Tubing-150x150.webp 150w, https:\/\/www.omnitrack.com\/wp-content\/uploads\/2023\/03\/Tubing-768x768.webp 768w, https:\/\/www.omnitrack.com\/wp-content\/uploads\/2023\/03\/Tubing-600x600.webp 600w, https:\/\/www.omnitrack.com\/wp-content\/uploads\/2023\/03\/Tubing-100x100.webp 100w\" sizes=\"auto, (max-width: 150px) 100vw, 150px\" \/>    <small>Press\u00e3o baixa<\/small>    <h3>Tubo (rolo de 3m)<\/h3>    <h4>TP4<\/h4>            <!--disable purchase--><\/li><li class=\"low-pressure\">    <img loading=\"lazy\" decoding=\"async\" width=\"150\" height=\"150\" src=\"https:\/\/www.omnitrack.com\/wp-content\/uploads\/2023\/03\/Clip_PF2.webp\" class=\"img-fluid\" alt=\"\" srcset=\"https:\/\/www.omnitrack.com\/wp-content\/uploads\/2023\/03\/Clip_PF2.webp 600w, https:\/\/www.omnitrack.com\/wp-content\/uploads\/2023\/03\/Clip_PF2-300x300.webp 300w, https:\/\/www.omnitrack.com\/wp-content\/uploads\/2023\/03\/Clip_PF2-150x150.webp 150w, https:\/\/www.omnitrack.com\/wp-content\/uploads\/2023\/03\/Clip_PF2-100x100.webp 100w\" sizes=\"auto, (max-width: 150px) 100vw, 150px\" \/>    <small>Press\u00e3o baixa<\/small>    <h3>Clipe de fixa\u00e7\u00e3o<\/h3>    <h4>PF2<\/h4>            <!--disable purchase--><\/li><li class=\"both-pressure\">    <img loading=\"lazy\" decoding=\"async\" width=\"127\" height=\"150\" src=\"https:\/\/www.omnitrack.com\/wp-content\/uploads\/2023\/03\/AS6.png\" class=\"img-fluid\" alt=\"AS6 3\/2 Lever Switch Valve\" srcset=\"https:\/\/www.omnitrack.com\/wp-content\/uploads\/2023\/03\/AS6.png 2127w, https:\/\/www.omnitrack.com\/wp-content\/uploads\/2023\/03\/AS6-255x300.png 255w, https:\/\/www.omnitrack.com\/wp-content\/uploads\/2023\/03\/AS6-869x1024.png 869w, https:\/\/www.omnitrack.com\/wp-content\/uploads\/2023\/03\/AS6-768x904.png 768w, https:\/\/www.omnitrack.com\/wp-content\/uploads\/2023\/03\/AS6-1304x1536.png 1304w, https:\/\/www.omnitrack.com\/wp-content\/uploads\/2023\/03\/AS6-1739x2048.png 1739w, https:\/\/www.omnitrack.com\/wp-content\/uploads\/2023\/03\/AS6-600x707.png 600w\" sizes=\"auto, (max-width: 127px) 100vw, 127px\" \/>    <small>Press\u00e3o baixa e alta<\/small>    <h3>2-Way Switch<\/h3>    <h4>AS6<\/h4>            <!--disable purchase--><\/li><li class=\"low-pressure\">    <img loading=\"lazy\" decoding=\"async\" width=\"150\" height=\"150\" src=\"https:\/\/www.omnitrack.com\/wp-content\/uploads\/2023\/03\/Blanking_Plug.webp\" class=\"img-fluid\" alt=\"\" srcset=\"https:\/\/www.omnitrack.com\/wp-content\/uploads\/2023\/03\/Blanking_Plug.webp 800w, https:\/\/www.omnitrack.com\/wp-content\/uploads\/2023\/03\/Blanking_Plug-300x300.webp 300w, https:\/\/www.omnitrack.com\/wp-content\/uploads\/2023\/03\/Blanking_Plug-150x150.webp 150w, https:\/\/www.omnitrack.com\/wp-content\/uploads\/2023\/03\/Blanking_Plug-768x768.webp 768w, https:\/\/www.omnitrack.com\/wp-content\/uploads\/2023\/03\/Blanking_Plug-600x600.webp 600w, https:\/\/www.omnitrack.com\/wp-content\/uploads\/2023\/03\/Blanking_Plug-100x100.webp 100w\" sizes=\"auto, (max-width: 150px) 100vw, 150px\" \/>    <small>Press\u00e3o baixa<\/small>    <h3>Plugue de veda\u00e7\u00e3o<\/h3>    <h4>TB4<\/h4>            <!--disable purchase--><\/li>\t<\/ul><div class=\"omni-slider-controls\"><button class=\"omni-slider-prev\"><img src=\"https:\/\/www.omnitrack.com\/wp-content\/themes\/omnitrack2023\/images\/icon-arrow-blue-left.svg\" alt=\"Arrow left icon\" decoding=\"async\" loading=\"lazy\" alt=\"Arrow left icon\"><\/button> <button class=\"omni-slider-next\"><img src=\"https:\/\/www.omnitrack.com\/wp-content\/themes\/omnitrack2023\/images\/icon-arrow-blue-right.svg\" decoding=\"async\" loading=\"lazy\" alt=\"Arrow right icon\"><\/button><\/div><\/div><\/div> <\/div> <\/section> <div class=\"row cpn-section\"> <div class=\"col\"> <hr \/> <\/div> <\/div> <section id=\"also-consider\" class=\"row cpn-section\"> <div class=\"col\"> <div> <h2>Considere tamb\u00e9m<\/h2> <div>\t<div class=\"omni-slider omni-carousel\" >\t<ul class=\"omni-slider-track\"><li>    <a href=\"https:\/\/www.omnitrack.com\/br\/ball-transfer-units\/pneumatic-rails\/\">        <img loading=\"lazy\" decoding=\"async\" width=\"150\" height=\"150\" src=\"https:\/\/www.omnitrack.com\/wp-content\/uploads\/2023\/03\/Rail_PS25.webp\" class=\"img-fluid\" alt=\"\" srcset=\"https:\/\/www.omnitrack.com\/wp-content\/uploads\/2023\/03\/Rail_PS25.webp 800w, https:\/\/www.omnitrack.com\/wp-content\/uploads\/2023\/03\/Rail_PS25-300x300.webp 300w, https:\/\/www.omnitrack.com\/wp-content\/uploads\/2023\/03\/Rail_PS25-150x150.webp 150w, https:\/\/www.omnitrack.com\/wp-content\/uploads\/2023\/03\/Rail_PS25-768x768.webp 768w, https:\/\/www.omnitrack.com\/wp-content\/uploads\/2023\/03\/Rail_PS25-600x600.webp 600w, https:\/\/www.omnitrack.com\/wp-content\/uploads\/2023\/03\/Rail_PS25-100x100.webp 100w\" sizes=\"auto, (max-width: 150px) 100vw, 150px\" \/>        <small>Press\u00e3o baixa<\/small>        <h3>Trilhos de batentes<\/h3>        <h4>PS25\/400 &amp; PS25\/600<\/h4>    <\/a><\/li><li>    <a href=\"https:\/\/www.omnitrack.com\/br\/ball-transfer-units\/pneumatic-ball-transfers\/\">        <img loading=\"lazy\" decoding=\"async\" width=\"150\" height=\"150\" src=\"https:\/\/www.omnitrack.com\/wp-content\/uploads\/2023\/03\/Pneumatic_Balls-1.webp\" class=\"img-fluid\" alt=\"\" srcset=\"https:\/\/www.omnitrack.com\/wp-content\/uploads\/2023\/03\/Pneumatic_Balls-1.webp 420w, https:\/\/www.omnitrack.com\/wp-content\/uploads\/2023\/03\/Pneumatic_Balls-1-300x300.webp 300w, https:\/\/www.omnitrack.com\/wp-content\/uploads\/2023\/03\/Pneumatic_Balls-1-150x150.webp 150w, https:\/\/www.omnitrack.com\/wp-content\/uploads\/2023\/03\/Pneumatic_Balls-1-100x100.webp 100w\" sizes=\"auto, (max-width: 150px) 100vw, 150px\" \/>        <small>Press\u00e3o baixa e alta<\/small>        <h3>Esferas<\/h3>        <h4>PB25, PB525 &amp; PB625<\/h4>    <\/a><\/li><li>    <a href=\"https:\/\/www.omnitrack.com\/br\/ball-transfer-units\/pneumatic-rails\/\">        <img loading=\"lazy\" decoding=\"async\" width=\"150\" height=\"150\" src=\"https:\/\/www.omnitrack.com\/wp-content\/uploads\/2023\/03\/Rail_PB25.webp\" class=\"img-fluid\" alt=\"\" srcset=\"https:\/\/www.omnitrack.com\/wp-content\/uploads\/2023\/03\/Rail_PB25.webp 800w, https:\/\/www.omnitrack.com\/wp-content\/uploads\/2023\/03\/Rail_PB25-300x300.webp 300w, https:\/\/www.omnitrack.com\/wp-content\/uploads\/2023\/03\/Rail_PB25-150x150.webp 150w, https:\/\/www.omnitrack.com\/wp-content\/uploads\/2023\/03\/Rail_PB25-768x768.webp 768w, https:\/\/www.omnitrack.com\/wp-content\/uploads\/2023\/03\/Rail_PB25-600x600.webp 600w, https:\/\/www.omnitrack.com\/wp-content\/uploads\/2023\/03\/Rail_PB25-100x100.webp 100w\" sizes=\"auto, (max-width: 150px) 100vw, 150px\" \/>        <small>Press\u00e3o baixa<\/small>        <h3>Trilhos de esferas<\/h3>        <h4>PB25\/400 &amp; PB25\/600<\/h4>    <\/a><\/li><li>    <a href=\"https:\/\/www.omnitrack.com\/br\/ball-transfer-units\/pneumatic-rails\/\">        <img loading=\"lazy\" decoding=\"async\" width=\"150\" height=\"150\" src=\"https:\/\/www.omnitrack.com\/wp-content\/uploads\/2023\/03\/Rail_PB36.webp\" class=\"img-fluid\" alt=\"\" srcset=\"https:\/\/www.omnitrack.com\/wp-content\/uploads\/2023\/03\/Rail_PB36.webp 800w, https:\/\/www.omnitrack.com\/wp-content\/uploads\/2023\/03\/Rail_PB36-300x300.webp 300w, https:\/\/www.omnitrack.com\/wp-content\/uploads\/2023\/03\/Rail_PB36-150x150.webp 150w, https:\/\/www.omnitrack.com\/wp-content\/uploads\/2023\/03\/Rail_PB36-768x768.webp 768w, https:\/\/www.omnitrack.com\/wp-content\/uploads\/2023\/03\/Rail_PB36-600x600.webp 600w, https:\/\/www.omnitrack.com\/wp-content\/uploads\/2023\/03\/Rail_PB36-100x100.webp 100w\" sizes=\"auto, (max-width: 150px) 100vw, 150px\" \/>        <small>Press\u00e3o alta<\/small>        <h3>Trilhos de esferas<\/h3>        <h4>PB22, PB28 &amp; PB36<\/h4>    <\/a><\/li><li>    <a href=\"https:\/\/www.omnitrack.com\/br\/ball-transfer-units\/pneumatic-linear-rollers\/\">        <img loading=\"lazy\" decoding=\"async\" width=\"113\" height=\"150\" src=\"https:\/\/www.omnitrack.com\/wp-content\/uploads\/2023\/03\/PW25.webp\" class=\"img-fluid\" alt=\"\" srcset=\"https:\/\/www.omnitrack.com\/wp-content\/uploads\/2023\/03\/PW25.webp 300w, https:\/\/www.omnitrack.com\/wp-content\/uploads\/2023\/03\/PW25-225x300.webp 225w\" sizes=\"auto, (max-width: 113px) 100vw, 113px\" \/>        <small>Press\u00e3o baixa<\/small>        <h3>Rolos lineares<\/h3>        <h4>PW25<\/h4>    <\/a><\/li><li>    <a href=\"https:\/\/www.omnitrack.com\/br\/ball-transfer-units\/pneumatic-rails\/\">        <img loading=\"lazy\" decoding=\"async\" width=\"150\" height=\"150\" src=\"https:\/\/www.omnitrack.com\/wp-content\/uploads\/2023\/03\/Rail_PW22.webp\" class=\"img-fluid\" alt=\"\" srcset=\"https:\/\/www.omnitrack.com\/wp-content\/uploads\/2023\/03\/Rail_PW22.webp 800w, https:\/\/www.omnitrack.com\/wp-content\/uploads\/2023\/03\/Rail_PW22-300x300.webp 300w, https:\/\/www.omnitrack.com\/wp-content\/uploads\/2023\/03\/Rail_PW22-150x150.webp 150w, https:\/\/www.omnitrack.com\/wp-content\/uploads\/2023\/03\/Rail_PW22-768x768.webp 768w, https:\/\/www.omnitrack.com\/wp-content\/uploads\/2023\/03\/Rail_PW22-600x600.webp 600w, https:\/\/www.omnitrack.com\/wp-content\/uploads\/2023\/03\/Rail_PW22-100x100.webp 100w\" sizes=\"auto, (max-width: 150px) 100vw, 150px\" \/>        <small>Press\u00e3o alta<\/small>        <h3>Trilhos de rolos<\/h3>        <h4>PW22, PW28 &amp; PW36<\/h4>    <\/a><\/li>\t<\/ul><div class=\"omni-slider-controls\"><button class=\"omni-slider-prev\"><img src=\"https:\/\/www.omnitrack.com\/wp-content\/themes\/omnitrack2023\/images\/icon-arrow-blue-left.svg\" alt=\"Arrow left icon\" decoding=\"async\" loading=\"lazy\" alt=\"Arrow left icon\"><\/button> <button class=\"omni-slider-next\"><img src=\"https:\/\/www.omnitrack.com\/wp-content\/themes\/omnitrack2023\/images\/icon-arrow-blue-right.svg\" decoding=\"async\" loading=\"lazy\" alt=\"Arrow right icon\"><\/button><\/div><\/div><\/div> <\/div> <\/div> <\/section> <div class=\"row cpn-section\"> <div class=\"col\"> <hr \/> <\/div> <\/div> <section class=\"row cpn-section pb-5\"> <p>As unidades e os trilhos s\u00e3o todos equipados com um conector T para facilitar a integra\u00e7\u00e3o. Tubula\u00e7\u00e3o de alta e baixa press\u00e3o, conectores e plugues finais. Configure junto com interruptores e reguladores para proporcionar um controle vers\u00e1til.<\/p> <p><div class=\"col fontSize-4\">\n<h2>Unidades de transfer\u00eancia de esferas pneum\u00e1ticas, batentes, rolos lineares e trilhos<\/h2>\n<ul class=\"li-height\">\n<li>As unidades pneum\u00e1ticas permitem o posicionamento do item transportado, acionado por ar, e podem ser dispostas individualmente para uma superf\u00edcie de transporte flex\u00edvel e modular.<\/li>\n<li>Os batentes de posicionamento PS25 s\u00e3o ativados pneumaticamente para parar e manter a posi\u00e7\u00e3o do item transportado.<\/li>\n<li>As unidades classificadas com uma press\u00e3o m\u00e1xima de suprimento de ar de \u2264 3,4 bar suportam cargas de at\u00e9 200 kg\/trilho, enquanto as classificadas com suprimento de ar de \u2264 6 bar suportam at\u00e9 2500 kg\/trilho.<\/li>\n<\/ul>\n<\/div>\n<\/section> <section id=\"cant-find\" class=\"row cpn-section py-5 two justify-content-between\"><div class=\"col-12 col-sm-6 col-lg-7 py-lg-4 pe-lg-5\">\n<h3 class=\"fontSize-2 fontSize-md-1\">N\u00e3o encontrou o que procura?<\/h3>\n<p class=\"fontSize-4\">Tente pesquisar por palavras-chave, n\u00fameros de produto, carga, tipos de fixa\u00e7\u00e3o.<\/p>\n<div class=\"input-group\"><form class=\"form-search\"><div class=\"input-group\">  <input type=\"text\" name=\"s\" class=\"form-control field\" placeholder=\"Pesquisar n.\u00ba do produto\">  <input type=\"hidden\" name=\"post-type\" value=\"product\"><\/div><\/form><\/div>\n<\/div>\n<div class=\"col-12 col-sm-6 col-lg-5 py-lg-4 pt-4 pt-sm-0\">\n<h3 class=\"fontSize-2 fontSize-md-1\">Consultoria t\u00e9cnica gratuita<\/h3>\n<p class=\"fontSize-4\">Telefone: <b><a href=\"tel:+551143496211\">+55 11 4349 6211<\/a><\/b><\/p>\n<p class=\"fontSize-4\">Email: <b><a href=\"mailto:info@omnitrack.com\">info@omnitrack.com<\/a><\/b><\/p>\n<div class=\"mt-4\"> <a class=\"btn-ot green me-2 mb-3 mb-md-0 w100-mobile\" href=\"https:\/\/wa.me\/447759128207\" target=\"_blank\" rel=\"noopener\"><img decoding=\"async\" loading=\"lazy\" src=\"https:\/\/www.omnitrack.com\/wp-content\/themes\/omnitrack2023\/images\/icon-whatsapp.svg\"  alt=\"WhatsApp Omnitrack\"  \/> WhatsApp<\/a> <a class=\"btn-ot w100-mobile\" href=\"https:\/\/calendly.com\/omnitrack\/15min\" target=\"_blank\" rel=\"noopener\"><img decoding=\"async\" loading=\"lazy\" src=\"https:\/\/www.omnitrack.com\/wp-content\/themes\/omnitrack2023\/images\/icon-schedule.svg\"  alt=\"Agendar uma chamada com a Omnitrack\"  \/> Agendar uma chamada<\/a><\/div>\n<\/div>\n<\/section> ","protected":false},"excerpt":{"rendered":"<p>As unidades de transfer\u00eancia de esferas pneum\u00e1ticas permitem o posicionamento do item transportado e podem ser dispostas individualmente para um plano de transporte flex\u00edvel e modular. Os batentes de posicionamento PS25 s\u00e3o ativados pneumaticamente para parar e manter a posi\u00e7\u00e3o do item transportado. Em sistemas de baixa press\u00e3o, o comprimento da tubula\u00e7\u00e3o deve ser estendido [&hellip;]<\/p>\n","protected":false},"author":7,"featured_media":0,"parent":102843,"menu_order":0,"comment_status":"closed","ping_status":"closed","template":"page-pneumatic.php","meta":{"inline_featured_image":false,"footnotes":""},"class_list":["post-102860","page","type-page","status-publish","hentry"],"acf":[],"_links":{"self":[{"href":"https:\/\/www.omnitrack.com\/br\/wp-json\/wp\/v2\/pages\/102860","targetHints":{"allow":["GET"]}}],"collection":[{"href":"https:\/\/www.omnitrack.com\/br\/wp-json\/wp\/v2\/pages"}],"about":[{"href":"https:\/\/www.omnitrack.com\/br\/wp-json\/wp\/v2\/types\/page"}],"author":[{"embeddable":true,"href":"https:\/\/www.omnitrack.com\/br\/wp-json\/wp\/v2\/users\/7"}],"replies":[{"embeddable":true,"href":"https:\/\/www.omnitrack.com\/br\/wp-json\/wp\/v2\/comments?post=102860"}],"version-history":[{"count":4,"href":"https:\/\/www.omnitrack.com\/br\/wp-json\/wp\/v2\/pages\/102860\/revisions"}],"predecessor-version":[{"id":107433,"href":"https:\/\/www.omnitrack.com\/br\/wp-json\/wp\/v2\/pages\/102860\/revisions\/107433"}],"up":[{"embeddable":true,"href":"https:\/\/www.omnitrack.com\/br\/wp-json\/wp\/v2\/pages\/102843"}],"wp:attachment":[{"href":"https:\/\/www.omnitrack.com\/br\/wp-json\/wp\/v2\/media?parent=102860"}],"curies":[{"name":"wp","href":"https:\/\/api.w.org\/{rel}","templated":true}]}}