{"id":102858,"date":"2023-02-08T00:48:32","date_gmt":"2023-02-08T00:48:32","guid":{"rendered":"https:\/\/www.omnitrack.com\/ball-transfer-units\/pneumatic-rails\/"},"modified":"2024-09-25T12:01:22","modified_gmt":"2024-09-25T12:01:22","slug":"trilhos-pneumaticos","status":"publish","type":"page","link":"https:\/\/www.omnitrack.com\/br\/unidades-de-transferencia-de-esferas\/trilhos-pneumaticos\/","title":{"rendered":"Trilhos pneum\u00e1ticos"},"content":{"rendered":"<section class=\"row cpn-section\"><div><ul class=\"row justify-content-between category-list clear-list g-3 g-sm-4\"><li class=\"col-6 col-sm-4 col-lg-3 col-xl-3 col-xxl-20 \">    <a href=\"https:\/\/www.omnitrack.com\/br\/ball-transfer-units\/pneumatic-ball-transfers\/\" class=\"category-list-item\" alt=\"Unidades pneum\u00e1ticas\">        <img loading=\"lazy\" decoding=\"async\" width=\"150\" height=\"150\" src=\"https:\/\/www.omnitrack.com\/wp-content\/uploads\/2023\/03\/Pneumatic_Balls-1.webp\" class=\"img-fluid\" alt=\"\" srcset=\"https:\/\/www.omnitrack.com\/wp-content\/uploads\/2023\/03\/Pneumatic_Balls-1.webp 420w, https:\/\/www.omnitrack.com\/wp-content\/uploads\/2023\/03\/Pneumatic_Balls-1-300x300.webp 300w, https:\/\/www.omnitrack.com\/wp-content\/uploads\/2023\/03\/Pneumatic_Balls-1-150x150.webp 150w, https:\/\/www.omnitrack.com\/wp-content\/uploads\/2023\/03\/Pneumatic_Balls-1-100x100.webp 100w\" sizes=\"auto, (max-width: 150px) 100vw, 150px\" \/>        <h3 class=\"fontSize-4 fontSize-sm-3 mb-0 mb-sm-2\">Unidades pneum\u00e1ticas<\/h3>                    <\/a><\/li><li class=\"col-6 col-sm-4 col-lg-3 col-xl-3 col-xxl-20 \">    <a href=\"https:\/\/www.omnitrack.com\/br\/ball-transfer-units\/pneumatic-stops\/\" class=\"category-list-item\" alt=\"Batentes pneum\u00e1ticos\">        <img loading=\"lazy\" decoding=\"async\" width=\"150\" height=\"150\" src=\"https:\/\/www.omnitrack.com\/wp-content\/uploads\/2023\/03\/PS25-1.webp\" class=\"img-fluid\" alt=\"\" srcset=\"https:\/\/www.omnitrack.com\/wp-content\/uploads\/2023\/03\/PS25-1.webp 400w, https:\/\/www.omnitrack.com\/wp-content\/uploads\/2023\/03\/PS25-1-300x300.webp 300w, https:\/\/www.omnitrack.com\/wp-content\/uploads\/2023\/03\/PS25-1-150x150.webp 150w, https:\/\/www.omnitrack.com\/wp-content\/uploads\/2023\/03\/PS25-1-100x100.webp 100w\" sizes=\"auto, (max-width: 150px) 100vw, 150px\" \/>        <h3 class=\"fontSize-4 fontSize-sm-3 mb-0 mb-sm-2\">Batentes pneum\u00e1ticos<\/h3>                    <\/a><\/li><li class=\"col-6 col-sm-4 col-lg-3 col-xl-3 col-xxl-20 \">    <a href=\"https:\/\/www.omnitrack.com\/br\/ball-transfer-units\/pneumatic-linear-rollers\/\" class=\"category-list-item\" alt=\"Rolos pneum\u00e1ticos\">        <img loading=\"lazy\" decoding=\"async\" width=\"150\" height=\"150\" src=\"https:\/\/www.omnitrack.com\/wp-content\/uploads\/2023\/03\/PW25-1.webp\" class=\"img-fluid\" alt=\"\" srcset=\"https:\/\/www.omnitrack.com\/wp-content\/uploads\/2023\/03\/PW25-1.webp 400w, https:\/\/www.omnitrack.com\/wp-content\/uploads\/2023\/03\/PW25-1-300x300.webp 300w, https:\/\/www.omnitrack.com\/wp-content\/uploads\/2023\/03\/PW25-1-150x150.webp 150w, https:\/\/www.omnitrack.com\/wp-content\/uploads\/2023\/03\/PW25-1-100x100.webp 100w\" sizes=\"auto, (max-width: 150px) 100vw, 150px\" \/>        <h3 class=\"fontSize-4 fontSize-sm-3 mb-0 mb-sm-2\">Rolos pneum\u00e1ticos<\/h3>                    <\/a><\/li><li class=\"col-6 col-sm-4 col-lg-3 col-xl-3 col-xxl-20 current-item\">    <a href=\"https:\/\/www.omnitrack.com\/br\/ball-transfer-units\/pneumatic-rails\/\" class=\"category-list-item\" alt=\"Trilhos pneum\u00e1ticos\">        <img loading=\"lazy\" decoding=\"async\" width=\"150\" height=\"150\" src=\"https:\/\/www.omnitrack.com\/wp-content\/uploads\/2023\/03\/Pneumatic_Rails.webp\" class=\"img-fluid\" alt=\"\" srcset=\"https:\/\/www.omnitrack.com\/wp-content\/uploads\/2023\/03\/Pneumatic_Rails.webp 420w, https:\/\/www.omnitrack.com\/wp-content\/uploads\/2023\/03\/Pneumatic_Rails-300x300.webp 300w, https:\/\/www.omnitrack.com\/wp-content\/uploads\/2023\/03\/Pneumatic_Rails-150x150.webp 150w, https:\/\/www.omnitrack.com\/wp-content\/uploads\/2023\/03\/Pneumatic_Rails-100x100.webp 100w\" sizes=\"auto, (max-width: 150px) 100vw, 150px\" \/>        <h3 class=\"fontSize-4 fontSize-sm-3 mb-0 mb-sm-2\">Trilhos pneum\u00e1ticos<\/h3>                    <\/a><\/li><\/ul><\/div>\n<\/section>\n<div class=\"row cpn-section\">\n<div class=\"col\">\n<hr \/>\n<\/div>\n<\/div>\n<section class=\"row cpn-section pb-4\">\n<div class=\"col\">\n<header class=\"row\">\n<div class=\"col mb-3 mb-md-0\">\n<nav class=\"breadcrumb\"><\/nav>\n<h1 class=\"fontSize-1\">Trilhos pneum\u00e1ticos de alta press\u00e3o<\/h1>\n<\/div>\n<\/header>\n<div class=\"row mb-3 mb-md-0\">\n<div class=\"col fontSize-4\">\n<p>As unidades e os trilhos s\u00e3o todos equipados com um conector T para facilitar a integra\u00e7\u00e3o. Tubula\u00e7\u00e3o de alta e baixa press\u00e3o, conectores e plugues finais. Configure junto com interruptores e reguladores para proporcionar um controle vers\u00e1til. Os plugues de veda\u00e7\u00e3o apropriados s\u00e3o fornecidos automaticamente com cada pedido. Esferas de materiais e tamanhos alternativos dispon\u00edveis.<\/p>\n<\/div>\n<\/div>\n<div class=\"row fontSize-4 fontSize-md-3\">\n<div class=\"col col-lg-auto\"><img loading=\"lazy\" decoding=\"async\" class=\"img-fluid alignnone wp-image-79831 size-full\" src=\"https:\/\/www.omnitrack.com\/wp-content\/uploads\/2023\/03\/Diagram_PB22_PB28_PB36.webp\" alt=\"Unidade de esferas pneum\u00e1ticas (trilhos) PB22 PB28 PB36 diagrama de trilhos de unidades pneum\u00e1ticas\" width=\"500\" height=\"375\" srcset=\"https:\/\/www.omnitrack.com\/wp-content\/uploads\/2023\/03\/Diagram_PB22_PB28_PB36.webp 500w, https:\/\/www.omnitrack.com\/wp-content\/uploads\/2023\/03\/Diagram_PB22_PB28_PB36-300x225.webp 300w\" sizes=\"auto, (max-width: 500px) 100vw, 500px\" \/><\/p>\n<div class=\"fw-bold text-center\">PB22, PB28 &amp; PB36<\/div>\n<\/div>\n<div class=\"col col-lg-auto\"><img loading=\"lazy\" decoding=\"async\" class=\"img-fluid alignnone wp-image-79832 size-full\" src=\"https:\/\/www.omnitrack.com\/wp-content\/uploads\/2023\/03\/Diagram_PW22-1.webp\" alt=\"Pneumatic Rollers (Rails) PW22 Diagram Pneumatic Rails\" width=\"500\" height=\"375\" srcset=\"https:\/\/www.omnitrack.com\/wp-content\/uploads\/2023\/03\/Diagram_PW22-1.webp 500w, https:\/\/www.omnitrack.com\/wp-content\/uploads\/2023\/03\/Diagram_PW22-1-300x225.webp 300w\" sizes=\"auto, (max-width: 500px) 100vw, 500px\" \/><\/p>\n<div class=\"fw-bold text-center\">PW22, PW28 &amp; PW36<\/div>\n<\/div>\n<\/div>\n<\/div>\n<\/section>\n<section id=\"part-table-one\" class=\"row cpn-section\">\n<div class=\"col\"><div class=\"switcher mt-3 mt-md-0 mx-2 me-sm-0 ms-sm-5\">    <div class=\"switcher-title\"><b>Alternar unidades de medida:<\/b> <\/span><\/div>    <button class=\"toggle-unit\" type=\"button\"><span class=\"switch-metric\">M\u00e9trico (mm\/kg)<\/span><span class=\"switch\"><\/span><span class=\"switch-imperial\">Imperial (pol\/lb)<\/span><\/button><\/div> [omni_render_table_pneumatic_rails_high class-container=&#8221;table-scroll table-mobi&#8221;]<\/div>\n<\/section>\n<div class=\"row cpn-section\">\n<div class=\"col\">\n<hr \/>\n<\/div>\n<\/div>\n<section id=\"low-pressure-pneumatic-rails\" class=\"row cpn-section pb-4\"><div class=\"col\">\n<header class=\"row\">\n<div class=\"col mb-3 mb-md-0\">\n<h2 class=\"fontSize-1\">Trilhos pneum\u00e1ticos de baixa press\u00e3o<\/h2>\n<\/div>\n<\/header>\n<div class=\"row\">\n<div class=\"col-12 col-md-4 pe-md-4 fontSize-4 mb-3 mb-md-0\">\n<p>Em sistemas de baixa press\u00e3o, o comprimento da tubula\u00e7\u00e3o deve ser estendido ou alterado usando conectores em linha opcionais (TC4), pois a tubula\u00e7\u00e3o e as conex\u00f5es n\u00e3o foram projetadas para serem separadas depois de montadas.<\/p>\n<p>Os plugues de veda\u00e7\u00e3o apropriados s\u00e3o fornecidos automaticamente com cada pedido.<\/p>\n<p>Esferas de materiais e tamanhos alternativos dispon\u00edveis.<\/p>\n<\/div>\n<div class=\"col-12 col-md-8\"><img loading=\"lazy\" decoding=\"async\" class=\"img-fluid alignnone wp-image-79728 size-full\" src=\"https:\/\/www.omnitrack.com\/wp-content\/uploads\/2024\/10\/diagram_PB25_PS25_rail_pt.webp\" alt=\"Diagrama das unidades pneum\u00e1ticas de esferas \/ batentes pneum\u00e1ticos (trilhos) PB25 PS25\" width=\"801\" height=\"340\" \/><\/div>\n<\/div>\n<\/div>\n<\/section>\n<section id=\"part-table-tow\" class=\"row cpn-section\">\n<div class=\"col\"><div class=\"switcher mt-3 mt-md-0 mx-2 me-sm-0 ms-sm-5\">    <div class=\"switcher-title\"><b>Alternar unidades de medida:<\/b> <\/span><\/div>    <button class=\"toggle-unit\" type=\"button\"><span class=\"switch-metric\">M\u00e9trico (mm\/kg)<\/span><span class=\"switch\"><\/span><span class=\"switch-imperial\">Imperial (pol\/lb)<\/span><\/button><\/div> [omni_render_table_pneumatic_rails_low class-container=&#8221;table-no-scroll table-mobi&#8221;]<\/div>\n<\/section>\n<div class=\"row cpn-section\">\n<div class=\"col\">\n<hr \/>\n<\/div>\n<\/div>\n<section id=\"accessories\" class=\"row cpn-section\">\n<div class=\"col\">\n<h2>Acess\u00f3rios<\/h2>\n<div><div class=\"select-pressure\"><span class=\"d-block d-sm-inline mb-3 mb-sm-0\">Selecione a press\u00e3o:<\/span>\t<label class=\"active\"><input type='radio' value='both' name='selectPressure' checked \/> <span class=\"all\">Todas<\/span><\/label>\t<label><input type='radio' value='high' name='selectPressure' \/> <span class=\"high\">Alta<\/span><\/label>\t<label><input type='radio' value='low' name='selectPressure' \/> <span class=\"low\">Baixa<\/span><\/label><\/div>\t<div class=\"omni-slider pneumatic-accessories\" data-pressure=\"both\" id=\"pneumatic-accessories\">\t<ul class=\"omni-slider-track\"><li class=\"both-pressure\">    <img loading=\"lazy\" decoding=\"async\" width=\"150\" height=\"150\" src=\"https:\/\/www.omnitrack.com\/wp-content\/uploads\/2023\/03\/Regulator_AV6.webp\" class=\"img-fluid\" alt=\"\" srcset=\"https:\/\/www.omnitrack.com\/wp-content\/uploads\/2023\/03\/Regulator_AV6.webp 800w, https:\/\/www.omnitrack.com\/wp-content\/uploads\/2023\/03\/Regulator_AV6-300x300.webp 300w, https:\/\/www.omnitrack.com\/wp-content\/uploads\/2023\/03\/Regulator_AV6-150x150.webp 150w, https:\/\/www.omnitrack.com\/wp-content\/uploads\/2023\/03\/Regulator_AV6-768x768.webp 768w, https:\/\/www.omnitrack.com\/wp-content\/uploads\/2023\/03\/Regulator_AV6-600x600.webp 600w, https:\/\/www.omnitrack.com\/wp-content\/uploads\/2023\/03\/Regulator_AV6-100x100.webp 100w\" sizes=\"auto, (max-width: 150px) 100vw, 150px\" \/>    <small>Press\u00e3o baixa e alta<\/small>    <h3>V\u00e1lvula Reguladora<\/h3>    <h4>AV6<\/h4>            <!--disable purchase--><\/li><li class=\"both-pressure\">    <img loading=\"lazy\" decoding=\"async\" width=\"150\" height=\"150\" src=\"https:\/\/www.omnitrack.com\/wp-content\/uploads\/2023\/03\/Switch.webp\" class=\"img-fluid\" alt=\"2-Way Lever Switch\" srcset=\"https:\/\/www.omnitrack.com\/wp-content\/uploads\/2023\/03\/Switch.webp 800w, https:\/\/www.omnitrack.com\/wp-content\/uploads\/2023\/03\/Switch-300x300.webp 300w, https:\/\/www.omnitrack.com\/wp-content\/uploads\/2023\/03\/Switch-150x150.webp 150w, https:\/\/www.omnitrack.com\/wp-content\/uploads\/2023\/03\/Switch-768x768.webp 768w, https:\/\/www.omnitrack.com\/wp-content\/uploads\/2023\/03\/Switch-600x600.webp 600w, https:\/\/www.omnitrack.com\/wp-content\/uploads\/2023\/03\/Switch-100x100.webp 100w\" sizes=\"auto, (max-width: 150px) 100vw, 150px\" \/>    <small>Press\u00e3o baixa e alta<\/small>    <h3>Interruptor de 3 vias<\/h3>    <h4>AS7<\/h4>            <!--disable purchase--><\/li><li class=\"low-pressure\">    <img loading=\"lazy\" decoding=\"async\" width=\"150\" height=\"150\" src=\"https:\/\/www.omnitrack.com\/wp-content\/uploads\/2023\/03\/Tubing.webp\" class=\"img-fluid\" alt=\"\" srcset=\"https:\/\/www.omnitrack.com\/wp-content\/uploads\/2023\/03\/Tubing.webp 800w, https:\/\/www.omnitrack.com\/wp-content\/uploads\/2023\/03\/Tubing-300x300.webp 300w, https:\/\/www.omnitrack.com\/wp-content\/uploads\/2023\/03\/Tubing-150x150.webp 150w, https:\/\/www.omnitrack.com\/wp-content\/uploads\/2023\/03\/Tubing-768x768.webp 768w, https:\/\/www.omnitrack.com\/wp-content\/uploads\/2023\/03\/Tubing-600x600.webp 600w, https:\/\/www.omnitrack.com\/wp-content\/uploads\/2023\/03\/Tubing-100x100.webp 100w\" sizes=\"auto, (max-width: 150px) 100vw, 150px\" \/>    <small>Press\u00e3o baixa<\/small>    <h3>Tubo (rolo de 3m)<\/h3>    <h4>TP4<\/h4>            <!--disable purchase--><\/li><li class=\"low-pressure\">    <img loading=\"lazy\" decoding=\"async\" width=\"150\" height=\"150\" src=\"https:\/\/www.omnitrack.com\/wp-content\/uploads\/2023\/03\/3_Way_Connector.webp\" class=\"img-fluid\" alt=\"\" srcset=\"https:\/\/www.omnitrack.com\/wp-content\/uploads\/2023\/03\/3_Way_Connector.webp 800w, https:\/\/www.omnitrack.com\/wp-content\/uploads\/2023\/03\/3_Way_Connector-300x300.webp 300w, https:\/\/www.omnitrack.com\/wp-content\/uploads\/2023\/03\/3_Way_Connector-150x150.webp 150w, https:\/\/www.omnitrack.com\/wp-content\/uploads\/2023\/03\/3_Way_Connector-768x768.webp 768w, https:\/\/www.omnitrack.com\/wp-content\/uploads\/2023\/03\/3_Way_Connector-600x600.webp 600w, https:\/\/www.omnitrack.com\/wp-content\/uploads\/2023\/03\/3_Way_Connector-100x100.webp 100w\" sizes=\"auto, (max-width: 150px) 100vw, 150px\" \/>    <small>Press\u00e3o baixa<\/small>    <h3>Conector de 3 vias<\/h3>    <h4>TC4<\/h4>            <!--disable purchase--><\/li><li class=\"low-pressure\">    <img loading=\"lazy\" decoding=\"async\" width=\"150\" height=\"150\" src=\"https:\/\/www.omnitrack.com\/wp-content\/uploads\/2023\/03\/Blanking_Plug.webp\" class=\"img-fluid\" alt=\"\" srcset=\"https:\/\/www.omnitrack.com\/wp-content\/uploads\/2023\/03\/Blanking_Plug.webp 800w, https:\/\/www.omnitrack.com\/wp-content\/uploads\/2023\/03\/Blanking_Plug-300x300.webp 300w, https:\/\/www.omnitrack.com\/wp-content\/uploads\/2023\/03\/Blanking_Plug-150x150.webp 150w, https:\/\/www.omnitrack.com\/wp-content\/uploads\/2023\/03\/Blanking_Plug-768x768.webp 768w, https:\/\/www.omnitrack.com\/wp-content\/uploads\/2023\/03\/Blanking_Plug-600x600.webp 600w, https:\/\/www.omnitrack.com\/wp-content\/uploads\/2023\/03\/Blanking_Plug-100x100.webp 100w\" sizes=\"auto, (max-width: 150px) 100vw, 150px\" \/>    <small>Press\u00e3o baixa<\/small>    <h3>Plugue de veda\u00e7\u00e3o<\/h3>    <h4>TB4<\/h4>            <!--disable purchase--><\/li><li class=\"low-pressure\">    <img loading=\"lazy\" decoding=\"async\" width=\"150\" height=\"150\" src=\"https:\/\/www.omnitrack.com\/wp-content\/uploads\/2023\/03\/Clip_PF2.webp\" class=\"img-fluid\" alt=\"\" srcset=\"https:\/\/www.omnitrack.com\/wp-content\/uploads\/2023\/03\/Clip_PF2.webp 600w, https:\/\/www.omnitrack.com\/wp-content\/uploads\/2023\/03\/Clip_PF2-300x300.webp 300w, https:\/\/www.omnitrack.com\/wp-content\/uploads\/2023\/03\/Clip_PF2-150x150.webp 150w, https:\/\/www.omnitrack.com\/wp-content\/uploads\/2023\/03\/Clip_PF2-100x100.webp 100w\" sizes=\"auto, (max-width: 150px) 100vw, 150px\" \/>    <small>Press\u00e3o baixa<\/small>    <h3>Clipe de fixa\u00e7\u00e3o<\/h3>    <h4>PF2<\/h4>            <!--disable purchase--><\/li>\t<\/ul><div class=\"omni-slider-controls\"><button class=\"omni-slider-prev\"><img src=\"https:\/\/www.omnitrack.com\/wp-content\/themes\/omnitrack2023\/images\/icon-arrow-blue-left.svg\" alt=\"Arrow left icon\" decoding=\"async\" loading=\"lazy\" alt=\"Arrow left icon\"><\/button> <button class=\"omni-slider-next\"><img src=\"https:\/\/www.omnitrack.com\/wp-content\/themes\/omnitrack2023\/images\/icon-arrow-blue-right.svg\" decoding=\"async\" loading=\"lazy\" alt=\"Arrow right icon\"><\/button><\/div><\/div><\/div>\n<\/div>\n<\/section>\n<div class=\"row cpn-section\">\n<div class=\"col\">\n<hr \/>\n<\/div>\n<\/div>\n<section id=\"also-consider\" class=\"row cpn-section\">\n<div class=\"col\">\n<div>\n<h2>Considere tamb\u00e9m<\/h2>\n<div>\t<div class=\"omni-slider omni-carousel\" >\t<ul class=\"omni-slider-track\"><li>    <a href=\"https:\/\/www.omnitrack.com\/br\/ball-transfer-units\/pneumatic-ball-transfers\/\">        <img loading=\"lazy\" decoding=\"async\" width=\"150\" height=\"150\" src=\"https:\/\/www.omnitrack.com\/wp-content\/uploads\/2023\/03\/Pneumatic_Balls-1.webp\" class=\"img-fluid\" alt=\"\" srcset=\"https:\/\/www.omnitrack.com\/wp-content\/uploads\/2023\/03\/Pneumatic_Balls-1.webp 420w, https:\/\/www.omnitrack.com\/wp-content\/uploads\/2023\/03\/Pneumatic_Balls-1-300x300.webp 300w, https:\/\/www.omnitrack.com\/wp-content\/uploads\/2023\/03\/Pneumatic_Balls-1-150x150.webp 150w, https:\/\/www.omnitrack.com\/wp-content\/uploads\/2023\/03\/Pneumatic_Balls-1-100x100.webp 100w\" sizes=\"auto, (max-width: 150px) 100vw, 150px\" \/>        <small>Press\u00e3o baixa e alta<\/small>        <h3>Esferas<\/h3>        <h4>PB25, PB525 &amp; PB625<\/h4>    <\/a><\/li><li>    <a href=\"https:\/\/www.omnitrack.com\/br\/ball-transfer-units\/pneumatic-stops\/\">        <img loading=\"lazy\" decoding=\"async\" width=\"113\" height=\"150\" src=\"https:\/\/www.omnitrack.com\/wp-content\/uploads\/2023\/03\/Pneumatic-Stop-PS25.webp\" class=\"img-fluid\" alt=\"Transfer Ball Unit\" srcset=\"https:\/\/www.omnitrack.com\/wp-content\/uploads\/2023\/03\/Pneumatic-Stop-PS25.webp 300w, https:\/\/www.omnitrack.com\/wp-content\/uploads\/2023\/03\/Pneumatic-Stop-PS25-225x300.webp 225w\" sizes=\"auto, (max-width: 113px) 100vw, 113px\" \/>        <small>Press\u00e3o baixa<\/small>        <h3>Batentes<\/h3>        <h4>PS25<\/h4>    <\/a><\/li><li>    <a href=\"https:\/\/www.omnitrack.com\/br\/ball-transfer-units\/pneumatic-linear-rollers\/\">        <img loading=\"lazy\" decoding=\"async\" width=\"113\" height=\"150\" src=\"https:\/\/www.omnitrack.com\/wp-content\/uploads\/2023\/03\/PW25.webp\" class=\"img-fluid\" alt=\"\" srcset=\"https:\/\/www.omnitrack.com\/wp-content\/uploads\/2023\/03\/PW25.webp 300w, https:\/\/www.omnitrack.com\/wp-content\/uploads\/2023\/03\/PW25-225x300.webp 225w\" sizes=\"auto, (max-width: 113px) 100vw, 113px\" \/>        <small>Press\u00e3o baixa<\/small>        <h3>Rolos lineares<\/h3>        <h4>PW25<\/h4>    <\/a><\/li>\t<\/ul><div class=\"omni-slider-controls\"><button class=\"omni-slider-prev\"><img src=\"https:\/\/www.omnitrack.com\/wp-content\/themes\/omnitrack2023\/images\/icon-arrow-blue-left.svg\" alt=\"Arrow left icon\" decoding=\"async\" loading=\"lazy\" alt=\"Arrow left icon\"><\/button> <button class=\"omni-slider-next\"><img src=\"https:\/\/www.omnitrack.com\/wp-content\/themes\/omnitrack2023\/images\/icon-arrow-blue-right.svg\" decoding=\"async\" loading=\"lazy\" alt=\"Arrow right icon\"><\/button><\/div><\/div><\/div>\n<\/div>\n<\/div>\n<\/section>\n<div class=\"row cpn-section\">\n<div class=\"col\">\n<hr \/>\n<\/div>\n<\/div>\n<section class=\"row cpn-section pb-5\"><div class=\"col fontSize-4\">\n<h2>Unidades de transfer\u00eancia de esferas pneum\u00e1ticas, batentes, rolos lineares e trilhos<\/h2>\n<ul class=\"li-height\">\n<li>As unidades pneum\u00e1ticas permitem o posicionamento do item transportado, acionado por ar, e podem ser dispostas individualmente para uma superf\u00edcie de transporte flex\u00edvel e modular.<\/li>\n<li>Os batentes de posicionamento PS25 s\u00e3o ativados pneumaticamente para parar e manter a posi\u00e7\u00e3o do item transportado.<\/li>\n<li>As unidades classificadas com uma press\u00e3o m\u00e1xima de suprimento de ar de \u2264 3,4 bar suportam cargas de at\u00e9 200 kg\/trilho, enquanto as classificadas com suprimento de ar de \u2264 6 bar suportam at\u00e9 2500 kg\/trilho.<\/li>\n<\/ul>\n<\/div>\n<\/section>\n<section id=\"cant-find\" class=\"row cpn-section py-5 two justify-content-between\"><div class=\"col-12 col-sm-6 col-lg-7 py-lg-4 pe-lg-5\">\n<h3 class=\"fontSize-2 fontSize-md-1\">N\u00e3o encontrou o que procura?<\/h3>\n<p class=\"fontSize-4\">Tente pesquisar por palavras-chave, n\u00fameros de produto, carga, tipos de fixa\u00e7\u00e3o.<\/p>\n<div class=\"input-group\"><form class=\"form-search\"><div class=\"input-group\">  <input type=\"text\" name=\"s\" class=\"form-control field\" placeholder=\"Pesquisar n.\u00ba do produto\">  <input type=\"hidden\" name=\"post-type\" value=\"product\"><\/div><\/form><\/div>\n<\/div>\n<div class=\"col-12 col-sm-6 col-lg-5 py-lg-4 pt-4 pt-sm-0\">\n<h3 class=\"fontSize-2 fontSize-md-1\">Consultoria t\u00e9cnica gratuita<\/h3>\n<p class=\"fontSize-4\">Telefone: <b><a href=\"tel:+551143496211\">+55 11 4349 6211<\/a><\/b><\/p>\n<p class=\"fontSize-4\">Email: <b><a href=\"mailto:info@omnitrack.com\">info@omnitrack.com<\/a><\/b><\/p>\n<div class=\"mt-4\"> <a class=\"btn-ot green me-2 mb-3 mb-md-0 w100-mobile\" href=\"https:\/\/wa.me\/447759128207\" target=\"_blank\" rel=\"noopener\"><img decoding=\"async\" loading=\"lazy\" src=\"https:\/\/www.omnitrack.com\/wp-content\/themes\/omnitrack2023\/images\/icon-whatsapp.svg\"  alt=\"WhatsApp Omnitrack\"  \/> WhatsApp<\/a> <a class=\"btn-ot w100-mobile\" href=\"https:\/\/calendly.com\/omnitrack\/15min\" target=\"_blank\" rel=\"noopener\"><img decoding=\"async\" loading=\"lazy\" src=\"https:\/\/www.omnitrack.com\/wp-content\/themes\/omnitrack2023\/images\/icon-schedule.svg\"  alt=\"Agendar uma chamada com a Omnitrack\"  \/> Agendar uma chamada<\/a><\/div>\n<\/div>\n<\/section>\n","protected":false},"excerpt":{"rendered":"<p>Trilhos pneum\u00e1ticos de alta press\u00e3o As unidades e os trilhos s\u00e3o todos equipados com um conector T para facilitar a integra\u00e7\u00e3o. Tubula\u00e7\u00e3o de alta e baixa press\u00e3o, conectores e plugues finais. Configure junto com interruptores e reguladores para proporcionar um controle vers\u00e1til. Os plugues de veda\u00e7\u00e3o apropriados s\u00e3o fornecidos automaticamente com cada pedido. Esferas de [&hellip;]<\/p>\n","protected":false},"author":7,"featured_media":0,"parent":102843,"menu_order":0,"comment_status":"closed","ping_status":"closed","template":"page-pneumatic-rails.php","meta":{"inline_featured_image":false,"footnotes":""},"class_list":["post-102858","page","type-page","status-publish","hentry"],"acf":[],"_links":{"self":[{"href":"https:\/\/www.omnitrack.com\/br\/wp-json\/wp\/v2\/pages\/102858","targetHints":{"allow":["GET"]}}],"collection":[{"href":"https:\/\/www.omnitrack.com\/br\/wp-json\/wp\/v2\/pages"}],"about":[{"href":"https:\/\/www.omnitrack.com\/br\/wp-json\/wp\/v2\/types\/page"}],"author":[{"embeddable":true,"href":"https:\/\/www.omnitrack.com\/br\/wp-json\/wp\/v2\/users\/7"}],"replies":[{"embeddable":true,"href":"https:\/\/www.omnitrack.com\/br\/wp-json\/wp\/v2\/comments?post=102858"}],"version-history":[{"count":4,"href":"https:\/\/www.omnitrack.com\/br\/wp-json\/wp\/v2\/pages\/102858\/revisions"}],"predecessor-version":[{"id":106967,"href":"https:\/\/www.omnitrack.com\/br\/wp-json\/wp\/v2\/pages\/102858\/revisions\/106967"}],"up":[{"embeddable":true,"href":"https:\/\/www.omnitrack.com\/br\/wp-json\/wp\/v2\/pages\/102843"}],"wp:attachment":[{"href":"https:\/\/www.omnitrack.com\/br\/wp-json\/wp\/v2\/media?parent=102858"}],"curies":[{"name":"wp","href":"https:\/\/api.w.org\/{rel}","templated":true}]}}