{"id":102855,"date":"2023-01-26T12:02:36","date_gmt":"2023-01-26T12:02:36","guid":{"rendered":"https:\/\/www.omnitrack.com\/ball-transfer-units\/light-duty\/"},"modified":"2024-04-02T09:05:01","modified_gmt":"2024-04-02T09:05:01","slug":"carga-leve","status":"publish","type":"page","link":"https:\/\/www.omnitrack.com\/br\/unidades-de-transferencia-de-esferas\/carga-leve\/","title":{"rendered":"Carga leve"},"content":{"rendered":"<section id=\"header-product-one\" class=\"row cpn-section\">\n<div class=\"col\"><header class=\"row\">    <div class=\"col\">        <nav id=\"breadcrumb\">                    <\/nav>        <h1 class=\"fontSize-1\">Carga leve<\/h1>    <\/div>    <\/header><\/div>\n<div><strong><span style=\"font-size: 24px;\">Unidades de transfer\u00eancia de esferas para servi\u00e7os leves<\/span><\/strong><\/div>\n<\/section>\n<section id=\"category-list-two\" class=\"row cpn-section\">\n<div class=\"col\"><ul class=\"row category-list clear-list g-3 g-sm-4\"><li class=\"col-6 col-sm-4 col-lg-3 col-xl-3 col-xxl-20 \">    <a href=\"https:\/\/www.omnitrack.com\/br\/ball-transfer-units\/light-duty\/l-series-push-fit-clip-fixing-range\/\" class=\"category-list-item\" alt=\"S\u00e9rie L-Encaixe por press\u00e3o e fixa\u00e7\u00e3o com clipe\">        <img loading=\"lazy\" decoding=\"async\" width=\"150\" height=\"150\" src=\"https:\/\/www.omnitrack.com\/wp-content\/uploads\/2023\/03\/L-Clip.webp\" class=\"img-fluid\" alt=\"\" srcset=\"https:\/\/www.omnitrack.com\/wp-content\/uploads\/2023\/03\/L-Clip.webp 600w, https:\/\/www.omnitrack.com\/wp-content\/uploads\/2023\/03\/L-Clip-300x300.webp 300w, https:\/\/www.omnitrack.com\/wp-content\/uploads\/2023\/03\/L-Clip-150x150.webp 150w, https:\/\/www.omnitrack.com\/wp-content\/uploads\/2023\/03\/L-Clip-100x100.webp 100w\" sizes=\"auto, (max-width: 150px) 100vw, 150px\" \/>        <h3 class=\"fontSize-4 fontSize-sm-3 mb-0 mb-sm-2\">S\u00e9rie L<\/h3>                    <small>Encaixe por press\u00e3o e fixa\u00e7\u00e3o com clipe<\/small>                    <\/a><\/li><li class=\"col-6 col-sm-4 col-lg-3 col-xl-3 col-xxl-20 \">    <a href=\"https:\/\/www.omnitrack.com\/br\/ball-transfer-units\/light-duty\/ld-series-saturn-type\/\" class=\"category-list-item\" alt=\"S\u00e9rie LD-Tipo Saturno\">        <img loading=\"lazy\" decoding=\"async\" width=\"150\" height=\"150\" src=\"https:\/\/www.omnitrack.com\/wp-content\/uploads\/2023\/03\/LD_2.webp\" class=\"img-fluid\" alt=\"\" srcset=\"https:\/\/www.omnitrack.com\/wp-content\/uploads\/2023\/03\/LD_2.webp 800w, https:\/\/www.omnitrack.com\/wp-content\/uploads\/2023\/03\/LD_2-300x300.webp 300w, https:\/\/www.omnitrack.com\/wp-content\/uploads\/2023\/03\/LD_2-150x150.webp 150w, https:\/\/www.omnitrack.com\/wp-content\/uploads\/2023\/03\/LD_2-768x768.webp 768w, https:\/\/www.omnitrack.com\/wp-content\/uploads\/2023\/03\/LD_2-600x600.webp 600w, https:\/\/www.omnitrack.com\/wp-content\/uploads\/2023\/03\/LD_2-100x100.webp 100w\" sizes=\"auto, (max-width: 150px) 100vw, 150px\" \/>        <h3 class=\"fontSize-4 fontSize-sm-3 mb-0 mb-sm-2\">S\u00e9rie LD<\/h3>                    <small>Tipo Saturno<\/small>                    <\/a><\/li><li class=\"col-6 col-sm-4 col-lg-3 col-xl-3 col-xxl-20 \">    <a href=\"https:\/\/www.omnitrack.com\/br\/ball-transfer-units\/light-duty\/lf-series-flange-mounted\/\" class=\"category-list-item\" alt=\"S\u00e9rie LF-Montagem em flange\">        <img loading=\"lazy\" decoding=\"async\" width=\"150\" height=\"150\" src=\"https:\/\/www.omnitrack.com\/wp-content\/uploads\/2023\/03\/LF.webp\" class=\"img-fluid\" alt=\"\" srcset=\"https:\/\/www.omnitrack.com\/wp-content\/uploads\/2023\/03\/LF.webp 800w, https:\/\/www.omnitrack.com\/wp-content\/uploads\/2023\/03\/LF-300x300.webp 300w, https:\/\/www.omnitrack.com\/wp-content\/uploads\/2023\/03\/LF-150x150.webp 150w, https:\/\/www.omnitrack.com\/wp-content\/uploads\/2023\/03\/LF-768x768.webp 768w, https:\/\/www.omnitrack.com\/wp-content\/uploads\/2023\/03\/LF-600x600.webp 600w, https:\/\/www.omnitrack.com\/wp-content\/uploads\/2023\/03\/LF-100x100.webp 100w\" sizes=\"auto, (max-width: 150px) 100vw, 150px\" \/>        <h3 class=\"fontSize-4 fontSize-sm-3 mb-0 mb-sm-2\">S\u00e9rie LF<\/h3>                    <small>Montagem em flange<\/small>                    <\/a><\/li><li class=\"col-6 col-sm-4 col-lg-3 col-xl-3 col-xxl-20 \">    <a href=\"https:\/\/www.omnitrack.com\/br\/ball-transfer-units\/light-duty\/lm-series-cased-spring-loaded\/\" class=\"category-list-item\" alt=\"S\u00e9rie LM-Com mola interna\">        <img loading=\"lazy\" decoding=\"async\" width=\"150\" height=\"150\" src=\"https:\/\/www.omnitrack.com\/wp-content\/uploads\/2023\/03\/LM.webp\" class=\"img-fluid\" alt=\"\" srcset=\"https:\/\/www.omnitrack.com\/wp-content\/uploads\/2023\/03\/LM.webp 800w, https:\/\/www.omnitrack.com\/wp-content\/uploads\/2023\/03\/LM-300x300.webp 300w, https:\/\/www.omnitrack.com\/wp-content\/uploads\/2023\/03\/LM-150x150.webp 150w, https:\/\/www.omnitrack.com\/wp-content\/uploads\/2023\/03\/LM-768x768.webp 768w, https:\/\/www.omnitrack.com\/wp-content\/uploads\/2023\/03\/LM-600x600.webp 600w, https:\/\/www.omnitrack.com\/wp-content\/uploads\/2023\/03\/LM-100x100.webp 100w\" sizes=\"auto, (max-width: 150px) 100vw, 150px\" \/>        <h3 class=\"fontSize-4 fontSize-sm-3 mb-0 mb-sm-2\">S\u00e9rie LM<\/h3>                    <small>Com mola interna<\/small>                    <\/a><\/li><li class=\"col-6 col-sm-4 col-lg-3 col-xl-3 col-xxl-20 \">    <a href=\"https:\/\/www.omnitrack.com\/br\/ball-transfer-units\/light-duty\/lp-series-all-plastic-clip-fixing-range\/\" class=\"category-list-item\" alt=\"S\u00e9rie LP-De pl\u00e1stico e fixa\u00e7\u00e3o com clipe\">        <img loading=\"lazy\" decoding=\"async\" width=\"150\" height=\"150\" src=\"https:\/\/www.omnitrack.com\/wp-content\/uploads\/2023\/03\/LPSS_LK.webp\" class=\"img-fluid\" alt=\"\" srcset=\"https:\/\/www.omnitrack.com\/wp-content\/uploads\/2023\/03\/LPSS_LK.webp 600w, https:\/\/www.omnitrack.com\/wp-content\/uploads\/2023\/03\/LPSS_LK-300x300.webp 300w, https:\/\/www.omnitrack.com\/wp-content\/uploads\/2023\/03\/LPSS_LK-150x150.webp 150w, https:\/\/www.omnitrack.com\/wp-content\/uploads\/2023\/03\/LPSS_LK-100x100.webp 100w\" sizes=\"auto, (max-width: 150px) 100vw, 150px\" \/>        <h3 class=\"fontSize-4 fontSize-sm-3 mb-0 mb-sm-2\">S\u00e9rie LP<\/h3>                    <small>De pl\u00e1stico e fixa\u00e7\u00e3o com clipe<\/small>                    <\/a><\/li><li class=\"col-6 col-sm-4 col-lg-3 col-xl-3 col-xxl-20 \">    <a href=\"https:\/\/www.omnitrack.com\/br\/ball-transfer-units\/light-duty\/ball-transfer-rails\/\" class=\"category-list-item\" alt=\"Trilhos-De unidades transferidoras de esferas\">        <img loading=\"lazy\" decoding=\"async\" width=\"150\" height=\"150\" src=\"https:\/\/www.omnitrack.com\/wp-content\/uploads\/2023\/03\/R15-1.webp\" class=\"img-fluid\" alt=\"Ball Transfer Rails\" srcset=\"https:\/\/www.omnitrack.com\/wp-content\/uploads\/2023\/03\/R15-1.webp 600w, https:\/\/www.omnitrack.com\/wp-content\/uploads\/2023\/03\/R15-1-300x300.webp 300w, https:\/\/www.omnitrack.com\/wp-content\/uploads\/2023\/03\/R15-1-150x150.webp 150w, https:\/\/www.omnitrack.com\/wp-content\/uploads\/2023\/03\/R15-1-100x100.webp 100w\" sizes=\"auto, (max-width: 150px) 100vw, 150px\" \/>        <h3 class=\"fontSize-4 fontSize-sm-3 mb-0 mb-sm-2\">Trilhos<\/h3>                    <small>De unidades transferidoras de esferas<\/small>                    <\/a><\/li><\/ul><\/div>\n<\/section>\n<div class=\"row cpn-section\">\n<div class=\"col\">\n<hr \/>\n<\/div>\n<\/div>\n<section id=\"icons-grid-one\" class=\"row cpn-section\">\n<div class=\"col-12 col-sm-5 col-xl-6 col-xxl-7 fontSize-4 text-content\">\n<ul>\n<li>As <a href=\"https:\/\/www.omnitrack.com\/br\/unidades-de-transferencia-de-esferas\/\">unidades de transfer\u00eancia de esferas<\/a> para servi\u00e7os leves s\u00e3o ideais para aplica\u00e7\u00f5es de transporte que exigem orienta\u00e7\u00e3o das esferas &#8216;para cima&#8217;.<\/li>\n<li>As unidades de a\u00e7o prensado s\u00e3o lubrificadas para toda a vida \u00fatil e a maioria dos tipos tem op\u00e7\u00f5es de materiais alternativos para se adequar ao servi\u00e7o em diversos ambientes operacionais.<\/li>\n<li>As unidades LP &#8216;de pl\u00e1stico&#8217; n\u00e3o s\u00e3o magn\u00e9ticas, s\u00e3o leves e oferecem total resist\u00eancia \u00e0 corros\u00e3o.<\/li>\n<\/ul>\n<\/div>\n<div class=\"col-12 col-sm-7 col-xl-6 col-xxl-5\"><div class=\"grid-wrap\">\n<div class=\"row g-2 g-sm-3 mb-2 mb-sm-3\">\n<div class=\"col-4\">\n<div class=\"grid-item\"><img decoding=\"async\" loading=\"lazy\" src=\"https:\/\/www.omnitrack.com\/wp-content\/themes\/omnitrack2023\/images\/icon-low-friction.svg\" class=\"ico-icons-grid\" alt=\"Baixo atrito\"  \/> Baixo atrito<br \/>1 : 0,003  <small><\/small><\/div>\n<\/div>\n<div class=\"col-4\">\n<div class=\"grid-item\"><img decoding=\"async\" loading=\"lazy\" src=\"https:\/\/www.omnitrack.com\/wp-content\/themes\/omnitrack2023\/images\/icon-speed.svg\" class=\"ico-icons-grid\" alt=\"Velocidade\"  \/> Velocidade<br \/>1m\/sec <small><\/small><\/div>\n<\/div>\n<div class=\"col-4\">\n<div class=\"grid-item\"><img decoding=\"async\" loading=\"lazy\" src=\"https:\/\/www.omnitrack.com\/wp-content\/themes\/omnitrack2023\/images\/icon-temperature.svg\" class=\"ico-icons-grid\" alt=\"Temperatura\"  \/> Temperatura<br \/>-20\/+80\u00baC <small><\/small><\/div>\n<\/div>\n<\/div>\n<div class=\"row g-2 g-sm-3\">\n<div class=\"col-4\">\n<div class=\"grid-item\">\n<div><img decoding=\"async\" loading=\"lazy\" src=\"https:\/\/www.omnitrack.com\/wp-content\/themes\/omnitrack2023\/images\/icon-orientation-horizontal-up.webp\" class=\"ico-icons-grid\" alt=\"Orienta\u00e7\u00e3o Horizontal \/ Para cima\"  \/><\/div>\n<p>Orienta\u00e7\u00e3o Horizontal \/ Para cima <small><\/small><\/p>\n<\/div>\n<\/div>\n<div class=\"col-4\">\n<div class=\"grid-item\"><img decoding=\"async\" loading=\"lazy\" src=\"https:\/\/www.omnitrack.com\/wp-content\/themes\/omnitrack2023\/images\/icon-economy-value.svg\" class=\"ico-icons-grid\" alt=\"Economia e valor\"  \/> Economia e valor <small><\/small><\/div>\n<\/div>\n<\/div>\n<\/div>\n<\/div>\n<\/section>\n<div class=\"row cpn-section\">\n<div class=\"col\">\n<hr \/>\n<\/div>\n<\/div>\n<section id=\"page-content\" class=\"row cpn-section\">\n<div class=\"col\">\n<h2>Unidades de transfer\u00eancia de esferas para servi\u00e7os leves<\/h2>\n<h3>Unidades de transfer\u00eancia de esferas para servi\u00e7os leves (exceto a s\u00e9rie LP) \u2013 Constru\u00e7\u00e3o<\/h3>\n<p>As unidades de transfer\u00eancia de esferas para servi\u00e7os leves s\u00e3o montadas a partir de componentes de chapa de a\u00e7o prensada, com exce\u00e7\u00e3o da s\u00e9rie LP, que \u00e9 torneada \u00e0 m\u00e1quina a partir de uma barra s\u00f3lida de acetal. Todos os projetos de unidades de transfer\u00eancia de esferas para servi\u00e7os leves apresentam um copo hemisf\u00e9rico para a recircula\u00e7\u00e3o das pequenas esferas de suporte. Isso permite uma rota\u00e7\u00e3o suave da esfera de suporte de carga saliente. Todas as unidades de transfer\u00eancia de esferas para servi\u00e7os leves (exceto LP) apresentam um copo de suporte tratado termicamente que \u00e9 resistente ao desgaste.<\/p>\n<\/div>\n<\/section>\n<div class=\"row cpn-section\">\n<div class=\"col\">\n<hr \/>\n<\/div>\n<\/div>\n<section class=\"row cpn-section\">\n<div class=\"col\">\n<h3>Op\u00e7\u00f5es de materiais para unidades de transfer\u00eancia de esferas para servi\u00e7os leves (exceto a s\u00e9rie LP)<\/h3>\n<ul>\n<li>Padr\u00e3o &#8211; Chapa de a\u00e7o zincado prensadas e esferas de a\u00e7o carbono para uso geral em ambientes internos.<\/li>\n<li>Os n\u00fameros de pe\u00e7a terminados em A indicam esferas de a\u00e7o inox dentro de a\u00e7o zincado prensado, oferecendo maior resist\u00eancia \u00e0 corros\u00e3o e \u00e0 temperatura<\/li>\n<li>Os n\u00fameros de pe\u00e7a terminados em SS usam uma constru\u00e7\u00e3o totalmente em a\u00e7o inox, que resiste melhor \u00e0 corros\u00e3o e a temperaturas altas e baixas.<\/li>\n<li>Os n\u00fameros de pe\u00e7a que terminam com D usam uma esfera principal de acetal (POM) para o transporte suave de itens delicados que podem estar sujeitos a marcas e arranh\u00f5es.<\/li>\n<\/ul>\n<\/div>\n<\/section>\n<div class=\"row cpn-section\">\n<div class=\"col\">\n<hr \/>\n<\/div>\n<\/div>\n<section class=\"row cpn-section\">\n<div class=\"col\">\n<h3>S\u00e9rie LP \u2013 Unidades de transfer\u00eancia de esferas para servi\u00e7os leves \u2013 Constru\u00e7\u00e3o<\/h3>\n<p>As LP diferem de outras unidades de transfer\u00eancia de esferas para servi\u00e7os leves, pois s\u00e3o usinadas com precis\u00e3o em polioximetileno (POM) s\u00f3lido, que \u00e9 um pol\u00edmero (pl\u00e1stico) de engenharia de alta qualidade.<\/p>\n<p>As unidades de transfer\u00eancia de esfera LP s\u00e3o equipadas com esferas de Delrin ou a\u00e7o inox AISI 316 de grau mar\u00edtimo (adicione o sufixo &#8220;A&#8221;).<\/p>\n<p>Essa classe austen\u00edtica de a\u00e7o inox tem resist\u00eancia excepcional \u00e0 corros\u00e3o do sal ou da \u00e1gua do mar. As classes mar\u00edtimas de a\u00e7os inox CR s\u00e3o relativamente macias e, portanto, oferecem capacidade limitada de carga. As unidades de transfer\u00eancia de esferas LP n\u00e3o s\u00e3o magn\u00e9ticas e oferecem excelente resist\u00eancia a agress\u00f5es qu\u00edmicas.<\/p>\n<p>Se forem necess\u00e1rias propriedades que n\u00e3o deixam marcas, considere tamb\u00e9m nossas unidades da s\u00e9rie L para servi\u00e7os leves e as unidades da s\u00e9rie M com o upgrade de esfera com o sufixo &#8220;D&#8221;. Elas t\u00eam dimens\u00f5es compat\u00edveis com a s\u00e9rie LP.<\/p>\n<p>Essas unidades Euro Ball oferecem transporte delicado de superf\u00edcies pintadas ou sens\u00edveis. Ambas podem usar clipes K (chapa de a\u00e7o galvanizado) e clipes C (a\u00e7o inox) para r\u00e1pida instala\u00e7\u00e3o e substitui\u00e7\u00e3o.<\/p>\n<\/div>\n<\/section>\n<div class=\"row cpn-section\">\n<div class=\"col\">\n<hr \/>\n<\/div>\n<\/div>\n<section class=\"row cpn-section\">\n<div class=\"col\">\n<h3>Feltros de veda\u00e7\u00e3o<\/h3>\n<p>As unidades de transfer\u00eancia de esferas com uma esfera principal com di\u00e2metro maior que 19mm incorporam um feltro de veda\u00e7\u00e3o para reduzir a entrada de detritos e fluidos contaminantes.<\/p>\n<\/div>\n<\/section>\n<div class=\"row cpn-section\">\n<div class=\"col\">\n<hr \/>\n<\/div>\n<\/div>\n<section class=\"row cpn-section\">\n<div class=\"col\">\n<h3>Lubrifica\u00e7\u00e3o<\/h3>\n<p>A maioria das unidades de transfer\u00eancia de esferas para servi\u00e7os leves \u00e9 montada com \u00f3leo para m\u00e1quinas leves, para toda a vida \u00fatil da unidade, para evitar manchas durante o transporte e o armazenamento.<\/p>\n<p>As unidades de transfer\u00eancia de esferas para servi\u00e7os leves a seguir s\u00e3o montadas a seco (sem lubrifica\u00e7\u00e3o):<\/p>\n<ul>\n<li>Sufixo &#8220;SS&#8221; \u2013 Todas as unidades de a\u00e7o inox<\/li>\n<li>Unidades com op\u00e7\u00e3o de esfera &#8220;D&#8221; Delrin\/POM<\/li>\n<li>Linha de pl\u00e1stico da s\u00e9rie LP<\/li>\n<\/ul>\n<\/div>\n<\/section>\n<div class=\"row cpn-section\">\n<div class=\"col\">\n<hr \/>\n<\/div>\n<\/div>\n<section class=\"row cpn-section\">\n<div class=\"col\">\n<h3>E quanto aos ambientes operacionais \u00famidos e sujos?<\/h3>\n<p>Os materiais padr\u00e3o utilizam um copo de suporte interno endurecido e ferroso, \u00e0s vezes chamado de pista de esferas. S\u00e3o feitos de a\u00e7o prensado e esferas de a\u00e7o de carbono, ideais para uso em ambientes limpos, secos e internos.<\/p>\n<p>Condi\u00e7\u00f5es operacionais adversas podem exigir outros materiais mais adequados ao ambiente. Ambientes corrosivos e de alta temperatura requerem a\u00e7o inox para resistir melhor a varia\u00e7\u00f5es de temperaturas e a agress\u00f5es de qu\u00edmicos e corrosivos:<\/p>\n<ul>\n<li>Sufixo &#8220;SS&#8221; \u2013 Todas as pe\u00e7as em a\u00e7o inox para m\u00e1xima resist\u00eancia.<\/li>\n<li>Sufixo &#8220;A&#8221; \u2013 Somente esferas de a\u00e7o inox.<\/li>\n<li>O a\u00e7o inox AISI420 tem uma dureza menor do que os materiais padr\u00e3o, portanto, reduza a capacidade m\u00e1xima de carga conforme especificado.<\/li>\n<\/ul>\n<\/div>\n<\/section>\n<div class=\"row cpn-section\">\n<div class=\"col\">\n<hr \/>\n<\/div>\n<\/div>\n<section class=\"row cpn-section\">\n<div class=\"col\">\n<h3>Por que as esferas de pl\u00e1stico (sufixo &#8220;D&#8221;) reduzem tanto a capacidade de carga?<\/h3>\n<p>As esferas de pl\u00e1stico POM s\u00e3o feitas de Delrin e s\u00e3o mais macias. \u00c0s vezes tamb\u00e9m s\u00e3o chamadas de nylon, nylon 66 ou acetal. Podem ser especificadas com a adi\u00e7\u00e3o do sufixo &#8220;D&#8221;, por exemplo, L15D.<\/p>\n<p>O material pl\u00e1stico \u00e9 mais macio, portanto, reduzir\u00e1 a capacidade de carga da unidade esf\u00e9rica. Proporciona um ponto de contato mais suave que reduz a marca\u00e7\u00e3o de objetos com superf\u00edcies delicadas ou pintadas. Como a esfera principal \u00e9 mais macia tem menos probabilidade de deixar marcas, mas a capacidade de carga \u00e9 reduzida.<\/p>\n<p>Oferecemos outros materiais de esfera (Teflon, acr\u00edlico) personalizados para sua aplica\u00e7\u00e3o.<\/p>\n<hr \/>\n<h3>Economize tempo usando clipes de fixa\u00e7\u00e3o<\/h3>\n<p>Quando houver acesso a apenas um lado da superf\u00edcie de transporte, os clipes de fixa\u00e7\u00e3o oferecem um m\u00e9todo de fixa\u00e7\u00e3o r\u00e1pido e conveniente para as unidades de transfer\u00eancia de esferas para servi\u00e7os leves das s\u00e9ries L e LP.<\/p>\n<p>Esse clipe de mola pode ser instalado em furos perfurados ou cortados a laser. O clipe de mola compensar\u00e1 as irregularidades no di\u00e2metro e na ovalidade do furo. Assim, n\u00e3o h\u00e1 necessidade de fazer um furo preciso para a fixa\u00e7\u00e3o das unidades de transfer\u00eancia de esferas.<\/p>\n<p>Linhas e op\u00e7\u00f5es de fixa\u00e7\u00e3o<\/p>\n<\/div>\n<\/section>\n<div class=\"row cpn-section\">\n<div class=\"col\">\n<hr \/>\n<\/div>\n<\/div>\n<section class=\"row cpn-section\">\n<div class=\"col-12\">\n<h3>Linhas e op\u00e7\u00f5es de fixa\u00e7\u00e3o<\/h3>\n<\/div>\n<div class=\"col-12 col-md-6 col-lg-4 col-xl-3 mt-3\">\n<h4 class=\" fontSize-4\">L &#8211; S\u00e9ries de montagem a press\u00e3o<\/h4>\n<p>As unidades esf\u00e9ricas de a\u00e7o prensado de perfil baixo entram no encaixe do soquete, com colar de flange superior circular refor\u00e7ado. Considere clipes K, clipes C e anilhas de ajuste opcionais para fixa\u00e7\u00e3o r\u00e1pida.<\/p>\n<\/div>\n<div class=\"col-12 col-md-6 col-lg-4 col-xl-3 mt-3\">\n<h4 class=\" fontSize-4\">LP &#8211; S\u00e9rie de unidades de esferas de pl\u00e1stico<\/h4>\n<p>Dimensionalmente compar\u00e1veis \u00e0s unidades de tranferencia de esfera euro das s\u00e9ries L e M. Unidades de esfera de pl\u00e1stico de perfil baixo que se encaixam no colar de encaixe do flange do soquete. O sufixo A indica esferas de a\u00e7o inox AISI316 de grau aliment\u00edcio que oferecem resist\u00eancia excepcional a agress\u00f5es qu\u00edmicas. Est\u00e3o dispon\u00edveis clipes K, clipes C e anilhas de ajuste opcionais para fixa\u00e7\u00e3o r\u00e1pida.<\/p>\n<\/div>\n<div class=\"col-12 col-md-6 col-lg-4 col-xl-3 mt-3\">\n<h4 class=\" fontSize-4\">LD &#8211; S\u00e9rie Saturno<\/h4>\n<p>Unidades de esfera em formato de disco voador, com flange de fixa\u00e7\u00e3o conveniente de perfil m\u00e9dio. Fixa\u00e7\u00e3o de 2 e 3 furos ideal para proporcionar uma montagem embutida no painel ou uma fixa\u00e7\u00e3o de baixo perfil para montagem em balc\u00e3o. Considere os orif\u00edcios de sa\u00edda de fluidos e detritos ao fornecer o furo\/di\u00e2metro do assento.<\/p>\n<\/div>\n<div class=\"col-12 col-md-6 col-lg-4 col-xl-3 mt-3\">\n<h4 class=\" fontSize-4\">LF &#8211; S\u00e9ries de montagem em flange de 2 e 4 furos<\/h4>\n<p>Unidades de transfer\u00eancia de esferas de montagem em flange de alto perfil com fixa\u00e7\u00e3o integral da base com 2 ou 4 parafusos. O LF26 apresenta &#8220;pontos de fixa\u00e7\u00e3o vari\u00e1veis de 2 slots&#8221;. 2 slots que permitem varia\u00e7\u00e3o nos centros dos furos de fixa\u00e7\u00e3o. O painel se encaixa na bancada para criar uma superf\u00edcie de transporte flex\u00edvel.<\/p>\n<\/div>\n<div class=\"col-12 col-md-6 col-lg-4 col-xl-3 mt-3\">\n<h4 class=\" fontSize-4\">LM \u2013 S\u00e9rie com mola<\/h4>\n<p>A mola helicoidal interna equaliza as cargas e compensa as irregularidades no transporte. A unidade esf\u00e9rica de 25,4 mm, com veda\u00e7\u00e3o de nylon integral, se retrai parcialmente dentro da caixa externa \u00e0 medida que a carga de suporte aumenta.<\/p>\n<\/div>\n<\/section>\n<div class=\"row cpn-section\">\n<div class=\"col\">\n<hr \/>\n<\/div>\n<\/div>\n<section class=\"row cpn-section\">\n<div class=\"col\">\n<h3>Por que as unidades das s\u00e9ries L, M (servi\u00e7o m\u00e9dio) e LP s\u00e3o semelhantes?<\/h3>\n<p>Todos os tr\u00eas tipos t\u00eam dimens\u00f5es equivalentes.<\/p>\n<ul>\n<li>A s\u00e9rie L \u00e9 montada a partir de prensas estampadas para reduzir o valor e os custos de produ\u00e7\u00e3o.<\/li>\n<li>A s\u00e9rie M \u00e9 usinada a partir de barras de a\u00e7o para maior resist\u00eancia \u00e0 carga, ao desgaste e ao impacto.<\/li>\n<li>A s\u00e9rie LP \u00e9 usinada com material pl\u00e1stico s\u00f3lido para aumentar a resist\u00eancia \u00e0 agress\u00f5es qu\u00edmicas.<\/li>\n<\/ul>\n<p>As unidades esf\u00e9ricas das s\u00e9ries L, M e LP s\u00e3o compat\u00edveis com o uso de clipes de fixa\u00e7\u00e3o r\u00e1pida como os clipes K, clipes C e clipes de mola.<\/p>\n<\/div>\n<\/section>\n<div class=\"row cpn-section\">\n<div class=\"col\">\n<hr \/>\n<\/div>\n<\/div>\n<section class=\"row cpn-section\">\n<div class=\"col\">\n<h3>Se sua aplica\u00e7\u00e3o exigir:<\/h3>\n<p>Se sua aplica\u00e7\u00e3o exigir:<\/p>\n<ul>\n<li>Carga total \/ capacidade m\u00e1xima de carga na posi\u00e7\u00e3o invertida (esfera ou rolamento para baixo).<\/li>\n<li>O menor coeficiente de atrito 1:005 \u03bc (0,5%) rompe o ponto de in\u00e9rcia.<\/li>\n<li>Temperatura de opera\u00e7\u00e3o inferior a -30 graus cent\u00edgrados (C\/F) ou superior a 100 graus.<\/li>\n<li>Velocidade de opera\u00e7\u00e3o superior a 1 metro por segundo.<\/li>\n<li>Carga com impacto &#8211; Considere unidades de transfer\u00eancia de esferas para servi\u00e7o pesado com mola e com mola pr\u00e9-tensionada<\/li>\n<li>Condi\u00e7\u00f5es adversas que exigem especifica\u00e7\u00f5es de materiais sob medida.<\/li>\n<\/ul>\n<\/div>\n<\/section>\n<div class=\"row cpn-section\">\n<div class=\"col\">\n<hr \/>\n<\/div>\n<\/div>\n<section class=\"row cpn-section pb-5\">\n<div class=\"col\">\n<h3>Aplica\u00e7\u00f5es t\u00edpicas<\/h3>\n<p>As unidades de esfera em formato de disco voador LD32SS e LD32\/3SS s\u00e3o estampadas com prensas e t\u00eam esferas de a\u00e7o inox. Elas dispensam os feltros de veda\u00e7\u00e3o.<\/p>\n<p>Essas unidades apresentam 7 orif\u00edcios de drenagem e foram projetadas para carga a\u00e9rea e manuseio de malas e bagagens em aeroportos. Devido ao aumento de cargas e demandas, essas unidades foram substitu\u00eddas em grande parte pelas unidades de carga a\u00e9rea MX30 e MV30. No entanto, elas ainda s\u00e3o amplamente usadas em scanners de raios X, carrinhos de manuten\u00e7\u00e3o e mesas de plataforma esf\u00e9rica no mundo todo.<\/p>\n<p>As unidades da s\u00e9rie LP s\u00e3o amplamente utilizadas em instala\u00e7\u00f5es farmac\u00eauticas e de prepara\u00e7\u00e3o de alimentos. Especificamente com esferas de a\u00e7o inox AISI316 de grau aliment\u00edcio.<\/p>\n<p>A s\u00e9rie LM com amortecimento por mola \u00e9 adequada para aplica\u00e7\u00f5es de mesa girat\u00f3ria e superf\u00edcies de trabalho. Muitas vezes, elas podem ser combinadas com unidades de transfer\u00eancia de esferas pneum\u00e1ticas e paradas pneum\u00e1ticas para formar esta\u00e7\u00f5es de montagem automatizadas.<\/p>\n<p>Conhe\u00e7a nossa linha de unidades de transfer\u00eancia de esferas para servi\u00e7os leves aqui.<\/p>\n<\/div>\n<\/section>\n<section id=\"cant-find\" class=\"row cpn-section py-5 two justify-content-between\"><div class=\"col-12 col-sm-6 col-lg-7 py-lg-4 pe-lg-5\">\n<h3 class=\"fontSize-2 fontSize-md-1\">N\u00e3o encontrou o que procura?<\/h3>\n<p class=\"fontSize-4\">Tente pesquisar por palavras-chave, n\u00fameros de produto, carga, tipos de fixa\u00e7\u00e3o.<\/p>\n<div class=\"input-group\"><form class=\"form-search\"><div class=\"input-group\">  <input type=\"text\" name=\"s\" class=\"form-control field\" placeholder=\"Pesquisar n.\u00ba do produto\">  <input type=\"hidden\" name=\"post-type\" value=\"product\"><\/div><\/form><\/div>\n<\/div>\n<div class=\"col-12 col-sm-6 col-lg-5 py-lg-4 pt-4 pt-sm-0\">\n<h3 class=\"fontSize-2 fontSize-md-1\">Consultoria t\u00e9cnica gratuita<\/h3>\n<p class=\"fontSize-4\">Telefone: <b><a href=\"tel:+551143496211\">+55 11 4349 6211<\/a><\/b><\/p>\n<p class=\"fontSize-4\">Email: <b><a href=\"mailto:info@omnitrack.com\">info@omnitrack.com<\/a><\/b><\/p>\n<div class=\"mt-4\"> <a class=\"btn-ot green me-2 mb-3 mb-md-0 w100-mobile\" href=\"https:\/\/wa.me\/447759128207\" target=\"_blank\" rel=\"noopener\"><img decoding=\"async\" loading=\"lazy\" src=\"https:\/\/www.omnitrack.com\/wp-content\/themes\/omnitrack2023\/images\/icon-whatsapp.svg\"  alt=\"WhatsApp Omnitrack\"  \/> WhatsApp<\/a> <a class=\"btn-ot w100-mobile\" href=\"https:\/\/calendly.com\/omnitrack\/15min\" target=\"_blank\" rel=\"noopener\"><img decoding=\"async\" loading=\"lazy\" src=\"https:\/\/www.omnitrack.com\/wp-content\/themes\/omnitrack2023\/images\/icon-schedule.svg\"  alt=\"Agendar uma chamada com a Omnitrack\"  \/> Agendar uma chamada<\/a><\/div>\n<\/div>\n<\/section>\n","protected":false},"excerpt":{"rendered":"<p>Unidades de transfer\u00eancia de esferas para servi\u00e7os leves As unidades de transfer\u00eancia de esferas para servi\u00e7os leves s\u00e3o ideais para aplica\u00e7\u00f5es de transporte que exigem orienta\u00e7\u00e3o das esferas &#8216;para cima&#8217;. As unidades de a\u00e7o prensado s\u00e3o lubrificadas para toda a vida \u00fatil e a maioria dos tipos tem op\u00e7\u00f5es de materiais alternativos para se adequar [&hellip;]<\/p>\n","protected":false},"author":7,"featured_media":0,"parent":102843,"menu_order":0,"comment_status":"closed","ping_status":"closed","template":"page-light-duty.php","meta":{"inline_featured_image":false,"footnotes":""},"class_list":["post-102855","page","type-page","status-publish","hentry"],"acf":[],"_links":{"self":[{"href":"https:\/\/www.omnitrack.com\/br\/wp-json\/wp\/v2\/pages\/102855","targetHints":{"allow":["GET"]}}],"collection":[{"href":"https:\/\/www.omnitrack.com\/br\/wp-json\/wp\/v2\/pages"}],"about":[{"href":"https:\/\/www.omnitrack.com\/br\/wp-json\/wp\/v2\/types\/page"}],"author":[{"embeddable":true,"href":"https:\/\/www.omnitrack.com\/br\/wp-json\/wp\/v2\/users\/7"}],"replies":[{"embeddable":true,"href":"https:\/\/www.omnitrack.com\/br\/wp-json\/wp\/v2\/comments?post=102855"}],"version-history":[{"count":4,"href":"https:\/\/www.omnitrack.com\/br\/wp-json\/wp\/v2\/pages\/102855\/revisions"}],"predecessor-version":[{"id":103510,"href":"https:\/\/www.omnitrack.com\/br\/wp-json\/wp\/v2\/pages\/102855\/revisions\/103510"}],"up":[{"embeddable":true,"href":"https:\/\/www.omnitrack.com\/br\/wp-json\/wp\/v2\/pages\/102843"}],"wp:attachment":[{"href":"https:\/\/www.omnitrack.com\/br\/wp-json\/wp\/v2\/media?parent=102855"}],"curies":[{"name":"wp","href":"https:\/\/api.w.org\/{rel}","templated":true}]}}