{"id":102854,"date":"2023-02-08T00:54:48","date_gmt":"2023-02-08T00:54:48","guid":{"rendered":"https:\/\/www.omnitrack.com\/ball-transfer-units\/fixing-clips-kits\/"},"modified":"2024-05-28T20:51:31","modified_gmt":"2024-05-28T20:51:31","slug":"grampos-de-fixacao","status":"publish","type":"page","link":"https:\/\/www.omnitrack.com\/br\/unidades-de-transferencia-de-esferas\/grampos-de-fixacao\/","title":{"rendered":"Grampos de fixa\u00e7\u00e3o"},"content":{"rendered":"<section id=\"fixing-clips-one\" class=\"row cpn-section\">\n<div class=\"col\">\n<div class=\"row mb-3\">\n<div class=\"fontSize-md-4\">\n<nav class=\"breadcrumb\"><\/nav>\n<h1 class=\"mb-2\">Grampos de fixa\u00e7\u00e3o<\/h1>\n<ul class=\"list-check clear-list fontSize-4 fontSize-md-3\">\n<li>Os clipes de fixa\u00e7\u00e3o compensam as irregularidades no furo e no di\u00e2metro.<\/li>\n<li>Ideal quando s\u00f3 \u00e9 poss\u00edvel acessar a superf\u00edcie de montagem por um lado.<\/li>\n<\/ul>\n<\/div>\n<\/div>\n<div class=\"row mb-3 align-items-center\"><div class=\"col-12 col-md-5\">\n<div class=\"row mb-3 align-items-center\">\n<div class=\"col-12 col-md-5 col-xl-4 fontSize-3 mb-3 mb-md-0\"><strong>Reten\u00e7\u00e3o ideal \u2265 3 mm<\/strong><\/div>\n<div class=\"col-12 col-md-7 col-xl-8\"><img loading=\"lazy\" decoding=\"async\" class=\"img-fluid alignnone wp-image-79721 size-full\" src=\"https:\/\/www.omnitrack.com\/wp-content\/uploads\/2023\/03\/K_C_Clips_Optimal_Retention-1.webp\" alt=\"Clipes para reten\u00e7\u00e3o ideal\" width=\"425\" height=\"305\" srcset=\"https:\/\/www.omnitrack.com\/wp-content\/uploads\/2023\/03\/K_C_Clips_Optimal_Retention-1.webp 425w, https:\/\/www.omnitrack.com\/wp-content\/uploads\/2023\/03\/K_C_Clips_Optimal_Retention-1-300x215.webp 300w\" sizes=\"auto, (max-width: 425px) 100vw, 425px\" \/><\/div>\n<\/div>\n<div class=\"row mb-3 align-items-center\">\n<div class=\"col\">\n<ol class=\"fontSize-4 li-height clear-list\">\n<li>Encaixar o grampo no orif\u00edcio de montagem<\/li>\n<li>Pressionar a esfera atrav\u00e9s do grampo<\/li>\n<li>Molas perif\u00e9ricas expandem e ret\u00eam a esfera<\/li>\n<\/ol>\n<\/div>\n<\/div>\n<\/div>\n<div class=\"col-12 col-md-7\">\n<div class=\"row mb-3 align-items-center\">\n<div class=\"col border-end text-center px-lg-5\"><img loading=\"lazy\" decoding=\"async\" class=\"img-fluid alignnone wp-image-79729 size-full\" src=\"https:\/\/www.omnitrack.com\/wp-content\/uploads\/2023\/03\/K-C-Clip.webp\" alt=\"Clipe tipo K e C\" width=\"400\" height=\"200\" srcset=\"https:\/\/www.omnitrack.com\/wp-content\/uploads\/2023\/03\/K-C-Clip.webp 400w, https:\/\/www.omnitrack.com\/wp-content\/uploads\/2023\/03\/K-C-Clip-300x150.webp 300w\" sizes=\"auto, (max-width: 400px) 100vw, 400px\" \/><br \/><strong>Clipe tipo &#8220;K&#8221; mola de a\u00e7o<\/strong><\/div>\n<div class=\"col text-center px-lg-5\"><img loading=\"lazy\" decoding=\"async\" class=\"img-fluid alignnone wp-image-79729 size-full\" src=\"https:\/\/www.omnitrack.com\/wp-content\/uploads\/2023\/03\/K-C-Clip.webp\" alt=\"Clipe tipo K e C\" width=\"400\" height=\"200\" srcset=\"https:\/\/www.omnitrack.com\/wp-content\/uploads\/2023\/03\/K-C-Clip.webp 400w, https:\/\/www.omnitrack.com\/wp-content\/uploads\/2023\/03\/K-C-Clip-300x150.webp 300w\" sizes=\"auto, (max-width: 400px) 100vw, 400px\" \/><br \/><strong>Clipe tipo &#8220;C&#8221; de a\u00e7o inox<\/strong><\/div>\n<\/div>\n<div class=\"row align-items-center justify-content-center\">\n<div class=\"col-auto\"><img loading=\"lazy\" decoding=\"async\" class=\"img-fluid w-200 alignnone wp-image-80304 size-full\" src=\"https:\/\/www.omnitrack.com\/wp-content\/uploads\/2023\/02\/Clip_B-1.webp\" alt=\"Ferramenta vers\u00e1til para diversas aplica\u00e7\u00f5es\" width=\"257\" height=\"133\"><\/div>\n<div class=\"col-auto\"><strong>Outros grampos dispon\u00edveis.<\/strong><\/div>\n<\/div>\n<\/div>\n<\/div>\n<div class=\"row\">\n<div class=\"col\"><div class=\"switcher mt-3 mt-md-0 mx-2 me-sm-0 ms-sm-5\">    <div class=\"switcher-title\"><b>Alternar unidades de medida:<\/b> <\/span><\/div>    <button class=\"toggle-unit\" type=\"button\"><span class=\"switch-metric\">M\u00e9trico (mm\/kg)<\/span><span class=\"switch\"><\/span><span class=\"switch-imperial\">Imperial (pol\/lb)<\/span><\/button><\/div>[omni_render_table_clips class-container=&#8221;table-no-scroll table-mobi&#8221;]<\/div>\n<\/div>\n<div class=\"row pt-4\">\n<div class=\"col fontSize-4\">\n<p>A inclus\u00e3o do sufixo K ou C ao n\u00famero de pe\u00e7a da unidade esf\u00e9rica especificar\u00e1 o fornecimento do clipe opcional (por exemplo, L22K ou L22C). Ao usar clipes de fixa\u00e7\u00e3o, encaixe o clipe no orif\u00edcio e empurre a unidade esf\u00e9rica atrav\u00e9s do clipe. As etiquetas perif\u00e9ricas se expandem e ret\u00eam com seguran\u00e7a a unidade esf\u00e9rica.<\/p>\n<p>As dimens\u00f5es A e B mudam para A* e B* ao usar clipes.<\/p>\n<p>As op\u00e7\u00f5es de anel de toler\u00e2ncia e clipe completo s\u00e3o mostradas na p\u00e1gina 15 do cat\u00e1logo.<\/p>\n<\/div>\n<\/div>\n<\/div>\n<\/section>\n<div class=\"row cpn-section\">\n<div class=\"col\">\n<hr \/>\n<\/div>\n<\/div>\n<section id=\"tolerance-rings-one\" class=\"row cpn-section\">\n<div class=\"col\">\n<div class=\"row mb-3\">\n<div class=\"col fontSize-4\">\n<h2>Anilhas de ajuste<\/h2>\n<ul class=\"list-check clear-list fontSize-4 fontSize-md-3\">\n<li>Compensam irregularidades no furo e no di\u00e2metro.<\/li>\n<li>Ideal quando s\u00f3 \u00e9 poss\u00edvel acessar um lado da superf\u00edcie de montagem.<\/li>\n<\/ul>\n<\/div>\n<\/div>\n<div class=\"row mb-3 text-center\">\n<div class=\"col-auto me-3\"><img loading=\"lazy\" decoding=\"async\" class=\"img-fluid alignnone wp-image-79736 size-medium\" src=\"https:\/\/www.omnitrack.com\/wp-content\/uploads\/2023\/03\/9040_Glass_4-300x229.webp\" alt=\"Grampos de fixa\u00e7\u00e3o\" width=\"300\" height=\"229\" srcset=\"https:\/\/www.omnitrack.com\/wp-content\/uploads\/2023\/03\/9040_Glass_4-300x229.webp 300w, https:\/\/www.omnitrack.com\/wp-content\/uploads\/2023\/03\/9040_Glass_4.webp 314w\" sizes=\"auto, (max-width: 300px) 100vw, 300px\" \/><\/div>\n<div class=\"col-auto\"><img loading=\"lazy\" decoding=\"async\" class=\"img-fluid alignnone wp-image-79737 size-full\" src=\"https:\/\/www.omnitrack.com\/wp-content\/uploads\/2023\/03\/Tolerance_Ring_2_1.webp\" alt=\"Grampos de fixa\u00e7\u00e3o \" width=\"284\" height=\"240\" \/><\/div>\n<\/div>\n<div class=\"row\">\n<div class=\"col\"><div class=\"switcher mt-3 mt-md-0 mx-2 me-sm-0 ms-sm-5\">    <div class=\"switcher-title\"><b>Alternar unidades de medida:<\/b> <\/span><\/div>    <button class=\"toggle-unit\" type=\"button\"><span class=\"switch-metric\">M\u00e9trico (mm\/kg)<\/span><span class=\"switch\"><\/span><span class=\"switch-imperial\">Imperial (pol\/lb)<\/span><\/button><\/div>[omni_render_table_tolerance_ring class-container=&#8221;table-scroll table-mobi&#8221;]<\/div>\n<\/div>\n<\/div>\n<\/section>\n<div class=\"row cpn-section\">\n<div class=\"col\">\n<hr \/>\n<\/div>\n<\/div>\n<section id=\"nyloc-one\" class=\"row cpn-section\">\n<div class=\"col\"><div class=\"row mb-4\">\n<div class=\"col-12 col-sm-3 fontSize-4 mb-4 mb-sm-0\">\n<h2>Porca e arruela Nyloc + Kits insertores de madeira em &#8216;T&#8217;<\/h2>\n<p>Use com as s\u00e9ries 81 e 91 para servi\u00e7os pesados, a s\u00e9rie MSP para servi\u00e7os m\u00e9dios e os rolamentos de esferas Omnicaster.<\/p>\n<\/div>\n<div class=\"col-12 col-sm-3 text-center mb-4 mb-sm-0\"><img loading=\"lazy\" decoding=\"async\" class=\"img-fluid alignnone wp-image-79713 size-full\" src=\"https:\/\/www.omnitrack.com\/wp-content\/uploads\/2023\/03\/MSP_Nyloc_Nut_Washer.webp\" alt=\"Porca e arruela Nyloc\" width=\"127\" height=\"217\"><\/div>\n<div class=\"col-12 col-sm-6\">\n<div class=\"row\">\n<div class=\"col-12 col-md-4 text-center d-flex flex-column justify-content-between mb-4 mb-sm-0\">\n<div><img loading=\"lazy\" decoding=\"async\" class=\"img-fluid alignnone wp-image-79714 size-full\" src=\"https:\/\/www.omnitrack.com\/wp-content\/uploads\/2023\/03\/Wood_Insert.webp\" alt=\"insertor de madeira\" width=\"188\" height=\"178\"><\/div>\n<div><strong>Fixa\u00e7\u00e3o com inser\u00e7\u00e3o em madeira<\/strong><\/div>\n<\/div>\n<div class=\"col-12 col-md-8 text-center d-flex flex-column justify-content-between mb-3 mb-sm-0\">\n<div class=\"row\">\n<div class=\"col-6\"><img loading=\"lazy\" decoding=\"async\" class=\"img-fluid alignnone wp-image-79715 size-full\" src=\"https:\/\/www.omnitrack.com\/wp-content\/uploads\/2023\/03\/Washer.webp\" alt=\"Arruela\" width=\"119\" height=\"152\"><\/div>\n<div class=\"col-6\"><img loading=\"lazy\" decoding=\"async\" class=\"img-fluid alignnone wp-image-79716 size-full\" src=\"https:\/\/www.omnitrack.com\/wp-content\/uploads\/2023\/03\/Nut.webp\" alt=\"Porca\" width=\"187\" height=\"149\"><\/div>\n<\/div>\n<div><strong>Fixa\u00e7\u00e3o com porcas e arruelas<\/strong><\/div>\n<\/div>\n<\/div>\n<\/div>\n<\/div>\n<\/div>\n<div class=\"col-12\"><div class=\"switcher mt-3 mt-md-0 mx-2 me-sm-0 ms-sm-5\">    <div class=\"switcher-title\"><b>Alternar unidades de medida:<\/b> <\/span><\/div>    <button class=\"toggle-unit\" type=\"button\"><span class=\"switch-metric\">M\u00e9trico (mm\/kg)<\/span><span class=\"switch\"><\/span><span class=\"switch-imperial\">Imperial (pol\/lb)<\/span><\/button><\/div>[omni_render_table_nyloc_nut class-container=&#8221;table-no-scroll table-mobi&#8221;]<\/div>\n<\/section>\n<div class=\"row cpn-section\">\n<div class=\"col\">\n<hr \/>\n<\/div>\n<\/div>\n<section id=\"service-kits-one\" class=\"row cpn-section pb-5\"><div class=\"col\">\n<div class=\"row mb-3\">\n<div class=\"col-12 col-sm-6 col-lg-5 col-xl-6 col-xxl-7 fontSize-4 mb-4 mb-md-0\">\n<h2>Kits de manuten\u00e7\u00e3o<\/h2>\n<p><a href=\"https:\/\/www.omnitrack.com\/br\/unidades-de-transferencia-de-esferas\/\">Transferidores de esferas<\/a> da s\u00e9rie 9000 para servi\u00e7o pesado da Omnitrack &#8211; Em produ\u00e7\u00e3o cont\u00ednua desde 1954.<\/p>\n<p>Restaure o desempenho em quest\u00e3o de minutos usando os kits de manuten\u00e7\u00e3o S1 e S2, que oferecem dois n\u00edveis de componentes e instru\u00e7\u00f5es completas.<\/p>\n<p>Servi\u00e7o de recondicionamento de f\u00e1brica para unidades personalizadas e com mola, pois elas podem exigir ferramentas espec\u00edficas para uma desmontagem segura.<\/p>\n<p>Para fazer o pedido, informe o n\u00famero original da pe\u00e7a, qualquer marca de identifica\u00e7\u00e3o e o kit de manuten\u00e7\u00e3o necess\u00e1rio, por exemplo, S1-9241. Em caso de d\u00favida, entre em <a href=\"https:\/\/www.omnitrack.com\/br\/entre-em-contato\/\">contato<\/a> e n\u00f3s o manteremos rolando!<\/p>\n<p><a class=\"btn-ot lilac-one shadow\" href=\"https:\/\/www.omnitrack.com\/br\/unidades-de-transferencia-de-esferas\/carga-pesada\/kits-de-manutencao\/\">Leia mais<\/a><\/p>\n<\/div>\n<div class=\"col-12 col-sm-6 col-lg-7 col-xl-6 col-xxl-5\"><img loading=\"lazy\" decoding=\"async\" class=\"img-fluid alignnone wp-image-79735 size-full\" src=\"https:\/\/www.omnitrack.com\/wp-content\/uploads\/2023\/03\/Service_Kits_3.webp\" alt=\"Kit de manuten\u00e7\u00e3o\" width=\"469\" height=\"345\" srcset=\"https:\/\/www.omnitrack.com\/wp-content\/uploads\/2023\/03\/Service_Kits_3.webp 469w, https:\/\/www.omnitrack.com\/wp-content\/uploads\/2023\/03\/Service_Kits_3-300x221.webp 300w\" sizes=\"auto, (max-width: 469px) 100vw, 469px\" \/><\/div>\n<\/div>\n<div class=\"row text-center carousel-mobi-servicekits\"><div class=\"col\">\n<p><img loading=\"lazy\" decoding=\"async\" class=\"img-fluid alignnone wp-image-79738 size-full\" src=\"https:\/\/www.omnitrack.com\/wp-content\/uploads\/2023\/03\/service_kits-circlip.webp\" alt=\"Anel de reten\u00e7\u00e3o\" width=\"141\" height=\"140\" srcset=\"https:\/\/www.omnitrack.com\/wp-content\/uploads\/2023\/03\/service_kits-circlip.webp 141w, https:\/\/www.omnitrack.com\/wp-content\/uploads\/2023\/03\/service_kits-circlip-100x100.webp 100w\" sizes=\"auto, (max-width: 141px) 100vw, 141px\" \/><\/p>\n<h4 class=\"fontSize-5\">1 &#8211; Anel de reten\u00e7\u00e3o<\/h4>\n<div><span class=\"tag blue\">S2<\/span><\/div>\n<p>&nbsp;<\/p>\n<\/div>\n<div class=\"col\">\n<p><img loading=\"lazy\" decoding=\"async\" class=\"img-fluid alignnone wp-image-79739 size-full\" src=\"https:\/\/www.omnitrack.com\/wp-content\/uploads\/2023\/03\/service_kits-top_cap.webp\" alt=\"Tampa superior\" width=\"141\" height=\"140\" srcset=\"https:\/\/www.omnitrack.com\/wp-content\/uploads\/2023\/03\/service_kits-top_cap.webp 141w, https:\/\/www.omnitrack.com\/wp-content\/uploads\/2023\/03\/service_kits-top_cap-100x100.webp 100w\" sizes=\"auto, (max-width: 141px) 100vw, 141px\" \/><\/p>\n<h4 class=\"fontSize-5\">2 &#8211; Tampa superior<\/h4>\n<div>\u00a0<\/div>\n<p>&nbsp;<\/p>\n<\/div>\n<div class=\"col\">\n<p><img loading=\"lazy\" decoding=\"async\" class=\"img-fluid alignnone wp-image-79740 size-full\" src=\"https:\/\/www.omnitrack.com\/wp-content\/uploads\/2023\/03\/service_kits-felt_seal.webp\" alt=\"Feltro de veda\u00e7\u00e3o\" width=\"141\" height=\"140\" srcset=\"https:\/\/www.omnitrack.com\/wp-content\/uploads\/2023\/03\/service_kits-felt_seal.webp 141w, https:\/\/www.omnitrack.com\/wp-content\/uploads\/2023\/03\/service_kits-felt_seal-100x100.webp 100w\" sizes=\"auto, (max-width: 141px) 100vw, 141px\" \/><\/p>\n<h4 class=\"fontSize-5\">3 &#8211; Arruela de feltro<\/h4>\n<div><span class=\"tag green\">S1<\/span><span class=\"tag blue\">S2<\/span><\/div>\n<p><small>(\u00d8 das esferas &gt; 12.7 mm)<\/small><\/p>\n<\/div>\n<div class=\"col\">\n<p><img loading=\"lazy\" decoding=\"async\" class=\"img-fluid alignnone wp-image-79741 size-full\" src=\"https:\/\/www.omnitrack.com\/wp-content\/uploads\/2023\/03\/service_kits-main_ball.webp\" alt=\"Esfera principal\" width=\"141\" height=\"140\" srcset=\"https:\/\/www.omnitrack.com\/wp-content\/uploads\/2023\/03\/service_kits-main_ball.webp 141w, https:\/\/www.omnitrack.com\/wp-content\/uploads\/2023\/03\/service_kits-main_ball-100x100.webp 100w\" sizes=\"auto, (max-width: 141px) 100vw, 141px\" \/><\/p>\n<h4 class=\"fontSize-5\">4 &#8211; Esfera principal<\/h4>\n<div><span class=\"tag green\">S1<\/span><span class=\"tag blue\">S2<\/span><\/div>\n<p>&nbsp;<\/p>\n<\/div>\n<div class=\"col\">\n<p><img loading=\"lazy\" decoding=\"async\" class=\"img-fluid alignnone wp-image-79742 size-full\" src=\"https:\/\/www.omnitrack.com\/wp-content\/uploads\/2023\/03\/service_kits-recirculating_balls.webp\" alt=\"Esferas de recircula\u00e7\u00e3o\" width=\"141\" height=\"140\" srcset=\"https:\/\/www.omnitrack.com\/wp-content\/uploads\/2023\/03\/service_kits-recirculating_balls.webp 141w, https:\/\/www.omnitrack.com\/wp-content\/uploads\/2023\/03\/service_kits-recirculating_balls-100x100.webp 100w\" sizes=\"auto, (max-width: 141px) 100vw, 141px\" \/><\/p>\n<h4 class=\"fontSize-5\">5 &#8211; Esferas de recircula\u00e7\u00e3o<\/h4>\n<div><span class=\"tag green\">S1<\/span><span class=\"tag blue\">S2<\/span><\/div>\n<p>&nbsp;<\/p>\n<\/div>\n<div class=\"col\">\n<p><img loading=\"lazy\" decoding=\"async\" class=\"img-fluid alignnone wp-image-79743 size-full\" src=\"https:\/\/www.omnitrack.com\/wp-content\/uploads\/2023\/03\/service_kits-retainer.webp\" alt=\"Retentor\" width=\"141\" height=\"140\" srcset=\"https:\/\/www.omnitrack.com\/wp-content\/uploads\/2023\/03\/service_kits-retainer.webp 141w, https:\/\/www.omnitrack.com\/wp-content\/uploads\/2023\/03\/service_kits-retainer-100x100.webp 100w\" sizes=\"auto, (max-width: 141px) 100vw, 141px\" \/><\/p>\n<h4 class=\"fontSize-5\">6 &#8211; Retentor<\/h4>\n<div><span class=\"tag blue\">S2<\/span><\/div>\n<p>&nbsp;<\/p>\n<\/div>\n<div class=\"col\">\n<p><img loading=\"lazy\" decoding=\"async\" class=\"img-fluid alignnone wp-image-79744 size-full\" src=\"https:\/\/www.omnitrack.com\/wp-content\/uploads\/2023\/03\/service_kits-table.webp\" alt=\"Mesa\" width=\"141\" height=\"140\" srcset=\"https:\/\/www.omnitrack.com\/wp-content\/uploads\/2023\/03\/service_kits-table.webp 141w, https:\/\/www.omnitrack.com\/wp-content\/uploads\/2023\/03\/service_kits-table-100x100.webp 100w\" sizes=\"auto, (max-width: 141px) 100vw, 141px\" \/><\/p>\n<h4 class=\"fontSize-5\">7 &#8211; Mesa<\/h4>\n<div><span class=\"tag blue\">S2<\/span><\/div>\n<p>&nbsp;<\/p>\n<\/div>\n<\/div>\n<div class=\"row\">\n<div class=\"col-12 col-sm text-center\"><img loading=\"lazy\" decoding=\"async\" class=\"img-fluid d-sm-none alignnone wp-image-83577 size-full\" src=\"https:\/\/www.omnitrack.com\/wp-content\/uploads\/2024\/09\/dismantle_assemble_mobile_pt.webp\" alt=\"Diagrama de montagem e desmontagem\" width=\"1062\" height=\"123\" \/> <img loading=\"lazy\" decoding=\"async\" class=\"img-fluid d-none d-sm-inline-block alignnone wp-image-79712 size-full\" src=\"https:\/\/www.omnitrack.com\/wp-content\/uploads\/2024\/08\/dismantle_assemble_pt.webp\" alt=\"Diagrama de montagem e desmontagem\" width=\"2000\" height=\"123\" \/><\/div>\n<\/div>\n<\/div>\n<\/section>\n<section id=\"cant-find\" class=\"row cpn-section py-5 two justify-content-between\"><div class=\"col-12 col-sm-6 col-lg-7 py-lg-4 pe-lg-5\">\n<h3 class=\"fontSize-2 fontSize-md-1\">N\u00e3o encontrou o que procura?<\/h3>\n<p class=\"fontSize-4\">Tente pesquisar por palavras-chave, n\u00fameros de produto, carga, tipos de fixa\u00e7\u00e3o.<\/p>\n<div class=\"input-group\"><form class=\"form-search\"><div class=\"input-group\">  <input type=\"text\" name=\"s\" class=\"form-control field\" placeholder=\"Pesquisar n.\u00ba do produto\">  <input type=\"hidden\" name=\"post-type\" value=\"product\"><\/div><\/form><\/div>\n<\/div>\n<div class=\"col-12 col-sm-6 col-lg-5 py-lg-4 pt-4 pt-sm-0\">\n<h3 class=\"fontSize-2 fontSize-md-1\">Consultoria t\u00e9cnica gratuita<\/h3>\n<p class=\"fontSize-4\">Telefone: <b><a href=\"tel:+551143496211\">+55 11 4349 6211<\/a><\/b><\/p>\n<p class=\"fontSize-4\">Email: <b><a href=\"mailto:info@omnitrack.com\">info@omnitrack.com<\/a><\/b><\/p>\n<div class=\"mt-4\"> <a class=\"btn-ot green me-2 mb-3 mb-md-0 w100-mobile\" href=\"https:\/\/wa.me\/447759128207\" target=\"_blank\" rel=\"noopener\"><img decoding=\"async\" loading=\"lazy\" src=\"https:\/\/www.omnitrack.com\/wp-content\/themes\/omnitrack2023\/images\/icon-whatsapp.svg\"  alt=\"WhatsApp Omnitrack\"  \/> WhatsApp<\/a> <a class=\"btn-ot w100-mobile\" href=\"https:\/\/calendly.com\/omnitrack\/15min\" target=\"_blank\" rel=\"noopener\"><img decoding=\"async\" loading=\"lazy\" src=\"https:\/\/www.omnitrack.com\/wp-content\/themes\/omnitrack2023\/images\/icon-schedule.svg\"  alt=\"Agendar uma chamada com a Omnitrack\"  \/> Agendar uma chamada<\/a><\/div>\n<\/div>\n<\/section>\n","protected":false},"excerpt":{"rendered":"<p>Grampos de fixa\u00e7\u00e3o Os clipes de fixa\u00e7\u00e3o compensam as irregularidades no furo e no di\u00e2metro. Ideal quando s\u00f3 \u00e9 poss\u00edvel acessar a superf\u00edcie de montagem por um lado. [omni_render_table_clips class-container=&#8221;table-no-scroll table-mobi&#8221;] A inclus\u00e3o do sufixo K ou C ao n\u00famero de pe\u00e7a da unidade esf\u00e9rica especificar\u00e1 o fornecimento do clipe opcional (por exemplo, L22K ou [&hellip;]<\/p>\n","protected":false},"author":7,"featured_media":0,"parent":102843,"menu_order":0,"comment_status":"closed","ping_status":"closed","template":"page-fixin-clips-and-kits.php","meta":{"inline_featured_image":false,"footnotes":""},"class_list":["post-102854","page","type-page","status-publish","hentry"],"acf":[],"_links":{"self":[{"href":"https:\/\/www.omnitrack.com\/br\/wp-json\/wp\/v2\/pages\/102854","targetHints":{"allow":["GET"]}}],"collection":[{"href":"https:\/\/www.omnitrack.com\/br\/wp-json\/wp\/v2\/pages"}],"about":[{"href":"https:\/\/www.omnitrack.com\/br\/wp-json\/wp\/v2\/types\/page"}],"author":[{"embeddable":true,"href":"https:\/\/www.omnitrack.com\/br\/wp-json\/wp\/v2\/users\/7"}],"replies":[{"embeddable":true,"href":"https:\/\/www.omnitrack.com\/br\/wp-json\/wp\/v2\/comments?post=102854"}],"version-history":[{"count":3,"href":"https:\/\/www.omnitrack.com\/br\/wp-json\/wp\/v2\/pages\/102854\/revisions"}],"predecessor-version":[{"id":103760,"href":"https:\/\/www.omnitrack.com\/br\/wp-json\/wp\/v2\/pages\/102854\/revisions\/103760"}],"up":[{"embeddable":true,"href":"https:\/\/www.omnitrack.com\/br\/wp-json\/wp\/v2\/pages\/102843"}],"wp:attachment":[{"href":"https:\/\/www.omnitrack.com\/br\/wp-json\/wp\/v2\/media?parent=102854"}],"curies":[{"name":"wp","href":"https:\/\/api.w.org\/{rel}","templated":true}]}}