{"id":102853,"date":"2023-03-08T11:01:42","date_gmt":"2023-03-08T11:01:42","guid":{"rendered":"https:\/\/www.omnitrack.com\/about-us\/autoglider\/"},"modified":"2024-03-25T13:09:09","modified_gmt":"2024-03-25T13:09:09","slug":"autoglider","status":"publish","type":"page","link":"https:\/\/www.omnitrack.com\/br\/sobre-nos\/autoglider\/","title":{"rendered":"Autoglider"},"content":{"rendered":"<section id=\"header-product-one\" class=\"row cpn-section\">\n<div class=\"col\"><header class=\"row\">    <div class=\"col\">        <nav id=\"breadcrumb\">                    <\/nav>        <h1 class=\"fontSize-1\">Autoglider<\/h1>    <\/div>    <\/header><\/div>\n<\/section>\n<section class=\"row cpn-section fontSize-4\">\n<div class=\"col-12 col-md lh-lg\">\n<p>1918 &#8211; Produ\u00e7\u00e3o e exporta\u00e7\u00e3o em massa da linha de scooters Autoglider.<\/p>\n<p>Fabricado em Birmingham, na Inglaterra, pela Townsend and Co de 1919 a 1922. A Autoglider fez parte do primeiro boom de scooters. Ela tinha um motor Villiers de 292 cc ou Union de 269 cc de dois tempos montado acima da roda dianteira.<\/p>\n<p><a class=\"btn-ot lilac-one shadow\" href=\"https:\/\/resources.omnitrack.com\/files\/autoglider\/autoglider.htm\" target=\"_blank\" rel=\"noopener\">Saiba mais sobre a Autoglider<\/a><\/p>\n<\/div>\n<div class=\"col-12 col-md\"><img loading=\"lazy\" decoding=\"async\" class=\"img-fluid alignnone wp-image-79858 size-full\" src=\"https:\/\/www.omnitrack.com\/wp-content\/uploads\/2023\/03\/history-autoglider.webp\" alt=\"Autoglider\" width=\"792\" height=\"520\" srcset=\"https:\/\/www.omnitrack.com\/wp-content\/uploads\/2023\/03\/history-autoglider.webp 792w, https:\/\/www.omnitrack.com\/wp-content\/uploads\/2023\/03\/history-autoglider-300x197.webp 300w, https:\/\/www.omnitrack.com\/wp-content\/uploads\/2023\/03\/history-autoglider-768x504.webp 768w, https:\/\/www.omnitrack.com\/wp-content\/uploads\/2023\/03\/history-autoglider-600x394.webp 600w\" sizes=\"auto, (max-width: 792px) 100vw, 792px\" \/><\/div>\n<\/section>\n<div class=\"row cpn-section\">\n<div class=\"col\">\n<hr>\n<\/div>\n<\/div>\n<section class=\"row cpn-section pb-5 fontSize-4\">\n<div class=\"col text-center\"><img loading=\"lazy\" decoding=\"async\" class=\"img-fluid mb-4 alignnone wp-image-79859 size-full\" src=\"https:\/\/www.omnitrack.com\/wp-content\/uploads\/2023\/03\/autoglider-newspaper-1.webp\" alt=\" Autoglider\" width=\"961\" height=\"720\" srcset=\"https:\/\/www.omnitrack.com\/wp-content\/uploads\/2023\/03\/autoglider-newspaper-1.webp 961w, https:\/\/www.omnitrack.com\/wp-content\/uploads\/2023\/03\/autoglider-newspaper-1-300x225.webp 300w, https:\/\/www.omnitrack.com\/wp-content\/uploads\/2023\/03\/autoglider-newspaper-1-768x575.webp 768w, https:\/\/www.omnitrack.com\/wp-content\/uploads\/2023\/03\/autoglider-newspaper-1-600x450.webp 600w\" sizes=\"auto, (max-width: 961px) 100vw, 961px\" \/><br \/>\n<img loading=\"lazy\" decoding=\"async\" class=\"img-fluid mb-4 alignnone wp-image-79860 size-full\" src=\"https:\/\/www.omnitrack.com\/wp-content\/uploads\/2023\/03\/autoglider-newspaper-2.webp\" alt=\" Autoglider\" width=\"961\" height=\"720\" srcset=\"https:\/\/www.omnitrack.com\/wp-content\/uploads\/2023\/03\/autoglider-newspaper-2.webp 961w, https:\/\/www.omnitrack.com\/wp-content\/uploads\/2023\/03\/autoglider-newspaper-2-300x225.webp 300w, https:\/\/www.omnitrack.com\/wp-content\/uploads\/2023\/03\/autoglider-newspaper-2-768x575.webp 768w, https:\/\/www.omnitrack.com\/wp-content\/uploads\/2023\/03\/autoglider-newspaper-2-600x450.webp 600w\" sizes=\"auto, (max-width: 961px) 100vw, 961px\" \/><br \/>\n<img loading=\"lazy\" decoding=\"async\" class=\"img-fluid mb-4 alignnone wp-image-79861 size-full\" src=\"https:\/\/www.omnitrack.com\/wp-content\/uploads\/2023\/03\/autoglider-newspaper-3.webp\" alt=\" Autoglider\" width=\"961\" height=\"720\" srcset=\"https:\/\/www.omnitrack.com\/wp-content\/uploads\/2023\/03\/autoglider-newspaper-3.webp 961w, https:\/\/www.omnitrack.com\/wp-content\/uploads\/2023\/03\/autoglider-newspaper-3-300x225.webp 300w, https:\/\/www.omnitrack.com\/wp-content\/uploads\/2023\/03\/autoglider-newspaper-3-768x575.webp 768w, https:\/\/www.omnitrack.com\/wp-content\/uploads\/2023\/03\/autoglider-newspaper-3-600x450.webp 600w\" sizes=\"auto, (max-width: 961px) 100vw, 961px\" \/><br \/>\n<img loading=\"lazy\" decoding=\"async\" class=\"img-fluid alignnone wp-image-79862 size-full\" src=\"https:\/\/www.omnitrack.com\/wp-content\/uploads\/2023\/03\/autoglider-newspaper-4.webp\" alt=\" Autoglider\" width=\"961\" height=\"720\" srcset=\"https:\/\/www.omnitrack.com\/wp-content\/uploads\/2023\/03\/autoglider-newspaper-4.webp 961w, https:\/\/www.omnitrack.com\/wp-content\/uploads\/2023\/03\/autoglider-newspaper-4-300x225.webp 300w, https:\/\/www.omnitrack.com\/wp-content\/uploads\/2023\/03\/autoglider-newspaper-4-768x575.webp 768w, https:\/\/www.omnitrack.com\/wp-content\/uploads\/2023\/03\/autoglider-newspaper-4-600x450.webp 600w\" sizes=\"auto, (max-width: 961px) 100vw, 961px\" \/><\/div>\n<\/section>\n<section id=\"cant-find\" class=\"row cpn-section py-5 two justify-content-between\"><div class=\"col-12 col-sm-6 col-lg-7 py-lg-4 pe-lg-5\">\n<h3 class=\"fontSize-2 fontSize-md-1\">N\u00e3o encontrou o que procura?<\/h3>\n<p class=\"fontSize-4\">Tente pesquisar por palavras-chave, n\u00fameros de produto, carga, tipos de fixa\u00e7\u00e3o.<\/p>\n<div class=\"input-group\"><form class=\"form-search\"><div class=\"input-group\">  <input type=\"text\" name=\"s\" class=\"form-control field\" placeholder=\"Pesquisar n.\u00ba do produto\">  <input type=\"hidden\" name=\"post-type\" value=\"product\"><\/div><\/form><\/div>\n<\/div>\n<div class=\"col-12 col-sm-6 col-lg-5 py-lg-4 pt-4 pt-sm-0\">\n<h3 class=\"fontSize-2 fontSize-md-1\">Consultoria t\u00e9cnica gratuita<\/h3>\n<p class=\"fontSize-4\">Telefone: <b><a href=\"tel:+551143496211\">+55 11 4349 6211<\/a><\/b><\/p>\n<p class=\"fontSize-4\">Email: <b><a href=\"mailto:info@omnitrack.com\">info@omnitrack.com<\/a><\/b><\/p>\n<div class=\"mt-4\"> <a class=\"btn-ot green me-2 mb-3 mb-md-0 w100-mobile\" href=\"https:\/\/wa.me\/447759128207\" target=\"_blank\" rel=\"noopener\"><img decoding=\"async\" loading=\"lazy\" src=\"https:\/\/www.omnitrack.com\/wp-content\/themes\/omnitrack2023\/images\/icon-whatsapp.svg\"  alt=\"WhatsApp Omnitrack\"  \/> WhatsApp<\/a> <a class=\"btn-ot w100-mobile\" href=\"https:\/\/calendly.com\/omnitrack\/15min\" target=\"_blank\" rel=\"noopener\"><img decoding=\"async\" loading=\"lazy\" src=\"https:\/\/www.omnitrack.com\/wp-content\/themes\/omnitrack2023\/images\/icon-schedule.svg\"  alt=\"Agendar uma chamada com a Omnitrack\"  \/> Agendar uma chamada<\/a><\/div>\n<\/div>\n<\/section>\n","protected":false},"excerpt":{"rendered":"<p>1918 &#8211; Produ\u00e7\u00e3o e exporta\u00e7\u00e3o em massa da linha de scooters Autoglider. Fabricado em Birmingham, na Inglaterra, pela Townsend and Co de 1919 a 1922. A Autoglider fez parte do primeiro boom de scooters. Ela tinha um motor Villiers de 292 cc ou Union de 269 cc de dois tempos montado acima da roda dianteira. [&hellip;]<\/p>\n","protected":false},"author":7,"featured_media":0,"parent":102842,"menu_order":0,"comment_status":"closed","ping_status":"closed","template":"","meta":{"inline_featured_image":false,"footnotes":""},"class_list":["post-102853","page","type-page","status-publish","hentry"],"acf":[],"_links":{"self":[{"href":"https:\/\/www.omnitrack.com\/br\/wp-json\/wp\/v2\/pages\/102853","targetHints":{"allow":["GET"]}}],"collection":[{"href":"https:\/\/www.omnitrack.com\/br\/wp-json\/wp\/v2\/pages"}],"about":[{"href":"https:\/\/www.omnitrack.com\/br\/wp-json\/wp\/v2\/types\/page"}],"author":[{"embeddable":true,"href":"https:\/\/www.omnitrack.com\/br\/wp-json\/wp\/v2\/users\/7"}],"replies":[{"embeddable":true,"href":"https:\/\/www.omnitrack.com\/br\/wp-json\/wp\/v2\/comments?post=102853"}],"version-history":[{"count":1,"href":"https:\/\/www.omnitrack.com\/br\/wp-json\/wp\/v2\/pages\/102853\/revisions"}],"predecessor-version":[{"id":103357,"href":"https:\/\/www.omnitrack.com\/br\/wp-json\/wp\/v2\/pages\/102853\/revisions\/103357"}],"up":[{"embeddable":true,"href":"https:\/\/www.omnitrack.com\/br\/wp-json\/wp\/v2\/pages\/102842"}],"wp:attachment":[{"href":"https:\/\/www.omnitrack.com\/br\/wp-json\/wp\/v2\/media?parent=102853"}],"curies":[{"name":"wp","href":"https:\/\/api.w.org\/{rel}","templated":true}]}}