{"id":102851,"date":"2019-01-21T17:21:24","date_gmt":"2019-01-21T17:21:24","guid":{"rendered":"https:\/\/www.omnitrack.com\/technical-reference\/"},"modified":"2024-09-24T20:16:08","modified_gmt":"2024-09-24T20:16:08","slug":"referencia-tecnica","status":"publish","type":"page","link":"https:\/\/www.omnitrack.com\/br\/referencia-tecnica\/","title":{"rendered":"Refer\u00eancia T\u00e9cnica"},"content":{"rendered":"<section id=\"header-product-one\" class=\"row cpn-section pb-4 fontSize-4\">\n<div class=\"col\">\n<h1>Refer\u00eancia T\u00e9cnica<\/h1>\n<h2>Unidades de transfer\u00eancia de esferas para servi\u00e7o pesado \u2013 Precis\u00e3o m\u00e1xima<\/h2>\n<p>Transferidores de esferas da s\u00e9rie 9000 para servi\u00e7o pesado da Omnitrack &#8211; Em produ\u00e7\u00e3o cont\u00ednua desde 1954. Restaure o desempenho em quest\u00e3o de minutos usando os kits de manuten\u00e7\u00e3o S1 e S2, que oferecem dois n\u00edveis de componentes e instru\u00e7\u00f5es completas. Servi\u00e7o de recondicionamento de f\u00e1brica para unidades personalizadas e com mola, pois elas podem exigir ferramentas espec\u00edficas para uma desmontagem segura. Para fazer o pedido, informe o n\u00famero original da pe\u00e7a, qualquer marca de identifica\u00e7\u00e3o e o kit de manuten\u00e7\u00e3o necess\u00e1rio, por exemplo, S1-9241. Em caso de d\u00favida, entre em contato e n\u00f3s o manteremos rolando!<\/p>\n<\/div>\n<\/section>\n<section class=\"row cpn-section fontSize-4\">\n<div class=\"col-12 col-md-6 mb-4 mb-md-0\"><img loading=\"lazy\" decoding=\"async\" class=\"img-fluid alignnone wp-image-79750 size-full\" src=\"https:\/\/www.omnitrack.com\/wp-content\/uploads\/2024\/09\/heavy_duty_technical_reference_pt-1.webp\" alt=\"Diagrama de unidades de transfer\u00eancia de esferas - Refer\u00eancia t\u00e9cnica\" width=\"700\" height=\"696\" \/><\/div>\n<div class=\"col-12 col-md-6\"><div class=\"grid-wrap\">\n<div class=\"row g-2 g-md-3 mb-2 mb-md-3\">\n<div class=\"col-8\">\n<div class=\"grid-item double\"><img decoding=\"async\" loading=\"lazy\" src=\"https:\/\/www.omnitrack.com\/wp-content\/themes\/omnitrack2023\/images\/icon-maximum-load.svg\" class=\"ico-icons-grid\" alt=\"icon-maximum-load\"  \/>O limite de carga n\u00e3o \u00e9 afetado em nenhuma orienta\u00e7\u00e3o<small><\/small><\/div>\n<\/div>\n<div class=\"col-4\">\n<div class=\"grid-item\"><img decoding=\"async\" loading=\"lazy\" src=\"https:\/\/www.omnitrack.com\/wp-content\/themes\/omnitrack2023\/images\/icon-low-friction.svg\" class=\"ico-icons-grid\" alt=\"icon-low-friction\"  \/>Baixo atrito<br \/>1 : 0,005<small><\/small><\/div>\n<\/div>\n<\/div>\n<div class=\"row g-2 g-md-3 mb-2 mb-md-3\">\n<div class=\"col-4\">\n<div class=\"grid-item\"><img decoding=\"async\" loading=\"lazy\" src=\"https:\/\/www.omnitrack.com\/wp-content\/themes\/omnitrack2023\/images\/icon-high-shock-resistence.svg\" class=\"ico-icons-grid\" alt=\"icon-high-shock-resistence\"  \/>Alta resist\u00eancia a impacto<small><\/small><\/div>\n<\/div>\n<div class=\"col-4\">\n<div class=\"grid-item\"><img decoding=\"async\" loading=\"lazy\" src=\"https:\/\/www.omnitrack.com\/wp-content\/themes\/omnitrack2023\/images\/icon-temperature.svg\" class=\"ico-icons-grid\" alt=\"icon-temperature\"  \/>Temperatura<br \/>-50\/260\u00baC<small><\/small><\/div>\n<\/div>\n<div class=\"col-4\">\n<div class=\"grid-item\"><img decoding=\"async\" loading=\"lazy\" src=\"https:\/\/www.omnitrack.com\/wp-content\/themes\/omnitrack2023\/images\/icon-speed.svg\" class=\"ico-icons-grid\" alt=\"icon-speed\"  \/>Velocidade<br \/>2m\/sec<small><\/small><\/div>\n<\/div>\n<\/div>\n<div class=\"row g-2 g-md-3\">\n<div class=\"col-4\">\n<div class=\"grid-item\"><img decoding=\"async\" loading=\"lazy\" src=\"https:\/\/www.omnitrack.com\/wp-content\/themes\/omnitrack2023\/images\/icon-drain-channels.svg\" class=\"ico-icons-grid\" alt=\"icon-drain-channels\"  \/>Canais de drenagem \/ res\u00edduos<small>Somente s\u00e9ries 9000<\/small><\/div>\n<\/div>\n<div class=\"col-4\">\n<div class=\"grid-item\"><img decoding=\"async\" loading=\"lazy\" src=\"https:\/\/www.omnitrack.com\/wp-content\/themes\/omnitrack2023\/images\/icon-user-seviceble.svg\" class=\"ico-icons-grid\" alt=\"icon-user-seviceble\"  \/>Pode ser reparado pelo usu\u00e1rio<small>Somente s\u00e9ries 9000<\/small><\/div>\n<\/div>\n<div class=\"col-4\">\n<div class=\"grid-item\"><img decoding=\"async\" loading=\"lazy\" src=\"https:\/\/www.omnitrack.com\/wp-content\/themes\/omnitrack2023\/images\/icon-precision-machined-construction.svg\" class=\"ico-icons-grid\" alt=\"icon-precision-machined-construction\"  \/>Constru\u00e7\u00e3o usinada com precis\u00e3o<small><\/small><\/div>\n<\/div>\n<\/div>\n<\/div>\n<\/p>\n<p class=\"text-center mt-3\"><strong class=\"fontSize-3\">Canais de res\u00edduos e drenagem<\/strong><br \/>\nTodas as unidades (esfera principal) &gt; 15,8 mm<\/p>\n<\/div>\n<\/section>\n<div class=\"row cpn-section\">\n<div class=\"col\">\n<hr \/>\n<\/div>\n<\/div>\n<section class=\"row cpn-section fontSize-4\">\n<div class=\"col-12 col-md-6\">\n<div class=\"row align-items-center\">\n<div class=\"col-4\"><img loading=\"lazy\" decoding=\"async\" class=\"img-fluid alignnone wp-image-78060 size-medium\" src=\"https:\/\/www.omnitrack.com\/wp-content\/uploads\/2023\/03\/92-300x300.webp\" alt=\"Refer\u00eancia T\u00e9cnica\" width=\"300\" height=\"300\" srcset=\"https:\/\/www.omnitrack.com\/wp-content\/uploads\/2023\/03\/92-300x300.webp 300w, https:\/\/www.omnitrack.com\/wp-content\/uploads\/2023\/03\/92-150x150.webp 150w, https:\/\/www.omnitrack.com\/wp-content\/uploads\/2023\/03\/92-768x768.webp 768w, https:\/\/www.omnitrack.com\/wp-content\/uploads\/2023\/03\/92-600x600.webp 600w, https:\/\/www.omnitrack.com\/wp-content\/uploads\/2023\/03\/92-100x100.webp 100w, https:\/\/www.omnitrack.com\/wp-content\/uploads\/2023\/03\/92.webp 800w\" sizes=\"auto, (max-width: 300px) 100vw, 300px\" \/><\/div>\n<div class=\"col-8\">\n<p class=\"fontSize-4 fontSize-md-3\"><strong class=\"fontSize-3 fontSize-md-2 lh-1 lh-md-2\">Acabamento preto eletrofor\u00e9tico anti\u00f3xido<\/strong><br \/>\n&gt; 330 horas Resist\u00eancia a sal ISO<\/p>\n<\/div>\n<\/div>\n<\/div>\n<div class=\"col-12 col-md-6\">\n<div class=\"row align-items-center\">\n<div class=\"col-4\"><img loading=\"lazy\" decoding=\"async\" class=\"img-fluid alignnone wp-image-78138 size-medium\" src=\"https:\/\/www.omnitrack.com\/wp-content\/uploads\/2023\/03\/93_SS-300x300.webp\" alt=\"Refer\u00eancia T\u00e9cnica\" width=\"300\" height=\"300\" srcset=\"https:\/\/www.omnitrack.com\/wp-content\/uploads\/2023\/03\/93_SS-300x300.webp 300w, https:\/\/www.omnitrack.com\/wp-content\/uploads\/2023\/03\/93_SS-150x150.webp 150w, https:\/\/www.omnitrack.com\/wp-content\/uploads\/2023\/03\/93_SS-768x768.webp 768w, https:\/\/www.omnitrack.com\/wp-content\/uploads\/2023\/03\/93_SS-600x600.webp 600w, https:\/\/www.omnitrack.com\/wp-content\/uploads\/2023\/03\/93_SS-100x100.webp 100w, https:\/\/www.omnitrack.com\/wp-content\/uploads\/2023\/03\/93_SS.webp 800w\" sizes=\"auto, (max-width: 300px) 100vw, 300px\" \/><\/div>\n<div class=\"col-8\">\n<p class=\"fontSize-4 fontSize-md-3\"><strong class=\"fontSize-3 fontSize-md-2 lh-1 lh-md-2\">Unidades de a\u00e7o inox<\/strong><br \/>\nAcabamento natural<\/p>\n<\/div>\n<\/div>\n<\/div>\n<\/section>\n<div class=\"row cpn-section\">\n<div class=\"col\">\n<hr \/>\n<\/div>\n<\/div>\n<section class=\"row cpn-section fontSize-4\">\n<div class=\"col-12\">\n<h2 class=\"py-4\">Materiais dos componentes e resist\u00eancia \u00e0 corros\u00e3o<\/h2>\n<\/div>\n<div class=\"col col-lg-8 mb-4 mb-md-0\">\n<div class=\"table-border\">\n<table class=\"corrosion-table table ot-table-striped\">\n<thead>\n<tr>\n<th>\u00a0<\/th>\n<th><img loading=\"lazy\" decoding=\"async\" class=\"img-fluid alignnone wp-image-79886 size-full\" src=\"https:\/\/www.omnitrack.com\/wp-content\/uploads\/2023\/03\/tr-icon-materials-1.webp\" alt=\"\u00cdcone de materiais\" width=\"205\" height=\"131\" \/><\/th>\n<th><img loading=\"lazy\" decoding=\"async\" class=\"img-fluid alignnone wp-image-79887 size-full\" src=\"https:\/\/www.omnitrack.com\/wp-content\/uploads\/2023\/03\/tr-icon-materials-2.webp\" alt=\"\u00cdcone de materiais\" width=\"228\" height=\"181\" \/><\/th>\n<th><img loading=\"lazy\" decoding=\"async\" class=\"img-fluid alignnone wp-image-79888 size-full\" src=\"https:\/\/www.omnitrack.com\/wp-content\/uploads\/2023\/03\/tr-icon-materials-3.webp\" alt=\"\u00cdcone de materiais\" width=\"200\" height=\"142\" \/><\/th>\n<th><img loading=\"lazy\" decoding=\"async\" class=\"img-fluid alignnone wp-image-79889 size-full\" src=\"https:\/\/www.omnitrack.com\/wp-content\/uploads\/2023\/03\/tr-icon-materials-4.webp\" alt=\"\u00cdcone de materiais\" width=\"230\" height=\"111\" \/><\/th>\n<th><img loading=\"lazy\" decoding=\"async\" class=\"img-fluid alignnone wp-image-79890 size-full\" src=\"https:\/\/www.omnitrack.com\/wp-content\/uploads\/2023\/03\/tr-icon-materials-5.webp\" alt=\"\u00cdcone de materiais\" width=\"158\" height=\"159\" srcset=\"https:\/\/www.omnitrack.com\/wp-content\/uploads\/2023\/03\/tr-icon-materials-5.webp 158w, https:\/\/www.omnitrack.com\/wp-content\/uploads\/2023\/03\/tr-icon-materials-5-150x150.webp 150w, https:\/\/www.omnitrack.com\/wp-content\/uploads\/2023\/03\/tr-icon-materials-5-100x100.webp 100w\" sizes=\"auto, (max-width: 158px) 100vw, 158px\" \/><\/th>\n<th><img loading=\"lazy\" decoding=\"async\" class=\"img-fluid alignnone wp-image-79891 size-full\" src=\"https:\/\/www.omnitrack.com\/wp-content\/uploads\/2023\/03\/tr-icon-materials-6.webp\" alt=\"\u00cdcone de materiais\" width=\"188\" height=\"135\" \/><\/th>\n<\/tr>\n<\/thead>\n<tbody>\n<tr>\n<th><span class=\"material ball material-SS pe-2\">Totalmente em a\u00e7o inox<\/span><\/th>\n<td>1<\/td>\n<td>1<\/td>\n<td>1<\/td>\n<td>2<\/td>\n<td>3<\/td>\n<td>3<\/td>\n<\/tr>\n<tr>\n<th><span class=\"material ball material-Z pe-2\">Condi\u00e7\u00f5es adversas<\/span><\/th>\n<td>4<\/td>\n<td>4<\/td>\n<td>1<\/td>\n<td>5<\/td>\n<td>3<\/td>\n<td>3<\/td>\n<\/tr>\n<tr>\n<th><span class=\"material ball material-A pe-2\">Esferas de a\u00e7o inox, outros materiais como padr\u00e3o<\/span><\/th>\n<td>4<\/td>\n<td>4<\/td>\n<td>6<\/td>\n<td>5<\/td>\n<td>3<\/td>\n<td>6<\/td>\n<\/tr>\n<tr>\n<th>Materiais padr\u00f5es<\/th>\n<td>4<\/td>\n<td>4<\/td>\n<td>6<\/td>\n<td>5<\/td>\n<td>6<\/td>\n<td>6<\/td>\n<\/tr>\n<\/tbody>\n<\/table>\n<\/div>\n<\/div>\n<div class=\"col col-lg-4\">\n<div class=\"row\">\n<div class=\"col-3\"><img loading=\"lazy\" decoding=\"async\" class=\"alignnone size-full wp-image-80187\" src=\"https:\/\/www.omnitrack.com\/wp-content\/uploads\/2023\/03\/Corrosion-Scale.svg\" alt=\"Escala de corros\u00e3o\" width=\"101\" height=\"300\" \/><\/div>\n<div class=\"col-9\">\n<ol class=\"corrosion-list\">\n<li>A\u00e7o inox AISI 304<\/li>\n<li>A\u00e7o inox AISI 302<\/li>\n<li>A\u00e7o inox AISI 440<\/li>\n<li>Acabamento &#8216;Antioxidante&#8217; AISI 1050<\/li>\n<li>A\u00e7o de carbono AISI 1070<\/li>\n<li>A\u00e7o de carbono AISI 52100<\/li>\n<\/ol>\n<\/div>\n<\/div>\n<\/div>\n<\/section>\n<div class=\"row cpn-section\">\n<div class=\"col\">\n<hr \/>\n<\/div>\n<\/div>\n<section class=\"row cpn-section fontSize-4\">\n<div class=\"col-12\">\n<h2 class=\"py-4\">Carga e Estabilidade<\/h2>\n<p>Especifique unidades com mola quando houver cargas com impacto e condi\u00e7\u00f5es de pista irregulares.<\/p>\n<p>Assegure-se de que haja capacidade de carga suficiente:<\/p>\n<\/div>\n<div class=\"col-12 col-md-5\"><img loading=\"lazy\" decoding=\"async\" class=\"img-fluid alignnone wp-image-79752 size-full\" src=\"https:\/\/www.omnitrack.com\/wp-content\/uploads\/2024\/09\/load_pt.webp\" alt=\"Imagem de carga\" width=\"651\" height=\"570\" \/><\/div>\n<div class=\"col-12 col-md-7\"><img loading=\"lazy\" decoding=\"async\" class=\"img-fluid alignnone wp-image-79753 size-full\" src=\"https:\/\/www.omnitrack.com\/wp-content\/uploads\/2024\/09\/unit_spacing_pt.webp\" alt=\"Unidade de estabilidade\" width=\"988\" height=\"570\" \/><\/div>\n<\/section>\n<div class=\"row cpn-section\">\n<div class=\"col\">\n<hr \/>\n<\/div>\n<\/div>\n<section class=\"row cpn-section fontSize-4\">\n<div class=\"col-12\">\n<h2 class=\"py-4\">Temperatura operacional<\/h2>\n<p>Compensar a temperatura e o ambiente operacional reduzindo a capacidade de carga declarada.<\/p>\n<p class=\"text-center\"><img loading=\"lazy\" decoding=\"async\" class=\"img-fluid alignnone wp-image-80186 size-full\" src=\"https:\/\/www.omnitrack.com\/wp-content\/uploads\/2024\/09\/operating_temperature_pt.webp\" alt=\"Gr\u00e1fico\" width=\"1101\" height=\"843\" \/><\/p>\n<\/div>\n<\/section>\n<div class=\"row cpn-section\">\n<div class=\"col\">\n<hr \/>\n<\/div>\n<\/div>\n<section class=\"row cpn-section fontSize-4\">\n<div class=\"col-12\">\n<h2 class=\"py-4\">Avalie esses aspectos ao escolher sua solu\u00e7\u00e3o:<\/h2>\n<p class=\"text-center\"><img loading=\"lazy\" decoding=\"async\" class=\"img-fluid alignnone wp-image-80185 size-full\" src=\"https:\/\/www.omnitrack.com\/wp-content\/uploads\/2024\/09\/aspects_chart_pt.webp\" alt=\"Gr\u00e1fico\" width=\"1101\" height=\"556\" \/><\/p>\n<ul class=\"row clear-list aspect-list mt-5\">\n<li class=\"col-12 col-lg-4\">\n<div class=\"list-item\">\n<h3><img loading=\"lazy\" decoding=\"async\" class=\"alignnone wp-image-79754 size-full\" src=\"https:\/\/www.omnitrack.com\/wp-content\/uploads\/2023\/03\/icon-orientation.webp\" alt=\"\u00cdcone\" width=\"100\" height=\"43\" \/> Orienta\u00e7\u00e3o<\/h3>\n<p>Em que posi\u00e7\u00e3o a sua aplica\u00e7\u00e3o exige que as unidades funcionem? Esfera de carga para cima, para baixo ou ode lado? As unidades da linha Heavy Duty operam com carga m\u00e1xima em todas as orienta\u00e7\u00f5es.<\/p>\n<\/div>\n<\/li>\n<li class=\"col-12 col-lg-4\">\n<div class=\"list-item\">\n<h3><img loading=\"lazy\" decoding=\"async\" class=\"alignnone wp-image-80184 size-full\" src=\"https:\/\/www.omnitrack.com\/wp-content\/uploads\/2023\/03\/icon-track-contact-1.svg\" alt=\"Diamante\" width=\"64\" height=\"33\" \/> Pista e contato<\/h3>\n<p>Qual \u00e9 a condi\u00e7\u00e3o, a dureza e o acabamento da superf\u00edcie dos itens que as unidades estar\u00e3o suportando? Superf\u00edcies irregulares, deform\u00e1veis e delicadas precisam de aten\u00e7\u00e3o especial.<\/p>\n<\/div>\n<\/li>\n<li class=\"col-12 col-lg-4\">\n<div class=\"list-item\">\n<h3><img loading=\"lazy\" decoding=\"async\" class=\"alignnone wp-image-79892 size-full\" src=\"https:\/\/www.omnitrack.com\/wp-content\/uploads\/2023\/03\/icon-load-shock.webp\" alt=\"\u00cdcone\" width=\"65\" height=\"33\" \/> Carga e impacto<\/h3>\n<p>As classifica\u00e7\u00f5es de carga din\u00e2mica e est\u00e1tica s\u00e3o id\u00eanticas. Quando as cargas s\u00e3o distribu\u00eddas de forma desigual, ou h\u00e1 possibilidade de alto impacto, as unidades com mola s\u00e3o ideais.<\/p>\n<\/div>\n<\/li>\n<li class=\"col-12 col-lg-4\">\n<div class=\"list-item\">\n<h3><img loading=\"lazy\" decoding=\"async\" class=\"alignnone wp-image-80183 size-full\" src=\"https:\/\/www.omnitrack.com\/wp-content\/uploads\/2023\/03\/icon-speed-2.svg\" alt=\"Temperatura\" width=\"40\" height=\"33\" \/> Velocidade<\/h3>\n<p>A velocidade m\u00e1xima de transporte \u00e9 limitada; a frequ\u00eancia e a dura\u00e7\u00e3o tamb\u00e9m podem exigir considera\u00e7\u00e3o. As classifica\u00e7\u00f5es de velocidade din\u00e2mica e est\u00e1tica s\u00e3o id\u00eanticas.<\/p>\n<\/div>\n<\/li>\n<li class=\"col-12 col-lg-4\">\n<div class=\"list-item\">\n<h3><img loading=\"lazy\" decoding=\"async\" class=\"alignnone wp-image-80182 size-full\" src=\"https:\/\/www.omnitrack.com\/wp-content\/uploads\/2023\/03\/icon-track-contact-2.svg\" alt=\"Ferramentas\" width=\"64\" height=\"33\" \/> Pista e contato<\/h3>\n<p>O menor coeficiente de atrito e os mais altos n\u00edveis de precis\u00e3o de movimento s\u00e3o fornecidos pela linha de unidades para servi\u00e7os pesados (p\u00e1ginas 4 a 9). Algumas aplica\u00e7\u00f5es permitir\u00e3o que seja feita uma concess\u00e3o de projeto.<\/p>\n<\/div>\n<\/li>\n<li class=\"col-12 col-lg-4\">\n<div class=\"list-item\">\n<h3><img loading=\"lazy\" decoding=\"async\" class=\"alignnone wp-image-79893 size-full\" src=\"https:\/\/www.omnitrack.com\/wp-content\/uploads\/2023\/03\/icon-load-shock-2.webp\" alt=\"\u00cdcone\" width=\"57\" height=\"49\" \/> Carga e impacto<\/h3>\n<p>Considere a estabilidade do item transportado. Garanta pontos de contato suficientes (inclina\u00e7\u00e3o) para suportar a massa de forma consistente. A provis\u00e3o para controle e frenagem da massa n\u00e3o deve ser negligenciada.<\/p>\n<\/div>\n<\/li>\n<li class=\"col-12 col-lg-4\">\n<div class=\"list-item\">\n<h3><img loading=\"lazy\" decoding=\"async\" class=\"alignnone wp-image-80181 size-full\" src=\"https:\/\/www.omnitrack.com\/wp-content\/uploads\/2023\/03\/icon-environment-2.svg\" alt=\"Ferramentas\" width=\"65\" height=\"33\" \/> Ambiente<\/h3>\n<p>Considere as op\u00e7\u00f5es de materiais para melhorar a resist\u00eancia a condi\u00e7\u00f5es adversas do ambiente. Condi\u00e7\u00f5es de sujeira ou poeira? \u00c1reas \u00famidas e contaminadas? Agress\u00e3o ou contamina\u00e7\u00e3o qu\u00edmica? Permeabilidade magn\u00e9tica e campos radioativos?<\/p>\n<\/div>\n<\/li>\n<li class=\"col-12 col-lg-4\">\n<div class=\"list-item\">\n<h3><img loading=\"lazy\" decoding=\"async\" class=\"alignnone wp-image-80189 size-full\" src=\"https:\/\/www.omnitrack.com\/wp-content\/uploads\/2023\/03\/icon-lubrification-service.svg\" alt=\"S\u00edmbolo do gr\u00e1fico\" width=\"30\" height=\"33\" \/> Lubrifica\u00e7\u00e3o e assist\u00eancia<\/h3>\n<p>Os produtos Omnitrack s\u00e3o lubrificados para toda a vida \u00fatil. Para aumentar ainda mais a vida \u00fatil, as unidades de transfer\u00eancia de esferas para servi\u00e7os pesados e as linhas Omnifloat oferecem kits de manuten\u00e7\u00e3o adicionais ao usu\u00e1rio. Consulte a p\u00e1gina 7 para obter informa\u00e7\u00f5es sobre as unidades esf\u00e9ricas para servi\u00e7os pesados e a p\u00e1gina 20 para os rolamentos de manuseio de vidro Omnifloat.<\/p>\n<\/div>\n<\/li>\n<li class=\"col-12 col-lg-4\">\n<div class=\"list-item\">\n<h3><img loading=\"lazy\" decoding=\"async\" class=\"alignnone wp-image-80190 size-full\" src=\"https:\/\/www.omnitrack.com\/wp-content\/uploads\/2023\/03\/icon-temperature-2.svg\" alt=\"S\u00edmbolos de temperatura\" width=\"65\" height=\"33\" \/> Temperatura<\/h3>\n<p>A temperatura ambiente e as faixas de temperatura m\u00edn\/m\u00e1x devem ser avaliadas. Os componentes de a\u00e7o inox resistem melhor a temperaturas maisextremas do que os materiais padr\u00f5es (p\u00e1gina 29).<\/p>\n<\/div>\n<\/li>\n<\/ul>\n<\/div>\n<\/section>\n<section id=\"cant-find\" class=\"row cpn-section py-5 two justify-content-between\"><div class=\"col-12 col-sm-6 col-lg-7 py-lg-4 pe-lg-5\">\n<h3 class=\"fontSize-2 fontSize-md-1\">N\u00e3o encontrou o que procura?<\/h3>\n<p class=\"fontSize-4\">Tente pesquisar por palavras-chave, n\u00fameros de produto, carga, tipos de fixa\u00e7\u00e3o.<\/p>\n<div class=\"input-group\"><form class=\"form-search\"><div class=\"input-group\">  <input type=\"text\" name=\"s\" class=\"form-control field\" placeholder=\"Pesquisar n.\u00ba do produto\">  <input type=\"hidden\" name=\"post-type\" value=\"product\"><\/div><\/form><\/div>\n<\/div>\n<div class=\"col-12 col-sm-6 col-lg-5 py-lg-4 pt-4 pt-sm-0\">\n<h3 class=\"fontSize-2 fontSize-md-1\">Consultoria t\u00e9cnica gratuita<\/h3>\n<p class=\"fontSize-4\">Telefone: <b><a href=\"tel:+551143496211\">+55 11 4349 6211<\/a><\/b><\/p>\n<p class=\"fontSize-4\">Email: <b><a href=\"mailto:info@omnitrack.com\">info@omnitrack.com<\/a><\/b><\/p>\n<div class=\"mt-4\"> <a class=\"btn-ot green me-2 mb-3 mb-md-0 w100-mobile\" href=\"https:\/\/wa.me\/447759128207\" target=\"_blank\" rel=\"noopener\"><img decoding=\"async\" loading=\"lazy\" src=\"https:\/\/www.omnitrack.com\/wp-content\/themes\/omnitrack2023\/images\/icon-whatsapp.svg\"  alt=\"WhatsApp Omnitrack\"  \/> WhatsApp<\/a> <a class=\"btn-ot w100-mobile\" href=\"https:\/\/calendly.com\/omnitrack\/15min\" target=\"_blank\" rel=\"noopener\"><img decoding=\"async\" loading=\"lazy\" src=\"https:\/\/www.omnitrack.com\/wp-content\/themes\/omnitrack2023\/images\/icon-schedule.svg\"  alt=\"Agendar uma chamada com a Omnitrack\"  \/> Agendar uma chamada<\/a><\/div>\n<\/div>\n<\/section>\n","protected":false},"excerpt":{"rendered":"<p>Refer\u00eancia T\u00e9cnica Unidades de transfer\u00eancia de esferas para servi\u00e7o pesado \u2013 Precis\u00e3o m\u00e1xima Transferidores de esferas da s\u00e9rie 9000 para servi\u00e7o pesado da Omnitrack &#8211; Em produ\u00e7\u00e3o cont\u00ednua desde 1954. Restaure o desempenho em quest\u00e3o de minutos usando os kits de manuten\u00e7\u00e3o S1 e S2, que oferecem dois n\u00edveis de componentes e instru\u00e7\u00f5es completas. Servi\u00e7o [&hellip;]<\/p>\n","protected":false},"author":7,"featured_media":0,"parent":0,"menu_order":0,"comment_status":"closed","ping_status":"closed","template":"","meta":{"inline_featured_image":false,"footnotes":""},"class_list":["post-102851","page","type-page","status-publish","hentry"],"acf":[],"_links":{"self":[{"href":"https:\/\/www.omnitrack.com\/br\/wp-json\/wp\/v2\/pages\/102851","targetHints":{"allow":["GET"]}}],"collection":[{"href":"https:\/\/www.omnitrack.com\/br\/wp-json\/wp\/v2\/pages"}],"about":[{"href":"https:\/\/www.omnitrack.com\/br\/wp-json\/wp\/v2\/types\/page"}],"author":[{"embeddable":true,"href":"https:\/\/www.omnitrack.com\/br\/wp-json\/wp\/v2\/users\/7"}],"replies":[{"embeddable":true,"href":"https:\/\/www.omnitrack.com\/br\/wp-json\/wp\/v2\/comments?post=102851"}],"version-history":[{"count":4,"href":"https:\/\/www.omnitrack.com\/br\/wp-json\/wp\/v2\/pages\/102851\/revisions"}],"predecessor-version":[{"id":106876,"href":"https:\/\/www.omnitrack.com\/br\/wp-json\/wp\/v2\/pages\/102851\/revisions\/106876"}],"wp:attachment":[{"href":"https:\/\/www.omnitrack.com\/br\/wp-json\/wp\/v2\/media?parent=102851"}],"curies":[{"name":"wp","href":"https:\/\/api.w.org\/{rel}","templated":true}]}}