{"id":102842,"date":"2019-08-02T13:41:53","date_gmt":"2019-08-02T13:41:53","guid":{"rendered":"https:\/\/www.omnitrack.com\/about-us\/"},"modified":"2024-03-25T13:32:19","modified_gmt":"2024-03-25T13:32:19","slug":"sobre-nos","status":"publish","type":"page","link":"https:\/\/www.omnitrack.com\/br\/sobre-nos\/","title":{"rendered":"100 anos de hist\u00f3ria"},"content":{"rendered":"<section id=\"text-video-one\" class=\"row cpn-section\"> <div class=\"col-12 col-xl-7\"> <h1>100 anos de hist\u00f3ria<\/h1> <h2>A Omnitrack e a Autotrack t\u00eam suas ra\u00edzes no in\u00edcio de 1909.<\/h2> <p class=\"fontSize-3\">A empresa matriz, Autoset (Production) Ltd, estabeleceu-se em Birmingham como fabricante de tornos de pedal, sistemas de prateleiras, rod\u00edzios e rodas. De 1919 a 1923, produziram uma s\u00e9rie de scooters populares com a marca Autoglider.<\/p> <\/div> <div class=\"col-12 col-xl-5\"> <div class=\"ratio ratio-16x9\"><iframe title=\"YouTube video player\" frameborder=\"0\" allowfullscreen=\"allowfullscreen\" class=\" lozad\" data-src=\"https:\/\/www.youtube.com\/embed\/PKFis846aNA\"><\/iframe><\/div> <\/div> <\/section> <div class=\"row cpn-section\"> <div class=\"col\"> <hr \/> <\/div> <\/div> <section class=\"row cpn-section ot-history\"> <div class=\"col-12 col-sm-6 col-md-4 mb-4 mb-md-0\"><img loading=\"lazy\" decoding=\"async\" class=\"img-fluid alignnone wp-image-79757 size-full\" src=\"https:\/\/www.omnitrack.com\/wp-content\/uploads\/2023\/03\/2021-New-Omniwheel-Range.webp\" alt=\"2021 Nova s\u00e9rie Omniwheel\" width=\"680\" height=\"436\" srcset=\"https:\/\/www.omnitrack.com\/wp-content\/uploads\/2023\/03\/2021-New-Omniwheel-Range.webp 680w, https:\/\/www.omnitrack.com\/wp-content\/uploads\/2023\/03\/2021-New-Omniwheel-Range-300x192.webp 300w, https:\/\/www.omnitrack.com\/wp-content\/uploads\/2023\/03\/2021-New-Omniwheel-Range-600x385.webp 600w\" sizes=\"auto, (max-width: 680px) 100vw, 680px\" \/><\/p> <h3>2021<\/h3> <p class=\"mb-0 mb-md-3\"><b> Nova s\u00e9rie Omniwheel <\/b><\/p> <p>Lan\u00e7amento da nova linha Omniwheel.<\/p> <\/div> <div class=\"col-12 col-sm-6 col-md-4 mb-4 mb-md-0\"><img loading=\"lazy\" decoding=\"async\" class=\"img-fluid alignnone wp-image-79758 size-full\" src=\"https:\/\/www.omnitrack.com\/wp-content\/uploads\/2023\/03\/2020-New-compact-8000-series.webp\" alt=\"2020 New compact 8000 series\" width=\"680\" height=\"436\" srcset=\"https:\/\/www.omnitrack.com\/wp-content\/uploads\/2023\/03\/2020-New-compact-8000-series.webp 680w, https:\/\/www.omnitrack.com\/wp-content\/uploads\/2023\/03\/2020-New-compact-8000-series-300x192.webp 300w, https:\/\/www.omnitrack.com\/wp-content\/uploads\/2023\/03\/2020-New-compact-8000-series-600x385.webp 600w\" sizes=\"auto, (max-width: 680px) 100vw, 680px\" \/><\/p> <h3>2020<\/h3> <p class=\"mb-0 mb-md-3\"><strong>Nova s\u00e9rie compacta 8000<\/strong><\/p> <p>Lan\u00e7amento da nova s\u00e9rie 8000.<\/p> <\/div> <div class=\"col-12 col-sm-6 col-md-4 mb-4 mb-md-0\"><img loading=\"lazy\" decoding=\"async\" class=\"img-fluid alignnone wp-image-79759 size-full\" src=\"https:\/\/www.omnitrack.com\/wp-content\/uploads\/2023\/03\/2017-Heavy-Duty.webp\" alt=\"2017 Carga pesada \" width=\"680\" height=\"436\" srcset=\"https:\/\/www.omnitrack.com\/wp-content\/uploads\/2023\/03\/2017-Heavy-Duty.webp 680w, https:\/\/www.omnitrack.com\/wp-content\/uploads\/2023\/03\/2017-Heavy-Duty-300x192.webp 300w, https:\/\/www.omnitrack.com\/wp-content\/uploads\/2023\/03\/2017-Heavy-Duty-600x385.webp 600w\" sizes=\"auto, (max-width: 680px) 100vw, 680px\" \/><\/p> <h3>2017<\/h3> <p class=\"mb-0 mb-md-3\"><strong>Carga pesada<\/strong><\/p> <p>Unidades de esferas de carga pesada de at\u00e9 8000 kg. Novas tecnologias e materiais.<\/p> <\/div> <\/section> <div class=\"row cpn-section d-none d-md-flex\"> <div class=\"col\"> <hr \/> <\/div> <\/div> <section class=\"row cpn-section ot-history\"> <div class=\"col-12 col-sm-6 col-md-4 mb-4 mb-md-0\"><img loading=\"lazy\" decoding=\"async\" class=\"img-fluid alignnone wp-image-79760 size-full\" src=\"https:\/\/www.omnitrack.com\/wp-content\/uploads\/2023\/03\/2014-New-Omnicaster.webp\" alt=\"2014 Novo Omnicaster \" width=\"680\" height=\"436\" srcset=\"https:\/\/www.omnitrack.com\/wp-content\/uploads\/2023\/03\/2014-New-Omnicaster.webp 680w, https:\/\/www.omnitrack.com\/wp-content\/uploads\/2023\/03\/2014-New-Omnicaster-300x192.webp 300w, https:\/\/www.omnitrack.com\/wp-content\/uploads\/2023\/03\/2014-New-Omnicaster-600x385.webp 600w\" sizes=\"auto, (max-width: 680px) 100vw, 680px\" \/><\/p> <h3>2014<\/h3> <p class=\"mb-0 mb-md-3\"><strong>Novo Omnicaster<\/strong><\/p> <p>Lan\u00e7amento da nova linha Omnicaster.<\/p> <\/div> <div class=\"col-12 col-sm-6 col-md-4 mb-4 mb-md-0\"><img loading=\"lazy\" decoding=\"async\" class=\"img-fluid alignnone wp-image-79761 size-full\" src=\"https:\/\/www.omnitrack.com\/wp-content\/uploads\/2023\/03\/2011-Bloodhound.webp\" alt=\"2011 Bloodhound\" width=\"680\" height=\"436\" srcset=\"https:\/\/www.omnitrack.com\/wp-content\/uploads\/2023\/03\/2011-Bloodhound.webp 680w, https:\/\/www.omnitrack.com\/wp-content\/uploads\/2023\/03\/2011-Bloodhound-300x192.webp 300w, https:\/\/www.omnitrack.com\/wp-content\/uploads\/2023\/03\/2011-Bloodhound-600x385.webp 600w\" sizes=\"auto, (max-width: 680px) 100vw, 680px\" \/><\/p> <h3>2011<\/h3> <p class=\"mb-0 mb-md-3\"><strong>Bloodhound<\/strong><\/p> <p>Recorde de velocidade do &#8216;Bloodhound&#8217; em terra de 1000 mph (patrocinador do produto).<\/p> <\/div> <div class=\"col-12 col-sm-6 col-md-4 mb-4 mb-md-0\"><img loading=\"lazy\" decoding=\"async\" class=\"img-fluid alignnone wp-image-79762 size-full\" src=\"https:\/\/www.omnitrack.com\/wp-content\/uploads\/2023\/03\/2009-cern.webp\" alt=\"2009 CERN \" width=\"680\" height=\"436\" srcset=\"https:\/\/www.omnitrack.com\/wp-content\/uploads\/2023\/03\/2009-cern.webp 680w, https:\/\/www.omnitrack.com\/wp-content\/uploads\/2023\/03\/2009-cern-300x192.webp 300w, https:\/\/www.omnitrack.com\/wp-content\/uploads\/2023\/03\/2009-cern-600x385.webp 600w\" sizes=\"auto, (max-width: 680px) 100vw, 680px\" \/><\/p> <h3>2009<\/h3> <p class=\"mb-0 mb-md-3\"><strong>CERN<\/strong><\/p> <p>Fornecedor do projeto de pesquisa do colisor de part\u00edculas &#8216;Hadron&#8217; da CERN.<\/p> <\/div> <\/section> <div class=\"row cpn-section d-none d-md-flex\"> <div class=\"col\"> <hr \/> <\/div> <\/div> <section class=\"row cpn-section ot-history\"> <div class=\"col-12 col-sm-6 col-md-4 mb-4 mb-md-0\"><img loading=\"lazy\" decoding=\"async\" class=\"img-fluid alignnone wp-image-79763 size-full\" src=\"https:\/\/www.omnitrack.com\/wp-content\/uploads\/2023\/03\/1990-Eurofighter.webp\" alt=\"1990 Eurofighter\" width=\"680\" height=\"436\" srcset=\"https:\/\/www.omnitrack.com\/wp-content\/uploads\/2023\/03\/1990-Eurofighter.webp 680w, https:\/\/www.omnitrack.com\/wp-content\/uploads\/2023\/03\/1990-Eurofighter-300x192.webp 300w, https:\/\/www.omnitrack.com\/wp-content\/uploads\/2023\/03\/1990-Eurofighter-600x385.webp 600w\" sizes=\"auto, (max-width: 680px) 100vw, 680px\" \/><\/p> <h3>1990<\/h3> <p class=\"mb-0 mb-md-3\"><strong>Eurofighter<\/strong><\/p> <p>Fornecedor do projeto de produ\u00e7\u00e3o do Euro Fighter. Nossas unidades de transfer\u00eancia de esferas Omnitrack 9241 foram usadas na montagem da aeronave.<\/p> <\/div> <div class=\"col-12 col-sm-6 col-md-4 mb-4 mb-md-0\"><img loading=\"lazy\" decoding=\"async\" class=\"img-fluid alignnone wp-image-79764 size-full\" src=\"https:\/\/www.omnitrack.com\/wp-content\/uploads\/2023\/03\/1970-Warhead-Handling.webp\" alt=\"1930 Linisher\" width=\"680\" height=\"436\" srcset=\"https:\/\/www.omnitrack.com\/wp-content\/uploads\/2023\/03\/1970-Warhead-Handling.webp 680w, https:\/\/www.omnitrack.com\/wp-content\/uploads\/2023\/03\/1970-Warhead-Handling-300x192.webp 300w, https:\/\/www.omnitrack.com\/wp-content\/uploads\/2023\/03\/1970-Warhead-Handling-600x385.webp 600w\" sizes=\"auto, (max-width: 680px) 100vw, 680px\" \/><\/p> <h3>1970<\/h3> <p class=\"mb-0 mb-md-3\"><strong>Manuseio de ogivas nucleares<\/strong><\/p> <p>Equipamento de manuseio de ogivas nucleares da Blue Steel \u2013 projeto e produ\u00e7\u00e3o.<\/p> <\/div> <div class=\"col-12 col-sm-6 col-md-4 mb-4 mb-md-0\"><img loading=\"lazy\" decoding=\"async\" class=\"img-fluid alignnone wp-image-79765 size-full\" src=\"https:\/\/www.omnitrack.com\/wp-content\/uploads\/2023\/03\/1970-Landing-Gear.webp\" alt=\"1970 Trem de Pouso\" width=\"680\" height=\"436\" srcset=\"https:\/\/www.omnitrack.com\/wp-content\/uploads\/2023\/03\/1970-Landing-Gear.webp 680w, https:\/\/www.omnitrack.com\/wp-content\/uploads\/2023\/03\/1970-Landing-Gear-300x192.webp 300w, https:\/\/www.omnitrack.com\/wp-content\/uploads\/2023\/03\/1970-Landing-Gear-600x385.webp 600w\" sizes=\"auto, (max-width: 680px) 100vw, 680px\" \/><\/p> <h3>1962<\/h3> <p class=\"mb-0 mb-md-3\"><strong>Trem de Pouso<\/strong><\/p> <p>Trem de pouso da aeronave &#8216;De Havilland&#8217; \u2013 Contrato de projeto e fabrica\u00e7\u00e3o.<\/p> <\/div> <\/section> <div class=\"row cpn-section d-none d-md-flex\"> <div class=\"col\"> <hr \/> <\/div> <\/div> <section class=\"row cpn-section ot-history\"> <div class=\"col-12 col-sm-6 col-md-4 mb-4 mb-md-0\"><img loading=\"lazy\" decoding=\"async\" class=\"img-fluid alignnone wp-image-79766 size-full\" src=\"https:\/\/www.omnitrack.com\/wp-content\/uploads\/2023\/03\/1958-Omnitrack.webp\" alt=\"1958 Omnitrack\" width=\"680\" height=\"436\" srcset=\"https:\/\/www.omnitrack.com\/wp-content\/uploads\/2023\/03\/1958-Omnitrack.webp 680w, https:\/\/www.omnitrack.com\/wp-content\/uploads\/2023\/03\/1958-Omnitrack-300x192.webp 300w, https:\/\/www.omnitrack.com\/wp-content\/uploads\/2023\/03\/1958-Omnitrack-600x385.webp 600w\" sizes=\"auto, (max-width: 680px) 100vw, 680px\" \/><\/p> <h3>1958<\/h3> <p class=\"mb-0 mb-md-3\"><strong>Omnitrack<\/strong><\/p> <p>Em 1958 foi o lan\u00e7amento das <a href=\"https:\/\/www.omnitrack.com\/br\/unidades-de-transferencia-de-esferas\/\">unidades de tranfer\u00eancia de esferas<\/a> patenteadas pela Omnitrack.<\/p> <\/div> <div class=\"col-12 col-sm-6 col-md-4 mb-4 mb-md-0\"><img loading=\"lazy\" decoding=\"async\" class=\"img-fluid alignnone wp-image-80111 size-full\" src=\"https:\/\/www.omnitrack.com\/wp-content\/uploads\/2023\/03\/1930-Linisher.webp\" alt=\"1930 Linisher\" width=\"680\" height=\"436\" srcset=\"https:\/\/www.omnitrack.com\/wp-content\/uploads\/2023\/03\/1930-Linisher.webp 680w, https:\/\/www.omnitrack.com\/wp-content\/uploads\/2023\/03\/1930-Linisher-300x192.webp 300w, https:\/\/www.omnitrack.com\/wp-content\/uploads\/2023\/03\/1930-Linisher-600x385.webp 600w\" sizes=\"auto, (max-width: 680px) 100vw, 680px\" \/><\/p> <h3>1930<\/h3> <p class=\"mb-0 mb-md-3\"><strong>Linisher<\/strong><\/p> <p>Cria\u00e7\u00e3o e lan\u00e7amento do &#8216;Linisher&#8217; de correia.<\/p> <\/div> <div class=\"col-12 col-sm-6 col-md-4 mb-4 mb-md-0\"><img loading=\"lazy\" decoding=\"async\" class=\"img-fluid alignnone wp-image-79767 size-full\" src=\"https:\/\/www.omnitrack.com\/wp-content\/uploads\/2023\/03\/1928-Rollers-Skatewheels.webp\" alt=\"Rolos e rodas de skate\" width=\"680\" height=\"436\" srcset=\"https:\/\/www.omnitrack.com\/wp-content\/uploads\/2023\/03\/1928-Rollers-Skatewheels.webp 680w, https:\/\/www.omnitrack.com\/wp-content\/uploads\/2023\/03\/1928-Rollers-Skatewheels-300x192.webp 300w, https:\/\/www.omnitrack.com\/wp-content\/uploads\/2023\/03\/1928-Rollers-Skatewheels-600x385.webp 600w\" sizes=\"auto, (max-width: 680px) 100vw, 680px\" \/><\/p> <h3>1928<\/h3> <p class=\"mb-0 mb-md-3\"><strong>Rolos e rodas de skate<\/strong><\/p> <p>Lan\u00e7amento de rolos transportadores por gravidade, Skatewheels e sistemas de estantes din\u00e2micas.<\/p> <\/div> <\/section> <div class=\"row cpn-section d-none d-md-flex\"> <div class=\"col\"> <hr \/> <\/div> <\/div> <section class=\"row cpn-section ot-history\"> <div class=\"col-12 col-sm-6 col-md-4 mb-4 mb-md-0\"><img loading=\"lazy\" decoding=\"async\" class=\"img-fluid alignnone wp-image-79768 size-full\" src=\"https:\/\/www.omnitrack.com\/wp-content\/uploads\/2023\/03\/1923-TST-Car.webp\" alt=\"1923 Carro TST\" width=\"680\" height=\"436\" srcset=\"https:\/\/www.omnitrack.com\/wp-content\/uploads\/2023\/03\/1923-TST-Car.webp 680w, https:\/\/www.omnitrack.com\/wp-content\/uploads\/2023\/03\/1923-TST-Car-300x192.webp 300w, https:\/\/www.omnitrack.com\/wp-content\/uploads\/2023\/03\/1923-TST-Car-600x385.webp 600w\" sizes=\"auto, (max-width: 680px) 100vw, 680px\" \/><\/p> <h3>1923<\/h3> <p class=\"mb-0 mb-md-3\"><strong>Carro TST<\/strong><\/p> <p>Produ\u00e7\u00e3o do carro pela TST &#8216;Townsend, Skinner &amp; Tingle&#8217;.<\/p> <\/div> <div class=\"col-12 col-sm-6 col-md-4 mb-4 mb-md-0\"><a href=\"https:\/\/www.omnitrack.com\/br\/sobre-nos\/autoglider\/\"><img loading=\"lazy\" decoding=\"async\" class=\"img-fluid alignnone wp-image-79769 size-full\" src=\"https:\/\/www.omnitrack.com\/wp-content\/uploads\/2023\/03\/1918-Autoglider.webp\" alt=\"1918 Autoglider\" width=\"680\" height=\"436\" srcset=\"https:\/\/www.omnitrack.com\/wp-content\/uploads\/2023\/03\/1918-Autoglider.webp 680w, https:\/\/www.omnitrack.com\/wp-content\/uploads\/2023\/03\/1918-Autoglider-300x192.webp 300w, https:\/\/www.omnitrack.com\/wp-content\/uploads\/2023\/03\/1918-Autoglider-600x385.webp 600w\" sizes=\"auto, (max-width: 680px) 100vw, 680px\" \/><\/a><\/p> <h3>1918<\/h3> <p class=\"mb-0 mb-md-3\"><strong>Autoglider<\/strong><\/p> <p>Produ\u00e7\u00e3o e exporta\u00e7\u00e3o em massa da linha de scooters Autoglider. <a href=\"https:\/\/www.omnitrack.com\/br\/sobre-nos\/autoglider\/\">Leia mais<\/a>.<\/p> <\/div> <div class=\"col-12 col-sm-6 col-md-4 mb-4 mb-md-0\"><img loading=\"lazy\" decoding=\"async\" class=\"img-fluid alignnone wp-image-79770 size-full\" src=\"https:\/\/www.omnitrack.com\/wp-content\/uploads\/2023\/03\/1909-Heavy-Duty-Casters.webp\" alt=\"Rolamentos para servi\u00e7o pesado\" width=\"680\" height=\"436\" srcset=\"https:\/\/www.omnitrack.com\/wp-content\/uploads\/2023\/03\/1909-Heavy-Duty-Casters.webp 680w, https:\/\/www.omnitrack.com\/wp-content\/uploads\/2023\/03\/1909-Heavy-Duty-Casters-300x192.webp 300w, https:\/\/www.omnitrack.com\/wp-content\/uploads\/2023\/03\/1909-Heavy-Duty-Casters-600x385.webp 600w\" sizes=\"auto, (max-width: 680px) 100vw, 680px\" \/><\/p> <h3>1909<\/h3> <p class=\"mb-0 mb-md-3\"><strong>Rolamentos para servi\u00e7o pesado<\/strong><\/p> <p>In\u00edcio como fabricante de tornos, rod\u00edzios para servi\u00e7os pesados e corredi\u00e7as para gavetas de arm\u00e1rios.<\/p> <\/div> <\/section> <div class=\"row cpn-section d-none d-md-flex\"> <div class=\"col\"> <hr \/> <\/div> <\/div> <section class=\"row cpn-section d-md-none\"> <div class=\"col-12\"> <h3>1896<\/h3> <p class=\"mb-0 mb-md-3\"><strong>Rodborough Court<\/strong><\/p> <p>Nossa sede em Stroud, no Reino Unido, foi constru\u00edda.<\/p> <\/div> <\/section> <section class=\"row cpn-section pb-5 rodborough justify-content-end\"> <div class=\"col-md-6 col-lg-4 d-none d-md-block\"> <h3>1896<\/h3> <p class=\"mb-0 mb-md-3\"><strong>Rodborough Court<\/strong><\/p> <p>Nossa sede em Stroud, no Reino Unido, foi constru\u00edda.<\/p> <\/div> <\/section> <section id=\"cant-find\" class=\"row cpn-section py-5 two justify-content-between\"><div class=\"col-12 col-sm-6 col-lg-7 py-lg-4 pe-lg-5\">\n<h3 class=\"fontSize-2 fontSize-md-1\">N\u00e3o encontrou o que procura?<\/h3>\n<p class=\"fontSize-4\">Tente pesquisar por palavras-chave, n\u00fameros de produto, carga, tipos de fixa\u00e7\u00e3o.<\/p>\n<div class=\"input-group\"><form class=\"form-search\"><div class=\"input-group\">  <input type=\"text\" name=\"s\" class=\"form-control field\" placeholder=\"Pesquisar n.\u00ba do produto\">  <input type=\"hidden\" name=\"post-type\" value=\"product\"><\/div><\/form><\/div>\n<\/div>\n<div class=\"col-12 col-sm-6 col-lg-5 py-lg-4 pt-4 pt-sm-0\">\n<h3 class=\"fontSize-2 fontSize-md-1\">Consultoria t\u00e9cnica gratuita<\/h3>\n<p class=\"fontSize-4\">Telefone: <b><a href=\"tel:+551143496211\">+55 11 4349 6211<\/a><\/b><\/p>\n<p class=\"fontSize-4\">Email: <b><a href=\"mailto:info@omnitrack.com\">info@omnitrack.com<\/a><\/b><\/p>\n<div class=\"mt-4\"> <a class=\"btn-ot green me-2 mb-3 mb-md-0 w100-mobile\" href=\"https:\/\/wa.me\/447759128207\" target=\"_blank\" rel=\"noopener\"><img decoding=\"async\" loading=\"lazy\" src=\"https:\/\/www.omnitrack.com\/wp-content\/themes\/omnitrack2023\/images\/icon-whatsapp.svg\"  alt=\"WhatsApp Omnitrack\"  \/> WhatsApp<\/a> <a class=\"btn-ot w100-mobile\" href=\"https:\/\/calendly.com\/omnitrack\/15min\" target=\"_blank\" rel=\"noopener\"><img decoding=\"async\" loading=\"lazy\" src=\"https:\/\/www.omnitrack.com\/wp-content\/themes\/omnitrack2023\/images\/icon-schedule.svg\"  alt=\"Agendar uma chamada com a Omnitrack\"  \/> Agendar uma chamada<\/a><\/div>\n<\/div>\n<\/section> ","protected":false},"excerpt":{"rendered":"<p>100 anos de hist\u00f3ria A Omnitrack e a Autotrack t\u00eam suas ra\u00edzes no in\u00edcio de 1909. A empresa matriz, Autoset (Production) Ltd, estabeleceu-se em Birmingham como fabricante de tornos de pedal, sistemas de prateleiras, rod\u00edzios e rodas. De 1919 a 1923, produziram uma s\u00e9rie de scooters populares com a marca Autoglider. 2021 Nova s\u00e9rie Omniwheel [&hellip;]<\/p>\n","protected":false},"author":7,"featured_media":0,"parent":0,"menu_order":0,"comment_status":"closed","ping_status":"closed","template":"","meta":{"inline_featured_image":false,"footnotes":""},"class_list":["post-102842","page","type-page","status-publish","hentry"],"acf":[],"_links":{"self":[{"href":"https:\/\/www.omnitrack.com\/br\/wp-json\/wp\/v2\/pages\/102842","targetHints":{"allow":["GET"]}}],"collection":[{"href":"https:\/\/www.omnitrack.com\/br\/wp-json\/wp\/v2\/pages"}],"about":[{"href":"https:\/\/www.omnitrack.com\/br\/wp-json\/wp\/v2\/types\/page"}],"author":[{"embeddable":true,"href":"https:\/\/www.omnitrack.com\/br\/wp-json\/wp\/v2\/users\/7"}],"replies":[{"embeddable":true,"href":"https:\/\/www.omnitrack.com\/br\/wp-json\/wp\/v2\/comments?post=102842"}],"version-history":[{"count":2,"href":"https:\/\/www.omnitrack.com\/br\/wp-json\/wp\/v2\/pages\/102842\/revisions"}],"predecessor-version":[{"id":103359,"href":"https:\/\/www.omnitrack.com\/br\/wp-json\/wp\/v2\/pages\/102842\/revisions\/103359"}],"wp:attachment":[{"href":"https:\/\/www.omnitrack.com\/br\/wp-json\/wp\/v2\/media?parent=102842"}],"curies":[{"name":"wp","href":"https:\/\/api.w.org\/{rel}","templated":true}]}}