{"id":102839,"date":"2019-05-10T17:02:17","date_gmt":"2019-05-10T17:02:17","guid":{"rendered":"https:\/\/www.omnitrack.com\/warranty\/"},"modified":"2024-08-26T14:46:18","modified_gmt":"2024-08-26T14:46:18","slug":"garantia","status":"publish","type":"page","link":"https:\/\/www.omnitrack.com\/br\/garantia\/","title":{"rendered":"Garantia"},"content":{"rendered":"<section id=\"header-product-one\" class=\"row cpn-section fontSize-4\">\n<div class=\"col-12 col-lg-8\">\n<h1>Faixa para servi\u00e7o pesado \u2013 Garantia gratuita de 2 anos<\/h1>\n<p>Ative on-line a sua garantia ao registrar a data de in\u00edcio da garantia <strong>gratuita de 2 anos<\/strong>. Certifique-se de ativar sua garantia em at\u00e9 seis meses ap\u00f3s o envio do produto. Precisamos concordar que sua aplica\u00e7\u00e3o est\u00e1 correspondendo ao uso sugerido e est\u00e1 em conformidade com a especifica\u00e7\u00e3o original mais recente. Organizaremos a substitui\u00e7\u00e3o e o envio das pe\u00e7as para voc\u00ea sem custo. Se encontrarmos um produto mais adequado para a sua aplica\u00e7\u00e3o, conversaremos com voc\u00ea sobre termos favor\u00e1veis para resolver o seu problema.<\/p>\n<\/div>\n<div class=\"col-12 col-lg-4\"><img loading=\"lazy\" decoding=\"async\" class=\"img-fluid alignnone wp-image-79745 size-full\" src=\"https:\/\/www.omnitrack.com\/wp-content\/uploads\/2024\/08\/2_year_warranty_pt.webp\" alt=\" Garantia\" width=\"401\" height=\"190\" \/><\/div>\n<\/section>\n<section class=\"row cpn-section pb-5 fontSize-4\">\n<div class=\"col-12\">[omni_warranty idform=&#8221;3512&#8243;]<\/div>\n<\/section>\n<section id=\"cant-find\" class=\"row cpn-section py-5 two justify-content-between\"><div class=\"col-12 col-sm-6 col-lg-7 py-lg-4 pe-lg-5\">\n<h3 class=\"fontSize-2 fontSize-md-1\">N\u00e3o encontrou o que procura?<\/h3>\n<p class=\"fontSize-4\">Tente pesquisar por palavras-chave, n\u00fameros de produto, carga, tipos de fixa\u00e7\u00e3o.<\/p>\n<div class=\"input-group\"><form class=\"form-search\"><div class=\"input-group\">  <input type=\"text\" name=\"s\" class=\"form-control field\" placeholder=\"Pesquisar n.\u00ba do produto\">  <input type=\"hidden\" name=\"post-type\" value=\"product\"><\/div><\/form><\/div>\n<\/div>\n<div class=\"col-12 col-sm-6 col-lg-5 py-lg-4 pt-4 pt-sm-0\">\n<h3 class=\"fontSize-2 fontSize-md-1\">Consultoria t\u00e9cnica gratuita<\/h3>\n<p class=\"fontSize-4\">Telefone: <b><a href=\"tel:+551143496211\">+55 11 4349 6211<\/a><\/b><\/p>\n<p class=\"fontSize-4\">Email: <b><a href=\"mailto:info@omnitrack.com\">info@omnitrack.com<\/a><\/b><\/p>\n<div class=\"mt-4\"> <a class=\"btn-ot green me-2 mb-3 mb-md-0 w100-mobile\" href=\"https:\/\/wa.me\/447759128207\" target=\"_blank\" rel=\"noopener\"><img decoding=\"async\" loading=\"lazy\" src=\"https:\/\/www.omnitrack.com\/wp-content\/themes\/omnitrack2023\/images\/icon-whatsapp.svg\"  alt=\"WhatsApp Omnitrack\"  \/> WhatsApp<\/a> <a class=\"btn-ot w100-mobile\" href=\"https:\/\/calendly.com\/omnitrack\/15min\" target=\"_blank\" rel=\"noopener\"><img decoding=\"async\" loading=\"lazy\" src=\"https:\/\/www.omnitrack.com\/wp-content\/themes\/omnitrack2023\/images\/icon-schedule.svg\"  alt=\"Agendar uma chamada com a Omnitrack\"  \/> Agendar uma chamada<\/a><\/div>\n<\/div>\n<\/section>\n","protected":false},"excerpt":{"rendered":"<p>Faixa para servi\u00e7o pesado \u2013 Garantia gratuita de 2 anos Ative on-line a sua garantia ao registrar a data de in\u00edcio da garantia gratuita de 2 anos. Certifique-se de ativar sua garantia em at\u00e9 seis meses ap\u00f3s o envio do produto. Precisamos concordar que sua aplica\u00e7\u00e3o est\u00e1 correspondendo ao uso sugerido e est\u00e1 em conformidade [&hellip;]<\/p>\n","protected":false},"author":7,"featured_media":0,"parent":0,"menu_order":0,"comment_status":"closed","ping_status":"closed","template":"page-warranty.php","meta":{"inline_featured_image":false,"footnotes":""},"class_list":["post-102839","page","type-page","status-publish","hentry"],"acf":[],"_links":{"self":[{"href":"https:\/\/www.omnitrack.com\/br\/wp-json\/wp\/v2\/pages\/102839","targetHints":{"allow":["GET"]}}],"collection":[{"href":"https:\/\/www.omnitrack.com\/br\/wp-json\/wp\/v2\/pages"}],"about":[{"href":"https:\/\/www.omnitrack.com\/br\/wp-json\/wp\/v2\/types\/page"}],"author":[{"embeddable":true,"href":"https:\/\/www.omnitrack.com\/br\/wp-json\/wp\/v2\/users\/7"}],"replies":[{"embeddable":true,"href":"https:\/\/www.omnitrack.com\/br\/wp-json\/wp\/v2\/comments?post=102839"}],"version-history":[{"count":3,"href":"https:\/\/www.omnitrack.com\/br\/wp-json\/wp\/v2\/pages\/102839\/revisions"}],"predecessor-version":[{"id":105373,"href":"https:\/\/www.omnitrack.com\/br\/wp-json\/wp\/v2\/pages\/102839\/revisions\/105373"}],"wp:attachment":[{"href":"https:\/\/www.omnitrack.com\/br\/wp-json\/wp\/v2\/media?parent=102839"}],"curies":[{"name":"wp","href":"https:\/\/api.w.org\/{rel}","templated":true}]}}