{"id":102836,"date":"2018-12-17T00:47:28","date_gmt":"2018-12-17T00:47:28","guid":{"rendered":"https:\/\/www.omnitrack.com\/privacy-and-cookie-policy\/"},"modified":"2024-03-19T13:12:11","modified_gmt":"2024-03-19T13:12:11","slug":"politica-de-privacidade-e-cookies","status":"publish","type":"page","link":"https:\/\/www.omnitrack.com\/br\/politica-de-privacidade-e-cookies\/","title":{"rendered":"Pol\u00edtica de privacidade e cookies"},"content":{"rendered":"<section id=\"header-product-one\" class=\"row cpn-section fontSize-4\">\n<div class=\"col\">\n<h1>Pol\u00edtica de privacidade<\/h1>\n<\/div>\n<p>Esta pol\u00edtica de privacidade define como este site (doravante &#8220;a loja&#8221;) usa e protege todas as informa\u00e7\u00f5es que voc\u00ea fornece \u00e0 loja ao usar este site. A loja tem o compromisso de garantir que sua privacidade seja protegida. Se solicitarmos que voc\u00ea forne\u00e7a determinadas informa\u00e7\u00f5es pelas quais possa ser identificado ao usar este site, voc\u00ea pode ter certeza de que elas ser\u00e3o usadas somente de acordo com esta declara\u00e7\u00e3o de privacidade. A loja pode alterar esta pol\u00edtica periodicamente, atualizando esta p\u00e1gina. Voc\u00ea deve verificar esta p\u00e1gina periodicamente para garantir que est\u00e1 de acordo com as altera\u00e7\u00f5es.<\/p>\n<\/section>\n<div class=\"row px-5\">\n<div class=\"col\">\n<hr \/>\n<\/div>\n<\/div>\n<section class=\"row cpn-section fontSize-4\">\n<div class=\"col-12\">\n<h2>O que coletamos<\/h2>\n<p>Podemos coletar as seguintes informa\u00e7\u00f5es:<\/p>\n<ul>\n<li>Nome.<\/li>\n<li>Informa\u00e7\u00f5es de contato, incluindo endere\u00e7o de e-mail.<\/li>\n<li>Informa\u00e7\u00f5es demogr\u00e1ficas, como c\u00f3digo postal, prefer\u00eancias e interesses.<\/li>\n<li>Outras informa\u00e7\u00f5es relevantes para pesquisas e\/ou ofertas de clientes.<\/li>\n<\/ul>\n<p>Para obter a lista completa de cookies que coletamos, consulte a se\u00e7\u00e3o &#8220;<a href=\"#cookies\">Lista de cookies que coletamos<\/a>&#8220;.<\/p>\n<\/div>\n<\/section>\n<div class=\"row cpn-section\">\n<div class=\"col\">\n<hr \/>\n<\/div>\n<\/div>\n<section class=\"row cpn-section fontSize-4\">\n<div class=\"col-12\">\n<h2>O que fazemos com as informa\u00e7\u00f5es que coletamos<\/h2>\n<p>Solicitamos essas informa\u00e7\u00f5es para entender suas necessidades e oferecer um servi\u00e7o melhor e, em particular, pelos seguintes motivos:<\/p>\n<ul>\n<li>Manuten\u00e7\u00e3o de registros internos.<\/li>\n<li>Podemos usar as informa\u00e7\u00f5es para aprimorar nossos produtos e servi\u00e7os.<\/li>\n<li>Podemos enviar periodicamente e-mails promocionais sobre novos produtos, ofertas especiais ou outras informa\u00e7\u00f5es que consideramos interessantes para voc\u00ea, usando o endere\u00e7o de e-mail que voc\u00ea forneceu.<\/li>\n<li>Ocasionalmente, tamb\u00e9m poderemos usar suas informa\u00e7\u00f5es para entrar em contato com voc\u00ea para fins de pesquisa de mercado. Poderemos contat\u00e1-lo por e-mail, telefone, fax ou correio. Poderemos usar as informa\u00e7\u00f5es para personalizar o site de acordo com seus interesses.<\/li>\n<\/ul>\n<\/div>\n<\/section>\n<div class=\"row cpn-section\">\n<div class=\"col\">\n<hr \/>\n<\/div>\n<\/div>\n<section class=\"row cpn-section fontSize-4\">\n<div class=\"col-12\">\n<h2>Seguran\u00e7a<\/h2>\n<p>Temos o compromisso de garantir que suas informa\u00e7\u00f5es estejam seguras. Para evitar o acesso ou a divulga\u00e7\u00e3o n\u00e3o autorizados, implementamos procedimentos f\u00edsicos, eletr\u00f4nicos e gerenciais adequados para proteger as informa\u00e7\u00f5es que coletamos on-line.<\/p>\n<\/div>\n<\/section>\n<div class=\"row cpn-section\">\n<div class=\"col\">\n<hr \/>\n<\/div>\n<\/div>\n<section class=\"row cpn-section fontSize-4\">\n<div class=\"col-12\">\n<h2>Como usamos cookies<\/h2>\n<p>Um cookie \u00e9 um pequeno arquivo que pede permiss\u00e3o para ser colocado no disco r\u00edgido de seu computador. Quando voc\u00ea concorda, o arquivo \u00e9 adicionado e o cookie ajuda a analisar o tr\u00e1fego da Web ou permite que voc\u00ea saiba quando visita um determinado site. Os cookies permitem que os aplicativos da Web respondam a voc\u00ea como um indiv\u00edduo. O aplicativo da Web pode adaptar suas opera\u00e7\u00f5es \u00e0s suas necessidades e prefer\u00eancias, coletando e lembrando informa\u00e7\u00f5es sobre seus gostos.<\/p>\n<p>Usamos cookies de registro de tr\u00e1fego para identificar quais p\u00e1ginas est\u00e3o sendo usadas. Isso nos ajuda a analisar dados sobre o tr\u00e1fego de p\u00e1ginas da Web e a aprimorar nosso site para adapt\u00e1-lo \u00e0s necessidades dos clientes. Usamos essas informa\u00e7\u00f5es somente para fins de an\u00e1lise estat\u00edstica e, em seguida, os dados s\u00e3o removidos do sistema.<\/p>\n<p>De modo geral, os cookies nos ajudam a oferecer um site melhor, pois nos permitem monitorar quais p\u00e1ginas s\u00e3o \u00fateis para voc\u00ea e quais n\u00e3o s\u00e3o. Um cookie n\u00e3o nos d\u00e1 acesso ao seu computador ou a qualquer informa\u00e7\u00e3o sobre voc\u00ea, a n\u00e3o ser os dados que voc\u00ea decidir compartilhar conosco. Voc\u00ea pode optar por aceitar ou recusar cookies. A maioria dos navegadores da Web aceita cookies automaticamente, mas geralmente \u00e9 poss\u00edvel modificar a configura\u00e7\u00e3o do navegador para recusar cookies, se preferir. Isso pode impedi-lo de aproveitar ao m\u00e1ximo o site.<\/p>\n<\/div>\n<\/section>\n<div class=\"row cpn-section\">\n<div class=\"col\">\n<hr \/>\n<\/div>\n<\/div>\n<section class=\"row cpn-section fontSize-4\">\n<div class=\"col-12\">\n<h2>Links para outros sites<\/h2>\n<p>Nosso site pode conter links para outros sites de interesse. No entanto, depois de usar esses links para sair do nosso site, voc\u00ea deve observar que n\u00e3o temos nenhum controle sobre esse outro site. Portanto, n\u00e3o podemos nos responsabilizar pela prote\u00e7\u00e3o e privacidade de qualquer informa\u00e7\u00e3o que voc\u00ea forne\u00e7a ao visitar esses sites, e esses sites n\u00e3o s\u00e3o regidos por esta declara\u00e7\u00e3o de privacidade. Voc\u00ea deve ter cautela e consultar a declara\u00e7\u00e3o de privacidade aplic\u00e1vel ao site em quest\u00e3o.<\/p>\n<\/div>\n<\/section>\n<div class=\"row cpn-section\">\n<div class=\"col\">\n<hr \/>\n<\/div>\n<\/div>\n<section class=\"row cpn-section fontSize-4\">\n<div class=\"col-12\">\n<h2>Controle de suas informa\u00e7\u00f5es pessoais<\/h2>\n<p>Voc\u00ea pode optar por restringir a coleta ou o uso de suas informa\u00e7\u00f5es pessoais das seguintes maneiras:<\/p>\n<ul>\n<li>Sempre que lhe for solicitado o preenchimento de um formul\u00e1rio no site, procure a caixa em que voc\u00ea pode clicar para indicar que n\u00e3o deseja que as informa\u00e7\u00f5es sejam usadas por ningu\u00e9m para fins de marketing direto.<\/li>\n<li>Caso tenha concordado anteriormente com o uso de suas informa\u00e7\u00f5es pessoais para fins de marketing direto, voc\u00ea poder\u00e1 mudar de ideia a qualquer momento, informando-nos por meio de nossas informa\u00e7\u00f5es de contato.<\/li>\n<\/ul>\n<p>N\u00e3o venderemos, distribuiremos ou alugaremos suas informa\u00e7\u00f5es pessoais a terceiros, a menos que tenhamos sua permiss\u00e3o ou sejamos obrigados por lei a faz\u00ea-lo. Poderemos usar suas informa\u00e7\u00f5es pessoais para lhe enviar informa\u00e7\u00f5es promocionais sobre terceiros que acreditamos que voc\u00ea possa achar interessantes, se voc\u00ea nos informar que deseja que isso aconte\u00e7a.<\/p>\n<p>Voc\u00ea pode solicitar detalhes das informa\u00e7\u00f5es pessoais que mantemos sobre voc\u00ea de acordo com a Lei de Prote\u00e7\u00e3o de Dados de 1998. Ser\u00e1 cobrada uma pequena taxa. Se desejar uma c\u00f3pia das informa\u00e7\u00f5es mantidas sobre voc\u00ea, envie-nos uma solicita\u00e7\u00e3o por e-mail usando nossas informa\u00e7\u00f5es de contato.<\/p>\n<p>Se voc\u00ea acredita que alguma informa\u00e7\u00e3o que temos sobre voc\u00ea est\u00e1 incorreta ou incompleta, escreva ou envie um e-mail para n\u00f3s o mais r\u00e1pido poss\u00edvel, no endere\u00e7o acima. Corrigiremos imediatamente qualquer informa\u00e7\u00e3o considerada incorreta.<\/p>\n<\/div>\n<\/section>\n<div class=\"row cpn-section\">\n<div class=\"col\">\n<hr \/>\n<\/div>\n<\/div>\n<section id=\"cookies\" class=\"row cpn-section pb-5 fontSize-4\">\n<div class=\"col-12\">\n<h2>Lista de cookies que coletamos<\/h2>\n<p>A tabela abaixo lista os cookies que coletamos e as informa\u00e7\u00f5es que eles armazenam.<\/p>\n<table class=\"cookies-table\">\n<thead>\n<tr>\n<th>Nome do cookie<\/th>\n<th>Descri\u00e7\u00e3o do cookie<\/th>\n<\/tr>\n<\/thead>\n<tbody>\n<tr>\n<th>PHPSESSID<\/th>\n<td>Seu ID de sess\u00e3o no servidor.<\/td>\n<\/tr>\n<tr>\n<th>wp_woocommerce_session_<\/th>\n<td>C\u00f3digo exclusivo para cada cliente.<\/td>\n<\/tr>\n<tr>\n<th>woocommerce_cart_hash<\/th>\n<td>Carrinho como um todo e ajudas.<\/td>\n<\/tr>\n<tr>\n<th>woocommerce_items_in_cart<\/th>\n<td>Carrinho como um todo e ajudas.<\/td>\n<\/tr>\n<tr>\n<th>omni_gdpr_popup<\/th>\n<td>Lembra o estado de aceita\u00e7\u00e3o do visitante ao banner da Lei de Cookies.<\/td>\n<\/tr>\n<tr>\n<th>omni_custom<\/th>\n<td>Personalizar a visualiza\u00e7\u00e3o<\/td>\n<\/tr>\n<tr>\n<th>wordpress_logged_in_<\/th>\n<td>Verifica se o visitante atual \u00e9 ou n\u00e3o um usu\u00e1rio registrado.<\/td>\n<\/tr>\n<tr>\n<th>wordpress_sec_<\/th>\n<td>Esse cookie \u00e9 usado para autentica\u00e7\u00e3o por SSL.<\/td>\n<\/tr>\n<tr>\n<th>wp-settings-1<\/th>\n<td>Persiste a configura\u00e7\u00e3o wp-admin de um usu\u00e1rio<\/td>\n<\/tr>\n<tr>\n<th>wp-settings-time-1<\/th>\n<td>Persiste a configura\u00e7\u00e3o wp-admin de um usu\u00e1rio<\/td>\n<\/tr>\n<tr>\n<th>omni_country_redirect<\/th>\n<td>Registra que o site j\u00e1 foi redirecionado no primeiro acesso do usu\u00e1rio de acordo com o pa\u00eds de origem.<\/td>\n<\/tr>\n<tr>\n<th>wp-wpml_current_language<\/th>\n<td>Registra o idioma ativo do site.<\/td>\n<\/tr>\n<tr>\n<th>__stripe_mid<\/th>\n<td>Preven\u00e7\u00e3o de fraudes no gateway de pagamento.<\/td>\n<\/tr>\n<tr>\n<th>__stripe_sid<\/th>\n<td>Preven\u00e7\u00e3o de fraudes no gateway de pagamento.<\/td>\n<\/tr>\n<\/tbody>\n<\/table>\n<\/div>\n<\/section>\n<section id=\"cant-find\" class=\"row cpn-section py-5 two justify-content-between\"><div class=\"col-12 col-sm-6 col-lg-7 py-lg-4 pe-lg-5\">\n<h3 class=\"fontSize-2 fontSize-md-1\">N\u00e3o encontrou o que procura?<\/h3>\n<p class=\"fontSize-4\">Tente pesquisar por palavras-chave, n\u00fameros de produto, carga, tipos de fixa\u00e7\u00e3o.<\/p>\n<div class=\"input-group\"><form class=\"form-search\"><div class=\"input-group\">  <input type=\"text\" name=\"s\" class=\"form-control field\" placeholder=\"Pesquisar n.\u00ba do produto\">  <input type=\"hidden\" name=\"post-type\" value=\"product\"><\/div><\/form><\/div>\n<\/div>\n<div class=\"col-12 col-sm-6 col-lg-5 py-lg-4 pt-4 pt-sm-0\">\n<h3 class=\"fontSize-2 fontSize-md-1\">Consultoria t\u00e9cnica gratuita<\/h3>\n<p class=\"fontSize-4\">Telefone: <b><a href=\"tel:+551143496211\">+55 11 4349 6211<\/a><\/b><\/p>\n<p class=\"fontSize-4\">Email: <b><a href=\"mailto:info@omnitrack.com\">info@omnitrack.com<\/a><\/b><\/p>\n<div class=\"mt-4\"> <a class=\"btn-ot green me-2 mb-3 mb-md-0 w100-mobile\" href=\"https:\/\/wa.me\/447759128207\" target=\"_blank\" rel=\"noopener\"><img decoding=\"async\" loading=\"lazy\" src=\"https:\/\/www.omnitrack.com\/wp-content\/themes\/omnitrack2023\/images\/icon-whatsapp.svg\"  alt=\"WhatsApp Omnitrack\"  \/> WhatsApp<\/a> <a class=\"btn-ot w100-mobile\" href=\"https:\/\/calendly.com\/omnitrack\/15min\" target=\"_blank\" rel=\"noopener\"><img decoding=\"async\" loading=\"lazy\" src=\"https:\/\/www.omnitrack.com\/wp-content\/themes\/omnitrack2023\/images\/icon-schedule.svg\"  alt=\"Agendar uma chamada com a Omnitrack\"  \/> Agendar uma chamada<\/a><\/div>\n<\/div>\n<\/section>\n","protected":false},"excerpt":{"rendered":"<p>Pol\u00edtica de privacidade Esta pol\u00edtica de privacidade define como este site (doravante &#8220;a loja&#8221;) usa e protege todas as informa\u00e7\u00f5es que voc\u00ea fornece \u00e0 loja ao usar este site. A loja tem o compromisso de garantir que sua privacidade seja protegida. Se solicitarmos que voc\u00ea forne\u00e7a determinadas informa\u00e7\u00f5es pelas quais possa ser identificado ao usar [&hellip;]<\/p>\n","protected":false},"author":7,"featured_media":0,"parent":0,"menu_order":0,"comment_status":"closed","ping_status":"open","template":"","meta":{"inline_featured_image":false,"footnotes":""},"class_list":["post-102836","page","type-page","status-publish","hentry"],"acf":[],"_links":{"self":[{"href":"https:\/\/www.omnitrack.com\/br\/wp-json\/wp\/v2\/pages\/102836","targetHints":{"allow":["GET"]}}],"collection":[{"href":"https:\/\/www.omnitrack.com\/br\/wp-json\/wp\/v2\/pages"}],"about":[{"href":"https:\/\/www.omnitrack.com\/br\/wp-json\/wp\/v2\/types\/page"}],"author":[{"embeddable":true,"href":"https:\/\/www.omnitrack.com\/br\/wp-json\/wp\/v2\/users\/7"}],"replies":[{"embeddable":true,"href":"https:\/\/www.omnitrack.com\/br\/wp-json\/wp\/v2\/comments?post=102836"}],"version-history":[{"count":3,"href":"https:\/\/www.omnitrack.com\/br\/wp-json\/wp\/v2\/pages\/102836\/revisions"}],"predecessor-version":[{"id":103027,"href":"https:\/\/www.omnitrack.com\/br\/wp-json\/wp\/v2\/pages\/102836\/revisions\/103027"}],"wp:attachment":[{"href":"https:\/\/www.omnitrack.com\/br\/wp-json\/wp\/v2\/media?parent=102836"}],"curies":[{"name":"wp","href":"https:\/\/api.w.org\/{rel}","templated":true}]}}